{"id":25856,"date":"2021-09-10T01:18:15","date_gmt":"2021-09-09T17:18:15","guid":{"rendered":"https:\/\/www.mairsturnstile-online.com\/product\/turnikeler-icin-kart-okuyuculu-yuz-tanima-kamerasi\/"},"modified":"2021-09-10T01:18:15","modified_gmt":"2021-09-09T17:18:15","slug":"yuz-tanima-kamerasi","status":"publish","type":"product","link":"https:\/\/www.mairsturnstile-online.com\/tr\/urun\/yuz-tanima-kamerasi\/","title":{"rendered":"Turnikeler i\u00e7in kart okuyuculu y\u00fcz tan\u0131ma kameras\u0131"},"content":{"rendered":"\r\n        <div class=\"modelViewerBlock\" data-attributes='{&quot;align&quot;:&quot;start&quot;,&quot;uniqueId&quot;:&quot;model24957&quot;,&quot;currentViewer&quot;:&quot;modelViewer&quot;,&quot;multiple&quot;:false,&quot;model&quot;:{&quot;modelUrl&quot;:&quot;https:\\\/\\\/www.mairsturnstile-online.com\\\/wp-content\\\/uploads\\\/2021\\\/09\\\/f36.glb&quot;,&quot;poster&quot;:&quot;&quot;},&quot;O3DVSettings&quot;:{&quot;isFullscreen&quot;:true,&quot;isPagination&quot;:false,&quot;isNavigation&quot;:true,&quot;camera&quot;:null,&quot;mouseControl&quot;:true},&quot;models&quot;:[],&quot;lazyLoad&quot;:false,&quot;loading&quot;:&quot;auto&quot;,&quot;autoplay&quot;:false,&quot;shadow&quot;:true,&quot;autoRotate&quot;:true,&quot;zoom&quot;:true,&quot;isPagination&quot;:false,&quot;isNavigation&quot;:true,&quot;preload&quot;:&quot;auto&quot;,&quot;rotationPerSecond&quot;:&quot;30&quot;,&quot;mouseControl&quot;:true,&quot;fullscreen&quot;:true,&quot;variant&quot;:false,&quot;loadingPercentage&quot;:false,&quot;progressBar&quot;:true,&quot;rotate&quot;:false,&quot;rotateAlongX&quot;:&quot;0&quot;,&quot;rotateAlongY&quot;:&quot;75&quot;,&quot;exposure&quot;:1,&quot;styles&quot;:{&quot;width&quot;:&quot;1150px&quot;,&quot;height&quot;:&quot;700px&quot;,&quot;bgColor&quot;:&quot;#f9f9f9&quot;,&quot;progressBarColor&quot;:&quot;&quot;},&quot;stylesheet&quot;:null,&quot;additional&quot;:{&quot;ID&quot;:&quot;&quot;,&quot;Class&quot;:&quot;&quot;,&quot;CSS&quot;:&quot;&quot;},&quot;animation&quot;:false,&quot;woo&quot;:false,&quot;selectedAnimation&quot;:&quot;&quot;}'><\/div>\r\n\r\n        \n<h3>Turnikeler i\u00e7in kart okuyuculu y\u00fcz tan\u0131ma kameras\u0131 F36<\/h3>\n<p>Bu y\u00fcz tan\u0131ma kameras\u0131 biyometrik eri\u015fim kontrol terminali MT-F36, kap\u0131 kurulumu ve duvar kurulumu olarak ikiye ayr\u0131lan y\u00fcksek performansl\u0131 dinamik bir y\u00fcz tan\u0131ma terminalidir. Terminal, \u00e7evrimd\u0131\u015f\u0131 y\u00fcz tan\u0131ma, kimlik do\u011frulama, yerinde y\u00fcz toplama, kara liste erken uyar\u0131s\u0131, ge\u00e7tikten sonra \u00e7ekilen foto\u011fraf, aktif nesne alg\u0131lama i\u015flevlerini entegre eder. H\u0131zl\u0131 tan\u0131ma h\u0131z\u0131, y\u00fcksek do\u011fruluk ve b\u00fcy\u00fck liste depolama kapasitesi \u00f6zellikleriyle g\u00fc\u00e7l\u00fc \u0131\u015f\u0131k, arka \u0131\u015f\u0131k ve zay\u0131f \u0131\u015f\u0131k gibi zorlu ortamlara tamamen uyarlanm\u0131\u015f WDR HD y\u00fcz tan\u0131ma kameras\u0131n\u0131 benimser.<\/p>\n<p>Y\u00fcz tabanl\u0131 site ger\u00e7ek isim y\u00f6netim sistemi, y\u00fcz tabanl\u0131 eri\u015fim kontrol\u00fc kat\u0131l\u0131m y\u00f6netim sistemi ve ziyaret\u00e7i y\u00f6netim sistemi gibi uygulama y\u00f6netim sistemleriyle birlikte kullan\u0131labilir; bu da topluluklar, kamp\u00fcsler, hastaneler, do\u011fal noktalar, oteller, al\u0131\u015fveri\u015f merkezleri, ofis binalar\u0131, halka a\u00e7\u0131k yerler ve in\u015faat sahas\u0131 gibi s\u0131cakl\u0131k izleme, kimlik tan\u0131ma ve eri\u015fim kontrol\u00fc gerektiren karma\u015f\u0131k uygulama senaryolar\u0131 i\u00e7in m\u00fckemmeldir. Mairs, y\u00fcz tan\u0131ma kameral\u0131 biyometrik ge\u00e7i\u015f kontrol terminali ile en kaliteli g\u00fcvenlik turnikelerini sunar.<\/p>\n<p>Bu y\u00fcz tan\u0131ma kameras\u0131 MT-F507, m\u00fckemmel bir kombinasyon olan g\u00fcvenlik turnikelerimize iyi bir \u015fekilde entegre edilebilir. Bu kameralar i\u00e7in \u00f6zel gereksinimleriniz varsa, \u00f6zel ihtiya\u00e7lar\u0131n\u0131za g\u00f6re \u00f6zel i\u015flevler de \u00f6zelle\u015ftirebiliriz. Elbette, daha ayr\u0131nt\u0131l\u0131 bilgiye veya \u00fcr\u00fcn k\u0131lavuzumuza ihtiyac\u0131n\u0131z varsa veya ihtiya\u00e7lar\u0131n\u0131z\u0131 kar\u015f\u0131lamak i\u00e7in bir y\u00fcz tan\u0131ma kameras\u0131n\u0131 \u00f6zelle\u015ftirmek istiyorsan\u0131z, l\u00fctfen do\u011frudan bizimle ileti\u015fime ge\u00e7in.<\/p>\n<p><strong>Teknik parametre:<\/strong><\/p>\n<p>Koruma Seviyesi: IP55<br \/>\nMalzeme: Al\u00fcminyum ala\u015f\u0131m<br \/>\nSistem G\u00f6m\u00fcl\u00fc Linux sistemi<br \/>\n\u0130\u015eLEMCI: Y\u00fcksek performansl\u0131 ARM framework 32-bit 2 \u00e7ekirdekli<br \/>\nTan\u0131ma s\u00fcresi: 300 ms&#8217;den az<br \/>\nDepolama alan\u0131: Dahili depolama 512 M, veri depolama 8 GB<br \/>\nLens oda\u011f\u0131: 6 mm<br \/>\nKamera: Binok\u00fcler kamera, WDR ile 200 W piksel<\/p>\n<p><strong>\u00dcr\u00fcn \u00d6zellikleri:<\/strong><\/p>\n<p>Asya, Kafkas ve Siyah gibi birden fazla \u0131rk\u0131 tan\u0131mak i\u00e7in \u00e7evrim d\u0131\u015f\u0131 y\u00fcz tan\u0131ma teknolojisini benimseyin.<br \/>\nY\u00fcz tan\u0131ma beyaz liste eri\u015fimi, kara liste erken \u0131s\u0131nma gibi i\u015flevleri destekleyin ve foto\u011fraf ge\u00e7tikten sonra \u00e7ekildi.<br \/>\nY\u00fcz-kimlik kar\u015f\u0131la\u015ft\u0131rmas\u0131 i\u015flevini sa\u011flayan harici kimlik okuyucuyu destekler.<br \/>\nY\u00fcz tan\u0131ma kameral\u0131 biyometrik eri\u015fim kontrol terminali.<br \/>\nY\u00fcz kart\u0131 kar\u015f\u0131la\u015ft\u0131rma i\u015flevini sa\u011flayan harici IC \/ ID okuyucuyu destekler.<br \/>\nFoto\u011fraf sald\u0131r\u0131lar\u0131n\u0131 \u00f6nlemek i\u00e7in aktif nesne alg\u0131lama deste\u011fi.<br \/>\nSelf servis y\u00fcz toplama ve toplu i\u00e7e aktarma listesi, liste y\u00f6netiminin daha zahmetsiz ve zaman kazand\u0131r\u0131c\u0131 olmas\u0131n\u0131 sa\u011flar.<br \/>\n\u0130maj reklamc\u0131l\u0131\u011f\u0131n\u0131 destekleyin.<br \/>\nl00000 veriye kadar (d\u00f6ng\u00fc yaz\u0131l\u0131).<br \/>\nY\u00f6netim taraf\u0131nda uzaktan y\u00fckseltme USB g\u00fcncellemesini destekler.<br \/>\nA\u00e7\u0131k aray\u00fcz, ikincil geli\u015ftirme ve yerle\u015ftirme deste\u011fi.<\/p>\n","protected":false},"excerpt":{"rendered":"<p>Support OEM and ODM. Parmak izi taray\u0131c\u0131, y\u00fcz tan\u0131ma kameras\u0131 gibi \u00fc\u00e7\u00fcnc\u00fc taraf biyometrik cihazlar\u0131 destekleyin. RFID kart okuyucu, QR kod taray\u0131c\u0131.<\/p>\n","protected":false},"featured_media":24906,"comment_status":"closed","ping_status":"closed","template":"","meta":[],"product_cat":[239],"product_tag":[],"class_list":["post-25856","product","type-product","status-publish","has-post-thumbnail","hentry","product_cat-giris-kontrolu"],"_links":{"self":[{"href":"https:\/\/www.mairsturnstile-online.com\/tr\/wp-json\/wp\/v2\/product\/25856","targetHints":{"allow":["GET"]}}],"collection":[{"href":"https:\/\/www.mairsturnstile-online.com\/tr\/wp-json\/wp\/v2\/product"}],"about":[{"href":"https:\/\/www.mairsturnstile-online.com\/tr\/wp-json\/wp\/v2\/types\/product"}],"replies":[{"embeddable":true,"href":"https:\/\/www.mairsturnstile-online.com\/tr\/wp-json\/wp\/v2\/comments?post=25856"}],"wp:featuredmedia":[{"embeddable":true,"href":"https:\/\/www.mairsturnstile-online.com\/tr\/wp-json\/wp\/v2\/media\/24906"}],"wp:attachment":[{"href":"https:\/\/www.mairsturnstile-online.com\/tr\/wp-json\/wp\/v2\/media?parent=25856"}],"wp:term":[{"taxonomy":"product_cat","embeddable":true,"href":"https:\/\/www.mairsturnstile-online.com\/tr\/wp-json\/wp\/v2\/product_cat?post=25856"},{"taxonomy":"product_tag","embeddable":true,"href":"https:\/\/www.mairsturnstile-online.com\/tr\/wp-json\/wp\/v2\/product_tag?post=25856"}],"curies":[{"name":"wp","href":"https:\/\/api.w.org\/{rel}","templated":true}]}}