{"id":25853,"date":"2022-12-02T14:55:17","date_gmt":"2022-12-02T06:55:17","guid":{"rendered":"https:\/\/www.mairsturnstile-online.com\/product\/yuzeye-monte-hidrolik-lastik-katili-mt632-s\/"},"modified":"2022-12-02T14:55:17","modified_gmt":"2022-12-02T06:55:17","slug":"hidrolik-lastik-katili","status":"publish","type":"product","link":"https:\/\/www.mairsturnstile-online.com\/tr\/urun\/hidrolik-lastik-katili\/","title":{"rendered":"Y\u00fczeye Monte Hidrolik Lastik Katili MT632-S"},"content":{"rendered":"<p>OEM ve ODM hizmetleri sa\u011flayabiliriz. T\u00fcm \u00fcr\u00fcnlerimiz 2 y\u0131l garantilidir ve uzun \u00f6m\u00fcrl\u00fc bak\u0131m ve onar\u0131m deste\u011fine sahiptir. Ayr\u0131ca parmak izi taray\u0131c\u0131, y\u00fcz tan\u0131ma kameras\u0131 gibi biyometrik cihazlar\u0131 da sa\u011fl\u0131yoruz. RFID kart okuyucu, QR kod taray\u0131c\u0131. Bu cihazlar\u0131 turnike kap\u0131s\u0131na entegre etmek istiyorsan\u0131z veya sorular\u0131n\u0131z varsa l\u00fctfen <a href=\"https:\/\/www.mairsturnstile-online.com\/contact-us\/\">fiyat teklifi isteyin.<\/a><\/p>\n<p><strong>Teknik parametre:<\/strong><\/p>\n<p>Uygulama aral\u0131\u011f\u0131: Ana alanda kav\u015fak g\u00fcvenli koruma<br \/>\nBa\u015fak Y\u00fcksekli\u011fi: 150mm<br \/>\n\u00c7ivi Kal\u0131nl\u0131\u011f\u0131: 10mm<br \/>\nS\u00fcr\u00fc\u015f modu: Elektro-mekanik<br \/>\n\u00c7al\u0131\u015fma Ortam\u0131: -40 \u2103 \uff5e + 70 \u2103<br \/>\nKontrol modu: K\u0131sa menzilli kablosuz uzaktan kumanda\/telli s\u00fcr\u00fc\u015f<br \/>\nKontrol mesafesi: \u2264100M<br \/>\nUzaktan kumanda mesafesi: 50M i\u00e7inde<br \/>\nTrafik \u0131\u015f\u0131\u011f\u0131 aray\u00fcz\u00fc<br \/>\nPark bariyeri ve trafik \u0131\u015f\u0131\u011f\u0131 ile ba\u011flant\u0131 kontrol\u00fc<br \/>\nAlt Malzeme kal\u0131nl\u0131\u011f\u0131: 12mm<br \/>\nT\u00fcm plaka b\u00fck\u00fclerek \u015fekillendirilir, kaynak yap\u0131lmaz<br \/>\nSistem: 220V elektrikli tahrik<br \/>\nGe\u00e7i\u015f bas\u0131nc\u0131: Max 80T konteyner kamyonu<br \/>\nSistem dinamik g\u00fcc\u00fc (w): 180W<br \/>\nY\u00fckselme s\u00fcresi: \u22641-2S<br \/>\n\u0130ndirme s\u00fcresi: \u22641-2S<br \/>\n\u00c7al\u0131\u015fma S\u0131cakl\u0131\u011f\u0131: -35\u2103~75\u2103<br \/>\nDepolama Ortam\u0131: -10\u2103~65\u2103<br \/>\nMalzeme: A3 \u00e7elik, pas \u00f6nleyici boya ile<br \/>\nRenk: \u00c7e\u015fitli Se\u00e7enekler<br \/>\nA\u011f\u0131rl\u0131k: 250kg<br \/>\nKasa Boyutu: Standart kasa (\u00f6zelle\u015ftirilebilir)<\/p>\n<p>L3000(cm)*W550(cm)*H85(cm, Y\u00fckselen Uzunluk\uff1a150(cm)<\/p>\n<p>L3500(cm)*W550(cm)*H85(cm, Y\u00fckselen Uzunluk\uff1a150(cm)<\/p>\n<p>L4000(cm)*W550(cm)*H85(cm, Y\u00fckselen Uzunluk\uff1a150(cm)<\/p>\n<p>L4500(cm)*W550(cm)*H85(cm, Y\u00fckselen Uzunluk\uff1a150(cm)<\/p>\n<p>L5000(cm)*W550(cm)*H85(cm, Y\u00fckselen Uzunluk\uff1a150(cm)<\/p>\n<p>L5500(cm)*W550(cm)*H85(cm, Y\u00fckselen Uzunluk\uff1a150(cm)<\/p>\n<p>L6000(cm)*W550(cm)*H85(cm, Y\u00fckselen Uzunluk\uff1a150(cm)<\/p>\n<p><a href=\"https:\/\/www.mairsturnstile-online.com\/wp-content\/uploads\/2022\/12\/MT632-S_7.jpg\"><img fetchpriority=\"high\" decoding=\"async\" class=\"alignnone size-full wp-image-7036\" src=\"https:\/\/www.mairsturnstile-online.com\/wp-content\/uploads\/2022\/12\/MT632-S_7.jpg\" alt=\"\" width=\"1024\" height=\"450\" srcset=\"https:\/\/www.mairsturnstile-online.com\/wp-content\/uploads\/2022\/12\/MT632-S_7.jpg 1024w, https:\/\/www.mairsturnstile-online.com\/wp-content\/uploads\/2022\/12\/MT632-S_7-300x132.jpg 300w, https:\/\/www.mairsturnstile-online.com\/wp-content\/uploads\/2022\/12\/MT632-S_7-768x338.jpg 768w, https:\/\/www.mairsturnstile-online.com\/wp-content\/uploads\/2022\/12\/MT632-S_7-920x404.jpg 920w, https:\/\/www.mairsturnstile-online.com\/wp-content\/uploads\/2022\/12\/MT632-S_7-380x167.jpg 380w, https:\/\/www.mairsturnstile-online.com\/wp-content\/uploads\/2022\/12\/MT632-S_7-420x185.jpg 420w, https:\/\/www.mairsturnstile-online.com\/wp-content\/uploads\/2022\/12\/MT632-S_7-800x352.jpg 800w\" sizes=\"(max-width: 1024px) 100vw, 1024px\" \/><\/a><\/p>\n<p><a href=\"https:\/\/www.mairsturnstile-online.com\/wp-content\/uploads\/2022\/12\/MT632-F_8.jpg\"><img decoding=\"async\" class=\"alignnone size-full wp-image-6973\" src=\"https:\/\/www.mairsturnstile-online.com\/wp-content\/uploads\/2022\/12\/MT632-F_8.jpg\" alt=\"\" width=\"1024\" height=\"1100\" srcset=\"https:\/\/www.mairsturnstile-online.com\/wp-content\/uploads\/2022\/12\/MT632-F_8.jpg 1024w, https:\/\/www.mairsturnstile-online.com\/wp-content\/uploads\/2022\/12\/MT632-F_8-279x300.jpg 279w, https:\/\/www.mairsturnstile-online.com\/wp-content\/uploads\/2022\/12\/MT632-F_8-953x1024.jpg 953w, https:\/\/www.mairsturnstile-online.com\/wp-content\/uploads\/2022\/12\/MT632-F_8-768x825.jpg 768w, https:\/\/www.mairsturnstile-online.com\/wp-content\/uploads\/2022\/12\/MT632-F_8-920x988.jpg 920w, https:\/\/www.mairsturnstile-online.com\/wp-content\/uploads\/2022\/12\/MT632-F_8-380x408.jpg 380w, https:\/\/www.mairsturnstile-online.com\/wp-content\/uploads\/2022\/12\/MT632-F_8-420x451.jpg 420w, https:\/\/www.mairsturnstile-online.com\/wp-content\/uploads\/2022\/12\/MT632-F_8-800x859.jpg 800w\" sizes=\"(max-width: 1024px) 100vw, 1024px\" \/><\/a><\/p>\n<p>&nbsp;<\/p>\n","protected":false},"excerpt":{"rendered":"<p>Support OEM and ODM. Parmak izi taray\u0131c\u0131, y\u00fcz tan\u0131ma kameras\u0131 gibi \u00fc\u00e7\u00fcnc\u00fc taraf biyometrik cihazlar\u0131 destekleyin. RFID kart okuyucu, QR kod taray\u0131c\u0131. <strong> <a title=\"Mairs ISO9001 Sertifikas\u0131\" href=\"http:\/\/mairsturnstile.com\/wp-content\/uploads\/2022\/09\/Mairs-Registration-Certificate-ISO9001.pdf\" target=\"_blank\" rel=\"noopener noreferrer\">ISO9001 Sertifikal\u0131.<\/a><\/strong><\/p>\n","protected":false},"featured_media":18953,"comment_status":"closed","ping_status":"closed","template":"","meta":[],"product_cat":[242],"product_tag":[],"class_list":["post-25853","product","type-product","status-publish","has-post-thumbnail","hentry","product_cat-lastik-katili"],"_links":{"self":[{"href":"https:\/\/www.mairsturnstile-online.com\/tr\/wp-json\/wp\/v2\/product\/25853","targetHints":{"allow":["GET"]}}],"collection":[{"href":"https:\/\/www.mairsturnstile-online.com\/tr\/wp-json\/wp\/v2\/product"}],"about":[{"href":"https:\/\/www.mairsturnstile-online.com\/tr\/wp-json\/wp\/v2\/types\/product"}],"replies":[{"embeddable":true,"href":"https:\/\/www.mairsturnstile-online.com\/tr\/wp-json\/wp\/v2\/comments?post=25853"}],"wp:featuredmedia":[{"embeddable":true,"href":"https:\/\/www.mairsturnstile-online.com\/tr\/wp-json\/wp\/v2\/media\/18953"}],"wp:attachment":[{"href":"https:\/\/www.mairsturnstile-online.com\/tr\/wp-json\/wp\/v2\/media?parent=25853"}],"wp:term":[{"taxonomy":"product_cat","embeddable":true,"href":"https:\/\/www.mairsturnstile-online.com\/tr\/wp-json\/wp\/v2\/product_cat?post=25853"},{"taxonomy":"product_tag","embeddable":true,"href":"https:\/\/www.mairsturnstile-online.com\/tr\/wp-json\/wp\/v2\/product_tag?post=25853"}],"curies":[{"name":"wp","href":"https:\/\/api.w.org\/{rel}","templated":true}]}}