{"id":25851,"date":"2022-12-01T18:45:02","date_gmt":"2022-12-01T10:45:02","guid":{"rendered":"https:\/\/www.mairsturnstile-online.com\/product\/otomatik-yukselen-mantar-bariyerler-otomatik-geri-cekilebilir-mantar-bariyerler-mt219s\/"},"modified":"2022-12-01T18:45:02","modified_gmt":"2022-12-01T10:45:02","slug":"otomatik-yukselen-bariyerler","status":"publish","type":"product","link":"https:\/\/www.mairsturnstile-online.com\/tr\/urun\/otomatik-yukselen-bariyerler\/","title":{"rendered":"Otomatik Y\u00fckselen Mantar Bariyerler Otomatik Geri \u00c7ekilebilir Mantar Bariyerler MT219S"},"content":{"rendered":"<p><iframe title=\"Hidrolik mantar bariyerler, otomatik mantar bariyerler, elektrikli mantar bariyerler - Mairs g\u00fcvenlik bariyerleri\" src=\"https:\/\/www.youtube.com\/embed\/C7e4UhbtMNI\" width=\"920\" height=\"517\" frameborder=\"0\" allowfullscreen=\"allowfullscreen\"><\/iframe><br \/>\nOEM ve ODM hizmetleri sa\u011flayabiliriz. T\u00fcm \u00fcr\u00fcnlerimiz 2 y\u0131l garantilidir ve uzun \u00f6m\u00fcrl\u00fc bak\u0131m ve onar\u0131m deste\u011fine sahiptir. Ayr\u0131ca parmak izi taray\u0131c\u0131, y\u00fcz tan\u0131ma kameras\u0131 gibi biyometrik cihazlar\u0131 da sa\u011fl\u0131yoruz. RFID kart okuyucu, QR kod taray\u0131c\u0131. Bu cihazlar\u0131 turnike kap\u0131s\u0131na entegre etmek istiyorsan\u0131z veya sorular\u0131n\u0131z varsa l\u00fctfen <a href=\"https:\/\/www.mairsturnstile-online.com\/contact-us\/\">fiyat teklifi isteyin.<\/a><\/p>\n<p><strong>Teknik parametre:<\/strong><\/p>\n<p>Sistem: elektrikli-hidrolik sistem<br \/>\nMaksimum ge\u00e7i\u015f bas\u0131nc\u0131: 80 ton kamyon<br \/>\nGerilim: AC220V 50Hz Entegre<br \/>\nG\u00fc\u00e7 (w): 300W Entegre<br \/>\n\u00c7al\u0131\u015fma s\u00fcresi: 4.5S<br \/>\nKesinti s\u00fcresi: 3S<br \/>\n\u00c7al\u0131\u015fma s\u0131cakl\u0131\u011f\u0131: -65\u2103~75\u2103<br \/>\nMalzeme 304 paslanmaz \u00e7elik<br \/>\nDepolama Ortam\u0131: -10 \u2103 ~ 65 \u2103, su ge\u00e7irmez, neme dayan\u0131kl\u0131, toz ge\u00e7irmez.<br \/>\nY\u00fckselme y\u00fcksekli\u011fi: 600mm (standart) Maksimum 800mm olabilir<br \/>\nStandart Kal\u0131nl\u0131k: 6 (standart) 8,10,25,30mm (iste\u011fe ba\u011fl\u0131).<br \/>\nSilindir \u00c7ap\u0131: 219<br \/>\nG\u00f6vde boyutu: 450*450*900mm<br \/>\nYap\u0131: Y\u00fck ta\u015f\u0131y\u0131c\u0131 \u00e7elik kiri\u015f-kolon, \u00e7arp\u0131\u015fma \u00f6nleyici \u00e7elik kiri\u015f-kolon, 4 navigasyon \u00e7ubu\u011fu ile<br \/>\nEntegre elektrikli mekanizma: strok 600mm, Silindir d\u0131\u015f \u00e7ap\u0131 60mm,<br \/>\nPiston kolu \u00e7ap\u0131: 16mm<br \/>\n6K Ayna Y\u00fczeyli Silindir<br \/>\nLED ile (Akrilik \u0131\u015f\u0131k \u00e7emberi)<br \/>\nReflektif etiket: 2 \u015ferit<br \/>\nElektrik kesintisi durumunda, direkler bir yedek batarya ile ba\u011flanarak manuel olarak indirilebilir<br \/>\nIP oran\u0131: IP68 Sertifikal\u0131<br \/>\nA\u011f\u0131rl\u0131k: 150\u00b1KG<br \/>\nY\u00fckseltme ve al\u00e7altmada, tersine \u00e7evrilebilir bir i\u015flem mevcuttur<br \/>\nG\u00fcr\u00fclt\u00fcl\u00fc \u00e7al\u0131\u015fan bir cihaz\u226460decibel<br \/>\nHidrolik mekanizma, su ge\u00e7irmezlik derecesi sa\u011flamak i\u00e7in tamamen s\u0131zd\u0131rmaz bir al\u00fcminyum kasaya sahiptir<br \/>\nHidrolik tahrik bir hidrolik kilit ile birlikte gelir<br \/>\nPLC kontrol kutusu: 500*400*200mm<br \/>\nPLC programlama komut kontrol sistemi<br \/>\nSolenoid valf voltaj\u0131 24V<br \/>\nUzaktan kumanda mesafesi 50M-100M\uff08Ortama ba\u011fl\u0131 olarak\uff09<br \/>\nKontrol kutusu ayarlanabilir metin g\u00f6r\u00fcnt\u00fcler\uff08Yukar\u0131\uff0cA\u015fa\u011f\u0131\uff0cEylem\uff0cZaman kontrol ayar\u0131\uff09<br \/>\n\u00c7ince ve \u0130ngilizce \u00e7ift dilli metin ekran\u0131<br \/>\nPLC dahili \u015fifreleme sistemi<br \/>\nAPP ve PC uzaktan kumandas\u0131 (iste\u011fe ba\u011fl\u0131)<\/p>\n<p><a href=\"https:\/\/www.mairsturnstile-online.com\/wp-content\/uploads\/2022\/12\/MT701-273S_6.jpg\"><img fetchpriority=\"high\" decoding=\"async\" class=\"alignnone size-full wp-image-7176\" src=\"https:\/\/www.mairsturnstile-online.com\/wp-content\/uploads\/2022\/12\/MT701-273S_6.jpg\" alt=\"\" width=\"1024\" height=\"820\" srcset=\"https:\/\/www.mairsturnstile-online.com\/wp-content\/uploads\/2022\/12\/MT701-273S_6.jpg 1024w, https:\/\/www.mairsturnstile-online.com\/wp-content\/uploads\/2022\/12\/MT701-273S_6-300x240.jpg 300w, https:\/\/www.mairsturnstile-online.com\/wp-content\/uploads\/2022\/12\/MT701-273S_6-768x615.jpg 768w, https:\/\/www.mairsturnstile-online.com\/wp-content\/uploads\/2022\/12\/MT701-273S_6-920x737.jpg 920w, https:\/\/www.mairsturnstile-online.com\/wp-content\/uploads\/2022\/12\/MT701-273S_6-380x304.jpg 380w, https:\/\/www.mairsturnstile-online.com\/wp-content\/uploads\/2022\/12\/MT701-273S_6-420x336.jpg 420w, https:\/\/www.mairsturnstile-online.com\/wp-content\/uploads\/2022\/12\/MT701-273S_6-800x641.jpg 800w\" sizes=\"(max-width: 1024px) 100vw, 1024px\" \/><\/a><a href=\"https:\/\/www.mairsturnstile-online.com\/wp-content\/uploads\/2022\/12\/MT701-219S_8.jpg\"><img decoding=\"async\" class=\"alignnone size-full wp-image-7113\" src=\"https:\/\/www.mairsturnstile-online.com\/wp-content\/uploads\/2022\/12\/MT701-219S_8.jpg\" alt=\"\" width=\"1024\" height=\"1100\" srcset=\"https:\/\/www.mairsturnstile-online.com\/wp-content\/uploads\/2022\/12\/MT701-219S_8.jpg 1024w, https:\/\/www.mairsturnstile-online.com\/wp-content\/uploads\/2022\/12\/MT701-219S_8-279x300.jpg 279w, https:\/\/www.mairsturnstile-online.com\/wp-content\/uploads\/2022\/12\/MT701-219S_8-953x1024.jpg 953w, https:\/\/www.mairsturnstile-online.com\/wp-content\/uploads\/2022\/12\/MT701-219S_8-768x825.jpg 768w, https:\/\/www.mairsturnstile-online.com\/wp-content\/uploads\/2022\/12\/MT701-219S_8-920x988.jpg 920w, https:\/\/www.mairsturnstile-online.com\/wp-content\/uploads\/2022\/12\/MT701-219S_8-380x408.jpg 380w, https:\/\/www.mairsturnstile-online.com\/wp-content\/uploads\/2022\/12\/MT701-219S_8-420x451.jpg 420w, https:\/\/www.mairsturnstile-online.com\/wp-content\/uploads\/2022\/12\/MT701-219S_8-800x859.jpg 800w\" sizes=\"(max-width: 1024px) 100vw, 1024px\" \/><\/a><\/p>\n<p>&nbsp;<\/p>\n","protected":false},"excerpt":{"rendered":"<p>OEM ve ODM&#8217;yi destekleyin. Parmak izi taray\u0131c\u0131, y\u00fcz tan\u0131ma kameras\u0131 gibi \u00fc\u00e7\u00fcnc\u00fc taraf biyometrik cihazlar\u0131 destekleyin. RFID kart okuyucu, QR kod taray\u0131c\u0131. <strong> <a title=\"Mairs ISO9001 Sertifikas\u0131\" href=\"http:\/\/mairsturnstile.com\/wp-content\/uploads\/2022\/09\/Mairs-Registration-Certificate-ISO9001.pdf\" target=\"_blank\" rel=\"noopener noreferrer\">ISO9001 Sertifikal\u0131.<\/a><\/strong><\/p>\n","protected":false},"featured_media":18962,"comment_status":"closed","ping_status":"closed","template":"","meta":[],"product_cat":[238],"product_tag":[],"class_list":["post-25851","product","type-product","status-publish","has-post-thumbnail","hentry","product_cat-otomatik-bariyerler"],"_links":{"self":[{"href":"https:\/\/www.mairsturnstile-online.com\/tr\/wp-json\/wp\/v2\/product\/25851","targetHints":{"allow":["GET"]}}],"collection":[{"href":"https:\/\/www.mairsturnstile-online.com\/tr\/wp-json\/wp\/v2\/product"}],"about":[{"href":"https:\/\/www.mairsturnstile-online.com\/tr\/wp-json\/wp\/v2\/types\/product"}],"replies":[{"embeddable":true,"href":"https:\/\/www.mairsturnstile-online.com\/tr\/wp-json\/wp\/v2\/comments?post=25851"}],"wp:featuredmedia":[{"embeddable":true,"href":"https:\/\/www.mairsturnstile-online.com\/tr\/wp-json\/wp\/v2\/media\/18962"}],"wp:attachment":[{"href":"https:\/\/www.mairsturnstile-online.com\/tr\/wp-json\/wp\/v2\/media?parent=25851"}],"wp:term":[{"taxonomy":"product_cat","embeddable":true,"href":"https:\/\/www.mairsturnstile-online.com\/tr\/wp-json\/wp\/v2\/product_cat?post=25851"},{"taxonomy":"product_tag","embeddable":true,"href":"https:\/\/www.mairsturnstile-online.com\/tr\/wp-json\/wp\/v2\/product_tag?post=25851"}],"curies":[{"name":"wp","href":"https:\/\/api.w.org\/{rel}","templated":true}]}}