{"id":25849,"date":"2022-12-01T18:28:00","date_gmt":"2022-12-01T10:28:00","guid":{"rendered":"https:\/\/www.mairsturnstile-online.com\/product\/agir-hizmet-tipi-otomatik-yol-engelleyici-mt831\/"},"modified":"2022-12-01T18:28:00","modified_gmt":"2022-12-01T10:28:00","slug":"otomatik-yol-engelleyici","status":"publish","type":"product","link":"https:\/\/www.mairsturnstile-online.com\/tr\/urun\/otomatik-yol-engelleyici\/","title":{"rendered":"A\u011f\u0131r Hizmet Tipi Otomatik Yol Engelleyici MT831"},"content":{"rendered":"<p><iframe title=\"YouTube video oynat\u0131c\u0131s\u0131\" src=\"https:\/\/www.youtube.com\/embed\/DngJ2eGQJD8\" width=\"920\" height=\"517\" frameborder=\"0\" allowfullscreen=\"allowfullscreen\"><span data-mce-type=\"bookmark\" style=\"display: inline-block; width: 0px; overflow: hidden; line-height: 0;\" class=\"mce_SELRES_start\"><\/span><\/iframe><br \/>\nOEM ve ODM hizmetleri sa\u011flayabiliriz. T\u00fcm \u00fcr\u00fcnlerimiz 2 y\u0131l garantilidir ve uzun \u00f6m\u00fcrl\u00fc bak\u0131m ve onar\u0131m deste\u011fine sahiptir. Ayr\u0131ca parmak izi taray\u0131c\u0131, y\u00fcz tan\u0131ma kameras\u0131 gibi biyometrik cihazlar\u0131 da sa\u011fl\u0131yoruz. RFID kart okuyucu, QR kod taray\u0131c\u0131. Bu cihazlar\u0131 turnike kap\u0131s\u0131na entegre etmek istiyorsan\u0131z veya sorular\u0131n\u0131z varsa l\u00fctfen <a href=\"https:\/\/www.mairsturnstile-online.com\/contact-us\/\">fiyat teklifi isteyin.<\/a><\/p>\n<p><strong>Teknik parametre:<\/strong><\/p>\n<p>Sistem Hidrolik Bas\u0131n\u00e7 Tahriki<br \/>\nGe\u00e7i\u015f bas\u0131nc\u0131: 120 tonluk konteyner kamyonlar\u0131<br \/>\nVoltaj: 3pahses 380 (Kontrol voltaj\u0131 24V)<br \/>\nSistem Dinamik g\u00fcc\u00fc (w): 3.75KW\/5.5KW<br \/>\nY\u00fckselme s\u00fcresi: \u22641-3S (Ayarlanabilir)<br \/>\n\u0130ndirme s\u00fcresi: \u22641-3S (Ayarlanabilir)<br \/>\n\u00c7al\u0131\u015fma S\u0131cakl\u0131\u011f\u0131: -35\u2103~75\u2103 (uygun)<br \/>\nMalzeme kal\u0131nl\u0131\u011f\u0131: 16MM (standart)<br \/>\nMalzeme Pas \u00f6nleyici boya ile A3 \u00e7elik<br \/>\nRenk: Opsiyonel<br \/>\nA\u011f\u0131rl\u0131k: 1,5T<br \/>\nIP oran\u0131: IP68<br \/>\nBarikat\u0131n bir tampon i\u015flevi vard\u0131r<br \/>\nTampon s\u00fcresi: 0,2-0,5s<br \/>\n\u00c7e\u015fitli renk se\u00e7eneklerine sahip LED \u0131\u015f\u0131k<br \/>\nTrafik \u0131\u015f\u0131\u011f\u0131, bom bariyeriLink-kontrol aray\u00fcz\u00fc<br \/>\nElektrik kesintisi durumunda, barikatlar manuel olarak kald\u0131r\u0131labilir ve indirilebilir<br \/>\nG\u00fcvenilir yap\u0131, a\u011f\u0131r y\u00fck, yumu\u015fak hareket, d\u00fc\u015f\u00fck g\u00fcr\u00fclt\u00fc.<br \/>\nUzaktan kumanda mesafesi: 50-100m (Ortama g\u00f6re)<br \/>\nY\u00fckseltme ve al\u00e7altmada, tersine \u00e7evrilebilir bir i\u015flem mevcuttur.<br \/>\nCihaz \u00e7al\u0131\u015fma g\u00fcr\u00fclt\u00fcs\u00fc\u226460decibel<br \/>\nHidrolik silindir, su ge\u00e7irmezlik derecesi sa\u011flamak i\u00e7in \u00e7ift contal\u0131d\u0131r<br \/>\nHidrolik tahrik bir hidrolik kilit ile birlikte gelir<br \/>\nKaynak \u00e7elik silindir<br \/>\nPLC programlama komut kontrol sistemi<br \/>\nKontrol solenoid valfi 24V<br \/>\nKald\u0131rma solenoid valfi 24V<br \/>\nKontrol kutusu ayarlanabilir metin g\u00f6r\u00fcnt\u00fcler (Yukar\u0131, A\u015fa\u011f\u0131, Eylem ve Zaman kontrol\u00fc ayarlanabilir)<br \/>\n\u00c7ince ve \u0130ngilizce \u00e7ift dilli metin ekran\u0131<br \/>\nPLC dahili \u015fifreleme sistemi<br \/>\nMetin LCD ekran, hassas ba\u015flatma zaman\u0131 ayar\u0131<br \/>\nA\u011f\u0131r hizmet tipi hidrolik silindirler: HOB63-200CA+I Stroke200 A\u011f\u0131r Hizmet Tipi End\u00fcstriyel Seviye<br \/>\n\u00c7ift dinamik \u00e7ift ya\u011f pompas\u0131 2,3ML\/zaman<br \/>\nYa\u011f kab\u0131:60 litre<br \/>\nHidrolik ya\u011f hortumu: PT uluslararas\u0131 aray\u00fcz, 1\/2 \u00c7ift telli y\u00fcksek bas\u0131n\u00e7 hortumu<br \/>\nYol engelleyici boyutu: Standart Uzunluk 3 metre veya 5 metredir<br \/>\nL2000(mm)*W1000(mm)*H760(cm), Y\u00fckselen y\u00fckseklik\uff1a500(\u00d6zelle\u015ftirilmi\u015f)<br \/>\nL2500(mm)*W1000(mm)*H760(cm), Y\u00fckselen y\u00fckseklik\uff1a500(\u00d6zelle\u015ftirilmi\u015f)<br \/>\nL3000(mm)*W1000(mm)*H760(cm), Y\u00fckselen y\u00fckseklik\uff1a500(\u00d6zelle\u015ftirilmi\u015f)<br \/>\nL3500(mm)*W1000(mm)*H760(cm), Y\u00fckselen y\u00fckseklik\uff1a500(\u00d6zelle\u015ftirilmi\u015f)<br \/>\nL4000(mm)*W1000(mm)*H760(cm), Y\u00fckselen y\u00fckseklik\uff1a500(\u00d6zelle\u015ftirilmi\u015f)<br \/>\nL4500(mm)*W1000(mm)*H760(cm), Y\u00fckselen y\u00fckseklik\uff1a500(\u00d6zelle\u015ftirilmi\u015f)<br \/>\nL5000(mm)*W1000(mm)*H760(cm), Y\u00fckselen y\u00fckseklik\uff1a500(\u00d6zelle\u015ftirilmi\u015f)<br \/>\nL5500(mm)*W1000(mm)*H760(cm), Y\u00fckselen y\u00fckseklik\uff1a500(\u00d6zelle\u015ftirilmi\u015f)<br \/>\nL6000(mm)*W1000(mm)*H760(cm), Y\u00fckselen y\u00fckseklik: 500(\u00d6zelle\u015ftirilmi\u015f)<\/p>\n<p><a href=\"https:\/\/www.mairsturnstile-online.com\/wp-content\/uploads\/2022\/12\/MT831_7.jpg\"><img fetchpriority=\"high\" decoding=\"async\" class=\"alignnone size-full wp-image-7239\" src=\"https:\/\/www.mairsturnstile-online.com\/wp-content\/uploads\/2022\/12\/MT831_7.jpg\" alt=\"\" width=\"1024\" height=\"500\" srcset=\"https:\/\/www.mairsturnstile-online.com\/wp-content\/uploads\/2022\/12\/MT831_7.jpg 1024w, https:\/\/www.mairsturnstile-online.com\/wp-content\/uploads\/2022\/12\/MT831_7-300x146.jpg 300w, https:\/\/www.mairsturnstile-online.com\/wp-content\/uploads\/2022\/12\/MT831_7-768x375.jpg 768w, https:\/\/www.mairsturnstile-online.com\/wp-content\/uploads\/2022\/12\/MT831_7-920x449.jpg 920w, https:\/\/www.mairsturnstile-online.com\/wp-content\/uploads\/2022\/12\/MT831_7-380x186.jpg 380w, https:\/\/www.mairsturnstile-online.com\/wp-content\/uploads\/2022\/12\/MT831_7-420x205.jpg 420w, https:\/\/www.mairsturnstile-online.com\/wp-content\/uploads\/2022\/12\/MT831_7-800x391.jpg 800w\" sizes=\"(max-width: 1024px) 100vw, 1024px\" \/><\/a><a href=\"https:\/\/www.mairsturnstile-online.com\/wp-content\/uploads\/2022\/12\/MT831_8.jpg\"><img decoding=\"async\" class=\"alignnone size-full wp-image-7246\" src=\"https:\/\/www.mairsturnstile-online.com\/wp-content\/uploads\/2022\/12\/MT831_8.jpg\" alt=\"\" width=\"1024\" height=\"1100\" srcset=\"https:\/\/www.mairsturnstile-online.com\/wp-content\/uploads\/2022\/12\/MT831_8.jpg 1024w, https:\/\/www.mairsturnstile-online.com\/wp-content\/uploads\/2022\/12\/MT831_8-279x300.jpg 279w, https:\/\/www.mairsturnstile-online.com\/wp-content\/uploads\/2022\/12\/MT831_8-953x1024.jpg 953w, https:\/\/www.mairsturnstile-online.com\/wp-content\/uploads\/2022\/12\/MT831_8-768x825.jpg 768w, https:\/\/www.mairsturnstile-online.com\/wp-content\/uploads\/2022\/12\/MT831_8-920x988.jpg 920w, https:\/\/www.mairsturnstile-online.com\/wp-content\/uploads\/2022\/12\/MT831_8-380x408.jpg 380w, https:\/\/www.mairsturnstile-online.com\/wp-content\/uploads\/2022\/12\/MT831_8-420x451.jpg 420w, https:\/\/www.mairsturnstile-online.com\/wp-content\/uploads\/2022\/12\/MT831_8-800x859.jpg 800w\" sizes=\"(max-width: 1024px) 100vw, 1024px\" \/><\/a><\/p>\n<p>&nbsp;<\/p>\n","protected":false},"excerpt":{"rendered":"<p>OEM ve ODM&#8217;yi destekleyin. Parmak izi taray\u0131c\u0131, y\u00fcz tan\u0131ma kameras\u0131 gibi \u00fc\u00e7\u00fcnc\u00fc taraf biyometrik cihazlar\u0131 destekleyin. RFID kart okuyucu, QR kod taray\u0131c\u0131. <strong> <a title=\"Mairs ISO9001 Sertifikas\u0131\" href=\"http:\/\/mairsturnstile.com\/wp-content\/uploads\/2022\/09\/Mairs-Registration-Certificate-ISO9001.pdf\" target=\"_blank\" rel=\"noopener noreferrer\">ISO9001 Sertifikal\u0131.<\/a><\/strong><\/p>\n","protected":false},"featured_media":18982,"comment_status":"closed","ping_status":"closed","template":"","meta":[],"product_cat":[240],"product_tag":[],"class_list":["post-25849","product","type-product","status-publish","has-post-thumbnail","hentry","product_cat-hidrolik-yol-engelleyici"],"_links":{"self":[{"href":"https:\/\/www.mairsturnstile-online.com\/tr\/wp-json\/wp\/v2\/product\/25849","targetHints":{"allow":["GET"]}}],"collection":[{"href":"https:\/\/www.mairsturnstile-online.com\/tr\/wp-json\/wp\/v2\/product"}],"about":[{"href":"https:\/\/www.mairsturnstile-online.com\/tr\/wp-json\/wp\/v2\/types\/product"}],"replies":[{"embeddable":true,"href":"https:\/\/www.mairsturnstile-online.com\/tr\/wp-json\/wp\/v2\/comments?post=25849"}],"wp:featuredmedia":[{"embeddable":true,"href":"https:\/\/www.mairsturnstile-online.com\/tr\/wp-json\/wp\/v2\/media\/18982"}],"wp:attachment":[{"href":"https:\/\/www.mairsturnstile-online.com\/tr\/wp-json\/wp\/v2\/media?parent=25849"}],"wp:term":[{"taxonomy":"product_cat","embeddable":true,"href":"https:\/\/www.mairsturnstile-online.com\/tr\/wp-json\/wp\/v2\/product_cat?post=25849"},{"taxonomy":"product_tag","embeddable":true,"href":"https:\/\/www.mairsturnstile-online.com\/tr\/wp-json\/wp\/v2\/product_tag?post=25849"}],"curies":[{"name":"wp","href":"https:\/\/api.w.org\/{rel}","templated":true}]}}