{"id":25826,"date":"2023-06-26T18:56:26","date_gmt":"2023-06-26T10:56:26","guid":{"rendered":"https:\/\/www.mairsturnstile-online.com\/product\/turnike-kapisi-icin-gomulu-qr-kod-tarayici\/"},"modified":"2023-06-26T18:56:26","modified_gmt":"2023-06-26T10:56:26","slug":"embedded-qr-code-scanner","status":"publish","type":"product","link":"https:\/\/www.mairsturnstile-online.com\/tr\/urun\/embedded-qr-code-scanner\/","title":{"rendered":"Turnike Kap\u0131s\u0131 i\u00e7in G\u00f6m\u00fcl\u00fc QR Kod Taray\u0131c\u0131"},"content":{"rendered":"<h3>Bu Temass\u0131z G\u00f6m\u00fcl\u00fc QR kod taray\u0131c\u0131 MTX200, 2 y\u0131l garanti ve dayan\u0131kl\u0131 bak\u0131m ve onar\u0131m deste\u011fi ta\u015f\u0131r.<\/h3>\n<p>OEM ve ODM hizmetleri sa\u011flayabiliriz. Ayr\u0131ca IC\/ID kart okuyucular\u0131, parmak izi taray\u0131c\u0131lar\u0131, <a href=\"https:\/\/en.wikipedia.org\/wiki\/QR_code\" target=\"_blank\" rel=\"noopener\">QR kod<\/a> taray\u0131c\u0131lar\u0131, y\u00fcz tan\u0131ma kameralar\u0131 gibi biyometrik cihazlar da sa\u011fl\u0131yoruz.<\/p>\n<p>MTX200, kendi geli\u015ftirdi\u011fi \u00e7ekirdek kod \u00e7\u00f6zme teknolojisini benimseyen ve ayn\u0131 anda tek boyutlu kod ve QR kod sistemlerinin h\u0131zl\u0131 okunmas\u0131n\u0131 destekleyebilen g\u00f6m\u00fcl\u00fc bir QR kod taray\u0131c\u0131s\u0131d\u0131r. Y\u00fczeyi, iyi \u0131\u015f\u0131k ge\u00e7irgenli\u011fi, \u00e7izilme direnci ve d\u00fc\u015fme direncine sahip temperli camdan yap\u0131lm\u0131\u015ft\u0131r. Birden fazla ama\u00e7 i\u00e7in kullan\u0131labilir. Turnike i\u00e7in bu QR kod taray\u0131c\u0131ya ihtiyac\u0131n\u0131z varsa, l\u00fctfen bizimle <a href=\"https:\/\/mairsturnstile.com\/contact\" target=\"_blank\" rel=\"noopener\">ileti\u015fime ge\u00e7in<\/a>.<\/p>\n<p>Bu QR kod taray\u0131c\u0131, karma\u015f\u0131k kapsaml\u0131 uygulama senaryolar\u0131na uyum sa\u011flayabilen bir NFC kart kayd\u0131rma i\u015flevi (radyo frekans\u0131 13.56 MHz temass\u0131z IC kart\u0131, M1 sens\u00f6r kart\u0131, NFC cep telefonu ve kimlik kart\u0131) ile donat\u0131labilir.<\/p>\n<p>QR kod taray\u0131c\u0131 MTX200, tek boyutlu kod, iki boyutlu kod, cep telefonu ekran kodu, ka\u011f\u0131t kodu gibi \u00e7e\u015fitli kod sistemlerini saniyede 70 kez tan\u0131yabilir ve 360 dereceden istedi\u011finiz gibi tarayabilir. 3-10 cm aras\u0131nda tan\u0131nabilir mesafe. \u00c7oklu geri bildirim mekanizmalar\u0131 interaktif deneyimi geli\u015ftirir. \u00dc\u00e7 g\u00f6sterge \u0131\u015f\u0131\u011f\u0131, yan\u0131p s\u00f6nen bir okuma penceresi k\u0131rm\u0131z\u0131 \u0131\u015f\u0131\u011f\u0131 ve bir tarama kodu bipleme uyar\u0131 sesi, tarama deneyiminizi geli\u015ftirir.<\/p>\n<p>MTX200, USB, RS232, TTL ve di\u011fer veri iletim y\u00f6ntemlerini birle\u015ftirebilir ve nesnelerin interneti \u00e7a\u011f\u0131n\u0131n zorlu ihtiya\u00e7lar\u0131n\u0131 kar\u015f\u0131lamak i\u00e7in WiFi \u00e7\u0131k\u0131\u015f\u0131n\u0131 entegre edebilir. Otomatik tan\u0131ma g\u00f6r\u00fcnt\u00fc okuma, ikincil geli\u015ftirmeyi destekler ve i\u015flev \u00f6zelle\u015ftirmesi sa\u011flar. Kendini geli\u015ftirme, \u00e7e\u015fitli geli\u015ftirme aray\u00fczleri, iyi uyumlu kapasite.<\/p>\n<p>\u0130kincil geli\u015ftirme aray\u00fczleri: C\/C++, C#, Java, DELPHI, Android Pad ile uyumlu, Android geli\u015ftirme kart\u0131, Windows, Mac, Linux sistemi, yazar kasa, Raspberry Pi.<\/p>\n<p>4,7-15v geni\u015f voltaj giri\u015fini destekler, voltaj\u0131n ekipman\u0131n hizmet \u00f6mr\u00fc \u00fczerindeki etkisini ortadan kald\u0131r\u0131r, anahtarlama g\u00fc\u00e7 kayna\u011f\u0131ndan tasarruf sa\u011flar, ekipman maliyetlerini azalt\u0131r ve daha fazla senaryoya uygulan\u0131r. \u00d6rne\u011fin, 12V g\u00fcvenlik yaya turnike kap\u0131s\u0131, 5V self servis kabini, otomat, bilet alma makinesi, yemek alma kabini, ekspres kabin, \u00e7\u00f6p geri d\u00f6n\u00fc\u015f\u00fcm kutusu, \u00f6deme makinesi, yaz\u0131c\u0131, kuyruk makinesi, kay\u0131t makinesi, \u00f6d\u00fcn\u00e7 alma ve iade kitapl\u0131\u011f\u0131 vb.<\/p>\n<p>Zengin ileti\u015fim aray\u00fczleri vard\u0131r, WiFi, RS232, TTL ve USB (analog klavye, gizli geli\u015ftirme modu) \u00e7\u0131k\u0131\u015f\u0131 iste\u011fe ba\u011fl\u0131d\u0131r, SDK sa\u011flan\u0131r ve ikincil geli\u015ftirme ve \u00f6zelle\u015ftirme hizmetleri desteklenir. Windows (xp\/7\/8\/10), MAC, Android ve Linux sistemleri ile uyumludur.<\/p>\n<p>\u0131\u015f\u0131k kayna\u011f\u0131: Led dif\u00fcz ayd\u0131nlatma (beyaz ayd\u0131nlatma, k\u0131rm\u0131z\u0131 g\u00f6sterge)<br \/>\nTalimatlar: Buzzer, \u00fc\u00e7 mavi LED durum g\u00f6stergesi, k\u0131rm\u0131z\u0131 LED g\u00f6stergesi<br \/>\nTan\u0131mlama kodu: QR Kodu, Veri Matrisi, EAN_13, EAN_8, RSS_14, CODE_39, CODE_93, CODE_128, ITF, Kod \u00c7ubu\u011fu, Ters Kod, Ayna Kodu, vb.<br \/>\nG\u00f6r\u00fc\u015f alan\u0131 a\u00e7\u0131s\u0131: Yatay g\u00f6r\u00fc\u015f alan\u0131 77\u00b0, dikey g\u00f6r\u00fc\u015f alan\u0131 60\u00b0<br \/>\nOkuma a\u00e7\u0131s\u0131: E\u011fim \u00b1 40\u00b0, sapma \u00b1 30\u00b0, 360\u00b0 d\u00f6nd\u00fcrme<br \/>\nAlan derinli\u011fi: 0mm~55mm\uff0815mil QR Kod\uff09<br \/>\nMikroi\u015flemci: 32-bit 1G CPU, y\u00fcksek h\u0131zl\u0131 DDR bellek<br \/>\nVeri aray\u00fcz\u00fc: RS232 (9.6 ~ 115.2kbps), USB1.1 (HID-KBW, HID-POS), \u00f6zel HID (USB geli\u015ftirme aray\u00fcz\u00fc ekleyin, y\u00fcksek h\u0131zl\u0131 iletim)<\/p>\n<p>Veri hatt\u0131: RS232 veri hatt\u0131 (USB g\u00fc\u00e7 kayna\u011f\u0131 aray\u00fcz\u00fc + DB9 veri aray\u00fcz\u00fc), USB kablosu, TTL hatt\u0131<br \/>\nfiziksel boyut: 95*84*48mm<br \/>\nOkuma penceresi boyutu: 59*46mm<br \/>\nKurulum y\u00f6ntemi: G\u00f6m\u00fcl\u00fc kurulum<br \/>\nMalzemeler ABS<br \/>\nDelik Boyutu: 67,5*88mm<br \/>\nK\u00f6\u015fe yar\u0131\u00e7ap\u0131: 4.27mm<br \/>\nG\u00f6r\u00fcnt\u00fc Sens\u00f6r\u00fc: 300.000 piksel CMOS (640*480)<br \/>\nBask\u0131 kontrast\u0131: \u2265 %25<br \/>\nOkuma hassasiyeti: \u2265 7mil<br \/>\nOkuma h\u0131z\u0131: 70ms\/zaman<br \/>\n\u00c7al\u0131\u015fma s\u0131cakl\u0131\u011f\u0131: -20~70 santigrat derece<br \/>\nDepolama s\u0131cakl\u0131\u011f\u0131: -40 ila 80 santigrat derece<br \/>\nNem oran\u0131: Ba\u011f\u0131l nem %0~%95<br \/>\nOrtam \u0131\u015f\u0131k yo\u011funlu\u011fu: 0~80,000LUX<br \/>\n\u00c7al\u0131\u015fma Gerilimi: 5~15V geni\u015f voltaj giri\u015fini destekler<br \/>\n\u00c7al\u0131\u015fma ak\u0131m\u0131: 0,15A (5V) veya 0,05A (15v)<br \/>\nMaksimum G\u00fc\u00e7 T\u00fcketimi: 0.75W<br \/>\n<a href=\"https:\/\/mairsturnstile.com\/types-of-turnstiles.html\" target=\"_blank\" rel=\"noopener\">Turnikeler i\u00e7in temass\u0131z <\/a> g\u00f6m\u00fcl\u00fc QR kod taray\u0131c\u0131.<br \/>\nUluslararas\u0131 Sertifikasyon: FCC B\u00f6l\u00fcm15 S\u0131n\u0131f B, CE EMC S\u0131n\u0131f\u0131<br \/>\nBak\u0131m Gereksinimleri: Uzaktan bak\u0131m ve \u00e7evrimi\u00e7i y\u00fckseltme deste\u011fi<br \/>\nMalzemeler G\u00f6vde: \u0130thal PC pencere: Temperli cam<br \/>\n\u0130\u015fletim Sistemi: Windows (xp.7.8.10), Linux, Android, Mac, vb. destekler<\/p>\n","protected":false},"excerpt":{"rendered":"<p>OEM ve ODM&#8217;yi destekleyin. Parmak izi taray\u0131c\u0131, y\u00fcz tan\u0131ma kameras\u0131 gibi \u00fc\u00e7\u00fcnc\u00fc taraf biyometrik cihazlar\u0131 destekleyin. RFID kart okuyucu, QR kod taray\u0131c\u0131.<\/p>\n<p><a title=\"QR Kod Taray\u0131c\u0131 Bro\u015f\u00fcr\u00fc\" href=\"http:\/\/mairsturnstile.com\/wp-content\/uploads\/2023\/12\/MT-TX200-QR-code-scanner-brochure.pdf\" target=\"_blank\" rel=\"noopener noreferrer\"><img decoding=\"async\" class=\"alignnone size-full wp-image-11034\" src=\"http:\/\/mairsturnstile.com\/wp-content\/uploads\/2022\/09\/pdf-MairsTurnstile.png\" alt=\"\" width=\"32\" height=\"32\"><strong><span style=\"color: #0000ff;\">MTX200 QR Kod Taray\u0131c\u0131 Bro\u015f\u00fcr\u00fc<\/span><\/strong><\/a><\/p>\n","protected":false},"featured_media":24967,"comment_status":"closed","ping_status":"closed","template":"","meta":[],"product_cat":[239],"product_tag":[],"class_list":["post-25826","product","type-product","status-publish","has-post-thumbnail","hentry","product_cat-giris-kontrolu"],"_links":{"self":[{"href":"https:\/\/www.mairsturnstile-online.com\/tr\/wp-json\/wp\/v2\/product\/25826","targetHints":{"allow":["GET"]}}],"collection":[{"href":"https:\/\/www.mairsturnstile-online.com\/tr\/wp-json\/wp\/v2\/product"}],"about":[{"href":"https:\/\/www.mairsturnstile-online.com\/tr\/wp-json\/wp\/v2\/types\/product"}],"replies":[{"embeddable":true,"href":"https:\/\/www.mairsturnstile-online.com\/tr\/wp-json\/wp\/v2\/comments?post=25826"}],"wp:featuredmedia":[{"embeddable":true,"href":"https:\/\/www.mairsturnstile-online.com\/tr\/wp-json\/wp\/v2\/media\/24967"}],"wp:attachment":[{"href":"https:\/\/www.mairsturnstile-online.com\/tr\/wp-json\/wp\/v2\/media?parent=25826"}],"wp:term":[{"taxonomy":"product_cat","embeddable":true,"href":"https:\/\/www.mairsturnstile-online.com\/tr\/wp-json\/wp\/v2\/product_cat?post=25826"},{"taxonomy":"product_tag","embeddable":true,"href":"https:\/\/www.mairsturnstile-online.com\/tr\/wp-json\/wp\/v2\/product_tag?post=25826"}],"curies":[{"name":"wp","href":"https:\/\/api.w.org\/{rel}","templated":true}]}}