{"id":20829,"date":"2021-09-09T00:45:13","date_gmt":"2021-09-08T16:45:13","guid":{"rendered":"https:\/\/www.mairsturnstile-online.com\/product\/yari-yukseklik-optik-kapakli-turnike-mt246\/"},"modified":"2021-09-09T00:45:13","modified_gmt":"2021-09-08T16:45:13","slug":"optik-kapakli-turnike","status":"publish","type":"product","link":"https:\/\/www.mairsturnstile-online.com\/tr\/urun\/optik-kapakli-turnike\/","title":{"rendered":"YARI Y\u00dcKSEKL\u0130K OPT\u0130K KAPAKLI TURN\u0130KE MT246"},"content":{"rendered":"\r\n        <div class=\"modelViewerBlock\" data-attributes='{&quot;align&quot;:&quot;start&quot;,&quot;uniqueId&quot;:&quot;model18350&quot;,&quot;currentViewer&quot;:&quot;modelViewer&quot;,&quot;multiple&quot;:false,&quot;model&quot;:{&quot;modelUrl&quot;:&quot;https:\\\/\\\/www.mairsturnstile-online.com\\\/wp-content\\\/uploads\\\/2023\\\/08\\\/MT246.glb&quot;,&quot;poster&quot;:&quot;&quot;},&quot;O3DVSettings&quot;:{&quot;isFullscreen&quot;:true,&quot;isPagination&quot;:false,&quot;isNavigation&quot;:true,&quot;camera&quot;:null,&quot;mouseControl&quot;:true},&quot;models&quot;:[],&quot;lazyLoad&quot;:false,&quot;loading&quot;:&quot;auto&quot;,&quot;autoplay&quot;:false,&quot;shadow&quot;:true,&quot;autoRotate&quot;:true,&quot;zoom&quot;:true,&quot;isPagination&quot;:false,&quot;isNavigation&quot;:true,&quot;preload&quot;:&quot;auto&quot;,&quot;rotationPerSecond&quot;:&quot;30&quot;,&quot;mouseControl&quot;:true,&quot;fullscreen&quot;:true,&quot;variant&quot;:false,&quot;loadingPercentage&quot;:false,&quot;progressBar&quot;:true,&quot;rotate&quot;:false,&quot;rotateAlongX&quot;:&quot;0&quot;,&quot;rotateAlongY&quot;:&quot;75&quot;,&quot;exposure&quot;:1,&quot;styles&quot;:{&quot;width&quot;:&quot;1150px&quot;,&quot;height&quot;:&quot;700px&quot;,&quot;bgColor&quot;:&quot;#f9f9f9&quot;,&quot;progressBarColor&quot;:&quot;&quot;},&quot;stylesheet&quot;:null,&quot;additional&quot;:{&quot;ID&quot;:&quot;&quot;,&quot;Class&quot;:&quot;&quot;,&quot;CSS&quot;:&quot;&quot;},&quot;animation&quot;:false,&quot;woo&quot;:false,&quot;selectedAnimation&quot;:&quot;&quot;}'><\/div>\r\n\r\n        \n<p>YARI Y\u00dcKSEKL\u0130K OPT\u0130K KAPAKLI TURN\u0130KE MT246<\/p>\n<p>OEM ve ODM hizmetleri sa\u011flayabiliriz. \u0130htiya\u00e7lar\u0131n\u0131zdan herhangi birine g\u00f6re derin \u00f6zelle\u015ftirmeyi tamamlayabilen deneyimli tasar\u0131mc\u0131lar\u0131m\u0131z var. M\u00fcmk\u00fcn olan en k\u0131sa s\u00fcrede 3 boyutlu g\u00f6rseller, boyutlu \u00e7izimler vb. gibi bir dizi malzemeyi sa\u011flayaca\u011f\u0131z.<\/p>\n<p>Optik kapakl\u0131 turnike, benzersiz bir tasar\u0131ma, g\u00fczel ve \u015f\u0131k bir g\u00f6r\u00fcn\u00fcme, daha istikrarl\u0131 ve sessiz \u00e7al\u0131\u015fmaya ve \u00fcst d\u00fczey yerlerde kullan\u0131ma uygun, arka kap\u0131 kapatma i\u015flevine sahip, normal kapakl\u0131 bariyer turnikesinden daha y\u00fcksek g\u00fcvenli\u011fe sahip y\u00fckseltilmi\u015f bir versiyondur.<\/p>\n<p>T\u00fcm \u00fcr\u00fcnlerimiz 2 y\u0131l garantilidir ve uzun \u00f6m\u00fcrl\u00fc bak\u0131m ve onar\u0131m deste\u011fine sahiptir. Ayr\u0131ca parmak izi taray\u0131c\u0131, y\u00fcz tan\u0131ma kameras\u0131 gibi biyometrik cihazlar\u0131 da sa\u011fl\u0131yoruz. RFID kart okuyucu, QR kod taray\u0131c\u0131. Bu cihazlar\u0131 turnike kap\u0131s\u0131na entegre etmek istiyorsan\u0131z veya sorular\u0131n\u0131z varsa l\u00fctfen <a href=\"https:\/\/www.mairsturnstile-online.com\/contact-us\/\">fiyat teklifi isteyin.<\/a><\/p>\n<p>Ayr\u0131ca ger\u00e7ek senaryonuza g\u00f6re birka\u00e7 dakika i\u00e7inde sizin i\u00e7in bir render olu\u015fturabiliriz. Ayr\u0131ca ayr\u0131nt\u0131l\u0131 yerle\u015fim ve \u00e7izimlerin yan\u0131 s\u0131ra kurulum \u00e7izimleri de sa\u011fl\u0131yoruz. Kurulum konusunda endi\u015felenmenize gerek yok. Belirli boyutlar ve kurulum boyutlar\u0131 i\u00e7in l\u00fctfen ilgili PDF dosyam\u0131z\u0131 indirin.<\/p>\n\n\t\t\t\n\t<style type=\"text\/css\">\n\t\t.slider-info-18351.bafg-slider-info .bafg-slider-title {\n\t\t\t\t\t\t\tfont-size:\n\t\t\t\t\t22px\t\t\t\t;\n\t\t\t\n\t\t\t\n\t\t\t\t\t}\n\n\t\t.slider-info-18351.bafg-slider-info .bafg-slider-description {\n\t\t\t\n\t\t\t\n\t\t\t\t\t}\n\t\t\n\t\t\n\t\t.slider-info-18351.bafg-slider-info .bafg_slider_readmore_button {\n\t\t\t\n\t\t\t\n\t\t\t\n\t\t\t\n\t\t\t\n\t\t\ttext-align: center;\n\n\t\t\t\n\t\t\t\n\t\t\t\n\t\t\t\n\t\t\t\t\t}\n\n\t\t.slider-info-18351.bafg-slider-info .bafg_slider_readmore_button:hover {\n\n\t\t\t\n\t\t\t\n\t\t\t\t\t}\n\t<\/style>\n\t\n\t\t\t<div class=\"bafg-twentytwenty-container slider-18351  \"\n\t\t\t\tbafg-orientation=\"horizontal\" bafg-default-offset=\"0.5\"\n\t\t\t\tbafg-before-label=\"Before\"\n\t\t\t\tbafg-after-label=\"After\" bafg-overlay=\"1\"\n\t\t\t\tbafg-move-slider-on-hover=\"1\"\n\t\t\t\tbafg-click-to-move=\"\">\n\n\t\t\t\t\t\t\t\t<img class=\"skip-lazy\" data-skip-lazy\t\t\t\t\tsrc=\"https:\/\/www.mairsturnstile-online.com\/wp-content\/uploads\/2023\/08\/optical-flap-turnstile_4.jpg\" alt=\"\">\n\t\t\t\t<img class=\"skip-lazy\" data-skip-lazy\t\t\t\t\tsrc=\"https:\/\/www.mairsturnstile-online.com\/wp-content\/uploads\/2023\/08\/optical-flap-turnstile_5.jpg\" alt=\"\">\n\n\t\t\t<\/div>\n\n\t\t\t\t<div class=\"bafg-slider-info-wraper\">\n\t\t<div style=\"\" class=\"slider-info-18351 bafg-slider-info\">\n\t\t\t\t\t<\/div>\n\t<\/div>\n\t\n\t\t\t<style type=\"text\/css\">\n\t\t\t\t\t\t\t\t\t\t\t<\/style>\n\t\t\t\n<p><strong>Teknik parametre:<\/strong><\/p>\n<p>1. Boyut: 1400*350*1000 mm (\u00f6zelle\u015ftirilebilir)<br \/>\n2. \u015eerit geni\u015fli\u011fi: 600 mm (\u00f6zelle\u015ftirilebilir)<br \/>\n3. Ge\u00e7i\u015f h\u0131z\u0131: 40 ki\u015fi\/dakika<br \/>\n4. G\u00fc\u00e7 kayna\u011f\u0131: 110V\/220V 50\/60Hz<br \/>\n5. S\u00fcr\u00fc\u015f Motoru: 30W\/40W<br \/>\n6. Kap\u0131 A\u00e7\u0131k Sinyali: Kuru Kontak\/R\u00f6le<br \/>\n7. S\u00fcr\u00fc\u015f Motoru: DC24V<br \/>\n8. Optik kapakl\u0131 turnike a\u011f\u0131rl\u0131\u011f\u0131: 70 kg\/adet<br \/>\n9. Kol y\u00fcksekli\u011fi: 1200 mm<br \/>\n10. Kol malzemesi: akrilik\/temperli cam<br \/>\n11. \u00dcst Kapak: Mermer<br \/>\n12. G\u00f6vde Malzemesi: 304 paslanmaz \u00e7elik<br \/>\n13. Mekanizman\u0131n g\u00fcvenilirli\u011fi: 3 milyon-5 milyon, hatas\u0131z<br \/>\n14. \u015eerit geni\u015fli\u011fi 900 mm \u00f6zelle\u015ftirilebilir<br \/>\n15. Kol y\u00fcksekli\u011fi 1800 mm&#8217;ye kadar ilave edilebilir<br \/>\n16. Boyut ve malzeme kal\u0131nl\u0131\u011f\u0131 \u00f6zelle\u015ftirilebilir<br \/>\n17. \u00c7al\u0131\u015fma Y\u00f6n\u00fc: \u00c7ift Y\u00f6nl\u00fc \/ Tek y\u00f6nl\u00fc<br \/>\n18. Acil durum: Elektrik kesildi\u011finde kondansat\u00f6r ile otomatik olarak a\u00e7\u0131l\u0131r<br \/>\n19. Nem: \u2264%90 \u00c7al\u0131\u015fma s\u0131cakl\u0131\u011f\u0131: -20\u00b0C~60\u00b0C<br \/>\n21. \u0130leti\u015fim mesafesi: \u22641200 m<br \/>\n22. \u0130leti\u015fim aray\u00fcz\u00fc: RS485<br \/>\n23. \u00d6zellik: IC\/ID okuyucu, Barkod Okuyucu, Y\u00fcz tan\u0131ma, Parmak \u0130zi, di\u011fer eri\u015fim kontrol ekipmanlar\u0131, UPS, vb.<br \/>\n24. Optik kapakl\u0131 turnike a\u00e7\u0131lma s\u00fcresi: 0,2 sn<br \/>\n25. \u00c7al\u0131\u015fma Ortam\u0131: \u0130\u00e7 Mekan<br \/>\n26. Uygulama aral\u0131\u011f\u0131: Topluluk, Fabrika, \u015eantiye, Okul, Tatil Yeri vb.<\/p>\n<p>T\u00fcm g\u00fcvenlik eri\u015fim kontrol\u00fc \u00e7\u00f6z\u00fcm\u00fcn\u00fc sa\u011flayabiliriz. Kendi ge\u00e7i\u015f kontrol sisteminiz varsa do\u011frudan optik kapakl\u0131 turnike kap\u0131m\u0131z\u0131 kullanabilirsiniz. E\u011fer elinizde yoksa, eksiksiz bir g\u00fcvenlik eri\u015fim kontrol\u00fc \u00e7\u00f6z\u00fcm\u00fc de sunuyoruz. Ayr\u0131nt\u0131lar i\u00e7in l\u00fctfen a\u015fa\u011f\u0131daki videoya bak\u0131n.<\/p>\n<p><iframe title=\"Kayar turnike, Kayar kap\u0131 turnikesi, S\u00fcper zorunlu tam y\u00fckseklikte kayar turnike - MaersTurnstile\" src=\"https:\/\/www.youtube.com\/embed\/NWiaz1Su7BI\" width=\"1150\" height=\"650\" frameborder=\"0\" allowfullscreen=\"allowfullscreen\"><\/iframe><\/p>\n","protected":false},"excerpt":{"rendered":"<p>OEM ve ODM&#8217;yi destekleyin. Parmak izi taray\u0131c\u0131, y\u00fcz tan\u0131ma kameras\u0131 gibi \u00fc\u00e7\u00fcnc\u00fc taraf biyometrik cihazlar\u0131 destekleyin. RFID kart okuyucu, QR kod taray\u0131c\u0131. <span style=\"color: #0000ff;\"><strong><a style=\"color: #0000ff;\" title=\"Mairs CE Belgeli Flap Bariyer Turnikesi\" href=\"http:\/\/mairsturnstile.com\/wp-content\/uploads\/2022\/09\/Mairs-CE-Certificate-Flap-Barrier-Turnstile.pdf\" target=\"_blank\" rel=\"noopener noreferrer\">CE Belgeli,<\/a> <a style=\"color: #0000ff;\" title=\"Mairs ISO9001 Sertifikas\u0131\" href=\"http:\/\/mairsturnstile.com\/wp-content\/uploads\/2022\/09\/Mairs-Registration-Certificate-ISO9001.pdf\" target=\"_blank\" rel=\"noopener noreferrer\">ISO9001 Sertifikal\u0131.<\/a><\/strong><\/span><\/p>\n","protected":false},"featured_media":49635,"comment_status":"closed","ping_status":"closed","template":"","meta":[],"product_cat":[209],"product_tag":[],"class_list":["post-20829","product","type-product","status-publish","has-post-thumbnail","hentry","product_cat-surgulu-turnike"],"_links":{"self":[{"href":"https:\/\/www.mairsturnstile-online.com\/tr\/wp-json\/wp\/v2\/product\/20829","targetHints":{"allow":["GET"]}}],"collection":[{"href":"https:\/\/www.mairsturnstile-online.com\/tr\/wp-json\/wp\/v2\/product"}],"about":[{"href":"https:\/\/www.mairsturnstile-online.com\/tr\/wp-json\/wp\/v2\/types\/product"}],"replies":[{"embeddable":true,"href":"https:\/\/www.mairsturnstile-online.com\/tr\/wp-json\/wp\/v2\/comments?post=20829"}],"wp:featuredmedia":[{"embeddable":true,"href":"https:\/\/www.mairsturnstile-online.com\/tr\/wp-json\/wp\/v2\/media\/49635"}],"wp:attachment":[{"href":"https:\/\/www.mairsturnstile-online.com\/tr\/wp-json\/wp\/v2\/media?parent=20829"}],"wp:term":[{"taxonomy":"product_cat","embeddable":true,"href":"https:\/\/www.mairsturnstile-online.com\/tr\/wp-json\/wp\/v2\/product_cat?post=20829"},{"taxonomy":"product_tag","embeddable":true,"href":"https:\/\/www.mairsturnstile-online.com\/tr\/wp-json\/wp\/v2\/product_tag?post=20829"}],"curies":[{"name":"wp","href":"https:\/\/api.w.org\/{rel}","templated":true}]}}