{"id":20691,"date":"2021-09-09T01:37:27","date_gmt":"2021-09-08T17:37:27","guid":{"rendered":"https:\/\/www.mairsturnstile-online.com\/product\/tripod-turnike-kapilari-mt113-2\/"},"modified":"2024-03-04T14:59:05","modified_gmt":"2024-03-04T06:59:05","slug":"tripod-turnike-kapilari","status":"publish","type":"product","link":"https:\/\/www.mairsturnstile-online.com\/tr\/urun\/tripod-turnike-kapilari\/","title":{"rendered":"TR\u0130POD TURN\u0130KE KAPILARI MT113-2"},"content":{"rendered":"<h4>Tripod turnike kap\u0131lar\u0131 2 y\u0131l garantilidir ve dayan\u0131kl\u0131 bak\u0131m ve onar\u0131m deste\u011fine sahiptir. OEM ve ODM hizmetleri sa\u011flayabiliriz.<\/h4>\n<p><strong>Biyometrik turnike, yaya turnike kap\u0131s\u0131 y\u00f6netim fonksiyonlar\u0131n\u0131n \u00e7e\u015fitlili\u011fini ger\u00e7ekle\u015ftirmek ve personeli daha iyi y\u00f6netmek i\u00e7in parmak izi taray\u0131c\u0131 cihaz\u0131, y\u00fcz tan\u0131ma cihaz\u0131, RFID kart okuyucu gibi \u00e7e\u015fitli <a href=\"https:\/\/en.wikipedia.org\/wiki\/Biometric_device\" target=\"_blank\" rel=\"noopener\">biyometrik cihaz<\/a> ve biyometrik sistemlerle b\u00fct\u00fcnle\u015fen bir t\u00fcr yaya turnike kap\u0131s\u0131d\u0131r. giri\u015f kontrolu. <\/strong><\/p>\n<p>Elbette sadece biyometrik turnike kap\u0131s\u0131 sa\u011flamakla kalm\u0131yoruz, ayn\u0131 zamanda parmak izi taray\u0131c\u0131, y\u00fcz tan\u0131ma kameras\u0131 gibi biyometrik cihazlar\u0131 da sa\u011fl\u0131yoruz. RFID kart okuyucu, QR kod taray\u0131c\u0131. T\u00fcm turnike kap\u0131lar\u0131m\u0131z biyometrik turnike kap\u0131s\u0131na d\u00f6n\u00fc\u015ft\u00fcr\u00fclebilmektedir. T\u00fcm turnike kap\u0131lar\u0131m\u0131za \u00fc\u00e7\u00fcnc\u00fc parti biyometrik cihazlar entegre edilebildi\u011fi gibi, bu biyometrik cihazlar\u0131 da biz sa\u011flayabiliriz. Bu cihazlar\u0131 turnike kap\u0131s\u0131na entegre etmek istiyorsan\u0131z veya sorular\u0131n\u0131z varsa l\u00fctfen <a href=\"https:\/\/www.mairsturnstile-online.com\/contact-us\/\">fiyat teklifi isteyin.<\/a><\/p>\n<p><strong>Teknik parametre:<\/strong><\/p>\n<p>1. Boyut: 480*280*980 mm (\u00f6zelle\u015ftirilebilir)<br \/>\n2. \u015eerit geni\u015fli\u011fi: 550 mm (\u00f6zelle\u015ftirilebilir)<br \/>\n3. Ge\u00e7i\u015f h\u0131z\u0131: 35 ki\u015fi\/dakika<br \/>\n4. G\u00fc\u00e7 kayna\u011f\u0131: 110V\/220V 50\/60hz<br \/>\n5. A\u011f\u0131rl\u0131k: 40 kg<br \/>\n6. Kap\u0131 A\u00e7\u0131k Sinyali: Kuru Kontak\/R\u00f6le<br \/>\n5. A\u011f\u0131rl\u0131k: 40 kg<br \/>\n8. Mekanizman\u0131n g\u00fcvenilirli\u011fi: 3 milyon, hatas\u0131z<br \/>\n9. \u00c7al\u0131\u015fma \u015fekli: yar\u0131 otomatik<br \/>\n10. Solenoid valf: DC24V \u00b1%5<br \/>\n11. Kol uzunlu\u011fu: 510 mm<br \/>\n12. D\u00f6n\u00fc\u015f y\u00f6n\u00fc: \u00c7ift Y\u00f6nl\u00fc\/Tek Y\u00f6nl\u00fc<br \/>\n13. Kol d\u00fc\u015f\u00fcrme y\u00f6ntemi: Elektrik kesildi\u011finde otomatik olarak d\u00fc\u015fer.<br \/>\n14. \u00c7al\u0131\u015fma voltaj\u0131: DC 24V \u00b1%5<br \/>\n15. G\u00f6sterge \u0131\u015f\u0131\u011f\u0131n\u0131n voltaj\u0131: DC12V \u00b1%5(standart)<br \/>\n16. \u00c7al\u0131\u015fma s\u0131cakl\u0131\u011f\u0131: -30\u00b0C~60\u00b0C<br \/>\n17. Nem: %5~%90<br \/>\n18. Su ge\u00e7irmez: IP56<br \/>\n19. \u00d6zellik: IC\/ID okuyucu, Barkod Okuyucu, Y\u00fcz tan\u0131ma, Parmak \u0130zi, di\u011fer eri\u015fim kontrol ekipmanlar\u0131, UPS, vb.<br \/>\n20. A\u00e7mak i\u00e7in gereken s\u00fcre: 0,2 sn<br \/>\n21. \u00c7al\u0131\u015fma ortam\u0131: \u0130\u00e7 mekan veya d\u0131\u015f mekan<br \/>\n22. Uygulama aral\u0131\u011f\u0131: Topluluk, Fabrika, \u015eantiye, Okul, Tatil Yeri vb.<\/p>\n<p>T\u00fcm g\u00fcvenlik eri\u015fim kontrol\u00fc \u00e7\u00f6z\u00fcm\u00fcn\u00fc sa\u011flayabiliriz. Kendi ge\u00e7i\u015f kontrol sisteminiz varsa do\u011frudan turnike kap\u0131m\u0131z\u0131 kullanabilirsiniz. E\u011fer elinizde yoksa, eksiksiz bir g\u00fcvenlik eri\u015fim kontrol\u00fc \u00e7\u00f6z\u00fcm\u00fc de sunuyoruz. Ayr\u0131nt\u0131lar i\u00e7in l\u00fctfen a\u015fa\u011f\u0131daki videoya bak\u0131n.<\/p>\n<p><iframe title=\"M Serisi Tripod Turnike, M Serisi Turnike, Tripod Turnike Kap\u0131s\u0131 MT100 - MairsTurnstile.com\" src=\"https:\/\/www.youtube.com\/embed\/algOvzU7RdA\" width=\"1150\" height=\"650\" frameborder=\"0\" allowfullscreen=\"allowfullscreen\"><\/iframe><\/p>\n","protected":false},"excerpt":{"rendered":"<p>OEM ve ODM&#8217;yi destekleyin. Parmak izi taray\u0131c\u0131, y\u00fcz tan\u0131ma kameras\u0131 gibi \u00fc\u00e7\u00fcnc\u00fc taraf biyometrik cihazlar\u0131 destekleyin. RFID kart okuyucu, QR kod taray\u0131c\u0131. <strong><a title=\"Mairs CE Belgeli Tripod Turnikesi\" href=\"http:\/\/mairsturnstile.com\/wp-content\/uploads\/2022\/09\/Mairs-CE-Certificate-Tripod-Turnstile.pdf\" target=\"_blank\" rel=\"noopener\">CE Belgeli,<\/a> <a title=\"Mairs ISO9001 Sertifikas\u0131\" href=\"http:\/\/mairsturnstile.com\/wp-content\/uploads\/2022\/09\/Mairs-Registration-Certificate-ISO9001.pdf\" target=\"_blank\" rel=\"noopener noreferrer\">ISO9001 Sertifikal\u0131.<\/a><\/strong><\/p>\n","protected":false},"featured_media":61117,"comment_status":"closed","ping_status":"closed","template":"","meta":[],"product_cat":[183],"product_tag":[187],"class_list":["post-20691","product","type-product","status-publish","has-post-thumbnail","hentry","product_cat-tripod-turnikesi","product_tag-biyometrik-turnike"],"_links":{"self":[{"href":"https:\/\/www.mairsturnstile-online.com\/tr\/wp-json\/wp\/v2\/product\/20691","targetHints":{"allow":["GET"]}}],"collection":[{"href":"https:\/\/www.mairsturnstile-online.com\/tr\/wp-json\/wp\/v2\/product"}],"about":[{"href":"https:\/\/www.mairsturnstile-online.com\/tr\/wp-json\/wp\/v2\/types\/product"}],"replies":[{"embeddable":true,"href":"https:\/\/www.mairsturnstile-online.com\/tr\/wp-json\/wp\/v2\/comments?post=20691"}],"wp:featuredmedia":[{"embeddable":true,"href":"https:\/\/www.mairsturnstile-online.com\/tr\/wp-json\/wp\/v2\/media\/61117"}],"wp:attachment":[{"href":"https:\/\/www.mairsturnstile-online.com\/tr\/wp-json\/wp\/v2\/media?parent=20691"}],"wp:term":[{"taxonomy":"product_cat","embeddable":true,"href":"https:\/\/www.mairsturnstile-online.com\/tr\/wp-json\/wp\/v2\/product_cat?post=20691"},{"taxonomy":"product_tag","embeddable":true,"href":"https:\/\/www.mairsturnstile-online.com\/tr\/wp-json\/wp\/v2\/product_tag?post=20691"}],"curies":[{"name":"wp","href":"https:\/\/api.w.org\/{rel}","templated":true}]}}