{"id":20690,"date":"2021-09-09T01:40:38","date_gmt":"2021-09-08T17:40:38","guid":{"rendered":"https:\/\/www.mairsturnstile-online.com\/product\/dikey-tripod-turnike-mt116\/"},"modified":"2024-04-01T16:53:01","modified_gmt":"2024-04-01T08:53:01","slug":"tripod-turnike-bd-fiyati","status":"publish","type":"product","link":"https:\/\/www.mairsturnstile-online.com\/tr\/urun\/tripod-turnike-bd-fiyati\/","title":{"rendered":"D\u0130KEY TR\u0130POD TURN\u0130KE MT116"},"content":{"rendered":"<p>\r\n        <div class=\"modelViewerBlock\" data-attributes='{&quot;align&quot;:&quot;start&quot;,&quot;uniqueId&quot;:&quot;model15144&quot;,&quot;currentViewer&quot;:&quot;modelViewer&quot;,&quot;multiple&quot;:false,&quot;model&quot;:{&quot;modelUrl&quot;:&quot;https:\\\/\\\/www.mairsturnstile-online.com\\\/wp-content\\\/uploads\\\/2023\\\/07\\\/MT116.glb&quot;,&quot;poster&quot;:&quot;&quot;},&quot;O3DVSettings&quot;:{&quot;isFullscreen&quot;:true,&quot;isPagination&quot;:false,&quot;isNavigation&quot;:true,&quot;camera&quot;:null,&quot;mouseControl&quot;:true},&quot;models&quot;:[],&quot;lazyLoad&quot;:false,&quot;loading&quot;:&quot;auto&quot;,&quot;autoplay&quot;:false,&quot;shadow&quot;:true,&quot;autoRotate&quot;:true,&quot;zoom&quot;:true,&quot;isPagination&quot;:false,&quot;isNavigation&quot;:true,&quot;preload&quot;:&quot;auto&quot;,&quot;rotationPerSecond&quot;:&quot;30&quot;,&quot;mouseControl&quot;:true,&quot;fullscreen&quot;:true,&quot;variant&quot;:false,&quot;loadingPercentage&quot;:false,&quot;progressBar&quot;:true,&quot;rotate&quot;:false,&quot;rotateAlongX&quot;:&quot;0&quot;,&quot;rotateAlongY&quot;:&quot;75&quot;,&quot;exposure&quot;:1,&quot;styles&quot;:{&quot;width&quot;:&quot;1150px&quot;,&quot;height&quot;:&quot;700px&quot;,&quot;bgColor&quot;:&quot;#f9f9f9&quot;,&quot;progressBarColor&quot;:&quot;&quot;},&quot;stylesheet&quot;:null,&quot;additional&quot;:{&quot;ID&quot;:&quot;&quot;,&quot;Class&quot;:&quot;&quot;,&quot;CSS&quot;:&quot;&quot;},&quot;animation&quot;:false,&quot;woo&quot;:false,&quot;selectedAnimation&quot;:&quot;&quot;}'><\/div>\r\n\r\n        <br \/>\nD\u0130KEY TR\u0130POD TURN\u0130KE KAPISI MT116<\/p>\n<p>OEM ve ODM hizmetleri sa\u011flayabiliriz. \u0130htiya\u00e7lar\u0131n\u0131zdan herhangi birine g\u00f6re derin \u00f6zelle\u015ftirmeyi tamamlayabilen deneyimli tasar\u0131mc\u0131lar\u0131m\u0131z var. M\u00fcmk\u00fcn olan en k\u0131sa s\u00fcrede 3 boyutlu g\u00f6rseller, boyutlu \u00e7izimler vb. gibi bir dizi malzemeyi sa\u011flayaca\u011f\u0131z.<\/p>\n<p>T\u00fcm \u00fcr\u00fcnlerimiz 2 y\u0131l garantilidir ve uzun \u00f6m\u00fcrl\u00fc bak\u0131m ve onar\u0131m deste\u011fine sahiptir. Ayr\u0131ca parmak izi taray\u0131c\u0131, y\u00fcz tan\u0131ma kameras\u0131 gibi biyometrik cihazlar\u0131 da sa\u011fl\u0131yoruz. RFID kart okuyucu, QR kod taray\u0131c\u0131. Bu cihazlar\u0131 turnike kap\u0131s\u0131na entegre etmek istiyorsan\u0131z veya sorular\u0131n\u0131z varsa l\u00fctfen <a href=\"https:\/\/www.mairsturnstile-online.com\/contact-us\/\" target=\"_blank\" rel=\"noopener\">fiyat teklifi isteyin.<\/a><\/p>\n<p>Ayr\u0131ca ger\u00e7ek senaryonuza g\u00f6re birka\u00e7 dakika i\u00e7inde sizin i\u00e7in bir render olu\u015fturabiliriz. Ayr\u0131ca ayr\u0131nt\u0131l\u0131 yerle\u015fim ve \u00e7izimlerin yan\u0131 s\u0131ra kurulum \u00e7izimleri de sa\u011fl\u0131yoruz. Kurulum konusunda endi\u015felenmenize gerek yok. Belirli boyutlar ve kurulum boyutlar\u0131 i\u00e7in l\u00fctfen ilgili PDF dosyam\u0131z\u0131 indirin.<\/p>\n\n\t\t\t\n\t<style type=\"text\/css\">\n\t\t.slider-info-15154.bafg-slider-info .bafg-slider-title {\n\t\t\t\t\t\t\tfont-size:\n\t\t\t\t\t22px\t\t\t\t;\n\t\t\t\n\t\t\t\n\t\t\t\t\t}\n\n\t\t.slider-info-15154.bafg-slider-info .bafg-slider-description {\n\t\t\t\n\t\t\t\n\t\t\t\t\t}\n\t\t\n\t\t\n\t\t.slider-info-15154.bafg-slider-info .bafg_slider_readmore_button {\n\t\t\t\n\t\t\t\n\t\t\t\n\t\t\t\n\t\t\t\n\t\t\ttext-align: center;\n\n\t\t\t\n\t\t\t\n\t\t\t\n\t\t\t\n\t\t\t\t\t}\n\n\t\t.slider-info-15154.bafg-slider-info .bafg_slider_readmore_button:hover {\n\n\t\t\t\n\t\t\t\n\t\t\t\t\t}\n\t<\/style>\n\t\n\t\t\t<div class=\"bafg-twentytwenty-container slider-15154  \"\n\t\t\t\tbafg-orientation=\"horizontal\" bafg-default-offset=\"0.5\"\n\t\t\t\tbafg-before-label=\"Before\"\n\t\t\t\tbafg-after-label=\"After\" bafg-overlay=\"1\"\n\t\t\t\tbafg-move-slider-on-hover=\"1\"\n\t\t\t\tbafg-click-to-move=\"\">\n\n\t\t\t\t\t\t\t\t<img class=\"skip-lazy\" data-skip-lazy\t\t\t\t\tsrc=\"https:\/\/www.mairsturnstile-online.com\/wp-content\/uploads\/2023\/07\/tripod-turnstile-price-in-bd_9.jpg\" alt=\"\">\n\t\t\t\t<img class=\"skip-lazy\" data-skip-lazy\t\t\t\t\tsrc=\"https:\/\/www.mairsturnstile-online.com\/wp-content\/uploads\/2023\/07\/tripod-turnstile-price-in-bd_10.jpg\" alt=\"\">\n\n\t\t\t<\/div>\n\n\t\t\t\t<div class=\"bafg-slider-info-wraper\">\n\t\t<div style=\"\" class=\"slider-info-15154 bafg-slider-info\">\n\t\t\t\t\t<\/div>\n\t<\/div>\n\t\n\t\t\t<style type=\"text\/css\">\n\t\t\t\t\t\t\t\t\t\t\t<\/style>\n\t\t\t\n<p><strong>Teknik parametre:<\/strong><\/p>\n<p>1. Boyut: 600*250*980 mm (\u00f6zelle\u015ftirilebilir)<br \/>\n2. \u015eerit geni\u015fli\u011fi: 550 mm (\u00f6zelle\u015ftirilebilir)<br \/>\n3. Ge\u00e7i\u015f h\u0131z\u0131: 35 ki\u015fi\/dakika<br \/>\n4. G\u00fc\u00e7 kayna\u011f\u0131: 110V\/220V 50\/60Hz<br \/>\n5. Tripod turnike fiyat\u0131 BD A\u011f\u0131rl\u0131k: 40 kg<br \/>\n6. Kap\u0131 A\u00e7\u0131k Sinyali: Kuru Kontak\/R\u00f6le<br \/>\n7. \u00c7al\u0131\u015fma yolu: yar\u0131 otomatik<br \/>\n8. G\u00f6vde Malzemesi: 304 paslanmaz \u00e7elik<br \/>\n9. Mekanizman\u0131n g\u00fcvenilirli\u011fi: 3 milyon, hatas\u0131z<br \/>\n10. Kol malzemesi: 304 paslanmaz \u00e7elik<br \/>\n11. Solenoid valf: DC24V \u00b1%5<br \/>\n12. Tripod turnike fiyat\u0131 bd olarak Kol uzunlu\u011fu: 510 mm<br \/>\n13. D\u00f6n\u00fc\u015f y\u00f6n\u00fc: \u00c7ift y\u00f6nl\u00fc<br \/>\n14. Acil \u00e7\u0131k\u0131\u015f: Elektrik kesildi\u011finde kol otomatik olarak d\u00fc\u015fer.<br \/>\n15. \u00c7al\u0131\u015fma voltaj\u0131: DC 24V \u00b1%5<br \/>\n16. G\u00f6sterge \u0131\u015f\u0131\u011f\u0131n\u0131n voltaj\u0131: DC12V \u00b1%5(standart)<br \/>\n17. \u00c7al\u0131\u015fma s\u0131cakl\u0131\u011f\u0131: -30\u00b0C~60\u00b0C<br \/>\n18. Nem: %5~%90<br \/>\n19. Bd Su Ge\u00e7irmez Tripod turnike fiyat\u0131: IP56<br \/>\n20. \u00d6zellik: IC\/ID okuyucu, Barkod Okuyucu, Y\u00fcz tan\u0131ma, Parmak \u0130zi, di\u011fer eri\u015fim kontrol ekipmanlar\u0131, UPS, vb.<br \/>\n21. A\u00e7mak i\u00e7in gereken s\u00fcre: 0,2 sn<br \/>\n22. \u00c7al\u0131\u015fma ortam\u0131: \u0130\u00e7 mekan veya d\u0131\u015f mekan<br \/>\n23. Uygulama aral\u0131\u011f\u0131: Topluluk, Fabrika, \u015eantiye, Okul, Tatil Yeri vb.<\/p>\n<p>T\u00fcm g\u00fcvenlik eri\u015fim kontrol\u00fc \u00e7\u00f6z\u00fcm\u00fcn\u00fc sa\u011flayabiliriz. Kendi ge\u00e7i\u015f kontrol sisteminiz varsa do\u011frudan turnike kap\u0131m\u0131z\u0131 kullanabilirsiniz. E\u011fer elinizde yoksa, eksiksiz bir g\u00fcvenlik eri\u015fim kontrol\u00fc \u00e7\u00f6z\u00fcm\u00fc de sunuyoruz. Ayr\u0131nt\u0131lar i\u00e7in l\u00fctfen a\u015fa\u011f\u0131daki videoya bak\u0131n.<\/p>\n<p><iframe title=\"Yeni tasar\u0131m tripod turnike kap\u0131s\u0131, tripod turnikeler - MairsTurnstile\" src=\"https:\/\/www.youtube.com\/embed\/OC_Ed4lxT_c\" width=\"1150\" height=\"650\" frameborder=\"0\" allowfullscreen=\"allowfullscreen\"><\/iframe><\/p>\n","protected":false},"excerpt":{"rendered":"<p>OEM ve ODM&#8217;yi destekleyin. Parmak izi taray\u0131c\u0131, y\u00fcz tan\u0131ma kameras\u0131 gibi \u00fc\u00e7\u00fcnc\u00fc taraf biyometrik cihazlar\u0131 destekleyin. RFID kart okuyucu, QR kod taray\u0131c\u0131. <strong><a title=\"Mairs CE Belgeli Tripod Turnikesi\" href=\"http:\/\/mairsturnstile.com\/wp-content\/uploads\/2022\/09\/Mairs-CE-Certificate-Tripod-Turnstile.pdf\" target=\"_blank\" rel=\"noopener\">CE Belgeli,<\/a> <a title=\"Mairs ISO9001 Sertifikas\u0131\" href=\"http:\/\/mairsturnstile.com\/wp-content\/uploads\/2022\/09\/Mairs-Registration-Certificate-ISO9001.pdf\" target=\"_blank\" rel=\"noopener noreferrer\">ISO9001 Sertifikal\u0131.<\/a><\/strong><\/p>\n<p><a title=\"\u0130nce Tripod Turnike Bro\u015f\u00fcr\u00fc\" href=\"https:\/\/mairsturnstile.com\/wp-content\/uploads\/2023\/12\/MT116-brochure.pdf\" target=\"_blank\" rel=\"noopener noreferrer\"><img decoding=\"async\" class=\"alignnone size-full wp-image-11034\" src=\"http:\/\/mairsturnstile.com\/wp-content\/uploads\/2022\/09\/pdf-MairsTurnstile.png\" alt=\"\" width=\"32\" height=\"32\"><span style=\"color: #0000ff;\"><strong>MT116 \u0130nce Tripod Turnike Bro\u015f\u00fcr\u00fc<\/strong><\/span><\/a><\/p>\n","protected":false},"featured_media":19867,"comment_status":"closed","ping_status":"closed","template":"","meta":[],"product_cat":[183],"product_tag":[],"class_list":["post-20690","product","type-product","status-publish","has-post-thumbnail","hentry","product_cat-tripod-turnikesi"],"_links":{"self":[{"href":"https:\/\/www.mairsturnstile-online.com\/tr\/wp-json\/wp\/v2\/product\/20690","targetHints":{"allow":["GET"]}}],"collection":[{"href":"https:\/\/www.mairsturnstile-online.com\/tr\/wp-json\/wp\/v2\/product"}],"about":[{"href":"https:\/\/www.mairsturnstile-online.com\/tr\/wp-json\/wp\/v2\/types\/product"}],"replies":[{"embeddable":true,"href":"https:\/\/www.mairsturnstile-online.com\/tr\/wp-json\/wp\/v2\/comments?post=20690"}],"wp:featuredmedia":[{"embeddable":true,"href":"https:\/\/www.mairsturnstile-online.com\/tr\/wp-json\/wp\/v2\/media\/19867"}],"wp:attachment":[{"href":"https:\/\/www.mairsturnstile-online.com\/tr\/wp-json\/wp\/v2\/media?parent=20690"}],"wp:term":[{"taxonomy":"product_cat","embeddable":true,"href":"https:\/\/www.mairsturnstile-online.com\/tr\/wp-json\/wp\/v2\/product_cat?post=20690"},{"taxonomy":"product_tag","embeddable":true,"href":"https:\/\/www.mairsturnstile-online.com\/tr\/wp-json\/wp\/v2\/product_tag?post=20690"}],"curies":[{"name":"wp","href":"https:\/\/api.w.org\/{rel}","templated":true}]}}