{"id":20365,"date":"2021-09-08T19:30:49","date_gmt":"2021-09-08T11:30:49","guid":{"rendered":"https:\/\/www.mairsturnstile-online.com\/product\/tam-yuksek-guvenlik-turnikeleri-mt401\/"},"modified":"2024-11-07T11:49:52","modified_gmt":"2024-11-07T03:49:52","slug":"tam-yukseklikte-guvenlik-turnikeleri","status":"publish","type":"product","link":"https:\/\/www.mairsturnstile-online.com\/tr\/urun\/tam-yukseklikte-guvenlik-turnikeleri\/","title":{"rendered":"TAM Y\u00dcKSEK G\u00dcVENL\u0130K TURN\u0130KELER\u0130 MT401"},"content":{"rendered":"\r\n        <div class=\"modelViewerBlock\" data-attributes='{&quot;align&quot;:&quot;start&quot;,&quot;uniqueId&quot;:&quot;model12926&quot;,&quot;currentViewer&quot;:&quot;modelViewer&quot;,&quot;multiple&quot;:false,&quot;model&quot;:{&quot;modelUrl&quot;:&quot;https:\\\/\\\/www.mairsturnstile-online.com\\\/wp-content\\\/uploads\\\/2023\\\/07\\\/MT401.glb&quot;,&quot;poster&quot;:&quot;&quot;},&quot;O3DVSettings&quot;:{&quot;isFullscreen&quot;:true,&quot;isPagination&quot;:false,&quot;isNavigation&quot;:true,&quot;camera&quot;:null,&quot;mouseControl&quot;:true},&quot;models&quot;:[],&quot;lazyLoad&quot;:false,&quot;loading&quot;:&quot;auto&quot;,&quot;autoplay&quot;:false,&quot;shadow&quot;:true,&quot;autoRotate&quot;:true,&quot;zoom&quot;:true,&quot;isPagination&quot;:false,&quot;isNavigation&quot;:true,&quot;preload&quot;:&quot;auto&quot;,&quot;rotationPerSecond&quot;:&quot;30&quot;,&quot;mouseControl&quot;:true,&quot;fullscreen&quot;:true,&quot;variant&quot;:false,&quot;loadingPercentage&quot;:false,&quot;progressBar&quot;:true,&quot;rotate&quot;:false,&quot;rotateAlongX&quot;:&quot;0&quot;,&quot;rotateAlongY&quot;:&quot;75&quot;,&quot;exposure&quot;:1,&quot;styles&quot;:{&quot;width&quot;:&quot;1150px&quot;,&quot;height&quot;:&quot;700px&quot;,&quot;bgColor&quot;:&quot;#f9f9f9&quot;,&quot;progressBarColor&quot;:&quot;&quot;},&quot;stylesheet&quot;:null,&quot;additional&quot;:{&quot;ID&quot;:&quot;&quot;,&quot;Class&quot;:&quot;&quot;,&quot;CSS&quot;:&quot;&quot;},&quot;animation&quot;:false,&quot;woo&quot;:false,&quot;selectedAnimation&quot;:&quot;&quot;}'><\/div>\r\n\r\n        \n<p>TAM Y\u00dcKSEK G\u00dcVENL\u0130K TURN\u0130KELER\u0130 MT401<\/p>\n<p>Renk, stil, malzeme, boyut vb. \u00f6zelle\u015ftirmeleri de dahil olmak \u00fczere OEM ve ODM hizmetleri sa\u011flayabiliriz. \u00d6rne\u011fin, \u00f6zel bir renk i\u00e7in m\u00fc\u015fterinin bize yaln\u0131zca bir <a href=\"https:\/\/en.wikipedia.org\/wiki\/Pantone\" target=\"_blank\" rel=\"noopener\">Pantone<\/a> numaras\u0131 sa\u011flamas\u0131 yeterlidir ve rengi Pantone&#8217;ye g\u00f6re ayarlayaca\u011f\u0131z. Numaray\u0131 ve tozu ayn\u0131 renge p\u00fcsk\u00fcrt\u00fcn. \u0130htiya\u00e7lar\u0131n\u0131zdan herhangi birine g\u00f6re derin \u00f6zelle\u015ftirmeyi tamamlayabilen deneyimli tasar\u0131mc\u0131lar\u0131m\u0131z var. M\u00fcmk\u00fcn olan en k\u0131sa s\u00fcrede 3 boyutlu g\u00f6rseller, boyutlu \u00e7izimler vb. gibi bir dizi malzemeyi sa\u011flayaca\u011f\u0131z.<\/p>\n<p>M\u00fc\u015fterinin ODM ihtiyac\u0131 varsa, d\u0131\u015far\u0131dan sat\u0131\u015f yapmadan, m\u00fc\u015fterinin g\u00f6r\u00fcn\u00fcm ve beden tercihlerine g\u00f6re bu m\u00fc\u015fteriye de stil tasarlayabiliyoruz. Bu \u00f6zel turnike kap\u0131s\u0131 firman\u0131z\u0131n piyasadaki tek \u00f6zg\u00fcn tarz\u0131 olacakt\u0131r.<\/p>\n<p>Maers yaln\u0131zca y\u00fcksek kaliteli aksesuar ve malzemeler kullanaca\u011f\u0131na s\u00f6z verir ve aksesuarlar\u0131m\u0131z\u0131n her biri s\u0131k\u0131 bir \u015fekilde denetlenir ve kalite kontrol\u00fcnden ge\u00e7irilir. Ancak bu \u015fekilde m\u00fc\u015fterileri ger\u00e7ekten memnun eden bir turnike kap\u0131s\u0131 yapabiliriz. Tam boy turnikelerimizin her biri, tam kal\u0131nl\u0131\u011f\u0131 1,2 olan 304 paslanmaz \u00e7elik kullan\u0131r.<\/p>\n<p>Elbette 316 paslanmaz \u00e7elik veya 1.2 kal\u0131nl\u0131k paslanmaz \u00e7eli\u011fi de \u00f6zelle\u015ftirebiliyorsan\u0131z, tam boy turnikemizin mekanizmas\u0131 taraf\u0131m\u0131zdan say\u0131s\u0131z kez test edilmi\u015f ve do\u011frulanm\u0131\u015ft\u0131r, bu da kaliteyi sa\u011flamam\u0131z i\u00e7in en temel gerekliliktir. Tam boy turnikelerimizin her par\u00e7as\u0131 sekt\u00f6rdeki en y\u00fcksek standartlar\u0131 benimser ve \u00fcr\u00fcnlerimizin her par\u00e7as\u0131 ve malzemesi m\u00fc\u015fteriler i\u00e7in ayr\u0131 ayr\u0131 sergilenebilir ve test edilebilir. Bu ayn\u0131 zamanda kalite ve hizmeti garantilememiz i\u00e7in de bir dayanak noktas\u0131d\u0131r.<\/p>\n<p>T\u00fcm \u00fcr\u00fcnlerimiz 2 y\u0131l garantilidir ve uzun \u00f6m\u00fcrl\u00fc bak\u0131m ve onar\u0131m deste\u011fine sahiptir. Ayr\u0131ca parmak izi taray\u0131c\u0131, y\u00fcz tan\u0131ma kameras\u0131 gibi biyometrik cihazlar\u0131 da sa\u011fl\u0131yoruz. RFID kart okuyucu, QR kod taray\u0131c\u0131. Bu cihazlar\u0131 turnike kap\u0131s\u0131na entegre etmek istiyorsan\u0131z veya sorular\u0131n\u0131z varsa l\u00fctfen <a href=\"https:\/\/www.mairsturnstile-online.com\/contact-us\/\">fiyat teklifi isteyin.<\/a><\/p>\n<p>Ayr\u0131ca ger\u00e7ek senaryonuza g\u00f6re birka\u00e7 dakika i\u00e7inde sizin i\u00e7in bir render olu\u015fturabiliriz. Ayr\u0131ca ayr\u0131nt\u0131l\u0131 d\u00fczenler ve \u00e7izimlerin yan\u0131 s\u0131ra kurulum \u00e7izimleri de sa\u011fl\u0131yoruz. Kurulum konusunda endi\u015felenmenize gerek yok. Belirli boyutlar ve kurulum boyutlar\u0131 i\u00e7in l\u00fctfen ilgili PDF dosyam\u0131z\u0131 indirin.<br \/>\n\n\t\t\t\n\t<style type=\"text\/css\">\n\t\t.slider-info-12937.bafg-slider-info .bafg-slider-title {\n\t\t\t\t\t\t\tfont-size:\n\t\t\t\t\t22px\t\t\t\t;\n\t\t\t\n\t\t\t\n\t\t\t\t\t}\n\n\t\t.slider-info-12937.bafg-slider-info .bafg-slider-description {\n\t\t\t\n\t\t\t\n\t\t\t\t\t}\n\t\t\n\t\t\n\t\t.slider-info-12937.bafg-slider-info .bafg_slider_readmore_button {\n\t\t\t\n\t\t\t\n\t\t\t\n\t\t\t\n\t\t\t\n\t\t\ttext-align: center;\n\n\t\t\t\n\t\t\t\n\t\t\t\n\t\t\t\n\t\t\t\t\t}\n\n\t\t.slider-info-12937.bafg-slider-info .bafg_slider_readmore_button:hover {\n\n\t\t\t\n\t\t\t\n\t\t\t\t\t}\n\t<\/style>\n\t\n\t\t\t<div class=\"bafg-twentytwenty-container slider-12937  \"\n\t\t\t\tbafg-orientation=\"horizontal\" bafg-default-offset=\"0.5\"\n\t\t\t\tbafg-before-label=\"Before\"\n\t\t\t\tbafg-after-label=\"After\" bafg-overlay=\"1\"\n\t\t\t\tbafg-move-slider-on-hover=\"1\"\n\t\t\t\tbafg-click-to-move=\"\">\n\n\t\t\t\t\t\t\t\t<img class=\"skip-lazy\" data-skip-lazy\t\t\t\t\tsrc=\"https:\/\/www.mairsturnstile-online.com\/wp-content\/uploads\/2023\/07\/full-height-security-turnstiles_7.jpg\" alt=\"\">\n\t\t\t\t<img class=\"skip-lazy\" data-skip-lazy\t\t\t\t\tsrc=\"https:\/\/www.mairsturnstile-online.com\/wp-content\/uploads\/2023\/07\/full-height-security-turnstiles_8.jpg\" alt=\"\">\n\n\t\t\t<\/div>\n\n\t\t\t\t<div class=\"bafg-slider-info-wraper\">\n\t\t<div style=\"\" class=\"slider-info-12937 bafg-slider-info\">\n\t\t\t\t\t<\/div>\n\t<\/div>\n\t\n\t\t\t<style type=\"text\/css\">\n\t\t\t\t\t\t\t\t\t\t\t<\/style>\n\t\t\t<br \/>\n<strong>Teknik parametre:<\/strong><\/p>\n<p>1. Boyut: 1400*1200*2230 mm (\u00f6zelle\u015ftirilebilir)<br \/>\n2. \u015eerit Geni\u015fli\u011fi: 650 mm (\u00f6zelle\u015ftirilebilir)<br \/>\n3. Ge\u00e7i\u015f h\u0131z\u0131: 30 ki\u015fi\/dakika<br \/>\n4. G\u00fc\u00e7 kayna\u011f\u0131: 110V\/220V 50\/60Hz<br \/>\n5. Solenoid: DC24V<br \/>\n6. Kap\u0131 A\u00e7\u0131k Giri\u015fi: Kuru Kontak\/R\u00f6le<br \/>\n7. Mant\u0131k Gerilimi: DC24V<br \/>\n8. G\u00f6vde Malzemesi: 304 paslanmaz \u00e7elik<br \/>\n9. Mekanizman\u0131n g\u00fcvenilirli\u011fi: 5 milyon, hatas\u0131z<br \/>\n10. Mekanizma \u015fok emici i\u00e7in hidrolik amortis\u00f6rle birlikte gelir<br \/>\n11. Tahrik: Yar\u0131 Otomatik Kumandal\u0131<br \/>\n12. Kol uzunlu\u011fu: 640mm<br \/>\n13. D\u00f6n\u00fc\u015f y\u00f6n\u00fc: \u00c7ift Y\u00f6nl\u00fc\/Tek Y\u00f6nl\u00fc<br \/>\n14. Acil durum: Acil bir durumda veya g\u00fc\u00e7 kayna\u011f\u0131n\u0131n izolasyonu durumunda, D\u00f6ner Kap\u0131 Ar\u0131zaya Kar\u015f\u0131 Korumal\u0131 olarak yap\u0131land\u0131r\u0131labilir, yani serbest\u00e7e d\u00f6necek veya Ar\u0131zaya Kar\u015f\u0131 Kilitlenebilir<br \/>\n15. Nem: \u226495%<br \/>\n16. \u00c7al\u0131\u015fma s\u0131cakl\u0131\u011f\u0131: -25\u00b0C~60\u00b0C<br \/>\n17. \u0130ste\u011fe Ba\u011fl\u0131 \u00d6zellik: IC\/ID okuyucu, Barkod Okuyucu, di\u011fer R\/W ekipman\u0131, UPS, K\u0131z\u0131l\u00f6tesi dedekt\u00f6r<br \/>\n18. \u0130leti\u015fim mesafesi: \u22641200 m<br \/>\n19. \u0130leti\u015fim aray\u00fcz\u00fc: RS485<br \/>\n20. Boyut \u00f6zelle\u015ftirilebilir<br \/>\n21. A\u00e7mak i\u00e7in gereken s\u00fcre: 0,2 saniye ayarlanabilir<br \/>\n22. \u00c7al\u0131\u015fma ortam\u0131: \u0130\u00e7 mekan veya d\u0131\u015f mekan (d\u0131\u015f mekan iste\u011fe ba\u011fl\u0131d\u0131r)<br \/>\n23. Uygulama aral\u0131\u011f\u0131: Topluluk, Fabrika, \u015eantiye, Okul, Tatil Yeri vb.<\/p>\n<p>T\u00fcm g\u00fcvenlik eri\u015fim kontrol\u00fc \u00e7\u00f6z\u00fcm\u00fcn\u00fc sa\u011flayabiliriz. Kendi ge\u00e7i\u015f kontrol sisteminiz varsa do\u011frudan turnike kap\u0131m\u0131z\u0131 kullanabilirsiniz. E\u011fer elinizde yoksa, eksiksiz bir g\u00fcvenlik eri\u015fim kontrol\u00fc \u00e7\u00f6z\u00fcm\u00fc de sunuyoruz. Ayr\u0131nt\u0131lar i\u00e7in l\u00fctfen a\u015fa\u011f\u0131daki videoya bak\u0131n.<br \/>\n<iframe title=\"Biyometrik tam boy turnike, Y\u00fcz tan\u0131mal\u0131 tam boy turnike - MairsTurnstile\" src=\"https:\/\/www.youtube.com\/embed\/cy4ZzmrIfx0\" width=\"1110\" height=\"650\" frameborder=\"0\" allowfullscreen=\"allowfullscreen\"><\/iframe><\/p>\n","protected":false},"excerpt":{"rendered":"<p>Support OEM and ODM. Parmak izi taray\u0131c\u0131, y\u00fcz tan\u0131ma kameras\u0131 gibi \u00fc\u00e7\u00fcnc\u00fc taraf biyometrik cihazlar\u0131 destekleyin. RFID card reader, QR code scanner. <strong><a title=\"Mairs CE Belgeli Tam Boy Turnike\" href=\"http:\/\/mairsturnstile.com\/wp-content\/uploads\/2022\/09\/Mairs-CE-Certificate-Full-Height-Turnstile.pdf\" target=\"_blank\" rel=\"noopener noreferrer\">CE Certificated,<\/a> <a title=\"Mairs ISO9001 Sertifikas\u0131\" href=\"http:\/\/mairsturnstile.com\/wp-content\/uploads\/2022\/09\/Mairs-Registration-Certificate-ISO9001.pdf\" target=\"_blank\" rel=\"noopener noreferrer\">ISO9001 Certificated.<\/a> Please check: <a href=\"https:\/\/www.mairsturnstile-online.com\/full-height-turnstile-series\/\" target=\"_blank\" rel=\"noopener\"><span style=\"color: #0000ff;\">New Full Height Turnstile Series<\/span><\/a><\/strong><\/p>\n<p><a title=\"Tam Boy Turnike Bro\u015f\u00fcr\u00fc\" href=\"https:\/\/mairsturnstile.com\/wp-content\/uploads\/2023\/12\/MT401-brochure.pdf\" target=\"_blank\" rel=\"noopener noreferrer\"><strong><img decoding=\"async\" class=\"alignnone size-full wp-image-11034\" src=\"http:\/\/mairsturnstile.com\/wp-content\/uploads\/2022\/09\/pdf-MairsTurnstile.png\" alt=\"\" width=\"32\" height=\"32\"><span style=\"color: #0000ff;\">MT401 Tam Boy Turnike Bro\u015f\u00fcr\u00fc<\/span><\/strong><\/a><\/p>\n<p><a title=\"Tam Boy Turnike Kurulum K\u0131lavuzu\" href=\"http:\/\/mairsturnstile.com\/wp-content\/uploads\/2023\/09\/Full-height-turnstile-installation-manual.pdf\" target=\"_blank\" rel=\"noopener noreferrer\"><img decoding=\"async\" class=\"alignnone size-full wp-image-11034\" src=\"http:\/\/mairsturnstile.com\/wp-content\/uploads\/2022\/09\/pdf-MairsTurnstile.png\" alt=\"\" width=\"32\" height=\"32\"><strong><span style=\"color: #0000ff;\"> Tam Boy Turnike Kullan\u0131m ve Kurulum K\u0131lavuzu<\/span><\/strong><\/a><\/p>\n","protected":false},"featured_media":19729,"comment_status":"closed","ping_status":"closed","template":"","meta":[],"product_cat":[175],"product_tag":[],"class_list":["post-20365","product","type-product","status-publish","has-post-thumbnail","hentry","product_cat-tam-boy-turnikeler"],"_links":{"self":[{"href":"https:\/\/www.mairsturnstile-online.com\/tr\/wp-json\/wp\/v2\/product\/20365","targetHints":{"allow":["GET"]}}],"collection":[{"href":"https:\/\/www.mairsturnstile-online.com\/tr\/wp-json\/wp\/v2\/product"}],"about":[{"href":"https:\/\/www.mairsturnstile-online.com\/tr\/wp-json\/wp\/v2\/types\/product"}],"replies":[{"embeddable":true,"href":"https:\/\/www.mairsturnstile-online.com\/tr\/wp-json\/wp\/v2\/comments?post=20365"}],"wp:featuredmedia":[{"embeddable":true,"href":"https:\/\/www.mairsturnstile-online.com\/tr\/wp-json\/wp\/v2\/media\/19729"}],"wp:attachment":[{"href":"https:\/\/www.mairsturnstile-online.com\/tr\/wp-json\/wp\/v2\/media?parent=20365"}],"wp:term":[{"taxonomy":"product_cat","embeddable":true,"href":"https:\/\/www.mairsturnstile-online.com\/tr\/wp-json\/wp\/v2\/product_cat?post=20365"},{"taxonomy":"product_tag","embeddable":true,"href":"https:\/\/www.mairsturnstile-online.com\/tr\/wp-json\/wp\/v2\/product_tag?post=20365"}],"curies":[{"name":"wp","href":"https:\/\/api.w.org\/{rel}","templated":true}]}}