{"id":20355,"date":"2021-09-08T22:36:34","date_gmt":"2021-09-08T14:36:34","guid":{"rendered":"https:\/\/www.mairsturnstile-online.com\/product\/bel-yukseklik-turnike-kapisi-mt501\/"},"modified":"2026-05-06T12:30:09","modified_gmt":"2026-05-06T04:30:09","slug":"bel-boyu-turnike-kapisi-mt501","status":"publish","type":"product","link":"https:\/\/www.mairsturnstile-online.com\/tr\/urun\/bel-boyu-turnike-kapisi-mt501\/","title":{"rendered":"BEL Y\u00dcKSEKL\u0130K TURN\u0130KE KAPISI MT501"},"content":{"rendered":"<p>\r\n        <div class=\"modelViewerBlock\" data-attributes='{&quot;align&quot;:&quot;start&quot;,&quot;uniqueId&quot;:&quot;model12925&quot;,&quot;currentViewer&quot;:&quot;modelViewer&quot;,&quot;multiple&quot;:false,&quot;model&quot;:{&quot;modelUrl&quot;:&quot;https:\\\/\\\/www.mairsturnstile-online.com\\\/wp-content\\\/uploads\\\/2023\\\/06\\\/MT501.glb&quot;,&quot;poster&quot;:&quot;&quot;},&quot;O3DVSettings&quot;:{&quot;isFullscreen&quot;:true,&quot;isPagination&quot;:false,&quot;isNavigation&quot;:true,&quot;camera&quot;:null,&quot;mouseControl&quot;:true},&quot;models&quot;:[],&quot;lazyLoad&quot;:false,&quot;loading&quot;:&quot;auto&quot;,&quot;autoplay&quot;:false,&quot;shadow&quot;:true,&quot;autoRotate&quot;:true,&quot;zoom&quot;:true,&quot;isPagination&quot;:false,&quot;isNavigation&quot;:true,&quot;preload&quot;:&quot;auto&quot;,&quot;rotationPerSecond&quot;:&quot;30&quot;,&quot;mouseControl&quot;:true,&quot;fullscreen&quot;:true,&quot;variant&quot;:false,&quot;loadingPercentage&quot;:false,&quot;progressBar&quot;:true,&quot;rotate&quot;:false,&quot;rotateAlongX&quot;:&quot;0&quot;,&quot;rotateAlongY&quot;:&quot;75&quot;,&quot;exposure&quot;:1,&quot;styles&quot;:{&quot;width&quot;:&quot;1150px&quot;,&quot;height&quot;:&quot;700px&quot;,&quot;bgColor&quot;:&quot;#f9f9f9&quot;,&quot;progressBarColor&quot;:&quot;&quot;},&quot;stylesheet&quot;:null,&quot;additional&quot;:{&quot;ID&quot;:&quot;&quot;,&quot;Class&quot;:&quot;&quot;,&quot;CSS&quot;:&quot;&quot;},&quot;animation&quot;:false,&quot;woo&quot;:false,&quot;selectedAnimation&quot;:&quot;&quot;}'><\/div>\r\n\r\n        <br \/>\naist Height Turnstile Gate \u2013 High Throughput, Anti-Tailgate Access, Control high-volume traffic with our waist height turnstile gate. Up to 50 persons\/min, bidirectional operation, anti-passback &amp; anti-tailgate. 304 stainless steel, sleek waist-high design. Unique Design, Sleek Waist-High Security, Discover our uniquely designed waist height turnstile gate. Brushed 304 stainless steel, compact waist-high profile, 35-50 persons\/min throughput. Sleek modern aesthetic for corporate lobbies &amp; gyms.     <\/p>\n<p>OEM ve ODM hizmetleri sa\u011flayabiliriz. Deneyimli tasar\u0131mc\u0131lar\u0131m\u0131z, ihtiya\u00e7lar\u0131n\u0131za g\u00f6re detayl\u0131 \u00f6zelle\u015ftirmeler yapabilirler. 3D g\u00f6rselle\u015ftirmeler, boyutlu \u00e7izimler vb. gibi bir dizi materyali en k\u0131sa s\u00fcrede size sunaca\u011f\u0131z.  \u00d6zel Bel Y\u00fcksekli\u011finde Turnike Kap\u0131s\u0131 \u2013 OEM Tasar\u0131m, RAL Renk Kaplama, Toz boyal\u0131 RAL kaplama veya f\u0131r\u00e7alanm\u0131\u015f paslanmaz \u00e7elik ile \u00f6zel bel y\u00fcksekli\u011finde turnike kap\u0131n\u0131z\u0131 olu\u015fturun. \u015e\u0131k bel y\u00fcksekli\u011finde tasar\u0131m, tam eri\u015fim kontrol\u00fc entegrasyonu. OEM\/ODM mevcuttur. Marka esteti\u011finize uygundur. Biyometrik Haz\u0131r, Y\u00fcz ve Parmak \u0130zi, Bel y\u00fcksekli\u011findeki turnike kap\u0131m\u0131z\u0131 RFID, parmak izi, y\u00fcz tan\u0131ma ve QR kod ile entegre edin. \u015e\u0131k bel y\u00fcksekli\u011finde tasar\u0131m, 35-50 ki\u015fi\/dakika, 304 paslanmaz \u00e7elik. Modern tesisler i\u00e7in ak\u0131ll\u0131 eri\u015fim kontrol\u00fc.      <\/p>\n<p>Stadyumlar, Spor Salonlar\u0131 ve Arenalar i\u00e7in Bel Y\u00fcksekli\u011finde Turnike Kap\u0131s\u0131: Y\u00fcksek trafi\u011fe sahip mekanlar\u0131 bel y\u00fcksekli\u011findeki turnike kap\u0131m\u0131zla g\u00fcvenli hale getirin. 304 paslanmaz \u00e7elik, net g\u00f6r\u00fc\u015f i\u00e7in bel y\u00fcksekli\u011finde tasar\u0131m, dakikada 50 ki\u015fiye kadar ge\u00e7i\u015f kapasitesi, \u00e7ift y\u00f6nl\u00fc. Kalabal\u0131k y\u00f6netimi ve eri\u015fim kontrol\u00fc i\u00e7in idealdir. Bel y\u00fcksekli\u011findeki turnike kap\u0131m\u0131z\u0131 tam boy modellerle kar\u015f\u0131la\u015ft\u0131r\u0131n. Daha d\u00fc\u015f\u00fck maliyet, dakikada 50 ki\u015fi ge\u00e7i\u015f h\u0131z\u0131, kolay kurulum, net g\u00f6r\u00fc\u015f. E\u015fsiz estetik tasar\u0131m. Orta g\u00fcvenlikli alanlar i\u00e7in m\u00fckemmel. Kurumsal Lobiler ve Ofisler i\u00e7in Bel Y\u00fcksekli\u011finde Turnike Kap\u0131s\u0131: Bel y\u00fcksekli\u011findeki turnike kap\u0131m\u0131zla ofis g\u00fcvenli\u011fini art\u0131r\u0131n. F\u0131r\u00e7alanm\u0131\u015f paslanmaz \u00e7elik, \u015f\u0131k bel y\u00fcksekli\u011finde kabin tasar\u0131m\u0131, parmak izi ve RFID uyumlu. Dakikada 35-50 ki\u015fi. Modern i\u015f yerleri i\u00e7in \u015f\u0131k eri\u015fim kontrol\u00fc.          <\/p>\n<p>T\u00fcm \u00fcr\u00fcnlerimiz 2 y\u0131l garantilidir ve kapsaml\u0131 bak\u0131m ve onar\u0131m deste\u011fi sunulmaktad\u0131r. Ayr\u0131ca parmak izi okuyucu, y\u00fcz tan\u0131ma kameras\u0131 gibi biyometrik cihazlar da sa\u011fl\u0131yoruz. RFID kart okuyucu, QR kod taray\u0131c\u0131. Bu cihazlar\u0131 turnike kap\u0131s\u0131na entegre etmeniz gerekiyorsa veya herhangi bir sorunuz varsa, l\u00fctfen <a href=\"https:\/\/www.mairsturnstile-online.com\/contact-us\/\">fiyat teklifi isteyin<\/a>. Engelli eri\u015fimine uygun, bel hizas\u0131nda tasarlanm\u0131\u015f d\u00f6ner kap\u0131m\u0131zla kapsay\u0131c\u0131 eri\u015fim sa\u011flay\u0131n. Tekerlekli sandalyeler ve bebek arabalar\u0131 i\u00e7in geni\u015f ge\u00e7i\u015f alan\u0131, dakikada 35-50 ki\u015fi kapasiteli, 304 paslanmaz \u00e7elik. Kamu tesisleri i\u00e7in benzersiz estetik tasar\u0131m.  <\/p>\n<p>Uygun Fiyatl\u0131 Yar\u0131m Boy Turnike Kap\u0131s\u0131 \u2013 \u00dcst\u00fcn Kalite, D\u00fc\u015f\u00fck Maliyet, Benzersiz tasar\u0131m veya dayan\u0131kl\u0131l\u0131ktan \u00f6d\u00fcn vermeden en iyi fiyat-performans oran\u0131na sahip bel hizas\u0131nda turnike kap\u0131s\u0131. 304 paslanmaz \u00e7elik, dakikada 50 ki\u015fiye kadar kapasite, d\u00fc\u015f\u00fck bak\u0131m gereksinimi, rekabet\u00e7i fiyatland\u0131rma. Uygun maliyetli eri\u015fim kontrol\u00fc.  <\/p>\n<p>We can also create a rendering for you within a few minutes based on your actual scenario. Ayr\u0131ca ayr\u0131nt\u0131l\u0131 d\u00fczenler ve \u00e7izimlerin yan\u0131 s\u0131ra kurulum \u00e7izimleri de sa\u011fl\u0131yoruz. Kurulum konusunda endi\u015felenmenize gerek yok. Belirli boyutlar ve kurulum \u00f6l\u00e7\u00fcleri i\u00e7in l\u00fctfen ilgili PDF dosyam\u0131z\u0131 indirin. <\/p>\n\n\t\t\t\n\t<style type=\"text\/css\">\n\t\t.slider-info-12843.bafg-slider-info .bafg-slider-title {\n\t\t\t\t\t\t\tfont-size:\n\t\t\t\t\t22px\t\t\t\t;\n\t\t\t\n\t\t\t\n\t\t\t\t\t}\n\n\t\t.slider-info-12843.bafg-slider-info .bafg-slider-description {\n\t\t\t\n\t\t\t\n\t\t\t\t\t}\n\t\t\n\t\t\n\t\t.slider-info-12843.bafg-slider-info .bafg_slider_readmore_button {\n\t\t\t\n\t\t\t\n\t\t\t\n\t\t\t\n\t\t\t\n\t\t\ttext-align: center;\n\n\t\t\t\n\t\t\t\n\t\t\t\n\t\t\t\n\t\t\t\t\t}\n\n\t\t.slider-info-12843.bafg-slider-info .bafg_slider_readmore_button:hover {\n\n\t\t\t\n\t\t\t\n\t\t\t\t\t}\n\t<\/style>\n\t\n\t\t\t<div class=\"bafg-twentytwenty-container slider-12843  \"\n\t\t\t\tbafg-orientation=\"horizontal\" bafg-default-offset=\"0.5\"\n\t\t\t\tbafg-before-label=\"Before\"\n\t\t\t\tbafg-after-label=\"After\" bafg-overlay=\"1\"\n\t\t\t\tbafg-move-slider-on-hover=\"1\"\n\t\t\t\tbafg-click-to-move=\"\">\n\n\t\t\t\t\t\t\t\t<img class=\"skip-lazy\" data-skip-lazy\t\t\t\t\tsrc=\"https:\/\/www.mairsturnstile-online.com\/wp-content\/uploads\/2023\/06\/waist-height-turnstile-gate_8.jpg\" alt=\"\">\n\t\t\t\t<img class=\"skip-lazy\" data-skip-lazy\t\t\t\t\tsrc=\"https:\/\/www.mairsturnstile-online.com\/wp-content\/uploads\/2023\/06\/waist-height-turnstile-gate_9.jpg\" alt=\"\">\n\n\t\t\t<\/div>\n\n\t\t\t\t<div class=\"bafg-slider-info-wraper\">\n\t\t<div style=\"\" class=\"slider-info-12843 bafg-slider-info\">\n\t\t\t\t\t<\/div>\n\t<\/div>\n\t\n\t\t\t<style type=\"text\/css\">\n\t\t\t\t\t\t\t\t\t\t\t<\/style>\n\t\t\t\n<p><strong>Technical Parameter:<\/strong><\/p>\n<p>1. Boyut: 1400*1100*1150 mm (\u00f6zelle\u015ftirilebilir)<br \/>\n2. \u015eerit Geni\u015fli\u011fi: 600 mm (\u00f6zelle\u015ftirilebilir)<br \/>\n3. Ge\u00e7i\u015f h\u0131z\u0131: 30 ki\u015fi\/dakika<br \/>\n4. G\u00fc\u00e7 kayna\u011f\u0131: 110V\/220V 50\/60Hz<br \/>\n5. Solenoid: DC24V<br \/>\n6. Kap\u0131 A\u00e7\u0131k Sinyali: Kuru Kontak\/R\u00f6le<br \/>\n7. Mant\u0131k Gerilimi: DC24V<br \/>\n8. G\u00f6vde Malzemesi: 304 paslanmaz \u00e7elik<br \/>\n9. Mekanizman\u0131n g\u00fcvenilirli\u011fi: 5 milyon, hatas\u0131z<br \/>\n10. \u015eok emici i\u00e7in hidrolik amortis\u00f6rl\u00fc mekanizma<br \/>\n11. Tahrik: Yar\u0131 Otomatik Kumandal\u0131<br \/>\n12. \u015eerit geni\u015fli\u011fi: 600-660 mm<br \/>\n13. D\u00f6n\u00fc\u015f y\u00f6n\u00fc: \u00c7ift y\u00f6nl\u00fc<br \/>\n14. Acil durum: Acil bir durumda veya g\u00fc\u00e7 kayna\u011f\u0131n\u0131n izolasyonu durumunda D\u00f6ner Kap\u0131, Ar\u0131zaya Kar\u015f\u0131 Korumal\u0131 olarak yap\u0131land\u0131r\u0131labilir, yani serbest\u00e7e d\u00f6necek veya Ar\u0131zaya Kar\u015f\u0131 Kilitlenecek \u015fekilde yap\u0131land\u0131r\u0131labilir<br \/>\n15. Nem: \u226495%<br \/>\n16. \u00c7al\u0131\u015fma s\u0131cakl\u0131\u011f\u0131: -25\u00b0C~60\u00b0C<br \/>\n17. \u0130ste\u011fe Ba\u011fl\u0131 \u00d6zellik: IC\/ID okuyucu, Barkod Okuyucu, Y\u00fcz tan\u0131ma, Parmak \u0130zi, di\u011fer eri\u015fim kontrol ekipmanlar\u0131, UPS, vb.<br \/>\n18. \u0130leti\u015fim mesafesi: \u22641200 m<br \/>\n19. \u0130leti\u015fim aray\u00fcz\u00fc: RS485<br \/>\n20. Boyut \u00f6zelle\u015ftirilebilir<br \/>\n21. A\u00e7mak i\u00e7in gereken s\u00fcre: 0,2 sn<br \/>\n22. \u00c7al\u0131\u015fma ortam\u0131: \u0130\u00e7 mekan veya d\u0131\u015f mekan (d\u0131\u015f mekan iste\u011fe ba\u011fl\u0131d\u0131r)<br \/>\n23. Uygulama aral\u0131\u011f\u0131: Topluluk, Fabrika, \u015eantiye, Okul, Tatil Yeri vb.<\/p>\n<p>Komple g\u00fcvenlik eri\u015fim kontrol \u00e7\u00f6z\u00fcm\u00fc sa\u011flayabiliriz. Kendi eri\u015fim kontrol sisteminiz varsa, turnike kap\u0131m\u0131z\u0131 do\u011frudan kullanabilirsiniz.  If you don\u2019t have one, we also provide a complete security access control solution. Please refer to the video below for details.<br \/>\n<iframe title=\"Biyometrik tam boy turnike, Y\u00fcz tan\u0131mal\u0131 tam boy turnike - MairsTurnstile\" src=\"https:\/\/www.youtube.com\/embed\/cy4ZzmrIfx0\" width=\"1110\" height=\"650\" frameborder=\"0\" allowfullscreen=\"allowfullscreen\"><\/iframe><\/p>\n","protected":false},"excerpt":{"rendered":"<p>Expert advice, Free design, OEM Logo, Color &amp; Size Available, Global Export, Fast sample shipping, Low MOQ. Get factory direct wholesale pricing from a trusted manufacturer, Long-term cooperation support for global agents &amp; wholesalers.<strong><a title=\"Mairs CE Belgeli Tam Boy Turnike\" href=\"http:\/\/mairsturnstile.com\/wp-content\/uploads\/2022\/09\/Mairs-CE-Certificate-Full-Height-Turnstile.pdf\" target=\"_blank\" rel=\"noopener noreferrer\">CE Certificated,<\/a><a title=\"Mairs ISO9001 Certificate\" href=\"http:\/\/mairsturnstile.com\/wp-content\/uploads\/2022\/09\/Mairs-Registration-Certificate-ISO9001.pdf\" target=\"_blank\" rel=\"noopener noreferrer\">ISO9001 Certificated.<\/a><\/strong> Please check the new design: <strong><a href=\"https:\/\/www.mairsturnstile-online.com\/full-height-turnstile-series\/\" target=\"_blank\" rel=\"noopener\"><span style=\"color: #fcaf3b;\">New Full Height Turnstile Series<\/span><\/a><\/strong> <\/p>\n<p><a title=\"Tam G\u00f6vde Turnike Bro\u015f\u00fcr\u00fc\" href=\"https:\/\/mairsturnstile-online.com\/flipbook\/mt405-full-height-turnstile-brochure\" target=\"_blank\" rel=\"noopener noreferrer\"><img decoding=\"async\" class=\"alignnone size-full wp-image-11034\" src=\"http:\/\/mairsturnstile.com\/wp-content\/uploads\/2022\/09\/pdf-MairsTurnstile.png\" alt=\"\" width=\"32\" height=\"32\"><span style=\"color: #fcaf3b;\"><strong>MT405 Tam G\u00f6vde Turnike Bro\u015f\u00fcr\u00fc<\/strong><\/span><\/a><\/p>\n<p><a title=\"Tam Boy Turnike Kurulum K\u0131lavuzu\" href=\"http:\/\/mairsturnstile.com\/wp-content\/uploads\/2023\/09\/Full-height-turnstile-installation-manual.pdf\" target=\"_blank\" rel=\"noopener noreferrer\"><img decoding=\"async\" class=\"alignnone size-full wp-image-11034\" src=\"http:\/\/mairsturnstile.com\/wp-content\/uploads\/2022\/09\/pdf-MairsTurnstile.png\" alt=\"\" width=\"32\" height=\"32\"><strong><span style=\"color: #fcaf3b;\"> Tam Boy Turnike Kullan\u0131m ve Kurulum K\u0131lavuzu<\/span><\/strong><\/a><\/p>\n","protected":false},"featured_media":19631,"comment_status":"closed","ping_status":"closed","template":"","meta":[],"product_cat":[175],"product_tag":[],"class_list":["post-20355","product","type-product","status-publish","has-post-thumbnail","hentry","product_cat-tam-boy-turnikeler"],"_links":{"self":[{"href":"https:\/\/www.mairsturnstile-online.com\/tr\/wp-json\/wp\/v2\/product\/20355","targetHints":{"allow":["GET"]}}],"collection":[{"href":"https:\/\/www.mairsturnstile-online.com\/tr\/wp-json\/wp\/v2\/product"}],"about":[{"href":"https:\/\/www.mairsturnstile-online.com\/tr\/wp-json\/wp\/v2\/types\/product"}],"replies":[{"embeddable":true,"href":"https:\/\/www.mairsturnstile-online.com\/tr\/wp-json\/wp\/v2\/comments?post=20355"}],"wp:featuredmedia":[{"embeddable":true,"href":"https:\/\/www.mairsturnstile-online.com\/tr\/wp-json\/wp\/v2\/media\/19631"}],"wp:attachment":[{"href":"https:\/\/www.mairsturnstile-online.com\/tr\/wp-json\/wp\/v2\/media?parent=20355"}],"wp:term":[{"taxonomy":"product_cat","embeddable":true,"href":"https:\/\/www.mairsturnstile-online.com\/tr\/wp-json\/wp\/v2\/product_cat?post=20355"},{"taxonomy":"product_tag","embeddable":true,"href":"https:\/\/www.mairsturnstile-online.com\/tr\/wp-json\/wp\/v2\/product_tag?post=20355"}],"curies":[{"name":"wp","href":"https:\/\/api.w.org\/{rel}","templated":true}]}}