{"id":20289,"date":"2021-09-08T23:59:46","date_gmt":"2021-09-08T15:59:46","guid":{"rendered":"https:\/\/www.mairsturnstile-online.com\/product\/fastlane-hizli-kapi-ofis-turnikeleri-mt381\/"},"modified":"2024-03-04T15:05:02","modified_gmt":"2024-03-04T07:05:02","slug":"ofis-turnikeleri","status":"publish","type":"product","link":"https:\/\/www.mairsturnstile-online.com\/tr\/urun\/ofis-turnikeleri\/","title":{"rendered":"FASTLANE HIZLI KAPI OF\u0130S TURN\u0130KELER\u0130 MT381"},"content":{"rendered":"\r\n        <div class=\"modelViewerBlock\" data-attributes='{&quot;align&quot;:&quot;start&quot;,&quot;uniqueId&quot;:&quot;model18159&quot;,&quot;currentViewer&quot;:&quot;modelViewer&quot;,&quot;multiple&quot;:false,&quot;model&quot;:{&quot;modelUrl&quot;:&quot;https:\\\/\\\/www.mairsturnstile-online.com\\\/wp-content\\\/uploads\\\/2023\\\/07\\\/MT381.glb&quot;,&quot;poster&quot;:&quot;&quot;},&quot;O3DVSettings&quot;:{&quot;isFullscreen&quot;:true,&quot;isPagination&quot;:false,&quot;isNavigation&quot;:true,&quot;camera&quot;:null,&quot;mouseControl&quot;:true},&quot;models&quot;:[],&quot;lazyLoad&quot;:false,&quot;loading&quot;:&quot;auto&quot;,&quot;autoplay&quot;:false,&quot;shadow&quot;:true,&quot;autoRotate&quot;:true,&quot;zoom&quot;:true,&quot;isPagination&quot;:false,&quot;isNavigation&quot;:true,&quot;preload&quot;:&quot;auto&quot;,&quot;rotationPerSecond&quot;:&quot;30&quot;,&quot;mouseControl&quot;:true,&quot;fullscreen&quot;:true,&quot;variant&quot;:false,&quot;loadingPercentage&quot;:false,&quot;progressBar&quot;:true,&quot;rotate&quot;:false,&quot;rotateAlongX&quot;:&quot;0&quot;,&quot;rotateAlongY&quot;:&quot;75&quot;,&quot;exposure&quot;:1,&quot;styles&quot;:{&quot;width&quot;:&quot;1150px&quot;,&quot;height&quot;:&quot;700px&quot;,&quot;bgColor&quot;:&quot;#f9f9f9&quot;,&quot;progressBarColor&quot;:&quot;&quot;},&quot;stylesheet&quot;:null,&quot;additional&quot;:{&quot;ID&quot;:&quot;&quot;,&quot;Class&quot;:&quot;&quot;,&quot;CSS&quot;:&quot;&quot;},&quot;animation&quot;:false,&quot;woo&quot;:false,&quot;selectedAnimation&quot;:&quot;&quot;}'><\/div>\r\n\r\n        \n<p>FASTLANE HIZLI KAPI OF\u0130S TURN\u0130KELER\u0130 MT381<\/p>\n<p>OEM ve ODM hizmetleri sa\u011flayabiliriz. \u0130htiya\u00e7lar\u0131n\u0131zdan herhangi birine g\u00f6re derin \u00f6zelle\u015ftirmeyi tamamlayabilen deneyimli tasar\u0131mc\u0131lar\u0131m\u0131z var. M\u00fcmk\u00fcn olan en k\u0131sa s\u00fcrede 3 boyutlu g\u00f6rseller, boyutlu \u00e7izimler vb. gibi bir dizi malzemeyi sa\u011flayaca\u011f\u0131z.<\/p>\n<p>T\u00fcm \u00fcr\u00fcnlerimiz 2 y\u0131l garantilidir ve uzun \u00f6m\u00fcrl\u00fc bak\u0131m ve onar\u0131m deste\u011fine sahiptir. Ayr\u0131ca parmak izi taray\u0131c\u0131lar\u0131 ve y\u00fcz tan\u0131ma kameralar\u0131 gibi biyometrik cihazlar da sa\u011fl\u0131yoruz. RFID kart okuyucu, QR kod taray\u0131c\u0131. Bu cihazlar\u0131 turnike kap\u0131s\u0131na entegre etmek istiyorsan\u0131z veya sorular\u0131n\u0131z varsa l\u00fctfen <a href=\"https:\/\/www.mairsturnstile-online.com\/contact-us\/\">fiyat teklifi isteyin.<\/a><\/p>\n<p>Ayr\u0131ca ger\u00e7ek senaryonuza g\u00f6re birka\u00e7 dakika i\u00e7inde sizin i\u00e7in bir render olu\u015fturabiliriz. Ayr\u0131ca ayr\u0131nt\u0131l\u0131 yerle\u015fim ve \u00e7izimlerin yan\u0131 s\u0131ra kurulum \u00e7izimleri de sa\u011fl\u0131yoruz. Kurulum konusunda endi\u015felenmenize gerek yok. Belirli boyutlar ve kurulum boyutlar\u0131 i\u00e7in l\u00fctfen ilgili PDF dosyam\u0131z\u0131 indirin.<\/p>\n\n\t\t\t\n\t<style type=\"text\/css\">\n\t\t.slider-info-18179.bafg-slider-info .bafg-slider-title {\n\t\t\t\t\t\t\tfont-size:\n\t\t\t\t\t22px\t\t\t\t;\n\t\t\t\n\t\t\t\n\t\t\t\t\t}\n\n\t\t.slider-info-18179.bafg-slider-info .bafg-slider-description {\n\t\t\t\n\t\t\t\n\t\t\t\t\t}\n\t\t\n\t\t\n\t\t.slider-info-18179.bafg-slider-info .bafg_slider_readmore_button {\n\t\t\t\n\t\t\t\n\t\t\t\n\t\t\t\n\t\t\t\n\t\t\ttext-align: center;\n\n\t\t\t\n\t\t\t\n\t\t\t\n\t\t\t\n\t\t\t\t\t}\n\n\t\t.slider-info-18179.bafg-slider-info .bafg_slider_readmore_button:hover {\n\n\t\t\t\n\t\t\t\n\t\t\t\t\t}\n\t<\/style>\n\t\n\t\t\t<div class=\"bafg-twentytwenty-container slider-18179  \"\n\t\t\t\tbafg-orientation=\"horizontal\" bafg-default-offset=\"0.5\"\n\t\t\t\tbafg-before-label=\"Before\"\n\t\t\t\tbafg-after-label=\"After\" bafg-overlay=\"1\"\n\t\t\t\tbafg-move-slider-on-hover=\"\"\n\t\t\t\tbafg-click-to-move=\"\">\n\n\t\t\t\t\t\t\t\t<img class=\"skip-lazy\" data-skip-lazy\t\t\t\t\tsrc=\"https:\/\/www.mairsturnstile-online.com\/wp-content\/uploads\/2021\/09\/flap-turnstile-gate-6.jpg\" alt=\"flap turnstile gate\">\n\t\t\t\t<img class=\"skip-lazy\" data-skip-lazy\t\t\t\t\tsrc=\"https:\/\/www.mairsturnstile-online.com\/wp-content\/uploads\/2024\/11\/office-turnstiles.jpg\" alt=\"office turnstiles\">\n\n\t\t\t<\/div>\n\n\t\t\t\t<div class=\"bafg-slider-info-wraper\">\n\t\t<div style=\"\" class=\"slider-info-18179 bafg-slider-info\">\n\t\t\t\t\t<\/div>\n\t<\/div>\n\t\n\t\t\t<style type=\"text\/css\">\n\t\t\t\t\t\t\t\t\t\t\t<\/style>\n\t\t\t\n<p><strong>Teknik parametre:<\/strong><\/p>\n<p>1. Boyut: 1400*150*1000 mm (\u00f6zelle\u015ftirilebilir)<br \/>\n2. \u015eerit Geni\u015fli\u011fi: 600 mm (Standart) 900 mm(Engelli)<br \/>\n3. Kol Malzemesi: Akrilik<br \/>\n4. Ge\u00e7i\u015f h\u0131z\u0131: 40 ki\u015fi\/dak<br \/>\n5. G\u00fc\u00e7 kayna\u011f\u0131: 110V\/220V 50\/60Hz<br \/>\n6. F\u0131r\u00e7as\u0131z motor: 40W<br \/>\n7. Kap\u0131 A\u00e7\u0131k Sinyali: Kuru Kontak\/R\u00f6le<br \/>\n8. S\u00fcr\u00fc\u015f Motoru: 24V<br \/>\n9. A\u011f\u0131rl\u0131k: 70 kg\/adet<br \/>\n10. Darbe \u00f6nleme mekanizmas\u0131, kuvvet darbesiyle kar\u015f\u0131la\u015f\u0131ld\u0131\u011f\u0131nda otomatik olarak s\u0131f\u0131rlan\u0131r<br \/>\n11. G\u00f6vde Malzemesi: 304 paslanmaz \u00e7elik ve toz boyal\u0131<br \/>\n12. Mekanizman\u0131n g\u00fcvenilirli\u011fi: 5 milyon, hatas\u0131z<br \/>\n13. Kollarda LED \u0131\u015f\u0131klar mevcuttur<br \/>\n14. Kol akrilik kal\u0131nl\u0131\u011f\u0131: 10 mm<br \/>\n15. Salon Anahtar\u0131 Yerle\u015ftirme kolu, daha hassas<br \/>\n16. \u00c7al\u0131\u015fma Y\u00f6n\u00fc: \u00c7ift Y\u00f6nl\u00fc \/ Tek y\u00f6nl\u00fc<br \/>\n17. Acil durum: Elektrik kesildi\u011finde kondansat\u00f6r ile otomatik olarak a\u00e7\u0131l\u0131r<br \/>\n18. Nem: \u2264%90<br \/>\n19. \u00c7al\u0131\u015fma s\u0131cakl\u0131\u011f\u0131: -20\u00b0C~60\u00b0C<br \/>\n20. Communication distance: \u22641200 m<br \/>\n21. \u0130leti\u015fim aray\u00fcz\u00fc: RS485<br \/>\n22. \u00d6zellik: IC\/ID okuyucu, Barkod Okuyucu, Y\u00fcz tan\u0131ma, Parmak \u0130zi, di\u011fer eri\u015fim kontrol ekipmanlar\u0131, UPS, vb.<br \/>\n23. A\u00e7mak i\u00e7in gereken s\u00fcre: 0,2 sn<br \/>\n24. \u00c7al\u0131\u015fma Ortam\u0131: \u0130\u00e7 Mekan<br \/>\n25. Uygulama aral\u0131\u011f\u0131: Topluluk, Fabrika, \u015eantiye, Okul, Tatil Yeri vb.<\/p>\n<p>T\u00fcm g\u00fcvenlik eri\u015fim kontrol\u00fc \u00e7\u00f6z\u00fcm\u00fcn\u00fc sa\u011flayabiliriz. Kendi ge\u00e7i\u015f kontrol sisteminiz varsa do\u011frudan turnike kap\u0131m\u0131z\u0131 kullanabilirsiniz. E\u011fer elinizde yoksa, eksiksiz bir g\u00fcvenlik eri\u015fim kontrol\u00fc \u00e7\u00f6z\u00fcm\u00fc de sunuyoruz. Ayr\u0131nt\u0131lar i\u00e7in l\u00fctfen a\u015fa\u011f\u0131daki videoya bak\u0131n.<\/p>\n<p><iframe title=\"H\u0131zl\u0131 kap\u0131 turnikesi MT352, lobi turnikeleri, ofis turnikeleri, Optik turnike - MairsTurnstile\" src=\"https:\/\/www.youtube.com\/embed\/IjOCC-mTXwk\" width=\"1150\" height=\"650\" frameborder=\"0\" allowfullscreen=\"allowfullscreen\"><\/iframe><\/p>\n","protected":false},"excerpt":{"rendered":"<p>OEM ve ODM&#8217;yi destekleyin. Parmak izi taray\u0131c\u0131, y\u00fcz tan\u0131ma kameras\u0131 gibi \u00fc\u00e7\u00fcnc\u00fc taraf biyometrik cihazlar\u0131 destekleyin. RFID kart okuyucu, QR kod taray\u0131c\u0131. <span style=\"color: #0000ff;\"><strong><a style=\"color: #0000ff;\" title=\"Mairs CE Belgeli H\u0131zl\u0131 Kap\u0131 Turnikesi\" href=\"http:\/\/mairsturnstile.com\/wp-content\/uploads\/2022\/09\/Mairs-CE-Certificate-Speed-Gate-Turnstile.pdf\" target=\"_blank\" rel=\"noopener noreferrer\">CE Belgeli,<\/a> <a style=\"color: #0000ff;\" title=\"Mairs ISO9001 Sertifikas\u0131\" href=\"http:\/\/mairsturnstile.com\/wp-content\/uploads\/2022\/09\/Mairs-Registration-Certificate-ISO9001.pdf\" target=\"_blank\" rel=\"noopener noreferrer\">ISO9001 Sertifikal\u0131.<\/a><\/strong><\/span><\/p>\n<p><a title=\"G\u00fcvenlik Ofisi Turnike Bro\u015f\u00fcr\u00fc\" href=\"http:\/\/mairsturnstile.com\/wp-content\/uploads\/2023\/12\/MT381-brochure.pdf\" target=\"_blank\" rel=\"noopener noreferrer\"><img decoding=\"async\" class=\"alignnone size-full wp-image-11034\" src=\"http:\/\/mairsturnstile.com\/wp-content\/uploads\/2022\/09\/pdf-MairsTurnstile.png\" alt=\"\" width=\"32\" height=\"32\"><strong><span style=\"color: #0000ff;\">MT381 G\u00fcvenlik Ofisi Turnike Bro\u015f\u00fcr\u00fc<\/span><\/strong><\/a><\/p>\n","protected":false},"featured_media":20175,"comment_status":"closed","ping_status":"closed","template":"","meta":[],"product_cat":[172],"product_tag":[],"class_list":["post-20289","product","type-product","status-publish","has-post-thumbnail","hentry","product_cat-hiz-kapilari"],"_links":{"self":[{"href":"https:\/\/www.mairsturnstile-online.com\/tr\/wp-json\/wp\/v2\/product\/20289","targetHints":{"allow":["GET"]}}],"collection":[{"href":"https:\/\/www.mairsturnstile-online.com\/tr\/wp-json\/wp\/v2\/product"}],"about":[{"href":"https:\/\/www.mairsturnstile-online.com\/tr\/wp-json\/wp\/v2\/types\/product"}],"replies":[{"embeddable":true,"href":"https:\/\/www.mairsturnstile-online.com\/tr\/wp-json\/wp\/v2\/comments?post=20289"}],"wp:featuredmedia":[{"embeddable":true,"href":"https:\/\/www.mairsturnstile-online.com\/tr\/wp-json\/wp\/v2\/media\/20175"}],"wp:attachment":[{"href":"https:\/\/www.mairsturnstile-online.com\/tr\/wp-json\/wp\/v2\/media?parent=20289"}],"wp:term":[{"taxonomy":"product_cat","embeddable":true,"href":"https:\/\/www.mairsturnstile-online.com\/tr\/wp-json\/wp\/v2\/product_cat?post=20289"},{"taxonomy":"product_tag","embeddable":true,"href":"https:\/\/www.mairsturnstile-online.com\/tr\/wp-json\/wp\/v2\/product_tag?post=20289"}],"curies":[{"name":"wp","href":"https:\/\/api.w.org\/{rel}","templated":true}]}}