{"id":20287,"date":"2021-09-09T00:06:53","date_gmt":"2021-09-08T16:06:53","guid":{"rendered":"https:\/\/www.mairsturnstile-online.com\/product\/fastlane-turnike-hiz-kapisi-mt362\/"},"modified":"2026-05-14T12:04:38","modified_gmt":"2026-05-14T04:04:38","slug":"fastlane-turnikeleri","status":"publish","type":"product","link":"https:\/\/www.mairsturnstile-online.com\/tr\/urun\/fastlane-turnikeleri\/","title":{"rendered":"FASTLANE TURN\u0130KE HIZ KAPISI MT362"},"content":{"rendered":"\r\n        <div class=\"modelViewerBlock\" data-attributes='{&quot;align&quot;:&quot;start&quot;,&quot;uniqueId&quot;:&quot;model18152&quot;,&quot;currentViewer&quot;:&quot;modelViewer&quot;,&quot;multiple&quot;:false,&quot;model&quot;:{&quot;modelUrl&quot;:&quot;https:\\\/\\\/www.mairsturnstile-online.com\\\/wp-content\\\/uploads\\\/2023\\\/07\\\/MT362.glb&quot;,&quot;poster&quot;:&quot;&quot;},&quot;O3DVSettings&quot;:{&quot;isFullscreen&quot;:true,&quot;isPagination&quot;:false,&quot;isNavigation&quot;:true,&quot;camera&quot;:null,&quot;mouseControl&quot;:true},&quot;models&quot;:[],&quot;lazyLoad&quot;:false,&quot;loading&quot;:&quot;auto&quot;,&quot;autoplay&quot;:false,&quot;shadow&quot;:true,&quot;autoRotate&quot;:true,&quot;zoom&quot;:true,&quot;isPagination&quot;:false,&quot;isNavigation&quot;:true,&quot;preload&quot;:&quot;auto&quot;,&quot;rotationPerSecond&quot;:&quot;30&quot;,&quot;mouseControl&quot;:true,&quot;fullscreen&quot;:true,&quot;variant&quot;:false,&quot;loadingPercentage&quot;:false,&quot;progressBar&quot;:true,&quot;rotate&quot;:false,&quot;rotateAlongX&quot;:&quot;0&quot;,&quot;rotateAlongY&quot;:&quot;75&quot;,&quot;exposure&quot;:1,&quot;styles&quot;:{&quot;width&quot;:&quot;1150px&quot;,&quot;height&quot;:&quot;700px&quot;,&quot;bgColor&quot;:&quot;#f9f9f9&quot;,&quot;progressBarColor&quot;:&quot;&quot;},&quot;stylesheet&quot;:null,&quot;additional&quot;:{&quot;ID&quot;:&quot;&quot;,&quot;Class&quot;:&quot;&quot;,&quot;CSS&quot;:&quot;&quot;},&quot;animation&quot;:false,&quot;woo&quot;:false,&quot;selectedAnimation&quot;:&quot;&quot;}'><\/div>\r\n\r\n        \n<p>FASTLANE TURN\u0130KE HIZLI GE\u00c7\u0130\u015e KAPISI MT362, Giri\u015finizi y\u00fckseltin. Fastlane turnike h\u0131zl\u0131 ge\u00e7i\u015f kap\u0131m\u0131z, f\u0131r\u00e7alanm\u0131\u015f 304SS, LED ayd\u0131nlatma ve f\u0131s\u0131lt\u0131 sessizli\u011finde sal\u0131n\u0131m \u00f6zelli\u011fine sahiptir. Yetkisiz giri\u015fi durdurun. Bu h\u0131zl\u0131 ge\u00e7i\u015f kap\u0131s\u0131, hassas ki\u015fi tespiti i\u00e7in ak\u0131ll\u0131 optik matris kullan\u0131r. Veri merkezleri ve bankalar i\u00e7in idealdir. Dakikada 45&#8217;ten fazla ki\u015fiyi ge\u00e7irir. Fastlane turnike h\u0131zl\u0131 ge\u00e7i\u015f kap\u0131m\u0131z, sessiz servo motor, 0,3 saniye sal\u0131n\u0131m ve zarif tasar\u0131ma sahiptir. Metro ve stadyumlar i\u00e7in m\u00fckemmeldir.        <\/p>\n<p>OEM ve ODM hizmetleri sa\u011flayabiliriz. Deneyimli tasar\u0131mc\u0131lar\u0131m\u0131z, ihtiya\u00e7lar\u0131n\u0131za g\u00f6re detayl\u0131 \u00f6zelle\u015ftirmeler yapabilirler. 3D g\u00f6rselle\u015ftirmeler, boyutlu \u00e7izimler vb. gibi bir dizi materyali en k\u0131sa s\u00fcrede size sunaca\u011f\u0131z.  G\u00fcnl\u00fck kalabal\u0131klar i\u00e7in tasarland\u0131. A\u011f\u0131r hizmet tipi h\u0131zl\u0131 ge\u00e7i\u015f turnikelerimiz, f\u0131r\u00e7as\u0131z motor ve g\u00fc\u00e7lendirilmi\u015f sal\u0131n\u0131m mekanizmas\u0131na sahiptir. Ula\u015f\u0131m merkezleri ve arenalar i\u00e7in idealdir.  <\/p>\n<p>T\u00fcm \u00fcr\u00fcnlerimiz 2 y\u0131l garantilidir ve kapsaml\u0131 bak\u0131m ve onar\u0131m deste\u011fi sunulmaktad\u0131r. Ayr\u0131ca parmak izi taray\u0131c\u0131lar\u0131 ve y\u00fcz tan\u0131ma kameralar\u0131 gibi biyometrik cihazlar da sa\u011fl\u0131yoruz. RFID kart okuyucu, QR kod taray\u0131c\u0131. Bu cihazlar\u0131 turnike kap\u0131s\u0131na entegre etmeniz gerekiyorsa veya herhangi bir sorunuz varsa, l\u00fctfen <a href=\"https:\/\/www.mairsturnstile-online.com\/contact-us\/\">fiyat teklifi isteyin<\/a>.<\/p>\n<p>We can also create a rendering for you within a few minutes based on your actual scenario. Ayr\u0131ca detayl\u0131 yerle\u015fim plan\u0131 ve \u00e7izimlerinin yan\u0131 s\u0131ra montaj \u00e7izimleri de sa\u011fl\u0131yoruz. B\u00f6ylece montaj konusunda endi\u015felenmenize gerek kalmaz. Belirli boyutlar ve montaj \u00f6l\u00e7\u00fcleri i\u00e7in l\u00fctfen ilgili PDF dosyam\u0131z\u0131 indirin.  <\/p>\n\n\t\t\t\n\t<style type=\"text\/css\">\n\t\t.slider-info-18195.bafg-slider-info .bafg-slider-title {\n\t\t\t\t\t\t\tfont-size:\n\t\t\t\t\t22px\t\t\t\t;\n\t\t\t\n\t\t\t\n\t\t\t\t\t}\n\n\t\t.slider-info-18195.bafg-slider-info .bafg-slider-description {\n\t\t\t\n\t\t\t\n\t\t\t\t\t}\n\t\t\n\t\t\n\t\t.slider-info-18195.bafg-slider-info .bafg_slider_readmore_button {\n\t\t\t\n\t\t\t\n\t\t\t\n\t\t\t\n\t\t\t\n\t\t\ttext-align: center;\n\n\t\t\t\n\t\t\t\n\t\t\t\n\t\t\t\n\t\t\t\t\t}\n\n\t\t.slider-info-18195.bafg-slider-info .bafg_slider_readmore_button:hover {\n\n\t\t\t\n\t\t\t\n\t\t\t\t\t}\n\t<\/style>\n\t\n\t\t\t<div class=\"bafg-twentytwenty-container slider-18195  \"\n\t\t\t\tbafg-orientation=\"horizontal\" bafg-default-offset=\"0.5\"\n\t\t\t\tbafg-before-label=\"Before\"\n\t\t\t\tbafg-after-label=\"After\" bafg-overlay=\"1\"\n\t\t\t\tbafg-move-slider-on-hover=\"1\"\n\t\t\t\tbafg-click-to-move=\"\">\n\n\t\t\t\t\t\t\t\t<img class=\"skip-lazy\" data-skip-lazy\t\t\t\t\tsrc=\"https:\/\/www.mairsturnstile-online.com\/wp-content\/uploads\/2023\/07\/fastlane-turnstiles_4.jpg\" alt=\"\">\n\t\t\t\t<img class=\"skip-lazy\" data-skip-lazy\t\t\t\t\tsrc=\"https:\/\/www.mairsturnstile-online.com\/wp-content\/uploads\/2023\/07\/fastlane-turnstiles_5.jpg\" alt=\"\">\n\n\t\t\t<\/div>\n\n\t\t\t\t<div class=\"bafg-slider-info-wraper\">\n\t\t<div style=\"\" class=\"slider-info-18195 bafg-slider-info\">\n\t\t\t\t\t<\/div>\n\t<\/div>\n\t\n\t\t\t<style type=\"text\/css\">\n\t\t\t\t\t\t\t\t\t\t\t<\/style>\n\t\t\t\n<p><strong>Technical Parameter:<\/strong><\/p>\n<p>1. Boyut: 1400*150*980 mm (\u00f6zelle\u015ftirilebilir)<br \/>\n2. \u015eerit Geni\u015fli\u011fi: 600 mm<br \/>\n3. Kol y\u00fcksekli\u011fi: 1300 mm<br \/>\n4. Passing speed: 40 person\/min<br \/>\n5. G\u00fc\u00e7 kayna\u011f\u0131: 110V\/220V 50\/60Hz<br \/>\n6. Servo Motorlu<br \/>\n7. Kap\u0131 A\u00e7\u0131k Sinyali: Kuru Kontak\/R\u00f6le<br \/>\n8. S\u00fcr\u00fc\u015f Motoru: 24V<br \/>\n9. A\u011f\u0131rl\u0131k: 70 kg\/adet<br \/>\n10. Darbe \u00f6nleme mekanizmas\u0131, kuvvet darbesiyle kar\u015f\u0131la\u015f\u0131ld\u0131\u011f\u0131nda otomatik olarak s\u0131f\u0131rlan\u0131r<br \/>\n11. Casing Material: 304 stainless steel<br \/>\n12. Mekanizman\u0131n g\u00fcvenilirli\u011fi: 5 milyon, hatas\u0131z<br \/>\n13. Sal\u0131ncak kolu malzemesi: Akrilik<br \/>\n14. Sal\u0131ncak kolu kal\u0131nl\u0131\u011f\u0131: 10 mm<br \/>\n15. Kol rengi iste\u011fe ba\u011fl\u0131d\u0131r<br \/>\n16. \u00c7al\u0131\u015fma Y\u00f6n\u00fc: \u00c7ift Y\u00f6nl\u00fc \/ Tek y\u00f6nl\u00fc<br \/>\n17. Acil durum: Elektrik kesildi\u011finde kondansat\u00f6r ile otomatik olarak a\u00e7\u0131l\u0131r<br \/>\n18. Nem: \u2264%90<br \/>\n19. \u00c7al\u0131\u015fma s\u0131cakl\u0131\u011f\u0131: -20\u00b0C~60\u00b0C<br \/>\n20. Communication distance: \u22641200 m<br \/>\n21. \u0130leti\u015fim aray\u00fcz\u00fc: RS485<br \/>\n22. \u00d6zellik: IC\/ID okuyucu, Barkod Okuyucu, Y\u00fcz tan\u0131ma, Parmak \u0130zi, di\u011fer eri\u015fim kontrol ekipmanlar\u0131, UPS, vb.<br \/>\n23. A\u00e7mak i\u00e7in gereken s\u00fcre: 0,2 sn<br \/>\n24. \u00c7al\u0131\u015fma Ortam\u0131: \u0130\u00e7 Mekan<br \/>\n25. Uygulama aral\u0131\u011f\u0131: Topluluk, Fabrika, \u015eantiye, Okul, Tatil Yeri vb.<\/p>\n<p>G\u00fcvenlik eri\u015fim kontrol\u00fc \u00e7\u00f6z\u00fcm\u00fcn\u00fcn tamam\u0131n\u0131 sa\u011flayabiliriz. If you have your own access control system, you can directly use our turnstile gate. E\u011fer yoksa, eksiksiz bir g\u00fcvenlik eri\u015fim kontrol \u00e7\u00f6z\u00fcm\u00fc de sunuyoruz. Ayr\u0131nt\u0131lar i\u00e7in l\u00fctfen a\u015fa\u011f\u0131daki videoya bak\u0131n.  <\/p>\n<p><iframe title=\"Yeni Tasar\u0131m H\u0131zl\u0131 Ge\u00e7i\u015f Turnikesi, Lobi turnikeleri, Ofis turnikesi - MairsTurnstile.com\" src=\"https:\/\/www.youtube.com\/embed\/izk8WuYn4no\" width=\"1150\" height=\"650\" frameborder=\"0\" allowfullscreen=\"allowfullscreen\"><\/iframe><\/p>\n","protected":false},"excerpt":{"rendered":"<p>Expert advice, Free design, OEM Logo, Color &amp; Size Available, Global Export, Fast sample shipping, Low MOQ. Get factory direct wholesale pricing from a trusted manufacturer, Long-term cooperation support for global agents &amp; wholesalers.<span style=\"color: #fcaf3b;\"><strong><a style=\"color: #fcaf3b;\" title=\"Mairs CE Belgeli Flap Bariyer Turnikesi\" href=\"http:\/\/mairsturnstile.com\/wp-content\/uploads\/2022\/09\/Mairs-CE-Certificate-Flap-Barrier-Turnstile.pdf\" target=\"_blank\" rel=\"noopener noreferrer\">CE Certificated,<\/a> <a style=\"color: #fcaf3b;\" title=\"Mairs ISO9001 Certificate\" href=\"http:\/\/mairsturnstile.com\/wp-content\/uploads\/2022\/09\/Mairs-Registration-Certificate-ISO9001.pdf\" target=\"_blank\" rel=\"noopener noreferrer\">ISO9001 Certificated.<\/a><\/strong><\/span> <\/p>\n<p><a title=\"Fastlane Turnike Kap\u0131s\u0131 Bro\u015f\u00fcr\u00fc\" href=\"https:\/\/mairsturnstile-online.com\/flipbook\/mt362-speed-gate-turnstile-brochure\" target=\"_blank\" rel=\"noopener noreferrer\"><img decoding=\"async\" class=\"alignnone size-full wp-image-11034\" src=\"http:\/\/mairsturnstile.com\/wp-content\/uploads\/2022\/09\/pdf-MairsTurnstile.png\" alt=\"\" width=\"32\" height=\"32\"> <strong><span style=\"color: #fcaf3b;\">MT362 Fastlane Turnike Kap\u0131s\u0131 Bro\u015f\u00fcr\u00fc<\/span><\/strong><\/a><\/p>\n","protected":false},"featured_media":20134,"comment_status":"closed","ping_status":"closed","template":"","meta":[],"product_cat":[172],"product_tag":[],"class_list":["post-20287","product","type-product","status-publish","has-post-thumbnail","hentry","product_cat-hiz-kapilari"],"_links":{"self":[{"href":"https:\/\/www.mairsturnstile-online.com\/tr\/wp-json\/wp\/v2\/product\/20287","targetHints":{"allow":["GET"]}}],"collection":[{"href":"https:\/\/www.mairsturnstile-online.com\/tr\/wp-json\/wp\/v2\/product"}],"about":[{"href":"https:\/\/www.mairsturnstile-online.com\/tr\/wp-json\/wp\/v2\/types\/product"}],"replies":[{"embeddable":true,"href":"https:\/\/www.mairsturnstile-online.com\/tr\/wp-json\/wp\/v2\/comments?post=20287"}],"wp:featuredmedia":[{"embeddable":true,"href":"https:\/\/www.mairsturnstile-online.com\/tr\/wp-json\/wp\/v2\/media\/20134"}],"wp:attachment":[{"href":"https:\/\/www.mairsturnstile-online.com\/tr\/wp-json\/wp\/v2\/media?parent=20287"}],"wp:term":[{"taxonomy":"product_cat","embeddable":true,"href":"https:\/\/www.mairsturnstile-online.com\/tr\/wp-json\/wp\/v2\/product_cat?post=20287"},{"taxonomy":"product_tag","embeddable":true,"href":"https:\/\/www.mairsturnstile-online.com\/tr\/wp-json\/wp\/v2\/product_tag?post=20287"}],"curies":[{"name":"wp","href":"https:\/\/api.w.org\/{rel}","templated":true}]}}