{"id":20273,"date":"2021-12-07T01:59:39","date_gmt":"2021-12-06T17:59:39","guid":{"rendered":"https:\/\/www.mairsturnstile-online.com\/product\/radar-turnike-swing-bariyer-kapisi-mt313\/"},"modified":"2025-06-09T11:07:17","modified_gmt":"2025-06-09T03:07:17","slug":"turnike-salincak-bariyer","status":"publish","type":"product","link":"https:\/\/www.mairsturnstile-online.com\/tr\/urun\/turnike-salincak-bariyer\/","title":{"rendered":"Radar Turnike Swing Bariyer Kap\u0131s\u0131 MT313"},"content":{"rendered":"\r\n        <div class=\"modelViewerBlock\" data-attributes='{&quot;align&quot;:&quot;start&quot;,&quot;uniqueId&quot;:&quot;model17079&quot;,&quot;currentViewer&quot;:&quot;modelViewer&quot;,&quot;multiple&quot;:false,&quot;model&quot;:{&quot;modelUrl&quot;:&quot;https:\\\/\\\/www.mairsturnstile-online.com\\\/wp-content\\\/uploads\\\/2024\\\/11\\\/mt313.glb&quot;,&quot;poster&quot;:&quot;&quot;},&quot;O3DVSettings&quot;:{&quot;isFullscreen&quot;:true,&quot;isPagination&quot;:false,&quot;isNavigation&quot;:true,&quot;camera&quot;:null,&quot;mouseControl&quot;:true},&quot;models&quot;:[],&quot;lazyLoad&quot;:false,&quot;loading&quot;:&quot;auto&quot;,&quot;autoplay&quot;:false,&quot;shadow&quot;:true,&quot;autoRotate&quot;:true,&quot;zoom&quot;:true,&quot;isPagination&quot;:false,&quot;isNavigation&quot;:true,&quot;preload&quot;:&quot;auto&quot;,&quot;rotationPerSecond&quot;:&quot;30&quot;,&quot;mouseControl&quot;:true,&quot;fullscreen&quot;:true,&quot;variant&quot;:false,&quot;loadingPercentage&quot;:false,&quot;progressBar&quot;:true,&quot;rotate&quot;:false,&quot;rotateAlongX&quot;:&quot;0&quot;,&quot;rotateAlongY&quot;:&quot;75&quot;,&quot;exposure&quot;:1,&quot;styles&quot;:{&quot;width&quot;:&quot;1150px&quot;,&quot;height&quot;:&quot;700px&quot;,&quot;bgColor&quot;:&quot;#f9f9f9&quot;,&quot;progressBarColor&quot;:&quot;&quot;},&quot;stylesheet&quot;:null,&quot;additional&quot;:{&quot;ID&quot;:&quot;&quot;,&quot;Class&quot;:&quot;&quot;,&quot;CSS&quot;:&quot;&quot;},&quot;animation&quot;:false,&quot;woo&quot;:false,&quot;selectedAnimation&quot;:&quot;&quot;}'><\/div>\r\n\r\n        \n<p>Radar Turnike Swing Bariyer Kap\u0131s\u0131 MT313<\/p>\n<p>OEM ve ODM hizmetleri sa\u011flayabiliriz. \u0130htiya\u00e7lar\u0131n\u0131zdan herhangi birine g\u00f6re derin \u00f6zelle\u015ftirmeyi tamamlayabilen deneyimli tasar\u0131mc\u0131lar\u0131m\u0131z var. M\u00fcmk\u00fcn olan en k\u0131sa s\u00fcrede 3 boyutlu g\u00f6rseller, boyutlu \u00e7izimler vb. gibi bir dizi malzemeyi sa\u011flayaca\u011f\u0131z.<\/p>\n<p>T\u00fcm \u00fcr\u00fcnlerimiz 2 y\u0131l garantilidir ve uzun \u00f6m\u00fcrl\u00fc bak\u0131m ve onar\u0131m deste\u011fine sahiptir. Ayr\u0131ca parmak izi taray\u0131c\u0131, y\u00fcz tan\u0131ma kameras\u0131 gibi biyometrik cihazlar\u0131 da sa\u011fl\u0131yoruz. RFID kart okuyucu, QR kod taray\u0131c\u0131. Bu cihazlar\u0131 turnike sal\u0131ncak bariyerine entegre etmek istiyorsan\u0131z veya sorular\u0131n\u0131z varsa l\u00fctfen <a href=\"https:\/\/www.mairsturnstile-online.com\/contact-us\/\">fiyat teklifi isteyin.<\/a><\/p>\n<p>Ayr\u0131ca ger\u00e7ek senaryonuza g\u00f6re birka\u00e7 dakika i\u00e7inde sizin i\u00e7in bir render olu\u015fturabiliriz. Ayr\u0131ca ayr\u0131nt\u0131l\u0131 yerle\u015fim ve \u00e7izimlerin yan\u0131 s\u0131ra kurulum \u00e7izimleri de sa\u011fl\u0131yoruz. Kurulum konusunda endi\u015felenmenize gerek yok. Belirli boyutlar ve kurulum boyutlar\u0131 i\u00e7in l\u00fctfen ilgili PDF dosyam\u0131z\u0131 indirin.<\/p>\n\n\t\t\t\n\t<style type=\"text\/css\">\n\t\t.slider-info-17094.bafg-slider-info .bafg-slider-title {\n\t\t\t\t\t\t\tfont-size:\n\t\t\t\t\t22px\t\t\t\t;\n\t\t\t\n\t\t\t\n\t\t\t\t\t}\n\n\t\t.slider-info-17094.bafg-slider-info .bafg-slider-description {\n\t\t\t\n\t\t\t\n\t\t\t\t\t}\n\t\t\n\t\t\n\t\t.slider-info-17094.bafg-slider-info .bafg_slider_readmore_button {\n\t\t\t\n\t\t\t\n\t\t\t\n\t\t\t\n\t\t\t\n\t\t\ttext-align: center;\n\n\t\t\t\n\t\t\t\n\t\t\t\n\t\t\t\n\t\t\t\t\t}\n\n\t\t.slider-info-17094.bafg-slider-info .bafg_slider_readmore_button:hover {\n\n\t\t\t\n\t\t\t\n\t\t\t\t\t}\n\t<\/style>\n\t\n\t\t\t<div class=\"bafg-twentytwenty-container slider-17094  \"\n\t\t\t\tbafg-orientation=\"horizontal\" bafg-default-offset=\"0.5\"\n\t\t\t\tbafg-before-label=\"Before\"\n\t\t\t\tbafg-after-label=\"After\" bafg-overlay=\"1\"\n\t\t\t\tbafg-move-slider-on-hover=\"1\"\n\t\t\t\tbafg-click-to-move=\"\">\n\n\t\t\t\t\t\t\t\t<img class=\"skip-lazy\" data-skip-lazy\t\t\t\t\tsrc=\"https:\/\/www.mairsturnstile-online.com\/wp-content\/uploads\/2023\/07\/swing-barrier-gate-turnstile_8.jpg\" alt=\"swing barrier gate turnstile\">\n\t\t\t\t<img class=\"skip-lazy\" data-skip-lazy\t\t\t\t\tsrc=\"https:\/\/www.mairsturnstile-online.com\/wp-content\/uploads\/2021\/12\/turnstile-swing-barrier-7.jpg\" alt=\"turnstile swing barrier\">\n\n\t\t\t<\/div>\n\n\t\t\t\t<div class=\"bafg-slider-info-wraper\">\n\t\t<div style=\"\" class=\"slider-info-17094 bafg-slider-info\">\n\t\t\t\t\t<\/div>\n\t<\/div>\n\t\n\t\t\t<style type=\"text\/css\">\n\t\t\t\t\t\t\t\t\t\t\t<\/style>\n\t\t\t\n<p><strong>Teknik Parametre:<\/strong><br \/>\n1. Boyut: 250*190*980 mm (\u00f6zelle\u015ftirilebilir)<br \/>\n2. Otomatik a\u00e7\u0131lma i\u00e7in Radar se\u00e7ene\u011fi ile<br \/>\n3. Maksimum ge\u00e7i\u015f geni\u015fli\u011fi: 1000 mm<br \/>\n4. Ge\u00e7i\u015f h\u0131z\u0131: 40 ki\u015fi\/dak<br \/>\n5. G\u00fc\u00e7 kayna\u011f\u0131: 110V\/220V 50\/60Hz<br \/>\n6. S\u00fcr\u00fc\u015f T\u00fcketimi: 20W<br \/>\n7. Kap\u0131 A\u00e7\u0131k Sinyalinde: Kuru Kontak \/ R\u00f6le<br \/>\n8. F\u0131r\u00e7as\u0131z S\u00fcr\u00fc\u015f Motoru: 24V<br \/>\n9. A\u011f\u0131rl\u0131k: 30 kg\/adet<br \/>\n10. Serbest \u00e7\u0131k\u0131\u015f i\u00e7in yayg\u0131n olarak kullan\u0131l\u0131r<br \/>\n11. G\u00f6vde Malzemesi: 304 paslanmaz \u00e7elik<br \/>\n12. Mekanizman\u0131n g\u00fcvenilirli\u011fi: 3 milyon, hatas\u0131z<br \/>\n13. Akrilik kol mevcuttur<br \/>\n14. \u00dcst kapakta LED g\u00f6sterge \u0131\u015f\u0131\u011f\u0131<br \/>\n15. Tek par\u00e7a veya \u015ferit ba\u015f\u0131na iki par\u00e7a mevcuttur<br \/>\n16. \u00c7al\u0131\u015fma Y\u00f6n\u00fc: \u00c7ift y\u00f6nl\u00fc\/Tek y\u00f6nl\u00fc<br \/>\n17. Acil durum: Elektrik kesildi\u011finde otomatik olarak a\u00e7\u0131l\u0131r. Yedek pil kendi kendine sa\u011flan\u0131r<br \/>\n18. Turnike sal\u0131n\u0131m bariyeri Nem: \u2264%90<br \/>\n19. \u00c7al\u0131\u015fma s\u0131cakl\u0131\u011f\u0131: -20\u2103\uff5e60\u2103<br \/>\n20. \u0130leti\u015fim mesafesi: \u22641200 m<br \/>\n21. \u0130leti\u015fim aray\u00fcz\u00fc: RS485<br \/>\n22. \u00d6zellik: IC\/ID okuyucu, Barkod Okuyucu, Y\u00fcz tan\u0131ma, Parmak izi, di\u011fer eri\u015fim kontrol ekipmanlar\u0131, UPS, vb.<br \/>\n23. A\u00e7\u0131lmas\u0131 i\u00e7in gereken s\u00fcre: 0,2 s<br \/>\n24. \u00c7al\u0131\u015fma Ortam\u0131: \u0130\u00e7 mekan veya d\u0131\u015f mekan (d\u0131\u015f mekan iste\u011fe ba\u011fl\u0131d\u0131r)<br \/>\n25. Uygulama aral\u0131\u011f\u0131: Topluluk, Fabrika, \u015eantiye, Okul, Tatil yeri, vb. <\/p>\n<p>T\u00fcm g\u00fcvenlik eri\u015fim kontrol\u00fc \u00e7\u00f6z\u00fcm\u00fcn\u00fc sa\u011flayabiliriz. Kendi ge\u00e7i\u015f kontrol sisteminiz varsa do\u011frudan turnike kap\u0131m\u0131z\u0131 kullanabilirsiniz. E\u011fer elinizde yoksa, eksiksiz bir g\u00fcvenlik eri\u015fim kontrol\u00fc \u00e7\u00f6z\u00fcm\u00fc de sunuyoruz. Ayr\u0131nt\u0131lar i\u00e7in l\u00fctfen a\u015fa\u011f\u0131daki videoya bak\u0131n.<\/p>\n<p><iframe title=\"S\u00fcpermarket turnikeleri, S\u00fcpermarket giri\u015f turnikesi - MaersTurnstile\" src=\"https:\/\/www.youtube.com\/embed\/pHbTZ6CR_E8\" width=\"1150\" height=\"650\" frameborder=\"0\" allowfullscreen=\"allowfullscreen\"><\/iframe><\/p>\n","protected":false},"excerpt":{"rendered":"<p>Support OEM and ODM. Parmak izi taray\u0131c\u0131, y\u00fcz tan\u0131ma kameras\u0131 gibi \u00fc\u00e7\u00fcnc\u00fc taraf biyometrik cihazlar\u0131 destekleyin. RFID kart okuyucu, QR kod taray\u0131c\u0131. <strong><a title=\"Mairs CE Belgeli Sal\u0131ncak Turnike Kap\u0131s\u0131\" href=\"http:\/\/mairsturnstile.com\/wp-content\/uploads\/2022\/09\/Mairs-CE-Certificate-Swing-Turnstile-Gate.pdf\" target=\"_blank\" rel=\"noopener\">CE Belgeli,<\/a> <a title=\"Mairs ISO9001 Sertifikas\u0131\" href=\"http:\/\/mairsturnstile.com\/wp-content\/uploads\/2022\/09\/Mairs-Registration-Certificate-ISO9001.pdf\" target=\"_blank\" rel=\"noopener noreferrer\">ISO9001 Sertifikal\u0131.<\/a><\/strong><\/p>\n<p><a title=\"Turnike Swing Bariyer Bro\u015f\u00fcr\u00fc\" href=\"http:\/\/mairsturnstile.com\/wp-content\/uploads\/2023\/12\/MT313-brochure.pdf\" target=\"_blank\" rel=\"noopener noreferrer\" data-wp-editing=\"1\"><img decoding=\"async\" class=\"alignnone size-full wp-image-11034\" src=\"http:\/\/mairsturnstile.com\/wp-content\/uploads\/2022\/09\/pdf-MairsTurnstile.png\" alt=\"\" width=\"32\" height=\"32\"><strong><span style=\"color: #0000ff;\">MT313 Turnike Swing Bariyer Bro\u015f\u00fcr\u00fc<\/span><\/strong><\/a><\/p>\n","protected":false},"featured_media":49262,"comment_status":"closed","ping_status":"closed","template":"","meta":[],"product_cat":[171],"product_tag":[],"class_list":["post-20273","product","type-product","status-publish","has-post-thumbnail","hentry","product_cat-salincak-turnikesi"],"_links":{"self":[{"href":"https:\/\/www.mairsturnstile-online.com\/tr\/wp-json\/wp\/v2\/product\/20273","targetHints":{"allow":["GET"]}}],"collection":[{"href":"https:\/\/www.mairsturnstile-online.com\/tr\/wp-json\/wp\/v2\/product"}],"about":[{"href":"https:\/\/www.mairsturnstile-online.com\/tr\/wp-json\/wp\/v2\/types\/product"}],"replies":[{"embeddable":true,"href":"https:\/\/www.mairsturnstile-online.com\/tr\/wp-json\/wp\/v2\/comments?post=20273"}],"wp:featuredmedia":[{"embeddable":true,"href":"https:\/\/www.mairsturnstile-online.com\/tr\/wp-json\/wp\/v2\/media\/49262"}],"wp:attachment":[{"href":"https:\/\/www.mairsturnstile-online.com\/tr\/wp-json\/wp\/v2\/media?parent=20273"}],"wp:term":[{"taxonomy":"product_cat","embeddable":true,"href":"https:\/\/www.mairsturnstile-online.com\/tr\/wp-json\/wp\/v2\/product_cat?post=20273"},{"taxonomy":"product_tag","embeddable":true,"href":"https:\/\/www.mairsturnstile-online.com\/tr\/wp-json\/wp\/v2\/product_tag?post=20273"}],"curies":[{"name":"wp","href":"https:\/\/api.w.org\/{rel}","templated":true}]}}