{"id":20269,"date":"2022-06-20T17:56:13","date_gmt":"2022-06-20T09:56:13","guid":{"rendered":"https:\/\/www.mairsturnstile-online.com\/product\/optik-doner-turnike-kapisi-mt341\/"},"modified":"2024-03-04T14:57:01","modified_gmt":"2024-03-04T06:57:01","slug":"optik-salincak-turnile","status":"publish","type":"product","link":"https:\/\/www.mairsturnstile-online.com\/tr\/urun\/optik-salincak-turnile\/","title":{"rendered":"OPTIK D\u00d6NER TURNIKE KAPISI MT341"},"content":{"rendered":"<p>OPTIK D\u00d6NER TURNIKE KAPISI MT341<\/p>\n<p>OEM ve ODM hizmetleri sa\u011flayabiliriz. \u0130htiya\u00e7lar\u0131n\u0131zdan herhangi birine g\u00f6re derin \u00f6zelle\u015ftirmeyi tamamlayabilen deneyimli tasar\u0131mc\u0131lar\u0131m\u0131z var. M\u00fcmk\u00fcn olan en k\u0131sa s\u00fcrede 3 boyutlu g\u00f6rseller, boyutlu \u00e7izimler vb. gibi bir dizi malzemeyi sa\u011flayaca\u011f\u0131z.<\/p>\n<p>T\u00fcm \u00fcr\u00fcnlerimiz 2 y\u0131l garantilidir ve uzun \u00f6m\u00fcrl\u00fc bak\u0131m ve onar\u0131m deste\u011fine sahiptir. Ayr\u0131ca parmak izi taray\u0131c\u0131, y\u00fcz tan\u0131ma kameras\u0131 gibi biyometrik cihazlar\u0131 da sa\u011fl\u0131yoruz. RFID kart okuyucu, QR kod taray\u0131c\u0131. Bu cihazlar\u0131 optik d\u00f6ner turnikeye entegre etmeniz gerekiyorsa veya herhangi bir sorunuz varsa, l\u00fctfen fiyat <a href=\"https:\/\/www.mairsturnstile-online.com\/contact-us\/\">teklifi isteyin.<\/a><\/p>\n<p>Ayr\u0131ca ger\u00e7ek senaryonuza g\u00f6re birka\u00e7 dakika i\u00e7inde sizin i\u00e7in bir render olu\u015fturabiliriz. Ayr\u0131ca ayr\u0131nt\u0131l\u0131 yerle\u015fim ve \u00e7izimlerin yan\u0131 s\u0131ra kurulum \u00e7izimleri de sa\u011fl\u0131yoruz. Kurulum konusunda endi\u015felenmenize gerek yok. Belirli boyutlar ve kurulum boyutlar\u0131 i\u00e7in l\u00fctfen ilgili PDF dosyam\u0131z\u0131 indirin.<\/p>\n<p><strong>Teknik parametre:<\/strong><\/p>\n<p>1. Boyut: 1310*200*1000 mm (\u00f6zelle\u015ftirilebilir)<br \/>\n2. \u015eerit Geni\u015fli\u011fi: 600 mm (Standart) 900 mm(Engelli)<br \/>\n3. Kol Malzemesi: 10mm Akrilik<br \/>\n4. Ge\u00e7i\u015f h\u0131z\u0131: 35 ki\u015fi\/dak<br \/>\n5. G\u00fc\u00e7 kayna\u011f\u0131: 110V\/220V 50\/60hz<br \/>\n6. Mekanizma:DC F\u0131r\u00e7as\u0131z motor mekanizmas\u0131<br \/>\n7. S\u00fcr\u00fc\u015f Motoru: 24V<br \/>\n8. Kap\u0131 A\u00e7\u0131k Sinyali: Kuru Kontak\/R\u00f6le<br \/>\n9. A\u011f\u0131rl\u0131k: 70 kg\/adet<br \/>\n10. 5 \u00e7ift sens\u00f6rle<br \/>\n11. G\u00f6vde Malzemesi: 304 paslanmaz \u00e7elik ve siyah akrilik<br \/>\n12. Mekanizman\u0131n g\u00fcvenilirli\u011fi: 3 milyon-5 milyon, hatas\u0131z<br \/>\n13. Vuru\u015f \u00f6nleyici mekanizma, kuvvet darbesiyle kar\u015f\u0131la\u015ft\u0131\u011f\u0131nda otomatik olarak s\u0131f\u0131rlan\u0131r<br \/>\n14. Kollardaki LED \u0131\u015f\u0131k iste\u011fe ba\u011fl\u0131d\u0131r<br \/>\n15. LED b\u00fcfe<br \/>\n16. \u00c7al\u0131\u015fma Y\u00f6n\u00fc: \u00c7ift Y\u00f6nl\u00fc \/ Tek y\u00f6nl\u00fc<br \/>\n17. Acil durum: Elektrik kesildi\u011finde kondansat\u00f6r ile otomatik olarak a\u00e7\u0131l\u0131r<br \/>\n18. Optik sal\u0131ncak turnikesi Nem: \u226490 \uff05<br \/>\n19. \u00c7al\u0131\u015fma s\u0131cakl\u0131\u011f\u0131: -20\u00b0C~60\u00b0C<br \/>\n20. Communication distance: \u22641200 m<br \/>\n21. \u0130leti\u015fim aray\u00fcz\u00fc: RS485<br \/>\n22. \u00d6zellik: IC\/ID okuyucu, Barkod Okuyucu, Y\u00fcz tan\u0131ma, Parmak \u0130zi, di\u011fer eri\u015fim kontrol ekipmanlar\u0131, UPS, vb.<br \/>\n23. A\u00e7mak i\u00e7in gereken s\u00fcre: 0,2 sn<br \/>\n24. \u00c7al\u0131\u015fma ortam\u0131: \u0130\u00e7 mekan<br \/>\n25. Uygulama aral\u0131\u011f\u0131: Topluluk, Fabrika, ofis binas\u0131, Okul, Tatil yeri vb.<\/p>\n<p>T\u00fcm g\u00fcvenlik eri\u015fim kontrol\u00fc \u00e7\u00f6z\u00fcm\u00fcn\u00fc sa\u011flayabiliriz. Kendi ge\u00e7i\u015f kontrol sisteminiz varsa do\u011frudan turnike kap\u0131m\u0131z\u0131 kullanabilirsiniz. E\u011fer elinizde yoksa, eksiksiz bir g\u00fcvenlik eri\u015fim kontrol\u00fc \u00e7\u00f6z\u00fcm\u00fc de sunuyoruz. Ayr\u0131nt\u0131lar i\u00e7in l\u00fctfen a\u015fa\u011f\u0131daki videoya bak\u0131n.<\/p>\n<p><iframe title=\"Cam turnikeler, Temperli cam turnikeler, Cam sal\u0131ncak turnike sat\u0131\u015f\u0131 - MairsTurnstile\" src=\"https:\/\/www.youtube.com\/embed\/n6MbKy14gAk\" width=\"1150\" height=\"650\" frameborder=\"0\" allowfullscreen=\"allowfullscreen\"><\/iframe><\/p>\n","protected":false},"excerpt":{"rendered":"<p>OEM ve ODM&#8217;yi destekleyin. Parmak izi taray\u0131c\u0131, y\u00fcz tan\u0131ma kameras\u0131 gibi \u00fc\u00e7\u00fcnc\u00fc taraf biyometrik cihazlar\u0131 destekleyin. RFID kart okuyucu, QR kod taray\u0131c\u0131. <strong><a title=\"Mairs CE Belgeli Sal\u0131ncak Turnike Kap\u0131s\u0131\" href=\"http:\/\/mairsturnstile.com\/wp-content\/uploads\/2022\/09\/Mairs-CE-Certificate-Swing-Turnstile-Gate.pdf\" target=\"_blank\" rel=\"noopener\">CE Belgeli,<\/a> <a title=\"Mairs ISO9001 Sertifikas\u0131\" href=\"http:\/\/mairsturnstile.com\/wp-content\/uploads\/2022\/09\/Mairs-Registration-Certificate-ISO9001.pdf\" target=\"_blank\" rel=\"noopener noreferrer\">ISO9001 Sertifikal\u0131.<\/a><\/strong><\/p>\n<p><a title=\"Optik Swing Turnike Bro\u015f\u00fcr\u00fc\" href=\"http:\/\/mairsturnstile.com\/wp-content\/uploads\/2023\/12\/MT341-brochure.pdf\" target=\"_blank\" rel=\"noopener noreferrer\"><img decoding=\"async\" class=\"alignnone size-full wp-image-11034\" src=\"http:\/\/mairsturnstile.com\/wp-content\/uploads\/2022\/09\/pdf-MairsTurnstile.png\" alt=\"\" width=\"32\" height=\"32\"><span style=\"color: #0000ff;\"><strong>MT341 Optik Swing Turnike Bro\u015f\u00fcr\u00fc<\/strong><\/span><\/a><\/p>\n","protected":false},"featured_media":50327,"comment_status":"closed","ping_status":"closed","template":"","meta":[],"product_cat":[171],"product_tag":[],"class_list":["post-20269","product","type-product","status-publish","has-post-thumbnail","hentry","product_cat-salincak-turnikesi"],"_links":{"self":[{"href":"https:\/\/www.mairsturnstile-online.com\/tr\/wp-json\/wp\/v2\/product\/20269","targetHints":{"allow":["GET"]}}],"collection":[{"href":"https:\/\/www.mairsturnstile-online.com\/tr\/wp-json\/wp\/v2\/product"}],"about":[{"href":"https:\/\/www.mairsturnstile-online.com\/tr\/wp-json\/wp\/v2\/types\/product"}],"replies":[{"embeddable":true,"href":"https:\/\/www.mairsturnstile-online.com\/tr\/wp-json\/wp\/v2\/comments?post=20269"}],"wp:featuredmedia":[{"embeddable":true,"href":"https:\/\/www.mairsturnstile-online.com\/tr\/wp-json\/wp\/v2\/media\/50327"}],"wp:attachment":[{"href":"https:\/\/www.mairsturnstile-online.com\/tr\/wp-json\/wp\/v2\/media?parent=20269"}],"wp:term":[{"taxonomy":"product_cat","embeddable":true,"href":"https:\/\/www.mairsturnstile-online.com\/tr\/wp-json\/wp\/v2\/product_cat?post=20269"},{"taxonomy":"product_tag","embeddable":true,"href":"https:\/\/www.mairsturnstile-online.com\/tr\/wp-json\/wp\/v2\/product_tag?post=20269"}],"curies":[{"name":"wp","href":"https:\/\/api.w.org\/{rel}","templated":true}]}}