{"id":23451,"date":"2021-09-08T00:07:25","date_gmt":"2021-09-07T16:07:25","guid":{"rendered":"https:\/\/www.mairsturnstile-online.com\/gizlilik-politikasi\/"},"modified":"2023-12-14T00:09:42","modified_gmt":"2023-12-13T16:09:42","slug":"gizlilik-politikasi","status":"publish","type":"page","link":"https:\/\/www.mairsturnstile-online.com\/tr\/gizlilik-politikasi\/","title":{"rendered":"Gizlilik Politikas\u0131"},"content":{"rendered":"\n<p>Gizlilik politikas\u0131 uyar\u0131nca, Kullan\u0131c\u0131lar\u0131m\u0131z\u0131n kay\u0131t ba\u015fvurular\u0131nda yer alan belirli bilgileri \u00fc\u00e7\u00fcnc\u00fc taraflara if\u015fa edebiliriz ancak ad\u0131n\u0131z\u0131, adresinizi, e-posta adresinizi veya telefon numaran\u0131z\u0131 size bildirmedik\u00e7e, taraf\u0131n\u0131zdan yetki verilmedik\u00e7e veya gerekli g\u00f6r\u00fclmedik\u00e7e if\u015fa etmeyece\u011fiz. bunu 1998 tarihli Veri Koruma Kanunu&#8217;na tabi olarak kanunen yapmak.<\/p>\n\n<h5 class=\"wp-block-heading\"><strong>Toplanan ki\u015fisel bilgiler<\/strong><\/h5>\n\n<p>MairsTurnstile-Online.com, m\u00fc\u015fterilerin \u00fc\u00e7\u00fcnc\u00fc taraflardan \u00e7evrimi\u00e7i olarak toplad\u0131\u011f\u0131 ki\u015fisel bilgileri satmaz, payla\u015fmaz veya ticaretini yapmaz. \u00c7evrimi\u00e7i olarak toplanan ki\u015fisel bilgiler yaln\u0131zca \u015firket grubumuz i\u00e7inde yaln\u0131zca dahili kullan\u0131m ve ama\u00e7larla a\u00e7\u0131klanacakt\u0131r.<\/p>\n\n<p>MaersTurnstile web sitemizden sat\u0131n ald\u0131\u011f\u0131n\u0131z ve yukar\u0131da a\u00e7\u0131kland\u0131\u011f\u0131 \u015fekilde veya sizinle mutabakata var\u0131ld\u0131\u011f\u0131 \u015fekilde veya yasalar\u0131n gerektirdi\u011fi durumlarda kulland\u0131\u011f\u0131n\u0131z \u00fcr\u00fcnlerin teslimat\u0131 ile do\u011frudan ilgili olan ilgili \u015firketler ve \u00fc\u00e7\u00fcnc\u00fc ki\u015filer d\u0131\u015f\u0131nda ba\u015fka hi\u00e7bir kurulu\u015fla bilgilerinizi payla\u015fmayaca\u011f\u0131z. <\/p>\n\n<p>Bu web sitesi arac\u0131l\u0131\u011f\u0131yla toplanan ki\u015fisel verilerinizi YALNIZCA izin verilen ama\u00e7lar\u0131n ger\u00e7ekle\u015ftirilmesi i\u00e7in gereken s\u00fcre boyunca saklayaca\u011f\u0131z.<\/p>\n\n<h5 class=\"wp-block-heading\"><strong>Bilgilerinizi nas\u0131l koruyoruz?<\/strong><\/h5>\n\n<p>MaersTurnstile&#8217;de kendi kullan\u0131c\u0131 ad\u0131n\u0131z\u0131n ve \u015fifrenizin g\u00fcvenli\u011finden ve g\u00fcvenli\u011finden siz sorumlusunuz. G\u00fc\u00e7l\u00fc bir \u015fifre se\u00e7menizi ve onu s\u0131k s\u0131k de\u011fi\u015ftirmenizi \u00f6neririz. L\u00fctfen birden fazla web sitesinde ayn\u0131 giri\u015f bilgilerini (e-posta ve \u015fifre) kullanmay\u0131n.<\/p>\n\n<p>Bununla birlikte, g\u00fcvenli bir sunucunun kullan\u0131m\u0131n\u0131 sunmak da dahil olmak \u00fczere \u00e7e\u015fitli g\u00fcvenlik \u00f6nlemleri uyguluyoruz. Sa\u011flanan t\u00fcm hassas\/kredi bilgileri G\u00fcvenli Soket Katman\u0131 (SSL) teknolojisi arac\u0131l\u0131\u011f\u0131yla iletilir ve ard\u0131ndan \u00d6deme a\u011f ge\u00e7idi sa\u011flay\u0131c\u0131lar\u0131m\u0131z\u0131n veri taban\u0131na \u015fifrelenerek yaln\u0131zca bu t\u00fcr sistemlere \u00f6zel eri\u015fim haklar\u0131na sahip olan ve bilgilerin gizli tutulmas\u0131 gereken ki\u015filer taraf\u0131ndan eri\u015filebilir. \u0130\u015flem sonras\u0131nda \u00f6zel bilgileriniz (kredi kartlar\u0131, sosyal g\u00fcvenlik numaralar\u0131, finansal bilgileriniz vb.) sunucular\u0131m\u0131zda saklanmayacakt\u0131r.<\/p>\n\n<h5 class=\"wp-block-heading\"><strong>Herhangi bir bilgiyi d\u0131\u015f taraflara if\u015fa ediyor muyuz?<\/strong><\/h5>\n\n<p>Ki\u015fisel bilgilerinizi d\u0131\u015f taraflara satm\u0131yoruz, takas etmiyoruz veya ba\u015fka bir \u015fekilde aktarm\u0131yoruz. Bu, web sitemizi i\u015fletmemize, i\u015fimizi y\u00fcr\u00fctmemize, \u00f6demeleri ger\u00e7ekle\u015ftirmemize, sat\u0131n al\u0131nan \u00fcr\u00fcn veya hizmetleri sunmam\u0131za, size bilgi veya g\u00fcncelleme g\u00f6ndermemize veya size ba\u015fka bir \u015fekilde hizmet vermemize yard\u0131mc\u0131 olan g\u00fcvenilir \u00fc\u00e7\u00fcnc\u00fc taraflar\u0131, bu taraflar bu bilgileri gizli tutmay\u0131 kabul ettikleri s\u00fcrece kapsamaz. Ayr\u0131ca, yasalara uymak, site politikalar\u0131m\u0131z\u0131 uygulamak veya kendimizin veya ba\u015fkalar\u0131n\u0131n haklar\u0131n\u0131, m\u00fclkiyetini veya g\u00fcvenli\u011fini korumak i\u00e7in a\u00e7\u0131klaman\u0131n uygun oldu\u011funa inand\u0131\u011f\u0131m\u0131zda bilgilerinizi a\u00e7\u0131klayabiliriz.<\/p>\n\n<p><strong>R\u0131zan\u0131z<\/strong><\/p>\n\n<p>Ad\u0131n\u0131z\u0131, adresinizi, e-posta adresinizi, kredi kart\u0131 bilgilerinizi veya ki\u015fisel bilgilerinizi izniniz olmadan hi\u00e7bir \u00fc\u00e7\u00fcnc\u00fc tarafa kiralamayaca\u011f\u0131z veya satmayaca\u011f\u0131z. Ma\u011fazam\u0131zdan sat\u0131n ald\u0131ysan\u0131z, b\u00fcltenlerimizden birine abone olduysan\u0131z ve yar\u0131\u015fmalar\u0131m\u0131zdan herhangi birine kat\u0131ld\u0131ysan\u0131z veya bize e-posta adresinizi, posta adresinizi ve telefonunuzu bildirdiyseniz, sizi zaman zaman e-posta, posta yoluyla haberler ve \u00f6zel f\u0131rsatlar hakk\u0131nda g\u00fcncelleyebiliriz. &amp; telefon.<\/p>\n\n<p>Kullan\u0131c\u0131lar\u0131n ki\u015fisel bilgileri veya g\u00f6rselleri, r\u0131zalar\u0131 olmadan reklam amac\u0131yla kullan\u0131lmayacakt\u0131r. Ana ama\u00e7 olarak kullan\u0131c\u0131lar\u0131n ki\u015fisel bilgilerini toplamay\u0131n.<\/p>\n\n<p><strong>\u0130leti\u015fim ve Pazarlama<\/strong><\/p>\n\n<p>Bize \u00fcye olarak ve web sitemize e-posta adresinizi, posta adresinizi, telefon numaran\u0131z\u0131 vererek, en son \u00fcr\u00fcnlerimiz ve \u00f6zel tekliflerimiz hakk\u0131nda bizden ileti\u015fim almay\u0131 kabul etmi\u015f olursunuz. \u0130lginizi \u00e7ekebilece\u011fini d\u00fc\u015f\u00fcnd\u00fc\u011f\u00fcm\u00fcz bilgiler, \u00fc\u00e7\u00fcnc\u00fc taraflar\u0131n ilginizi \u00e7ekebilecek \u00fcr\u00fcn ve hizmetleri hakk\u0131nda sizi bilgilendirmek amac\u0131yla da kullan\u0131labilir.<\/p>\n\n<p><strong>Ayr\u0131nt\u0131lar\u0131n\u0131z kontrol ediliyor<\/strong><\/p>\n\n<p>Web sitemize g\u00f6nderdi\u011finiz bilgileri do\u011frulamak isterseniz, a\u015fa\u011f\u0131da verilen e-posta adresi, telefon numaras\u0131 veya adres arac\u0131l\u0131\u011f\u0131yla bizimle ileti\u015fime ge\u00e7erek bunu yapabilirsiniz. G\u00fcvenlik prosed\u00fcrlerimiz, bilgileri a\u00e7\u0131klamadan \u00f6nce kimlik kan\u0131t\u0131 isteyebilece\u011fimiz anlam\u0131na gelir. Bu kimlik belgesi, kay\u0131t s\u0131ras\u0131nda g\u00f6nderdi\u011finiz e-posta adresiniz ve \u015fifreniz \u015feklinde olacakt\u0131r. Terminalinizi kullanan di\u011fer ki\u015filerin ki\u015fisel bilgilerinize eri\u015fmesine izin verece\u011finden, taray\u0131c\u0131n\u0131n \u015fifre haf\u0131zas\u0131 i\u015flevini kullanmaman\u0131z\u0131 \u00f6nemle tavsiye ederiz; bunu bir yere yaz\u0131n ve g\u00fcvenli bir yerde saklay\u0131n.<\/p>\n\n<p>Turnikelerimiz veya i\u015f yapma \u015feklimiz hakk\u0131nda herhangi bir sorunuz varsa, profesyonel sat\u0131\u015f ekibimiz Elena <a href=\"tel:+8615323431686\" data-type=\"tel\" data-id=\"tel:+8615323431686\">+8615323431686<\/a> numaral\u0131 telefondan veya <a href=\"mailto:sales@mairsturnstile.com\">sales@mairsturnstile.com<\/a> adresine e-posta g\u00f6ndererek size yard\u0131mc\u0131 olabilir. <\/p>\n\n<p>EKLEMEK: No.164, Pingxing North Road, Pinghu Street, Longgang District, Shenzhen<\/p>\n","protected":false},"excerpt":{"rendered":"<p>Gizlilik politikas\u0131 uyar\u0131nca, Kullan\u0131c\u0131lar\u0131m\u0131z\u0131n kay\u0131t ba\u015fvurular\u0131nda yer alan belirli bilgileri \u00fc\u00e7\u00fcnc\u00fc taraflara [&hellip;]<\/p>\n","protected":false},"author":1,"featured_media":0,"parent":0,"menu_order":0,"comment_status":"closed","ping_status":"closed","template":"","meta":{"footnotes":""},"class_list":["post-23451","page","type-page","status-publish","hentry"],"_links":{"self":[{"href":"https:\/\/www.mairsturnstile-online.com\/tr\/wp-json\/wp\/v2\/pages\/23451","targetHints":{"allow":["GET"]}}],"collection":[{"href":"https:\/\/www.mairsturnstile-online.com\/tr\/wp-json\/wp\/v2\/pages"}],"about":[{"href":"https:\/\/www.mairsturnstile-online.com\/tr\/wp-json\/wp\/v2\/types\/page"}],"author":[{"embeddable":true,"href":"https:\/\/www.mairsturnstile-online.com\/tr\/wp-json\/wp\/v2\/users\/1"}],"replies":[{"embeddable":true,"href":"https:\/\/www.mairsturnstile-online.com\/tr\/wp-json\/wp\/v2\/comments?post=23451"}],"version-history":[{"count":0,"href":"https:\/\/www.mairsturnstile-online.com\/tr\/wp-json\/wp\/v2\/pages\/23451\/revisions"}],"wp:attachment":[{"href":"https:\/\/www.mairsturnstile-online.com\/tr\/wp-json\/wp\/v2\/media?parent=23451"}],"curies":[{"name":"wp","href":"https:\/\/api.w.org\/{rel}","templated":true}]}}