{"id":23410,"date":"2023-02-12T20:43:40","date_gmt":"2023-02-12T12:43:40","guid":{"rendered":"https:\/\/www.mairsturnstile-online.com\/toptan\/"},"modified":"2023-12-14T18:50:57","modified_gmt":"2023-12-14T10:50:57","slug":"toptan","status":"publish","type":"page","link":"https:\/\/www.mairsturnstile-online.com\/tr\/toptan\/","title":{"rendered":"Toptan"},"content":{"rendered":"\t\t<div data-elementor-type=\"wp-page\" data-elementor-id=\"23410\" class=\"elementor elementor-23410 elementor-8240\" data-elementor-post-type=\"page\">\n\t\t\t\t<div class=\"elementor-element elementor-element-0645561 e-flex e-con-boxed e-con e-parent\" data-id=\"0645561\" data-element_type=\"container\" data-settings=\"{&quot;background_background&quot;:&quot;classic&quot;,&quot;shape_divider_bottom&quot;:&quot;arrow&quot;,&quot;shape_divider_bottom_negative&quot;:&quot;yes&quot;}\">\n\t\t\t\t\t<div class=\"e-con-inner\">\n\t\t\t\t<div class=\"elementor-shape elementor-shape-bottom\" data-negative=\"true\">\n\t\t\t<svg xmlns=\"http:\/\/www.w3.org\/2000\/svg\" viewBox=\"0 0 700 10\" preserveAspectRatio=\"none\">\n\t<path class=\"elementor-shape-fill\" d=\"M360 0L350 9.9 340 0 0 0 0 10 700 10 700 0\"\/>\n<\/svg>\t\t<\/div>\n\t\t\t\t<div class=\"elementor-element elementor-element-c87e5fe animated-slow elementor-invisible elementor-widget elementor-widget-heading\" data-id=\"c87e5fe\" data-element_type=\"widget\" data-settings=\"{&quot;_animation&quot;:&quot;slideInUp&quot;}\" data-widget_type=\"heading.default\">\n\t\t\t\t<div class=\"elementor-widget-container\">\n\t\t\t<h2 class=\"elementor-heading-title elementor-size-default\">En kaliteli turnike kap\u0131s\u0131n\u0131 uygun fiyata getirin<\/h2>\t\t<\/div>\n\t\t\t\t<\/div>\n\t\t\t\t<div class=\"elementor-element elementor-element-e6c8ec5 animated-slow elementor-invisible elementor-widget elementor-widget-heading\" data-id=\"e6c8ec5\" data-element_type=\"widget\" data-settings=\"{&quot;_animation&quot;:&quot;slideInUp&quot;}\" data-widget_type=\"heading.default\">\n\t\t\t\t<div class=\"elementor-widget-container\">\n\t\t\t<h2 class=\"elementor-heading-title elementor-size-default\">Garantili Kalite, Garanti 2 Y\u0131l<br>\nM\u00fckemmel \u0130\u015f\u00e7ilik ve Karma\u015f\u0131k \u0130\u015f\u00e7ilik<br>\nKapsaml\u0131 teknik destek<\/h2>\t\t<\/div>\n\t\t\t\t<\/div>\n\t\t\t\t<div class=\"elementor-element elementor-element-8650415 animated-slow elementor-invisible elementor-widget elementor-widget-heading\" data-id=\"8650415\" data-element_type=\"widget\" data-settings=\"{&quot;_animation&quot;:&quot;slideInUp&quot;}\" data-widget_type=\"heading.default\">\n\t\t\t\t<div class=\"elementor-widget-container\">\n\t\t\t<h2 class=\"elementor-heading-title elementor-size-default\">Mairs Turnikesi<\/h2>\t\t<\/div>\n\t\t\t\t<\/div>\n\t\t\t\t\t<\/div>\n\t\t\t\t<\/div>\n\t\t<div class=\"elementor-element elementor-element-cabfd65 e-flex e-con-boxed e-con e-parent\" data-id=\"cabfd65\" data-element_type=\"container\">\n\t\t\t\t\t<div class=\"e-con-inner\">\n\t\t\t\t<div class=\"elementor-element elementor-element-0bf10dc elementor-widget elementor-widget-heading\" data-id=\"0bf10dc\" data-element_type=\"widget\" data-widget_type=\"heading.default\">\n\t\t\t\t<div class=\"elementor-widget-container\">\n\t\t\t<h2 class=\"elementor-heading-title elementor-size-default\">Toptan<\/h2>\t\t<\/div>\n\t\t\t\t<\/div>\n\t\t\t\t<div class=\"elementor-element elementor-element-7bb64a3 elementor-widget elementor-widget-text-editor\" data-id=\"7bb64a3\" data-element_type=\"widget\" data-widget_type=\"text-editor.default\">\n\t\t\t\t<div class=\"elementor-widget-container\">\n\t\t\t\t\t\t\t<p>Y\u00fcksek kaliteli turnike kap\u0131s\u0131 \u00fcr\u00fcnlerini rekabet\u00e7i fiyatlarla almak veya satmak m\u0131 istiyorsunuz? \u0130sterseniz bizimle konu\u015fabilirsiniz. Profesyonel bir turnike kap\u0131s\u0131 \u00fcreticisi olarak, yaln\u0131zca sekt\u00f6rdeki en y\u00fcksek \u00fcr\u00fcn kalitesini sa\u011flamakla kalm\u0131yoruz, ayn\u0131 zamanda rekabet\u00e7i fiyatlar da sa\u011fl\u0131yoruz. G\u00fcvenlik \u00fcr\u00fcnlerimizin toptan sat\u0131\u015f\u0131 i\u00e7in d\u00fcnyan\u0131n her yerinden acenteleri ve toptanc\u0131lar\u0131 memnuniyetle kar\u015f\u0131l\u0131yoruz.<\/p>\n<p>Distrib\u00fct\u00f6r\u00fcm\u00fcz olman\u0131z\u0131 i\u00e7tenlikle memnuniyetle kar\u015f\u0131l\u0131yoruz. \u00dcr\u00fcnlerimizi temsil edecek d\u00fcnyan\u0131n her yerinden acenteler ar\u0131yoruz. Avrupa, T\u00fcrkiye, ABD veya Avustralya&#8217;da turnike tedarik\u00e7isi iseniz veya Avrupa, Amerika veya Afrika&#8217;da kendi ma\u011fazan\u0131z varsa veya ilgili g\u00fcvenlik \u00fcr\u00fcnlerinin sat\u0131\u015f\u0131 ve temsilcili\u011fi konusunda deneyiminiz varsa ve daha fazla \u00fcr\u00fcn i\u00e7in acentemiz olarak hareket etmek istiyorsan\u0131z . Daha fazla bilgi i\u00e7in l\u00fctfen bizimle ileti\u015fime ge\u00e7in. Daha g\u00fcvenli bir d\u00fcnya yaratmak ve d\u00fcnya \u00e7ap\u0131nda daha fazla insana yard\u0131m etmek i\u00e7in birlikte \u00e7al\u0131\u015fabilece\u011fimizi umuyoruz.<\/p>\t\t\t\t\t\t<\/div>\n\t\t\t\t<\/div>\n\t\t\t\t\t<\/div>\n\t\t\t\t<\/div>\n\t\t<div class=\"elementor-element elementor-element-cb84d05 e-flex e-con-boxed e-con e-parent\" data-id=\"cb84d05\" data-element_type=\"container\" data-settings=\"{&quot;background_background&quot;:&quot;classic&quot;,&quot;shape_divider_bottom&quot;:&quot;arrow&quot;,&quot;shape_divider_bottom_negative&quot;:&quot;yes&quot;}\">\n\t\t\t\t\t<div class=\"e-con-inner\">\n\t\t\t\t<div class=\"elementor-shape elementor-shape-bottom\" data-negative=\"true\">\n\t\t\t<svg xmlns=\"http:\/\/www.w3.org\/2000\/svg\" viewBox=\"0 0 700 10\" preserveAspectRatio=\"none\">\n\t<path class=\"elementor-shape-fill\" d=\"M360 0L350 9.9 340 0 0 0 0 10 700 10 700 0\"\/>\n<\/svg>\t\t<\/div>\n\t\t\t\t<div class=\"elementor-element elementor-element-85e9530 animated-slow elementor-invisible elementor-widget elementor-widget-heading\" data-id=\"85e9530\" data-element_type=\"widget\" data-settings=\"{&quot;_animation&quot;:&quot;slideInUp&quot;}\" data-widget_type=\"heading.default\">\n\t\t\t\t<div class=\"elementor-widget-container\">\n\t\t\t<h2 class=\"elementor-heading-title elementor-size-default\">K\u00fcresel ve h\u0131zl\u0131 teslimat<br>\nKolay kurulum\n<\/h2>\t\t<\/div>\n\t\t\t\t<\/div>\n\t\t\t\t<div class=\"elementor-element elementor-element-2688e6d animated-slow elementor-invisible elementor-widget elementor-widget-heading\" data-id=\"2688e6d\" data-element_type=\"widget\" data-settings=\"{&quot;_animation&quot;:&quot;slideInUp&quot;}\" data-widget_type=\"heading.default\">\n\t\t\t\t<div class=\"elementor-widget-container\">\n\t\t\t<h2 class=\"elementor-heading-title elementor-size-default\">Entegre tasar\u0131m, bile\u015fenlerin s\u00f6k\u00fclmesine gerek yok, basit kurulum ve maliyet tasarrufu. M\u00fc\u015fterinin teslim ald\u0131\u011f\u0131 \u00fcr\u00fcn\u00fcn i\u00e7 kablolamas\u0131 ve genel aksesuar montaj\u0131 tamamlanm\u0131\u015f durumdad\u0131r.<\/h2>\t\t<\/div>\n\t\t\t\t<\/div>\n\t\t\t\t\t<\/div>\n\t\t\t\t<\/div>\n\t\t<div class=\"elementor-element elementor-element-ce50501 e-flex e-con-boxed e-con e-parent\" data-id=\"ce50501\" data-element_type=\"container\">\n\t\t\t\t\t<div class=\"e-con-inner\">\n\t\t\t\t<div class=\"elementor-element elementor-element-3482fa6 elementor-widget elementor-widget-text-editor\" data-id=\"3482fa6\" data-element_type=\"widget\" data-widget_type=\"text-editor.default\">\n\t\t\t\t<div class=\"elementor-widget-container\">\n\t\t\t\t\t\t\t<p>Pazar veya proje ihtiya\u00e7lar\u0131n\u0131z\u0131 kar\u015f\u0131layan g\u00fcvenlik turnikelerini tasarlayabilir ve \u00fcretebiliriz. Tasar\u0131m\u0131n\u0131 ve imalat\u0131n\u0131 yapt\u0131\u011f\u0131m\u0131z g\u00fcvenlik turnikeleri ayn\u0131 zamanda sisteminize kolayl\u0131kla entegre edilerek daha fazla fonksiyona ula\u015f\u0131labilmektedir.<\/p>\n<p>\u00dcr\u00fcnlerimizin toptan sat\u0131\u015f\u0131n\u0131 yapmak veya acentemiz olmak istiyorsan\u0131z, l\u00fctfen <a href=\"tel:+8615323431686\">+8615323431686<\/a> numaral\u0131 telefondan sat\u0131\u015f y\u00f6neticimiz Elena&#8217;y\u0131 aray\u0131n veya <a href=\"mailto:sales@mairsturnstile.com\">sales@mairsturnstile.com<\/a> adresine e-posta g\u00f6nderin.<\/p>\n<p>Te\u015fekk\u00fcr ederim.<br>Mairsturnstile-online.com<\/p>\t\t\t\t\t\t<\/div>\n\t\t\t\t<\/div>\n\t\t\t\t\t<\/div>\n\t\t\t\t<\/div>\n\t\t<div class=\"elementor-element elementor-element-67618bb e-flex e-con-boxed e-con e-parent\" data-id=\"67618bb\" data-element_type=\"container\" data-settings=\"{&quot;background_background&quot;:&quot;classic&quot;}\">\n\t\t\t\t\t<div class=\"e-con-inner\">\n\t\t\t\t<div class=\"elementor-element elementor-element-f016981 animated-slow elementor-invisible elementor-widget elementor-widget-heading\" data-id=\"f016981\" data-element_type=\"widget\" data-settings=\"{&quot;_animation&quot;:&quot;slideInUp&quot;}\" data-widget_type=\"heading.default\">\n\t\t\t\t<div class=\"elementor-widget-container\">\n\t\t\t<h2 class=\"elementor-heading-title elementor-size-default\">E\u015fsiz ve Moda Tasar\u0131ml\u0131 Turnike<br>\n\n<\/h2>\t\t<\/div>\n\t\t\t\t<\/div>\n\t\t\t\t<div class=\"elementor-element elementor-element-532cdf8 animated-slow elementor-invisible elementor-widget elementor-widget-heading\" data-id=\"532cdf8\" data-element_type=\"widget\" data-settings=\"{&quot;_animation&quot;:&quot;slideInUp&quot;}\" data-widget_type=\"heading.default\">\n\t\t\t\t<div class=\"elementor-widget-container\">\n\t\t\t<h2 class=\"elementor-heading-title elementor-size-default\">Fabrika Do\u011frudan Sat\u0131\u015f<br>\nOEM ve ODM Hizmeti<br>\nK\u00fcresel ve H\u0131zl\u0131 Teslimat<br>\n\n<\/h2>\t\t<\/div>\n\t\t\t\t<\/div>\n\t\t\t\t<div class=\"elementor-element elementor-element-4f3fffd animated-slow elementor-invisible elementor-widget elementor-widget-heading\" data-id=\"4f3fffd\" data-element_type=\"widget\" data-settings=\"{&quot;_animation&quot;:&quot;slideInUp&quot;}\" data-widget_type=\"heading.default\">\n\t\t\t\t<div class=\"elementor-widget-container\">\n\t\t\t<h2 class=\"elementor-heading-title elementor-size-default\">\nMairs Turnikesi\n<\/h2>\t\t<\/div>\n\t\t\t\t<\/div>\n\t\t\t\t\t<\/div>\n\t\t\t\t<\/div>\n\t\t\t\t<\/div>\n\t\t","protected":false},"excerpt":{"rendered":"<p>En kaliteli turnike kap\u0131s\u0131n\u0131 uygun fiyata getirin Garantili Kalite, Garanti 2 Y\u0131l [&hellip;]<\/p>\n","protected":false},"author":1,"featured_media":0,"parent":0,"menu_order":0,"comment_status":"closed","ping_status":"closed","template":"elementor_header_footer","meta":{"footnotes":""},"class_list":["post-23410","page","type-page","status-publish","hentry"],"_links":{"self":[{"href":"https:\/\/www.mairsturnstile-online.com\/tr\/wp-json\/wp\/v2\/pages\/23410","targetHints":{"allow":["GET"]}}],"collection":[{"href":"https:\/\/www.mairsturnstile-online.com\/tr\/wp-json\/wp\/v2\/pages"}],"about":[{"href":"https:\/\/www.mairsturnstile-online.com\/tr\/wp-json\/wp\/v2\/types\/page"}],"author":[{"embeddable":true,"href":"https:\/\/www.mairsturnstile-online.com\/tr\/wp-json\/wp\/v2\/users\/1"}],"replies":[{"embeddable":true,"href":"https:\/\/www.mairsturnstile-online.com\/tr\/wp-json\/wp\/v2\/comments?post=23410"}],"version-history":[{"count":0,"href":"https:\/\/www.mairsturnstile-online.com\/tr\/wp-json\/wp\/v2\/pages\/23410\/revisions"}],"wp:attachment":[{"href":"https:\/\/www.mairsturnstile-online.com\/tr\/wp-json\/wp\/v2\/media?parent=23410"}],"curies":[{"name":"wp","href":"https:\/\/api.w.org\/{rel}","templated":true}]}}