{"id":23408,"date":"2021-09-08T00:12:56","date_gmt":"2021-09-07T16:12:56","guid":{"rendered":"https:\/\/www.mairsturnstile-online.com\/nakliye\/"},"modified":"2024-03-26T16:26:30","modified_gmt":"2024-03-26T08:26:30","slug":"nakliye","status":"publish","type":"page","link":"https:\/\/www.mairsturnstile-online.com\/tr\/nakliye\/","title":{"rendered":"Nakliye"},"content":{"rendered":"\t\t<div data-elementor-type=\"wp-page\" data-elementor-id=\"23408\" class=\"elementor elementor-23408 elementor-501\" data-elementor-post-type=\"page\">\n\t\t\t\t<div class=\"elementor-element elementor-element-2f0388c e-flex e-con-boxed e-con e-parent\" data-id=\"2f0388c\" data-element_type=\"container\" data-settings=\"{&quot;background_background&quot;:&quot;classic&quot;,&quot;shape_divider_bottom&quot;:&quot;opacity-tilt&quot;}\">\n\t\t\t\t\t<div class=\"e-con-inner\">\n\t\t\t\t<div class=\"elementor-shape elementor-shape-bottom\" data-negative=\"false\">\n\t\t\t<svg xmlns=\"http:\/\/www.w3.org\/2000\/svg\" viewBox=\"0 0 2600 131.1\" preserveAspectRatio=\"none\">\n\t<path class=\"elementor-shape-fill\" d=\"M0 0L2600 0 2600 69.1 0 0z\"\/>\n\t<path class=\"elementor-shape-fill\" style=\"opacity:0.5\" d=\"M0 0L2600 0 2600 69.1 0 69.1z\"\/>\n\t<path class=\"elementor-shape-fill\" style=\"opacity:0.25\" d=\"M2600 0L0 0 0 130.1 2600 69.1z\"\/>\n<\/svg>\t\t<\/div>\n\t\t\t\t<div class=\"elementor-element elementor-element-928039b animated-slow elementor-invisible elementor-widget elementor-widget-heading\" data-id=\"928039b\" data-element_type=\"widget\" data-settings=\"{&quot;_animation&quot;:&quot;slideInUp&quot;}\" data-widget_type=\"heading.default\">\n\t\t\t\t<div class=\"elementor-widget-container\">\n\t\t\t<h2 class=\"elementor-heading-title elementor-size-default\">Yaln\u0131zca size ait olan turnikeleri pazar ve proje ihtiya\u00e7lar\u0131n\u0131za g\u00f6re \u00f6zelle\u015ftirin\n<\/h2>\t\t<\/div>\n\t\t\t\t<\/div>\n\t\t\t\t<div class=\"elementor-element elementor-element-735ac79 animated-slow elementor-invisible elementor-widget elementor-widget-heading\" data-id=\"735ac79\" data-element_type=\"widget\" data-settings=\"{&quot;_animation&quot;:&quot;slideInUp&quot;}\" data-widget_type=\"heading.default\">\n\t\t\t\t<div class=\"elementor-widget-container\">\n\t\t\t<h2 class=\"elementor-heading-title elementor-size-default\">Proje gereksinimlerinize ve pazar taleplerine g\u00f6re, yaln\u0131zca size ait olan bir g\u00fcvenlik turnikesini \u00f6zel olarak tasarlay\u0131p \u00f6zelle\u015ftirece\u011fiz ve accee kontrol sisteminize kolayca entegre edece\u011fiz.<\/h2>\t\t<\/div>\n\t\t\t\t<\/div>\n\t\t\t\t\t<\/div>\n\t\t\t\t<\/div>\n\t\t<div class=\"elementor-element elementor-element-843a213 e-flex e-con-boxed e-con e-parent\" data-id=\"843a213\" data-element_type=\"container\">\n\t\t\t\t\t<div class=\"e-con-inner\">\n\t\t\t\t<div class=\"elementor-element elementor-element-f568323 elementor-widget elementor-widget-text-editor\" data-id=\"f568323\" data-element_type=\"widget\" data-widget_type=\"text-editor.default\">\n\t\t\t\t<div class=\"elementor-widget-container\">\n\t\t\t\t\t\t\t<p><\/p>\n<p>D\u00fcnyan\u0131n bir\u00e7ok \u00fclkesine \u00fccretsiz kargo imkan\u0131 sunuyoruz.<\/p>\n<p><\/p>\n<p>Teslimat s\u00fcresi hakk\u0131nda:<\/p>\n<p><\/p>\n<p>Hava Yoluyla &#8211; FedEx, DHL, TNT (Genellikle 3-7 i\u015f g\u00fcn\u00fc s\u00fcrer)<\/p>\n<p><\/p>\n<p>G\u00f6nderimle ilgili \u00f6zel istekleriniz varsa, iste\u011finizin kar\u015f\u0131lan\u0131p kar\u015f\u0131lanamayaca\u011f\u0131n\u0131 \u00f6\u011frenmek i\u00e7in l\u00fctfen bizimle ileti\u015fime ge\u00e7in.<\/p>\n<p><\/p>\n<p>Profesyonel sat\u0131\u015f ekibimiz Elena, <a href=\"tel:+8615323431686\" data-type=\"tel\" data-id=\"tel:+8615323431686\">+8615323431686<\/a> numaral\u0131 telefondan veya <a href=\"mailto:sales@mairsturnstile.com\">sales@mairsturnstile.com<\/a> adresine e-posta g\u00f6ndererek yard\u0131ma haz\u0131rd\u0131r. <\/p>\n<p><\/p>\n<p>EKLEMEK: No.164, Pingxing North Road, Pinghu Street, Longgang District, Shenzhen<\/p>\n<p><\/p>\n<figure class=\"wp-block-image alignleft size-full\"><\/figure>\t\t\t\t\t\t<\/div>\n\t\t\t\t<\/div>\n\t\t\t\t\t<\/div>\n\t\t\t\t<\/div>\n\t\t<div class=\"elementor-element elementor-element-667d9c3 e-flex e-con-boxed e-con e-parent\" data-id=\"667d9c3\" data-element_type=\"container\" data-settings=\"{&quot;background_background&quot;:&quot;classic&quot;,&quot;shape_divider_top&quot;:&quot;opacity-tilt&quot;}\">\n\t\t\t\t\t<div class=\"e-con-inner\">\n\t\t\t\t<div class=\"elementor-shape elementor-shape-top\" data-negative=\"false\">\n\t\t\t<svg xmlns=\"http:\/\/www.w3.org\/2000\/svg\" viewBox=\"0 0 2600 131.1\" preserveAspectRatio=\"none\">\n\t<path class=\"elementor-shape-fill\" d=\"M0 0L2600 0 2600 69.1 0 0z\"\/>\n\t<path class=\"elementor-shape-fill\" style=\"opacity:0.5\" d=\"M0 0L2600 0 2600 69.1 0 69.1z\"\/>\n\t<path class=\"elementor-shape-fill\" style=\"opacity:0.25\" d=\"M2600 0L0 0 0 130.1 2600 69.1z\"\/>\n<\/svg>\t\t<\/div>\n\t\t\t\t<div class=\"elementor-element elementor-element-b3c06cb animated-slow elementor-invisible elementor-widget elementor-widget-heading\" data-id=\"b3c06cb\" data-element_type=\"widget\" data-settings=\"{&quot;_animation&quot;:&quot;slideInUp&quot;}\" data-widget_type=\"heading.default\">\n\t\t\t\t<div class=\"elementor-widget-container\">\n\t\t\t<h2 class=\"elementor-heading-title elementor-size-default\">E\u015fsiz ve Moda Tasar\u0131ml\u0131 Turnike\n<\/h2>\t\t<\/div>\n\t\t\t\t<\/div>\n\t\t\t\t<div class=\"elementor-element elementor-element-51599f0 animated-slow elementor-invisible elementor-widget elementor-widget-heading\" data-id=\"51599f0\" data-element_type=\"widget\" data-settings=\"{&quot;_animation&quot;:&quot;slideInUp&quot;}\" data-widget_type=\"heading.default\">\n\t\t\t\t<div class=\"elementor-widget-container\">\n\t\t\t<h2 class=\"elementor-heading-title elementor-size-default\">K\u00fcresel ve H\u0131zl\u0131 Teslimat<br>\nOEM ve ODM Hizmeti<br>\nFabrika Do\u011frudan Sat\u0131\u015f<br>\n<\/h2>\t\t<\/div>\n\t\t\t\t<\/div>\n\t\t\t\t<div class=\"elementor-element elementor-element-b4884ca animated-slow elementor-invisible elementor-widget elementor-widget-heading\" data-id=\"b4884ca\" data-element_type=\"widget\" data-settings=\"{&quot;_animation&quot;:&quot;slideInUp&quot;}\" data-widget_type=\"heading.default\">\n\t\t\t\t<div class=\"elementor-widget-container\">\n\t\t\t<h2 class=\"elementor-heading-title elementor-size-default\">Mairs Turnikesi\n<\/h2>\t\t<\/div>\n\t\t\t\t<\/div>\n\t\t\t\t\t<\/div>\n\t\t\t\t<\/div>\n\t\t\t\t<\/div>\n\t\t","protected":false},"excerpt":{"rendered":"<p>Yaln\u0131zca size ait olan turnikeleri pazar ve proje ihtiya\u00e7lar\u0131n\u0131za g\u00f6re \u00f6zelle\u015ftirin Proje [&hellip;]<\/p>\n","protected":false},"author":1,"featured_media":0,"parent":0,"menu_order":0,"comment_status":"closed","ping_status":"closed","template":"elementor_header_footer","meta":{"footnotes":""},"class_list":["post-23408","page","type-page","status-publish","hentry"],"_links":{"self":[{"href":"https:\/\/www.mairsturnstile-online.com\/tr\/wp-json\/wp\/v2\/pages\/23408","targetHints":{"allow":["GET"]}}],"collection":[{"href":"https:\/\/www.mairsturnstile-online.com\/tr\/wp-json\/wp\/v2\/pages"}],"about":[{"href":"https:\/\/www.mairsturnstile-online.com\/tr\/wp-json\/wp\/v2\/types\/page"}],"author":[{"embeddable":true,"href":"https:\/\/www.mairsturnstile-online.com\/tr\/wp-json\/wp\/v2\/users\/1"}],"replies":[{"embeddable":true,"href":"https:\/\/www.mairsturnstile-online.com\/tr\/wp-json\/wp\/v2\/comments?post=23408"}],"version-history":[{"count":0,"href":"https:\/\/www.mairsturnstile-online.com\/tr\/wp-json\/wp\/v2\/pages\/23408\/revisions"}],"wp:attachment":[{"href":"https:\/\/www.mairsturnstile-online.com\/tr\/wp-json\/wp\/v2\/media?parent=23408"}],"curies":[{"name":"wp","href":"https:\/\/api.w.org\/{rel}","templated":true}]}}