{"id":23370,"date":"2021-09-08T00:04:26","date_gmt":"2021-09-07T16:04:26","guid":{"rendered":"https:\/\/www.mairsturnstile-online.com\/iade-politikasi\/"},"modified":"2023-12-13T22:33:10","modified_gmt":"2023-12-13T14:33:10","slug":"iade-politikasi","status":"publish","type":"page","link":"https:\/\/www.mairsturnstile-online.com\/tr\/iade-politikasi\/","title":{"rendered":"\u0130ade politikasi"},"content":{"rendered":"\n<p>\u0130ade adresi: No.164, Pingxing North Road, Pinghu Street, Longgang District, Shenzhen<\/p>\n\n<p>Herhangi bir nedenle sipari\u015finizi iade etmek veya de\u011fi\u015ftirmek istiyorsan\u0131z yard\u0131m etmek i\u00e7in buraday\u0131z! Sipari\u015finizi ald\u0131ktan sonra 30 g\u00fcn i\u00e7inde \u00fccretsiz iade veya de\u011fi\u015fim sunuyoruz.<\/p>\n\n<p>\u0130adeye hak kazanabilmeniz i\u00e7in \u00f6\u011fenizin kullan\u0131lmam\u0131\u015f olmas\u0131 ve ald\u0131\u011f\u0131n\u0131z durumda olmas\u0131 gerekir. Ayr\u0131ca orijinal ambalaj\u0131nda olmal\u0131d\u0131r. Nakliye masraflar\u0131 kar\u015f\u0131lanmaz ve masraflar\u0131 al\u0131c\u0131ya ait olmak \u00fczere iade edilir. \u00dcretici taraf\u0131ndan aksi tavsiye edilmedi\u011fi s\u00fcrece minimum %5 stok \u00fccreti uygulanacakt\u0131r.<\/p>\n\n<p>A\u00e7\u0131lan ve\/veya kurulan \u00f6\u011feler yaln\u0131zca garanti kapsam\u0131nda onar\u0131m veya de\u011fi\u015ftirme i\u00e7in uygundur. L\u00fctfen personelimizi aray\u0131n Elena at <a href=\"tel:+8615323431686\" data-type=\"tel\" data-id=\"tel:+8615323431686\">+8615323431686<\/a> teknik destek veya e-posta i\u00e7in: <a href=\"mailto:sales@mairsturnstile.com\">sales@mairsturnstile.com<\/a><br\/><br\/>T\u00fcm g\u00fcvenlik \u00fcr\u00fcnleri ve ekipmanlar\u0131 \u00f6zel yap\u0131m olup \u00fcretime girdikten sonra iptal edilemez ve iade edilemez.<\/p>\n\n<p>\u00dcreticinin garantileri ge\u00e7erli olacakt\u0131r.<br\/><br\/>Nakliye<br\/><br\/>D\u00fcnyadaki hemen hemen her adrese g\u00f6nderim yapabiliriz. Baz\u0131 \u00fcr\u00fcnlerde k\u0131s\u0131tlamalar oldu\u011funu ve baz\u0131 \u00fcr\u00fcnlerin baz\u0131 uluslararas\u0131 var\u0131\u015f noktalar\u0131na g\u00f6nderilemedi\u011fini unutmay\u0131n. MairsTurnstile-Online.com sat\u0131n alma i\u015fleminizi yapmadan \u00f6nce yaz\u0131l\u0131 olarak \u00f6zellikle belirtilmedi\u011fi s\u00fcrece yerel G\u00fcmr\u00fck Vergileri veya \u00dccretlerinden sorumlu olmayacakt\u0131r.<br\/><\/p>\n\n<p>Te\u015fekk\u00fcrler,<\/p>\n\n<p>www.MairsTurnstile-Online.com<\/p>\n","protected":false},"excerpt":{"rendered":"<p>\u0130ade adresi: No.164, Pingxing North Road, Pinghu Street, Longgang District, Shenzhen Herhangi [&hellip;]<\/p>\n","protected":false},"author":1,"featured_media":0,"parent":0,"menu_order":0,"comment_status":"closed","ping_status":"closed","template":"","meta":{"footnotes":""},"class_list":["post-23370","page","type-page","status-publish","hentry"],"_links":{"self":[{"href":"https:\/\/www.mairsturnstile-online.com\/tr\/wp-json\/wp\/v2\/pages\/23370","targetHints":{"allow":["GET"]}}],"collection":[{"href":"https:\/\/www.mairsturnstile-online.com\/tr\/wp-json\/wp\/v2\/pages"}],"about":[{"href":"https:\/\/www.mairsturnstile-online.com\/tr\/wp-json\/wp\/v2\/types\/page"}],"author":[{"embeddable":true,"href":"https:\/\/www.mairsturnstile-online.com\/tr\/wp-json\/wp\/v2\/users\/1"}],"replies":[{"embeddable":true,"href":"https:\/\/www.mairsturnstile-online.com\/tr\/wp-json\/wp\/v2\/comments?post=23370"}],"version-history":[{"count":0,"href":"https:\/\/www.mairsturnstile-online.com\/tr\/wp-json\/wp\/v2\/pages\/23370\/revisions"}],"wp:attachment":[{"href":"https:\/\/www.mairsturnstile-online.com\/tr\/wp-json\/wp\/v2\/media?parent=23370"}],"curies":[{"name":"wp","href":"https:\/\/api.w.org\/{rel}","templated":true}]}}