{"id":23368,"date":"2022-09-22T19:02:26","date_gmt":"2022-09-22T11:02:26","guid":{"rendered":"https:\/\/www.mairsturnstile-online.com\/kalite-kontrol\/"},"modified":"2023-12-14T18:50:16","modified_gmt":"2023-12-14T10:50:16","slug":"kalite-kontrol","status":"publish","type":"page","link":"https:\/\/www.mairsturnstile-online.com\/tr\/kalite-kontrol\/","title":{"rendered":"Kalite kontrol"},"content":{"rendered":"\t\t<div data-elementor-type=\"wp-page\" data-elementor-id=\"23368\" class=\"elementor elementor-23368 elementor-6361\" data-elementor-post-type=\"page\">\n\t\t\t\t<div class=\"elementor-element elementor-element-b8f1fd0 e-flex e-con-boxed e-con e-parent\" data-id=\"b8f1fd0\" data-element_type=\"container\" data-settings=\"{&quot;background_background&quot;:&quot;classic&quot;}\">\n\t\t\t\t\t<div class=\"e-con-inner\">\n\t\t\t\t<div class=\"elementor-element elementor-element-2b1b9c8 animated-slow elementor-invisible elementor-widget elementor-widget-heading\" data-id=\"2b1b9c8\" data-element_type=\"widget\" data-settings=\"{&quot;_animation&quot;:&quot;slideInUp&quot;}\" data-widget_type=\"heading.default\">\n\t\t\t\t<div class=\"elementor-widget-container\">\n\t\t\t<h2 class=\"elementor-heading-title elementor-size-default\">Derinlemesine \u00f6zelle\u015ftirilmi\u015f g\u00fcvenlik turnikesi\n<\/h2>\t\t<\/div>\n\t\t\t\t<\/div>\n\t\t\t\t<div class=\"elementor-element elementor-element-3d91895 animated-slow elementor-invisible elementor-widget elementor-widget-heading\" data-id=\"3d91895\" data-element_type=\"widget\" data-settings=\"{&quot;_animation&quot;:&quot;slideInUp&quot;}\" data-widget_type=\"heading.default\">\n\t\t\t\t<div class=\"elementor-widget-container\">\n\t\t\t<h2 class=\"elementor-heading-title elementor-size-default\">Proje gereksinimlerinize ve pazar taleplerine g\u00f6re, yaln\u0131zca size ait olan bir g\u00fcvenlik turnikesini \u00f6zel olarak tasarlay\u0131p \u00f6zelle\u015ftirece\u011fiz ve accee kontrol sisteminize kolayca entegre edece\u011fiz.<\/h2>\t\t<\/div>\n\t\t\t\t<\/div>\n\t\t\t\t\t<\/div>\n\t\t\t\t<\/div>\n\t\t<div class=\"elementor-element elementor-element-20737c0 e-flex e-con-boxed e-con e-parent\" data-id=\"20737c0\" data-element_type=\"container\">\n\t\t\t\t\t<div class=\"e-con-inner\">\n\t\t\t\t<div class=\"elementor-element elementor-element-9be1f79 elementor-widget elementor-widget-heading\" data-id=\"9be1f79\" data-element_type=\"widget\" data-widget_type=\"heading.default\">\n\t\t\t\t<div class=\"elementor-widget-container\">\n\t\t\t<h2 class=\"elementor-heading-title elementor-size-default\">G\u00fcvenilir Kalite<\/h2>\t\t<\/div>\n\t\t\t\t<\/div>\n\t\t\t\t\t<\/div>\n\t\t\t\t<\/div>\n\t\t<div class=\"elementor-element elementor-element-f21b5ef e-flex e-con-boxed e-con e-parent\" data-id=\"f21b5ef\" data-element_type=\"container\">\n\t\t\t\t\t<div class=\"e-con-inner\">\n\t\t\t\t<div class=\"elementor-element elementor-element-534ced0 elementor-widget elementor-widget-text-editor\" data-id=\"534ced0\" data-element_type=\"widget\" data-widget_type=\"text-editor.default\">\n\t\t\t\t<div class=\"elementor-widget-container\">\n\t\t\t\t\t\t\t<p>Mairs Turnikesi hammadde, aksesuar ve bitmi\u015f \u00fcr\u00fcnler \u00fczerinde s\u0131k\u0131 kalite kontrol\u00fcne sahiptir. Her turnike kap\u0131s\u0131, nakliyeden \u00f6nce ya\u015flanma testine tabi tutulacakt\u0131r. M\u00fc\u015fterinin referans\u0131 i\u00e7in foto\u011fraflar\u0131 ve test videolar\u0131n\u0131 sakl\u0131yoruz. Mekanizma, kontrol paneli ve di\u011fer \u00f6nemli aksesuarlar sekt\u00f6rdeki en iyi kalitededir. Mekanizma ve kontrol sistemi otoritenin 10 milyon \u00f6m\u00fcr testinden ge\u00e7mi\u015ftir.<\/p>\n<p>Mairs Turnikesi ge\u00e7ti <a href=\"https:\/\/mairsturnstile.com\/wp-content\/uploads\/2022\/09\/Mairs-Registration-Certificate-ISO9001.pdf\" target=\"_blank\" rel=\"noreferrer noopener\"><mark class=\"has-inline-color\">ISO9001 kalite y\u00f6netim sistemi belgelendirmesi<\/mark><\/a>. Turnike kap\u0131lar\u0131m\u0131z ilgili <a href=\"https:\/\/mairsturnstile.com\/wp-content\/uploads\/2022\/09\/Mairs-CE-Certificate-Full-Height-Turnstile.pdf\" target=\"_blank\" rel=\"noreferrer noopener\"><mark class=\"has-inline-color\">CE sertifikalar\u0131na<\/mark><\/a> ve \u00fcr\u00fcn test raporlar\u0131na sahiptir. \u0130lgili sertifikay\u0131 ilgili \u00fcr\u00fcn sayfas\u0131nda bulabilirsiniz. CE belgesinin detayl\u0131 test raporuna ihtiyac\u0131n\u0131z varsa l\u00fctfen bizimle ileti\u015fime ge\u00e7in. \u00dcr\u00fcnlerin \u00fcretim yeterlilik gereksinimlerine uygun olarak \u00fcr\u00fcnlerin kalitesini s\u0131k\u0131 bir \u015fekilde kontrol ediyoruz.<\/p>\n<p>Sadece zengin deneyime ve mesleki bilgiye sahip de\u011filiz, ayn\u0131 zamanda size en kaliteli hizmet ve \u00fcr\u00fcnleri sunabilecek profesyonel bir sat\u0131\u015f ekibimiz ve teknik servis ekibimiz de var.<\/p>\n<p>Y\u00fcksek i\u015flevsellik sa\u011flamak i\u00e7in test edilmi\u015f, garantili kalitemizle gurur duyuyoruz. MairsTurnstile say\u0131s\u0131z m\u00fc\u015fterimizden pek \u00e7ok b\u00fcy\u00fck \u00f6vg\u00fc al\u0131yor.<\/p>\n<p>Herhangi bir 3. taraf denetimi \u00e7o\u011funlukla memnuniyetle kar\u015f\u0131lan\u0131r. De\u011ferlendirmenizi verimli bir \u015fekilde desteklemek i\u00e7in \u00e7al\u0131\u015f\u0131yoruz. Ayr\u0131ca il\u00e7elerinizde kalite standartlar\u0131 ne olursa olsun, ula\u015faca\u011f\u0131m\u0131zdan eminiz. Etkili \u00fcr\u00fcn lansman\u0131n\u0131z i\u00e7in gerekliliklere g\u00f6re size ilgili sertifikalar\u0131 ve test raporlar\u0131n\u0131 sa\u011flamak bizim taahh\u00fcd\u00fcm\u00fczd\u00fcr.<\/p>\n<p>\u00dcr\u00fcn performans\u0131n\u0131 tam olarak test etmek i\u00e7in numunelere ihtiya\u00e7 duyman\u0131z durumunda, \u00f6zel ihtiya\u00e7lar\u0131n\u0131za uygun numuneler haz\u0131rlamaya haz\u0131r\u0131z. Ekibimiz, uygulama gereksinimlerinize tam uyum sa\u011flamak i\u00e7in her t\u00fcrl\u00fc ayr\u0131nt\u0131y\u0131 ayarlaman\u0131za yard\u0131mc\u0131 olacakt\u0131r.<\/p>\t\t\t\t\t\t<\/div>\n\t\t\t\t<\/div>\n\t\t\t\t\t<\/div>\n\t\t\t\t<\/div>\n\t\t<div class=\"elementor-element elementor-element-35ea9f1 e-flex e-con-boxed e-con e-parent\" data-id=\"35ea9f1\" data-element_type=\"container\" data-settings=\"{&quot;background_background&quot;:&quot;classic&quot;,&quot;shape_divider_bottom&quot;:&quot;arrow&quot;,&quot;shape_divider_bottom_negative&quot;:&quot;yes&quot;}\">\n\t\t\t\t\t<div class=\"e-con-inner\">\n\t\t\t\t<div class=\"elementor-shape elementor-shape-bottom\" data-negative=\"true\">\n\t\t\t<svg xmlns=\"http:\/\/www.w3.org\/2000\/svg\" viewBox=\"0 0 700 10\" preserveAspectRatio=\"none\">\n\t<path class=\"elementor-shape-fill\" d=\"M360 0L350 9.9 340 0 0 0 0 10 700 10 700 0\"\/>\n<\/svg>\t\t<\/div>\n\t\t\t\t<div class=\"elementor-element elementor-element-13bff74 animated-slow elementor-invisible elementor-widget elementor-widget-heading\" data-id=\"13bff74\" data-element_type=\"widget\" data-settings=\"{&quot;_animation&quot;:&quot;slideInUp&quot;}\" data-widget_type=\"heading.default\">\n\t\t\t\t<div class=\"elementor-widget-container\">\n\t\t\t<h2 class=\"elementor-heading-title elementor-size-default\">K\u00fcresel ve h\u0131zl\u0131 teslimat<br>\nKolay kurulum\n<\/h2>\t\t<\/div>\n\t\t\t\t<\/div>\n\t\t\t\t<div class=\"elementor-element elementor-element-afa0e31 animated-slow elementor-invisible elementor-widget elementor-widget-heading\" data-id=\"afa0e31\" data-element_type=\"widget\" data-settings=\"{&quot;_animation&quot;:&quot;slideInUp&quot;}\" data-widget_type=\"heading.default\">\n\t\t\t\t<div class=\"elementor-widget-container\">\n\t\t\t<h2 class=\"elementor-heading-title elementor-size-default\">Entegre tasar\u0131m, bile\u015fenlerin s\u00f6k\u00fclmesine gerek yok, basit kurulum ve maliyet tasarrufu. M\u00fc\u015fterinin teslim ald\u0131\u011f\u0131 \u00fcr\u00fcn\u00fcn i\u00e7 kablolamas\u0131 ve genel aksesuar montaj\u0131 tamamlanm\u0131\u015f durumdad\u0131r.<\/h2>\t\t<\/div>\n\t\t\t\t<\/div>\n\t\t\t\t\t<\/div>\n\t\t\t\t<\/div>\n\t\t<div class=\"elementor-element elementor-element-ad17bab e-flex e-con-boxed e-con e-parent\" data-id=\"ad17bab\" data-element_type=\"container\">\n\t\t\t\t\t<div class=\"e-con-inner\">\n\t\t\t\t<div class=\"elementor-element elementor-element-26fe6ed elementor-widget elementor-widget-heading\" data-id=\"26fe6ed\" data-element_type=\"widget\" data-widget_type=\"heading.default\">\n\t\t\t\t<div class=\"elementor-widget-container\">\n\t\t\t<h2 class=\"elementor-heading-title elementor-size-default\">Profesyonel Sat\u0131\u015f Sonras\u0131 Hizmet<\/h2>\t\t<\/div>\n\t\t\t\t<\/div>\n\t\t\t\t<div class=\"elementor-element elementor-element-bba1114 elementor-widget elementor-widget-text-editor\" data-id=\"bba1114\" data-element_type=\"widget\" data-widget_type=\"text-editor.default\">\n\t\t\t\t<div class=\"elementor-widget-container\">\n\t\t\t\t\t\t\t<p>Uzun y\u0131llar boyunca tripod turnikesi, d\u00f6ner turnike, kapakl\u0131 bariyer turnikesi, tam boy turnikeler ve di\u011fer turnike kap\u0131s\u0131 ekipmanlar\u0131 ile ilgili entegre projelerin in\u015fas\u0131 ile MairsTurnstile, bir dizi etkili ve s\u0131k\u0131 planlanm\u0131\u015f sat\u0131\u015f sonras\u0131 hizmet s\u00fcreci biriktirmi\u015ftir.<\/p>\n<p>MairsTurnstile her zaman m\u00fc\u015fterinin bak\u0131\u015f a\u00e7\u0131s\u0131ndan yola \u00e7\u0131kar. Rekabet\u00e7i fiyat avantajlar\u0131n\u0131n yan\u0131 s\u0131ra sat\u0131\u015f \u00f6ncesi ve sat\u0131\u015f sonras\u0131 hizmet de bizim avantaj\u0131m\u0131zd\u0131r. \u0130yi sat\u0131\u015f sonras\u0131 hizmet m\u00fc\u015fterilerin endi\u015felerini giderebilir. Mairs kaliteli \u00fcr\u00fcn ve hizmetler sunmaktad\u0131r. Bizimle \u00e7al\u0131\u015ft\u0131\u011f\u0131n\u0131zda hi\u00e7bir endi\u015feniz olmaz. Maers g\u00fcvenebilece\u011finiz bir \u015firkettir.<\/p>\n<p>GARANT\u0130 KAPSAMI: \u00dcretici, Shenzhen Mairs Intelligent Technology Co,Ltd, i\u015fbu belgeyle \u00fcr\u00fcn\u00fcn malzeme ve i\u015f\u00e7ilik a\u00e7\u0131s\u0131ndan herhangi bir kusur i\u00e7ermedi\u011fini garanti eder. Teslimat tarihinden itibaren 2 y\u0131l garanti veriyoruz. Garanti s\u00fcresi kapsam\u0131ndaki kalite sorunu nedeniyle herhangi bir par\u00e7a ar\u0131zalan\u0131rsa yedek par\u00e7alar\u0131 size \u00fccretsiz g\u00f6nderece\u011fiz.<\/p>\n<p>Garanti s\u00fcresi kapsam\u0131ndaki kalite sorunu nedeniyle herhangi bir par\u00e7a ar\u0131zalan\u0131rsa, orijinal \u00fcr\u00fcnler olmas\u0131 gereken yedek par\u00e7alar\u0131 size \u00fccretsiz olarak g\u00f6nderece\u011fiz; <\/p>\n<p>\u00dcr\u00fcn, garanti s\u00fcresi bittikten sonra da mallara \u00f6m\u00fcr boyu bak\u0131m hizmeti sa\u011flamaktan sorumluysa, aksesuarlar\u0131 de\u011fi\u015ftirirken yaln\u0131zca aksesuarlar\u0131n maliyeti tahsil edilebilir;<\/p>\t\t\t\t\t\t<\/div>\n\t\t\t\t<\/div>\n\t\t\t\t\t<\/div>\n\t\t\t\t<\/div>\n\t\t<div class=\"elementor-element elementor-element-cb9f8ba e-flex e-con-boxed e-con e-parent\" data-id=\"cb9f8ba\" data-element_type=\"container\" data-settings=\"{&quot;background_background&quot;:&quot;classic&quot;,&quot;shape_divider_bottom&quot;:&quot;arrow&quot;,&quot;shape_divider_bottom_negative&quot;:&quot;yes&quot;}\">\n\t\t\t\t\t<div class=\"e-con-inner\">\n\t\t\t\t<div class=\"elementor-shape elementor-shape-bottom\" data-negative=\"true\">\n\t\t\t<svg xmlns=\"http:\/\/www.w3.org\/2000\/svg\" viewBox=\"0 0 700 10\" preserveAspectRatio=\"none\">\n\t<path class=\"elementor-shape-fill\" d=\"M360 0L350 9.9 340 0 0 0 0 10 700 10 700 0\"\/>\n<\/svg>\t\t<\/div>\n\t\t\t\t<div class=\"elementor-element elementor-element-f0193b3 animated-slow elementor-invisible elementor-widget elementor-widget-heading\" data-id=\"f0193b3\" data-element_type=\"widget\" data-settings=\"{&quot;_animation&quot;:&quot;slideInUp&quot;}\" data-widget_type=\"heading.default\">\n\t\t\t\t<div class=\"elementor-widget-container\">\n\t\t\t<h2 class=\"elementor-heading-title elementor-size-default\">En kaliteli turnike kap\u0131s\u0131n\u0131 uygun fiyata getirin<\/h2>\t\t<\/div>\n\t\t\t\t<\/div>\n\t\t\t\t<div class=\"elementor-element elementor-element-7a0fda0 animated-slow elementor-invisible elementor-widget elementor-widget-heading\" data-id=\"7a0fda0\" data-element_type=\"widget\" data-settings=\"{&quot;_animation&quot;:&quot;slideInUp&quot;}\" data-widget_type=\"heading.default\">\n\t\t\t\t<div class=\"elementor-widget-container\">\n\t\t\t<h2 class=\"elementor-heading-title elementor-size-default\">Garantili Kalite, Garanti 2 Y\u0131l<br>\nM\u00fckemmel \u0130\u015f\u00e7ilik ve Karma\u015f\u0131k \u0130\u015f\u00e7ilik<br>\nKapsaml\u0131 teknik destek<\/h2>\t\t<\/div>\n\t\t\t\t<\/div>\n\t\t\t\t<div class=\"elementor-element elementor-element-b95bfd9 animated-slow elementor-invisible elementor-widget elementor-widget-heading\" data-id=\"b95bfd9\" data-element_type=\"widget\" data-settings=\"{&quot;_animation&quot;:&quot;slideInUp&quot;}\" data-widget_type=\"heading.default\">\n\t\t\t\t<div class=\"elementor-widget-container\">\n\t\t\t<h2 class=\"elementor-heading-title elementor-size-default\">Mairs Turnikesi<\/h2>\t\t<\/div>\n\t\t\t\t<\/div>\n\t\t\t\t\t<\/div>\n\t\t\t\t<\/div>\n\t\t<div class=\"elementor-element elementor-element-a09b1b7 e-flex e-con-boxed e-con e-parent\" data-id=\"a09b1b7\" data-element_type=\"container\">\n\t\t\t\t\t<div class=\"e-con-inner\">\n\t\t\t\t<div class=\"elementor-element elementor-element-6efc852 elementor-widget elementor-widget-text-editor\" data-id=\"6efc852\" data-element_type=\"widget\" data-widget_type=\"text-editor.default\">\n\t\t\t\t<div class=\"elementor-widget-container\">\n\t\t\t\t\t\t\t<p>M\u00fc\u015fteri a\u00e7\u0131s\u0131ndan bak\u0131ld\u0131\u011f\u0131nda, MairsTurnstile her zaman m\u00fc\u015fterinin endi\u015felerini gidermek i\u00e7in s\u00f6zle\u015fmede hizmet avantajlar\u0131m\u0131z\u0131 belirtmeye \u00e7al\u0131\u015fm\u0131\u015ft\u0131r. Burada ayr\u0131ca kaliteli turnike kap\u0131s\u0131 sat\u0131n al\u0131rken fiyat\u0131n dikkate al\u0131nmas\u0131 gereken bir fakt\u00f6r oldu\u011funu ancak ayn\u0131 zamanda kap\u0131lar\u0131n marka itibar\u0131 ve sat\u0131\u015f sonras\u0131 hizmet fakt\u00f6rlerine daha fazla dikkat etmemiz gerekti\u011fini, bunun da tasarruf sa\u011flayaca\u011f\u0131m\u0131z\u0131 hat\u0131rlat\u0131r\u0131z. sonraki kullan\u0131m s\u00fcrecinde \u00e7ok fazla maliyet ve enerji.<\/p>\n<p>\u0130ST\u0130SNALAR: Shenzhen Mairs Intelligent Technology Co,Ltd&#8217;nin a\u015fa\u011f\u0131daki durumlarda bu s\u0131n\u0131rl\u0131 garanti kapsam\u0131nda herhangi bir sorumlulu\u011fu veya y\u00fck\u00fcml\u00fcl\u00fc\u011f\u00fc olmayacakt\u0131r:<\/p>\n<p>1. \u00dcr\u00fcn\u00fcn yanl\u0131\u015f veya k\u00f6t\u00fc kullan\u0131m\u0131ndan kaynaklanan herhangi bir kusur.<\/p>\n<p>2. Do\u011fal afetlerden kaynaklanan hasarlar.<\/p>\n<p>3. Yetkisiz de\u011fi\u015fiklikten kaynaklanan hasarlar.<\/p>\n<p>4. \u00dcr\u00fcn\u00fcn uygunsuz depolanmas\u0131ndan kaynaklanan kusurlar.<\/p>\n<p>5. Kas\u0131tl\u0131 olarak insan yap\u0131m\u0131n\u0131n neden oldu\u011fu hasar (bu t\u00fcr di\u011fer \u015fartlar ve ko\u015fullar\u0131 sa\u011flay\u0131n)<\/p>\t\t\t\t\t\t<\/div>\n\t\t\t\t<\/div>\n\t\t\t\t\t<\/div>\n\t\t\t\t<\/div>\n\t\t<div class=\"elementor-element elementor-element-79ae281 e-flex e-con-boxed e-con e-parent\" data-id=\"79ae281\" data-element_type=\"container\" data-settings=\"{&quot;background_background&quot;:&quot;classic&quot;,&quot;shape_divider_bottom&quot;:&quot;arrow&quot;,&quot;shape_divider_bottom_negative&quot;:&quot;yes&quot;}\">\n\t\t\t\t\t<div class=\"e-con-inner\">\n\t\t\t\t<div class=\"elementor-shape elementor-shape-bottom\" data-negative=\"true\">\n\t\t\t<svg xmlns=\"http:\/\/www.w3.org\/2000\/svg\" viewBox=\"0 0 700 10\" preserveAspectRatio=\"none\">\n\t<path class=\"elementor-shape-fill\" d=\"M360 0L350 9.9 340 0 0 0 0 10 700 10 700 0\"\/>\n<\/svg>\t\t<\/div>\n\t\t\t\t<div class=\"elementor-element elementor-element-a29f618 animated-slow elementor-invisible elementor-widget elementor-widget-heading\" data-id=\"a29f618\" data-element_type=\"widget\" data-settings=\"{&quot;_animation&quot;:&quot;slideInUp&quot;}\" data-widget_type=\"heading.default\">\n\t\t\t\t<div class=\"elementor-widget-container\">\n\t\t\t<h2 class=\"elementor-heading-title elementor-size-default\">E\u015fsiz ve Moda Tasar\u0131ml\u0131 Turnike<br>\n\n<\/h2>\t\t<\/div>\n\t\t\t\t<\/div>\n\t\t\t\t<div class=\"elementor-element elementor-element-acb00f2 animated-slow elementor-invisible elementor-widget elementor-widget-heading\" data-id=\"acb00f2\" data-element_type=\"widget\" data-settings=\"{&quot;_animation&quot;:&quot;slideInUp&quot;}\" data-widget_type=\"heading.default\">\n\t\t\t\t<div class=\"elementor-widget-container\">\n\t\t\t<h2 class=\"elementor-heading-title elementor-size-default\">Fabrika Do\u011frudan Sat\u0131\u015f<br>\nOEM ve ODM Hizmeti<br>\nK\u00fcresel ve H\u0131zl\u0131 Teslimat<br>\n\n<\/h2>\t\t<\/div>\n\t\t\t\t<\/div>\n\t\t\t\t<div class=\"elementor-element elementor-element-45fad1a animated-slow elementor-invisible elementor-widget elementor-widget-heading\" data-id=\"45fad1a\" data-element_type=\"widget\" data-settings=\"{&quot;_animation&quot;:&quot;slideInUp&quot;}\" data-widget_type=\"heading.default\">\n\t\t\t\t<div class=\"elementor-widget-container\">\n\t\t\t<h2 class=\"elementor-heading-title elementor-size-default\">\nMairs Turnikesi\n<\/h2>\t\t<\/div>\n\t\t\t\t<\/div>\n\t\t\t\t\t<\/div>\n\t\t\t\t<\/div>\n\t\t<div class=\"elementor-element elementor-element-c6ab779 e-flex e-con-boxed e-con e-parent\" data-id=\"c6ab779\" data-element_type=\"container\">\n\t\t\t\t\t<div class=\"e-con-inner\">\n\t\t\t\t<div class=\"elementor-element elementor-element-b306ea7 elementor-widget elementor-widget-text-editor\" data-id=\"b306ea7\" data-element_type=\"widget\" data-widget_type=\"text-editor.default\">\n\t\t\t\t<div class=\"elementor-widget-container\">\n\t\t\t\t\t\t\t<p>SINIRLAMALAR: \u00dcr\u00fcnde herhangi bir kusur olmas\u0131 durumunda size yap\u0131lacak tek ba\u015fvuru yukar\u0131da belirtildi\u011fi gibi onar\u0131m veya par\u00e7alar\u0131n de\u011fi\u015ftirilmesidir. Sonu\u00e7 olarak ortaya \u00e7\u0131kan hasarlardan veya \u00fcr\u00fcn\u00fcn kullan\u0131lamamas\u0131ndan sorumlu olmayaca\u011f\u0131z. Onar\u0131m veya de\u011fi\u015ftirme maliyeti, vergi, nakliye ve kurulum \u00fccretleri hari\u00e7 \u00fcr\u00fcn\u00fcn sat\u0131n alma fiyat\u0131ndan y\u00fcksek olmayacakt\u0131r.<\/p>\n<p>Kullan\u0131c\u0131, \u00fcr\u00fcn\u00fc y\u00fckleyerek ve kullanarak burada a\u00e7\u0131klanan \u015fart ve ko\u015fullar\u0131 kabul etmi\u015f olur.<\/p>\n<p>5. GARANT\u0130 H\u0130ZMET\u0130: Bu garanti kapsam\u0131ndaki hizmetimizden yararlanmak isterseniz a\u015fa\u011f\u0131daki ileti\u015fim bilgilerinden ileti\u015fime ge\u00e7ebilirsiniz.<\/p>\n<p>Elena Lee support@mairsturstile.com Tel:008615323431686<\/p>\n<p>Te\u015fekk\u00fcr ederim.<br>Mairsturnstile-online.com<\/p>\t\t\t\t\t\t<\/div>\n\t\t\t\t<\/div>\n\t\t\t\t\t<\/div>\n\t\t\t\t<\/div>\n\t\t\t\t<\/div>\n\t\t","protected":false},"excerpt":{"rendered":"<p>Derinlemesine \u00f6zelle\u015ftirilmi\u015f g\u00fcvenlik turnikesi Proje gereksinimlerinize ve pazar taleplerine g\u00f6re, yaln\u0131zca size [&hellip;]<\/p>\n","protected":false},"author":1,"featured_media":0,"parent":0,"menu_order":0,"comment_status":"closed","ping_status":"closed","template":"elementor_header_footer","meta":{"footnotes":""},"class_list":["post-23368","page","type-page","status-publish","hentry"],"_links":{"self":[{"href":"https:\/\/www.mairsturnstile-online.com\/tr\/wp-json\/wp\/v2\/pages\/23368","targetHints":{"allow":["GET"]}}],"collection":[{"href":"https:\/\/www.mairsturnstile-online.com\/tr\/wp-json\/wp\/v2\/pages"}],"about":[{"href":"https:\/\/www.mairsturnstile-online.com\/tr\/wp-json\/wp\/v2\/types\/page"}],"author":[{"embeddable":true,"href":"https:\/\/www.mairsturnstile-online.com\/tr\/wp-json\/wp\/v2\/users\/1"}],"replies":[{"embeddable":true,"href":"https:\/\/www.mairsturnstile-online.com\/tr\/wp-json\/wp\/v2\/comments?post=23368"}],"version-history":[{"count":0,"href":"https:\/\/www.mairsturnstile-online.com\/tr\/wp-json\/wp\/v2\/pages\/23368\/revisions"}],"wp:attachment":[{"href":"https:\/\/www.mairsturnstile-online.com\/tr\/wp-json\/wp\/v2\/media?parent=23368"}],"curies":[{"name":"wp","href":"https:\/\/api.w.org\/{rel}","templated":true}]}}