{"id":8189,"date":"2021-07-17T10:39:31","date_gmt":"2021-07-17T02:39:31","guid":{"rendered":"https:\/\/www.mairsturnstile-online.com\/product\/zewnetrzna-bramka-serwomotorowa-mt-359w\/"},"modified":"2023-11-05T22:27:22","modified_gmt":"2023-11-05T14:27:22","slug":"kolowroty-optyczne","status":"publish","type":"product","link":"https:\/\/www.mairsturnstile-online.com\/pl\/produkt\/kolowroty-optyczne\/","title":{"rendered":"ZEWN\u0118TRZNE BRAMKI OPTYCZNE SPEED GATE MT-359W"},"content":{"rendered":"\r\n        <div class=\"modelViewerBlock\" data-attributes='{&quot;align&quot;:&quot;start&quot;,&quot;uniqueId&quot;:&quot;model18151&quot;,&quot;currentViewer&quot;:&quot;modelViewer&quot;,&quot;multiple&quot;:false,&quot;model&quot;:{&quot;modelUrl&quot;:&quot;https:\\\/\\\/www.mairsturnstile-online.com\\\/wp-content\\\/uploads\\\/2021\\\/07\\\/MT-359W.glb&quot;,&quot;poster&quot;:&quot;&quot;},&quot;O3DVSettings&quot;:{&quot;isFullscreen&quot;:true,&quot;isPagination&quot;:false,&quot;isNavigation&quot;:true,&quot;camera&quot;:null,&quot;mouseControl&quot;:true},&quot;models&quot;:[],&quot;lazyLoad&quot;:false,&quot;loading&quot;:&quot;auto&quot;,&quot;autoplay&quot;:false,&quot;shadow&quot;:true,&quot;autoRotate&quot;:true,&quot;zoom&quot;:true,&quot;isPagination&quot;:false,&quot;isNavigation&quot;:true,&quot;preload&quot;:&quot;auto&quot;,&quot;rotationPerSecond&quot;:&quot;30&quot;,&quot;mouseControl&quot;:true,&quot;fullscreen&quot;:true,&quot;variant&quot;:false,&quot;loadingPercentage&quot;:false,&quot;progressBar&quot;:true,&quot;rotate&quot;:false,&quot;rotateAlongX&quot;:&quot;0&quot;,&quot;rotateAlongY&quot;:&quot;75&quot;,&quot;exposure&quot;:&quot;1&quot;,&quot;styles&quot;:{&quot;width&quot;:&quot;1150px&quot;,&quot;height&quot;:&quot;650px&quot;,&quot;bgColor&quot;:&quot;#f9f9f9&quot;,&quot;progressBarColor&quot;:&quot;&quot;},&quot;stylesheet&quot;:null,&quot;additional&quot;:{&quot;ID&quot;:&quot;&quot;,&quot;Class&quot;:&quot;&quot;,&quot;CSS&quot;:&quot;&quot;},&quot;animation&quot;:false,&quot;woo&quot;:false,&quot;selectedAnimation&quot;:&quot;&quot;}'><\/div>\r\n\r\n        \n<p>ZEWN\u0118TRZNE BRAMKI OPTYCZNE SPEED GATE MT-359W<\/p>\n<p>Mo\u017cemy \u015bwiadczy\u0107 us\u0142ugi OEM i ODM. Mamy do\u015bwiadczonych projektant\u00f3w, kt\u00f3rzy s\u0105 w stanie dokona\u0107 g\u0142\u0119bokiej personalizacji wed\u0142ug Twoich potrzeb. W najszybszym mo\u017cliwym terminie udost\u0119pnimy szereg materia\u0142\u00f3w takich jak wizualizacje 3D, rysunki wymiarowe itp.<\/p>\n<p>Wszystkie nasze produkty posiadaj\u0105 2 lata gwarancji oraz trwa\u0142e wsparcie w zakresie konserwacji i napraw. Dostarczamy r\u00f3wnie\u017c urz\u0105dzenia biometryczne, takie jak skanery linii papilarnych i kamery rozpoznaj\u0105ce twarz. Czytnik kart RFID, skaner kod\u00f3w QR. Je\u015bli potrzebujesz zintegrowa\u0107 te urz\u0105dzenia z ko\u0142owrotami optycznymi lub masz jakie\u015b pytania<a href=\"https:\/\/www.mairsturnstile-online.com\/contact-us\/\">, popro\u015b o wycen\u0119.<\/a><\/p>\n<p>Mo\u017cemy r\u00f3wnie\u017c w ci\u0105gu kilku minut stworzy\u0107 dla Ciebie rendering na podstawie Twojego rzeczywistego scenariusza. Zapewniamy r\u00f3wnie\u017c szczeg\u00f3\u0142owy uk\u0142ad i rysunki, a tak\u017ce rysunki instalacyjne. Nie martw si\u0119 o instalacj\u0119. Aby zapozna\u0107 si\u0119 z konkretnymi wymiarami i wymiarami monta\u017cowymi, nale\u017cy pobra\u0107 nasz odpowiedni plik PDF.<\/p>\n\n\t\t\t\n\t<style type=\"text\/css\">\n\t\t.slider-info-18178.bafg-slider-info .bafg-slider-title {\n\t\t\t\t\t\t\tfont-size:\n\t\t\t\t\t22px\t\t\t\t;\n\t\t\t\n\t\t\t\n\t\t\t\t\t}\n\n\t\t.slider-info-18178.bafg-slider-info .bafg-slider-description {\n\t\t\t\n\t\t\t\n\t\t\t\t\t}\n\t\t\n\t\t\n\t\t.slider-info-18178.bafg-slider-info .bafg_slider_readmore_button {\n\t\t\t\n\t\t\t\n\t\t\t\n\t\t\t\n\t\t\t\n\t\t\ttext-align: center;\n\n\t\t\t\n\t\t\t\n\t\t\t\n\t\t\t\n\t\t\t\t\t}\n\n\t\t.slider-info-18178.bafg-slider-info .bafg_slider_readmore_button:hover {\n\n\t\t\t\n\t\t\t\n\t\t\t\t\t}\n\t<\/style>\n\t\n\t\t\t<div class=\"bafg-twentytwenty-container slider-18178  \"\n\t\t\t\tbafg-orientation=\"horizontal\" bafg-default-offset=\"0.5\"\n\t\t\t\tbafg-before-label=\"Before\"\n\t\t\t\tbafg-after-label=\"After\" bafg-overlay=\"1\"\n\t\t\t\tbafg-move-slider-on-hover=\"1\"\n\t\t\t\tbafg-click-to-move=\"\">\n\n\t\t\t\t\t\t\t\t<img class=\"skip-lazy\" data-skip-lazy\t\t\t\t\tsrc=\"https:\/\/www.mairsturnstile-online.com\/wp-content\/uploads\/2021\/07\/optical-turnstiles-7.jpg\" alt=\"\">\n\t\t\t\t<img class=\"skip-lazy\" data-skip-lazy\t\t\t\t\tsrc=\"https:\/\/www.mairsturnstile-online.com\/wp-content\/uploads\/2021\/07\/optical-turnstiles-8.jpg\" alt=\"\">\n\n\t\t\t<\/div>\n\n\t\t\t\t<div class=\"bafg-slider-info-wraper\">\n\t\t<div style=\"\" class=\"slider-info-18178 bafg-slider-info\">\n\t\t\t\t\t<\/div>\n\t<\/div>\n\t\n\t\t\t<style type=\"text\/css\">\n\t\t\t\t\t\t\t\t\t\t\t<\/style>\n\t\t\t\n<p><strong>Parametr techniczny:<\/strong><\/p>\n<p>1. Rozmiar: 1500*150*980mm (mo\u017cna dostosowa\u0107)<br \/>\n2. Napi\u0119cie zasilania: 110 V-240 V, 50 HZ\/60 Hz<br \/>\n3. Napi\u0119cie robocze: DC24V<br \/>\n4. Wilgotno\u015b\u0107 wzgl\u0119dna: \u226495%, bez kondensacji<br \/>\n5. Bramki optyczne Czas odblokowania: 0,2 s<br \/>\n6. Materia\u0142: stal nierdzewna 304<br \/>\n7. Materia\u0142 ramienia: akryl 10 mm<br \/>\n8. Silnik: bezszczotkowy serwomotor<br \/>\n9. Szeroko\u015b\u0107 przej\u015bcia: 600 mm standardowy 900 mm dla niepe\u0142nosprawnych<br \/>\n10. Temperatura pracy: \uff0d25 \u2103 \uff5e 70 \u2103<br \/>\n11. \u015arodowisko pracy: wewn\u0105trz i na zewn\u0105trz<br \/>\n12. Przepustowo\u015b\u0107: 35 p\/min<br \/>\n13. Maksymalny pob\u00f3r mocy: 120W<br \/>\n14. Wysoko\u015b\u0107 ramienia: od pod\u0142o\u017ca 1300 mm dostosowana<br \/>\n15. Interfejs komunikacyjny: sygna\u0142 RS485\/przeka\u017anik<br \/>\n16. MCBF: 5,000,000 cykli<br \/>\n17. Zastosowanie: lotniska, hotele, hale rz\u0105dowe itp<\/p>\n<p>Mo\u017cemy zapewni\u0107 ca\u0142e rozwi\u0105zanie kontroli dost\u0119pu bezpiecze\u0144stwa. Je\u015bli posiadasz w\u0142asny system kontroli dost\u0119pu, mo\u017cesz bezpo\u015brednio skorzysta\u0107 z naszej bramki obrotowej. Je\u015bli go nie posiadasz, zapewniamy r\u00f3wnie\u017c kompletne rozwi\u0105zanie w zakresie kontroli dost\u0119pu. Aby uzyska\u0107 szczeg\u00f3\u0142owe informacje, zapoznaj si\u0119 z poni\u017cszym filmem.<\/p>\n<p><iframe title=\"Bramka obrotowa Speed Gate z rozwi\u0105zaniem z kodem QR - MairsTurnstile.com\" src=\"https:\/\/www.youtube.com\/embed\/izk8WuYn4no\" width=\"1150\" height=\"650\" frameborder=\"0\" allowfullscreen=\"allowfullscreen\"><\/iframe><\/p>\n","protected":false},"excerpt":{"rendered":"<p>Wsparcie OEM i ODM. Obs\u0142uga urz\u0105dze\u0144 biometrycznych innych firm, takich jak skaner linii papilarnych, kamera do rozpoznawania twarzy. Czytnik kart RFID, skaner kod\u00f3w QR. <span style=\"color: #0000ff;\"><strong><a style=\"color: #0000ff;\" title=\"Bramka obrotowa z certyfikatem CE Mairs\" href=\"http:\/\/mairsturnstile.com\/wp-content\/uploads\/2022\/09\/Mairs-CE-Certificate-Speed-Gate-Turnstile.pdf\" target=\"_blank\" rel=\"noopener noreferrer\">CE Certificated,<\/a> <a style=\"color: #0000ff;\" title=\"Mairs Certyfikat ISO9001\" href=\"http:\/\/mairsturnstile.com\/wp-content\/uploads\/2022\/09\/Mairs-Registration-Certificate-ISO9001.pdf\" target=\"_blank\" rel=\"noopener noreferrer\">ISO9001 Certificated.<\/a><\/strong><\/span><\/p>\n","protected":false},"featured_media":61774,"comment_status":"closed","ping_status":"closed","template":"","meta":[],"product_cat":[124],"product_tag":[],"class_list":["post-8189","product","type-product","status-publish","has-post-thumbnail","hentry","product_cat-brama-szybkosciowa"],"_links":{"self":[{"href":"https:\/\/www.mairsturnstile-online.com\/pl\/wp-json\/wp\/v2\/product\/8189","targetHints":{"allow":["GET"]}}],"collection":[{"href":"https:\/\/www.mairsturnstile-online.com\/pl\/wp-json\/wp\/v2\/product"}],"about":[{"href":"https:\/\/www.mairsturnstile-online.com\/pl\/wp-json\/wp\/v2\/types\/product"}],"replies":[{"embeddable":true,"href":"https:\/\/www.mairsturnstile-online.com\/pl\/wp-json\/wp\/v2\/comments?post=8189"}],"wp:featuredmedia":[{"embeddable":true,"href":"https:\/\/www.mairsturnstile-online.com\/pl\/wp-json\/wp\/v2\/media\/61774"}],"wp:attachment":[{"href":"https:\/\/www.mairsturnstile-online.com\/pl\/wp-json\/wp\/v2\/media?parent=8189"}],"wp:term":[{"taxonomy":"product_cat","embeddable":true,"href":"https:\/\/www.mairsturnstile-online.com\/pl\/wp-json\/wp\/v2\/product_cat?post=8189"},{"taxonomy":"product_tag","embeddable":true,"href":"https:\/\/www.mairsturnstile-online.com\/pl\/wp-json\/wp\/v2\/product_tag?post=8189"}],"curies":[{"name":"wp","href":"https:\/\/api.w.org\/{rel}","templated":true}]}}