{"id":8184,"date":"2021-07-18T08:40:56","date_gmt":"2021-07-18T00:40:56","guid":{"rendered":"https:\/\/www.mairsturnstile-online.com\/product\/wysokiej-jakosci-serwo-silnik-predkosci-bramki-mt-a304\/"},"modified":"2023-11-05T22:25:12","modified_gmt":"2023-11-05T14:25:12","slug":"kolowrotek-metalowy","status":"publish","type":"product","link":"https:\/\/www.mairsturnstile-online.com\/pl\/produkt\/kolowrotek-metalowy\/","title":{"rendered":"WYSOKIEJ JAKO\u015aCI METALOWA BRAMKA KO\u0141OWROTNA MT-A304"},"content":{"rendered":"<p>WYSOKIEJ JAKO\u015aCI METALOWA BRAMKA KO\u0141OWROTNA MT-A304<\/p>\n<p>Mo\u017cemy \u015bwiadczy\u0107 us\u0142ugi OEM i ODM. Mamy do\u015bwiadczonych projektant\u00f3w, kt\u00f3rzy s\u0105 w stanie dokona\u0107 g\u0142\u0119bokiej personalizacji wed\u0142ug Twoich potrzeb. W najszybszym mo\u017cliwym terminie udost\u0119pnimy szereg materia\u0142\u00f3w takich jak wizualizacje 3D, rysunki wymiarowe itp.<\/p>\n<p>Wszystkie nasze produkty posiadaj\u0105 2 lata gwarancji oraz trwa\u0142e wsparcie w zakresie konserwacji i napraw. Dostarczamy r\u00f3wnie\u017c urz\u0105dzenia biometryczne, takie jak skanery linii papilarnych i kamery rozpoznaj\u0105ce twarz. Czytnik kart RFID, skaner kod\u00f3w QR. Je\u015bli potrzebujesz zintegrowa\u0107 te urz\u0105dzenia na bramce obrotowej lub masz jakie\u015b pytania, <a href=\"https:\/\/www.mairsturnstile-online.com\/contact-us\/\">popro\u015b o wycen\u0119.<\/a><\/p>\n<p>Mo\u017cemy r\u00f3wnie\u017c w ci\u0105gu kilku minut stworzy\u0107 dla Ciebie rendering na podstawie Twojego rzeczywistego scenariusza. Zapewniamy r\u00f3wnie\u017c szczeg\u00f3\u0142owy uk\u0142ad i rysunki, a tak\u017ce rysunki instalacyjne. Nie martw si\u0119 o instalacj\u0119. Aby zapozna\u0107 si\u0119 z konkretnymi wymiarami i wymiarami monta\u017cowymi, nale\u017cy pobra\u0107 nasz odpowiedni plik PDF.<\/p>\n<p><strong>Parametr techniczny:<\/strong><\/p>\n<p>1. Rozmiar: 1500 * 120 * 980 mm<br \/>\n2. Materia\u0142: czapka 1,5 mm + korpus 1,2 mm szczotkowany SUS 304<br \/>\n3. Materia\u0142 ramienia: akryl 10 mm (opcja ze szk\u0142a hartowanego)<br \/>\n4. Szeroko\u015b\u0107 przej\u015bcia: standardowa 600 mm maks. 1200 mm (rami\u0119 wydr\u0105\u017cone ponad 900 mm)<br \/>\n5. Wysoko\u015b\u0107 ramienia: maks. 1500 mm (szeroko\u015b\u0107 dost\u0119pu 900 mm)<br \/>\n6. Kierunek przej\u015bcia Jednokierunkowy\/Dwukierunkowy<br \/>\n7. Przepustowo\u015b\u0107: 30-35 os\u00f3b\/minut\u0119<br \/>\n8. Czas dzia\u0142ania: 0,2 sekundy<br \/>\n9. Wej\u015bcie zasilania: AC100-240V,50\/60HZ<br \/>\n10. Napi\u0119cie robocze: 24 V<br \/>\n11. Wilgotno\u015b\u0107 robocza: 30%~95%<br \/>\n12. Temperatura pracy: -40\u2103~+70\u2103<br \/>\n13. \u015arodowisko pracy: wewn\u0105trz<\/p>\n<p>14. Interfejs wej\u015bciowy: RS485, styk bezpr\u0105dowy<br \/>\n15. Mechanizm: Serwo Silnik bezszczotkowy 120W<br \/>\n16. Czujnik podczerwieni: 6 par<br \/>\n17. MCBF: 5 000 000 cykli<br \/>\n18. Zastosowanie: Biurowiec, Hotele, Sale rz\u0105dowe itp.<\/p>\n<p>Mo\u017cemy zapewni\u0107 ca\u0142e rozwi\u0105zanie kontroli dost\u0119pu bezpiecze\u0144stwa. Je\u015bli posiadasz w\u0142asny system kontroli dost\u0119pu, mo\u017cesz bezpo\u015brednio skorzysta\u0107 z naszej bramki obrotowej. Je\u015bli go nie posiadasz, zapewniamy r\u00f3wnie\u017c kompletne rozwi\u0105zanie w zakresie kontroli dost\u0119pu. Aby uzyska\u0107 szczeg\u00f3\u0142owe informacje, zapoznaj si\u0119 z poni\u017cszym filmem.<\/p>\n<p><iframe title=\"Ko\u0142owr\u00f3t na lotnisku, bramka szybkiego ruchu na lotnisko, stacja metra - MairsTurnstile.com\" src=\"https:\/\/www.youtube.com\/embed\/rR_US2dIKU8\" width=\"1150\" height=\"650\" frameborder=\"0\" allowfullscreen=\"allowfullscreen\"><\/iframe><\/p>\n","protected":false},"excerpt":{"rendered":"<p>Wsparcie OEM i ODM. Obs\u0142uga urz\u0105dze\u0144 biometrycznych innych firm, takich jak skaner linii papilarnych, kamera do rozpoznawania twarzy. Czytnik kart RFID, skaner kod\u00f3w QR. <span style=\"color: #0000ff;\"><strong><a style=\"color: #0000ff;\" title=\"Bramka obrotowa z certyfikatem CE Mairs\" href=\"http:\/\/mairsturnstile.com\/wp-content\/uploads\/2022\/09\/Mairs-CE-Certificate-Speed-Gate-Turnstile.pdf\" target=\"_blank\" rel=\"noopener noreferrer\">CE Certificated,<\/a> <a style=\"color: #0000ff;\" title=\"Mairs Certyfikat ISO9001\" href=\"http:\/\/mairsturnstile.com\/wp-content\/uploads\/2022\/09\/Mairs-Registration-Certificate-ISO9001.pdf\" target=\"_blank\" rel=\"noopener noreferrer\">ISO9001 Certificated.<\/a><\/strong><\/span><\/p>\n","protected":false},"featured_media":61657,"comment_status":"closed","ping_status":"closed","template":"","meta":[],"product_cat":[124],"product_tag":[],"class_list":["post-8184","product","type-product","status-publish","has-post-thumbnail","hentry","product_cat-brama-szybkosciowa"],"_links":{"self":[{"href":"https:\/\/www.mairsturnstile-online.com\/pl\/wp-json\/wp\/v2\/product\/8184","targetHints":{"allow":["GET"]}}],"collection":[{"href":"https:\/\/www.mairsturnstile-online.com\/pl\/wp-json\/wp\/v2\/product"}],"about":[{"href":"https:\/\/www.mairsturnstile-online.com\/pl\/wp-json\/wp\/v2\/types\/product"}],"replies":[{"embeddable":true,"href":"https:\/\/www.mairsturnstile-online.com\/pl\/wp-json\/wp\/v2\/comments?post=8184"}],"wp:featuredmedia":[{"embeddable":true,"href":"https:\/\/www.mairsturnstile-online.com\/pl\/wp-json\/wp\/v2\/media\/61657"}],"wp:attachment":[{"href":"https:\/\/www.mairsturnstile-online.com\/pl\/wp-json\/wp\/v2\/media?parent=8184"}],"wp:term":[{"taxonomy":"product_cat","embeddable":true,"href":"https:\/\/www.mairsturnstile-online.com\/pl\/wp-json\/wp\/v2\/product_cat?post=8184"},{"taxonomy":"product_tag","embeddable":true,"href":"https:\/\/www.mairsturnstile-online.com\/pl\/wp-json\/wp\/v2\/product_tag?post=8184"}],"curies":[{"name":"wp","href":"https:\/\/api.w.org\/{rel}","templated":true}]}}