{"id":8178,"date":"2021-09-08T22:10:47","date_gmt":"2021-09-08T14:10:47","guid":{"rendered":"https:\/\/www.mairsturnstile-online.com\/product\/jednotorowa-bramka-obrotowa-90-stopni-o-pelnej-wysokosci-mt404\/"},"modified":"2024-11-07T12:21:55","modified_gmt":"2024-11-07T04:21:55","slug":"kolowrot-ze-stali-nierdzewnej","status":"publish","type":"product","link":"https:\/\/www.mairsturnstile-online.com\/pl\/produkt\/kolowrot-ze-stali-nierdzewnej\/","title":{"rendered":"BRAMA KO\u0141OwrotU ZE STALI NIERDZEWNEJ NA PE\u0141NEJ WYSOKO\u015aCI MT404"},"content":{"rendered":"\r\n        <div class=\"modelViewerBlock\" data-attributes='{&quot;align&quot;:&quot;start&quot;,&quot;uniqueId&quot;:&quot;model11530&quot;,&quot;currentViewer&quot;:&quot;modelViewer&quot;,&quot;multiple&quot;:false,&quot;model&quot;:{&quot;modelUrl&quot;:&quot;https:\\\/\\\/www.mairsturnstile-online.com\\\/wp-content\\\/uploads\\\/2023\\\/07\\\/MT404.glb&quot;,&quot;poster&quot;:&quot;&quot;},&quot;O3DVSettings&quot;:{&quot;isFullscreen&quot;:true,&quot;isPagination&quot;:false,&quot;isNavigation&quot;:true,&quot;camera&quot;:null,&quot;mouseControl&quot;:true},&quot;models&quot;:[],&quot;lazyLoad&quot;:false,&quot;loading&quot;:&quot;auto&quot;,&quot;autoplay&quot;:false,&quot;shadow&quot;:true,&quot;autoRotate&quot;:true,&quot;zoom&quot;:true,&quot;isPagination&quot;:false,&quot;isNavigation&quot;:true,&quot;preload&quot;:&quot;auto&quot;,&quot;rotationPerSecond&quot;:&quot;30&quot;,&quot;mouseControl&quot;:true,&quot;fullscreen&quot;:true,&quot;variant&quot;:false,&quot;loadingPercentage&quot;:false,&quot;progressBar&quot;:true,&quot;rotate&quot;:false,&quot;rotateAlongX&quot;:&quot;0&quot;,&quot;rotateAlongY&quot;:&quot;75&quot;,&quot;exposure&quot;:1,&quot;styles&quot;:{&quot;width&quot;:&quot;1150px&quot;,&quot;height&quot;:&quot;700px&quot;,&quot;bgColor&quot;:&quot;#f2f2f2&quot;,&quot;progressBarColor&quot;:&quot;&quot;},&quot;stylesheet&quot;:null,&quot;additional&quot;:{&quot;ID&quot;:&quot;&quot;,&quot;Class&quot;:&quot;&quot;,&quot;CSS&quot;:&quot;&quot;},&quot;animation&quot;:false,&quot;woo&quot;:false,&quot;selectedAnimation&quot;:&quot;&quot;}'><\/div>\r\n\r\n        \n<p>BRAMA KO\u0141OwrotU ZE STALI NIERDZEWNEJ O PE\u0141NEJ WYSOKO\u015aCI MT404<\/p>\n<p>Mo\u017cemy \u015bwiadczy\u0107 us\u0142ugi OEM i ODM. Mamy do\u015bwiadczonych projektant\u00f3w, kt\u00f3rzy s\u0105 w stanie dokona\u0107 g\u0142\u0119bokiej personalizacji wed\u0142ug Twoich potrzeb. W najszybszym mo\u017cliwym terminie udost\u0119pnimy szereg materia\u0142\u00f3w takich jak wizualizacje 3D, rysunki wymiarowe itp.<\/p>\n<p>Wszystkie nasze produkty posiadaj\u0105 2 lata gwarancji oraz trwa\u0142e wsparcie w zakresie konserwacji i napraw. Zapewniamy r\u00f3wnie\u017c urz\u0105dzenia biometryczne, takie jak skaner linii papilarnych, kamera do rozpoznawania twarzy. Czytnik kart RFID, skaner kod\u00f3w QR. Je\u015bli chcesz zintegrowa\u0107 te urz\u0105dzenia z ko\u0142owrotem ze stali nierdzewnej lub masz jakie\u015b pytania, <a href=\"https:\/\/www.mairsturnstile-online.com\/contact-us\/\">popro\u015b o wycen\u0119.<\/a><\/p>\n<p>Mo\u017cemy r\u00f3wnie\u017c w ci\u0105gu kilku minut stworzy\u0107 dla Ciebie rendering na podstawie Twojego rzeczywistego scenariusza. Dostarczamy r\u00f3wnie\u017c szczeg\u00f3\u0142owe plany i rysunki, a tak\u017ce rysunki instalacyjne. Nie martw si\u0119 o instalacj\u0119. Aby zapozna\u0107 si\u0119 z konkretnymi wymiarami i wymiarami monta\u017cowymi, nale\u017cy pobra\u0107 nasz odpowiedni plik PDF.<\/p>\n\n\t\t\t\n\t<style type=\"text\/css\">\n\t\t.slider-info-11522.bafg-slider-info .bafg-slider-title {\n\t\t\t\t\t\t\tfont-size:\n\t\t\t\t\t22px\t\t\t\t;\n\t\t\t\n\t\t\t\n\t\t\t\t\t}\n\n\t\t.slider-info-11522.bafg-slider-info .bafg-slider-description {\n\t\t\t\n\t\t\t\n\t\t\t\t\t}\n\t\t\n\t\t\n\t\t.slider-info-11522.bafg-slider-info .bafg_slider_readmore_button {\n\t\t\t\n\t\t\t\n\t\t\t\n\t\t\t\n\t\t\t\n\t\t\ttext-align: center;\n\n\t\t\t\n\t\t\t\n\t\t\t\n\t\t\t\n\t\t\t\t\t}\n\n\t\t.slider-info-11522.bafg-slider-info .bafg_slider_readmore_button:hover {\n\n\t\t\t\n\t\t\t\n\t\t\t\t\t}\n\t<\/style>\n\t\n\t\t\t<div class=\"bafg-twentytwenty-container slider-11522  \"\n\t\t\t\tbafg-orientation=\"horizontal\" bafg-default-offset=\"0.5\"\n\t\t\t\tbafg-before-label=\"Before\"\n\t\t\t\tbafg-after-label=\"After\" bafg-overlay=\"1\"\n\t\t\t\tbafg-move-slider-on-hover=\"1\"\n\t\t\t\tbafg-click-to-move=\"\">\n\n\t\t\t\t\t\t\t\t<img class=\"skip-lazy\" data-skip-lazy\t\t\t\t\tsrc=\"https:\/\/www.mairsturnstile-online.com\/wp-content\/uploads\/2021\/09\/stainless-steel-turnstile-5.jpg\" alt=\"stainless steel turnstile\">\n\t\t\t\t<img class=\"skip-lazy\" data-skip-lazy\t\t\t\t\tsrc=\"https:\/\/www.mairsturnstile-online.com\/wp-content\/uploads\/2021\/09\/stainless-steel-turnstile-6.jpg\" alt=\"stainless steel turnstile\">\n\n\t\t\t<\/div>\n\n\t\t\t\t<div class=\"bafg-slider-info-wraper\">\n\t\t<div style=\"\" class=\"slider-info-11522 bafg-slider-info\">\n\t\t\t\t\t<\/div>\n\t<\/div>\n\t\n\t\t\t<style type=\"text\/css\">\n\t\t\t\t\t\t\t\t\t\t\t<\/style>\n\t\t\t\n<p><strong>Parametr techniczny:<\/strong><\/p>\n<p>1. Rozmiar: 1450*1450*2200mm (mo\u017cna dostosowa\u0107)<br \/>\n2. Szeroko\u015b\u0107 pasa: 650 mm (mo\u017ce by\u0107 dostosowana)<br \/>\n3. Pr\u0119dko\u015b\u0107 przeje\u017cd\u017cania: 30 os\u00f3b\/min<br \/>\n4. Zasilanie: 110V\/220V 50\/60Hz<br \/>\n5. Elektromagnes ko\u0142owrotu ze stali nierdzewnej: DC24V<br \/>\n6. Sygna\u0142 otwarcia bramy: Styk bezpr\u0105dowy\/przeka\u017anik<br \/>\n7. Napi\u0119cie logiczne: DC24V<br \/>\n8. Materia\u0142 obudowy: Stal nierdzewna 304<br \/>\n9. Niezawodno\u015b\u0107 mechanizmu: 5 mln, no-fault<br \/>\n10. Mechanizm z amortyzatorem hydraulicznym do t\u0142umienia wstrz\u0105s\u00f3w<br \/>\n11. Nap\u0119d: P\u00f3\u0142automatyczny Obs\u0142ugiwany<br \/>\n12. D\u0142ugo\u015b\u0107 ramienia: 640 mm<br \/>\n13. Kierunek obrot\u00f3w: dwukierunkowy\/jednokierunkowy<br \/>\n14. Sytuacja awaryjna: W przypadku sytuacji awaryjnej lub odci\u0119cia zasilania drzwi obrotowe mo\u017cna skonfigurowa\u0107 jako odporne na awarie, tj. obracaj\u0105ce si\u0119 swobodnie lub blokowane w przypadku awarii<br \/>\n15. Wilgotno\u015b\u0107: \u226495\uff05.<br \/>\n16. Temperatura pracy:-25\u2103\uff5e60\u2103<br \/>\n17. Optional Feature: Czytnik IC\/ID, Czytnik kod\u00f3w kreskowych, Rozpoznawanie twarzy, Odcisk palca, inne urz\u0105dzenia kontroli dost\u0119pu, UPS itp.<br \/>\n18. Odleg\u0142o\u015b\u0107 komunikacji: \u22641200 m<br \/>\n19. Interfejs komunikacyjny: RS485<br \/>\n20. Rozmiar mo\u017ce by\u0107 dostosowany<br \/>\n21. Czas potrzebny na otwarcie: 0,2 s<br \/>\n22. \u015arodowisko pracy: Indoors lub outdoors(outdoor jest opcjonalny)<br \/>\n23. Zakres zastosowania: Wsp\u00f3lnota, Fabryka, Plac budowy, Szko\u0142a, Miejsce o\u015brodka wypoczynkowego, itp.<\/p>\n<p>Mo\u017cemy zapewni\u0107 ca\u0142e rozwi\u0105zanie kontroli dost\u0119pu bezpiecze\u0144stwa. Je\u015bli posiadasz w\u0142asny system kontroli dost\u0119pu, mo\u017cesz bezpo\u015brednio skorzysta\u0107 z naszej bramki obrotowej. Je\u015bli go nie posiadasz, zapewniamy r\u00f3wnie\u017c kompletne rozwi\u0105zanie w zakresie kontroli dost\u0119pu. Aby uzyska\u0107 szczeg\u00f3\u0142owe informacje, zapoznaj si\u0119 z poni\u017cszym filmem.<br \/>\n<iframe title=\"Bramka biometryczna o pe\u0142nej wysoko\u015bci, Bramka o pe\u0142nej wysoko\u015bci z funkcj\u0105 rozpoznawania twarzy - MairsTurnstile\" src=\"https:\/\/www.youtube.com\/embed\/cy4ZzmrIfx0\" width=\"1150\" height=\"650\" frameborder=\"0\" allowfullscreen=\"allowfullscreen\"><\/iframe><\/p>\n","protected":false},"excerpt":{"rendered":"<p>Wsparcie OEM i ODM. Obs\u0142uga urz\u0105dze\u0144 biometrycznych innych firm, takich jak skaner linii papilarnych, kamera do rozpoznawania twarzy. RFID card reader, QR code scanner. <strong><a title=\"Bramka obrotowa o pe\u0142nej wysoko\u015bci z certyfikatem CE firmy Mairs\" href=\"http:\/\/mairsturnstile.com\/wp-content\/uploads\/2022\/09\/Mairs-CE-Certificate-Full-Height-Turnstile.pdf\" target=\"_blank\" rel=\"noopener noreferrer\">CE Certificated,<\/a> <a title=\"Mairs Certyfikat ISO9001\" href=\"http:\/\/mairsturnstile.com\/wp-content\/uploads\/2022\/09\/Mairs-Registration-Certificate-ISO9001.pdf\" target=\"_blank\" rel=\"noopener noreferrer\">ISO9001 Certificated.<\/a> Please check: <a href=\"https:\/\/www.mairsturnstile-online.com\/full-height-turnstile-series\/\" target=\"_blank\" rel=\"noopener\"><span style=\"color: #0000ff;\">New Full Height Turnstile Series<\/span><\/a><\/strong><\/p>\n<p><a title=\"Broszura ko\u0142owrot\u00f3w pe\u0142nej wysoko\u015bci\" href=\"https:\/\/mairsturnstile.com\/wp-content\/uploads\/2023\/12\/MT404-brochure.pdf\" target=\"_blank\" rel=\"noopener noreferrer\"><img decoding=\"async\" class=\"alignnone size-full wp-image-11034\" src=\"http:\/\/mairsturnstile.com\/wp-content\/uploads\/2022\/09\/pdf-MairsTurnstile.png\" alt=\"\" width=\"32\" height=\"32\"><span style=\"color: #0000ff;\"><strong>Broszura ko\u0142owrotk\u00f3w MT404 o pe\u0142nej wysoko\u015bci<\/strong><\/span><\/a><\/p>\n<p><a title=\"Instrukcja monta\u017cu ko\u0142owrotu o pe\u0142nej wysoko\u015bci\" href=\"http:\/\/mairsturnstile.com\/wp-content\/uploads\/2023\/09\/Full-height-turnstile-installation-manual.pdf\" target=\"_blank\" rel=\"noopener noreferrer\"><img decoding=\"async\" class=\"alignnone size-full wp-image-11034\" src=\"http:\/\/mairsturnstile.com\/wp-content\/uploads\/2022\/09\/pdf-MairsTurnstile.png\" alt=\"\" width=\"32\" height=\"32\"><strong><span style=\"color: #0000ff;\"> Instrukcja obs\u0142ugi i instalacji ko\u0142owrotu o pe\u0142nej wysoko\u015bci<\/span><\/strong><\/a><\/p>\n","protected":false},"featured_media":48819,"comment_status":"closed","ping_status":"closed","template":"","meta":[],"product_cat":[127],"product_tag":[],"class_list":["post-8178","product","type-product","status-publish","has-post-thumbnail","hentry","product_cat-bramki-obrotowe-o-pelnej-wysokosci"],"_links":{"self":[{"href":"https:\/\/www.mairsturnstile-online.com\/pl\/wp-json\/wp\/v2\/product\/8178","targetHints":{"allow":["GET"]}}],"collection":[{"href":"https:\/\/www.mairsturnstile-online.com\/pl\/wp-json\/wp\/v2\/product"}],"about":[{"href":"https:\/\/www.mairsturnstile-online.com\/pl\/wp-json\/wp\/v2\/types\/product"}],"replies":[{"embeddable":true,"href":"https:\/\/www.mairsturnstile-online.com\/pl\/wp-json\/wp\/v2\/comments?post=8178"}],"wp:featuredmedia":[{"embeddable":true,"href":"https:\/\/www.mairsturnstile-online.com\/pl\/wp-json\/wp\/v2\/media\/48819"}],"wp:attachment":[{"href":"https:\/\/www.mairsturnstile-online.com\/pl\/wp-json\/wp\/v2\/media?parent=8178"}],"wp:term":[{"taxonomy":"product_cat","embeddable":true,"href":"https:\/\/www.mairsturnstile-online.com\/pl\/wp-json\/wp\/v2\/product_cat?post=8178"},{"taxonomy":"product_tag","embeddable":true,"href":"https:\/\/www.mairsturnstile-online.com\/pl\/wp-json\/wp\/v2\/product_tag?post=8178"}],"curies":[{"name":"wp","href":"https:\/\/api.w.org\/{rel}","templated":true}]}}