{"id":8171,"date":"2021-09-08T23:56:30","date_gmt":"2021-09-08T15:56:30","guid":{"rendered":"https:\/\/www.mairsturnstile-online.com\/product\/bramki-obrotowe-skrzydlowe-mt355\/"},"modified":"2024-03-11T15:46:11","modified_gmt":"2024-03-11T07:46:11","slug":"kolowrotek-bramka-bezpieczenstwa","status":"publish","type":"product","link":"https:\/\/www.mairsturnstile-online.com\/pl\/produkt\/kolowrotek-bramka-bezpieczenstwa\/","title":{"rendered":"BRAMKA BEZPIECZE\u0143STWA BRAMKA SZYBKOWROTNA MT368"},"content":{"rendered":"\r\n        <div class=\"modelViewerBlock\" data-attributes='{&quot;align&quot;:&quot;start&quot;,&quot;uniqueId&quot;:&quot;model18156&quot;,&quot;currentViewer&quot;:&quot;modelViewer&quot;,&quot;multiple&quot;:false,&quot;model&quot;:{&quot;modelUrl&quot;:&quot;https:\\\/\\\/www.mairsturnstile-online.com\\\/wp-content\\\/uploads\\\/2023\\\/07\\\/MT368.glb&quot;,&quot;poster&quot;:&quot;&quot;},&quot;O3DVSettings&quot;:{&quot;isFullscreen&quot;:true,&quot;isPagination&quot;:false,&quot;isNavigation&quot;:true,&quot;camera&quot;:null,&quot;mouseControl&quot;:true},&quot;models&quot;:[],&quot;lazyLoad&quot;:false,&quot;loading&quot;:&quot;auto&quot;,&quot;autoplay&quot;:false,&quot;shadow&quot;:true,&quot;autoRotate&quot;:true,&quot;zoom&quot;:true,&quot;isPagination&quot;:false,&quot;isNavigation&quot;:true,&quot;preload&quot;:&quot;auto&quot;,&quot;rotationPerSecond&quot;:&quot;30&quot;,&quot;mouseControl&quot;:true,&quot;fullscreen&quot;:true,&quot;variant&quot;:false,&quot;loadingPercentage&quot;:false,&quot;progressBar&quot;:true,&quot;rotate&quot;:false,&quot;rotateAlongX&quot;:&quot;0&quot;,&quot;rotateAlongY&quot;:&quot;75&quot;,&quot;exposure&quot;:1,&quot;styles&quot;:{&quot;width&quot;:&quot;1150px&quot;,&quot;height&quot;:&quot;700px&quot;,&quot;bgColor&quot;:&quot;#f9f9f9&quot;,&quot;progressBarColor&quot;:&quot;&quot;},&quot;stylesheet&quot;:null,&quot;additional&quot;:{&quot;ID&quot;:&quot;&quot;,&quot;Class&quot;:&quot;&quot;,&quot;CSS&quot;:&quot;&quot;},&quot;animation&quot;:false,&quot;woo&quot;:false,&quot;selectedAnimation&quot;:&quot;&quot;}'><\/div>\r\n\r\n        \n<p>BRAMKA BEZPIECZE\u0143STWA BRAMKA SZYBKOWROTNA MT368<\/p>\n<p>Mo\u017cemy \u015bwiadczy\u0107 us\u0142ugi OEM i ODM. Mamy do\u015bwiadczonych projektant\u00f3w, kt\u00f3rzy s\u0105 w stanie dokona\u0107 g\u0142\u0119bokiej personalizacji wed\u0142ug Twoich potrzeb. W najszybszym mo\u017cliwym terminie udost\u0119pnimy szereg materia\u0142\u00f3w takich jak wizualizacje 3D, rysunki wymiarowe itp.<\/p>\n<p>Wszystkie nasze produkty posiadaj\u0105 2 lata gwarancji oraz trwa\u0142e wsparcie w zakresie konserwacji i napraw. Zapewniamy r\u00f3wnie\u017c urz\u0105dzenia biometryczne, takie jak skaner linii papilarnych, kamera do rozpoznawania twarzy. Czytnik kart RFID, skaner kod\u00f3w QR. Je\u015bli potrzebujesz zintegrowa\u0107 te urz\u0105dzenia na bramce obrotowej lub masz jakie\u015b pytania, <a href=\"https:\/\/www.mairsturnstile-online.com\/contact-us\/\">popro\u015b o wycen\u0119.<\/a><\/p>\n<p>Mo\u017cemy r\u00f3wnie\u017c w ci\u0105gu kilku minut stworzy\u0107 dla Ciebie rendering na podstawie Twojego rzeczywistego scenariusza. Zapewniamy r\u00f3wnie\u017c szczeg\u00f3\u0142owy uk\u0142ad i rysunki, a tak\u017ce rysunki instalacyjne. Nie martw si\u0119 o instalacj\u0119. Aby zapozna\u0107 si\u0119 z konkretnymi wymiarami i wymiarami monta\u017cowymi, nale\u017cy pobra\u0107 nasz odpowiedni plik PDF.<\/p>\n\n\t\t\t\n\t<style type=\"text\/css\">\n\t\t.slider-info-18177.bafg-slider-info .bafg-slider-title {\n\t\t\t\t\t\t\tfont-size:\n\t\t\t\t\t22px\t\t\t\t;\n\t\t\t\n\t\t\t\n\t\t\t\t\t}\n\n\t\t.slider-info-18177.bafg-slider-info .bafg-slider-description {\n\t\t\t\n\t\t\t\n\t\t\t\t\t}\n\t\t\n\t\t\n\t\t.slider-info-18177.bafg-slider-info .bafg_slider_readmore_button {\n\t\t\t\n\t\t\t\n\t\t\t\n\t\t\t\n\t\t\t\n\t\t\ttext-align: center;\n\n\t\t\t\n\t\t\t\n\t\t\t\n\t\t\t\n\t\t\t\t\t}\n\n\t\t.slider-info-18177.bafg-slider-info .bafg_slider_readmore_button:hover {\n\n\t\t\t\n\t\t\t\n\t\t\t\t\t}\n\t<\/style>\n\t\n\t\t\t<div class=\"bafg-twentytwenty-container slider-18177  \"\n\t\t\t\tbafg-orientation=\"horizontal\" bafg-default-offset=\"0.5\"\n\t\t\t\tbafg-before-label=\"Before\"\n\t\t\t\tbafg-after-label=\"After\" bafg-overlay=\"1\"\n\t\t\t\tbafg-move-slider-on-hover=\"1\"\n\t\t\t\tbafg-click-to-move=\"\">\n\n\t\t\t\t\t\t\t\t<img class=\"skip-lazy\" data-skip-lazy\t\t\t\t\tsrc=\"https:\/\/www.mairsturnstile-online.com\/wp-content\/uploads\/2023\/07\/security-gate-turnstile_4.jpg\" alt=\"\">\n\t\t\t\t<img class=\"skip-lazy\" data-skip-lazy\t\t\t\t\tsrc=\"https:\/\/www.mairsturnstile-online.com\/wp-content\/uploads\/2023\/07\/security-gate-turnstile_5.jpg\" alt=\"\">\n\n\t\t\t<\/div>\n\n\t\t\t\t<div class=\"bafg-slider-info-wraper\">\n\t\t<div style=\"\" class=\"slider-info-18177 bafg-slider-info\">\n\t\t\t\t\t<\/div>\n\t<\/div>\n\t\n\t\t\t<style type=\"text\/css\">\n\t\t\t\t\t\t\t\t\t\t\t<\/style>\n\t\t\t\n<p><strong>Parametr techniczny:<\/strong><\/p>\n<p>1. Rozmiar: 1400*150*980mm (mo\u017cna dostosowa\u0107)<br \/>\n2. Szeroko\u015b\u0107 pasa ruchu: 600 mm (Standard) 900 mm (Handicapped)<br \/>\n3. Materia\u0142 ramienia: szk\u0142o hartowane<br \/>\n4. Pr\u0119dko\u015b\u0107 przeje\u017cd\u017cania: 40 os\u00f3b\/min<br \/>\n5. Zasilanie: 110V\/220V 50\/60hz<br \/>\n6. Silnik bezszczotkowy: 40 W<br \/>\n7. Sygna\u0142 otwarcia bramy: Styk bezpr\u0105dowy\/przeka\u017anik<br \/>\n8. Silnik nap\u0119dowy: 24V<br \/>\n9. Waga: 70 kg\/szt.<br \/>\n10. Mechanizm przeciwuderzeniowy, automatycznie resetowany w przypadku uderzenia si\u0142\u0105<br \/>\n11. Materia\u0142 obudowy: Stal nierdzewna 304<br \/>\n12. Niezawodno\u015b\u0107 mechanizmu: 5 milion\u00f3w, bez winy<br \/>\n13. Dost\u0119pne s\u0105 diody LED na ramionach<br \/>\n14. Dost\u0119pna jest pow\u0142oka proszkowa w kolorze r\u00f3\u017cowego z\u0142ota<br \/>\n15. Rami\u0119 ustalaj\u0105ce prze\u0142\u0105cznika Halla, dok\u0142adniejsze<br \/>\n16. Working Direction: Dwukierunkowy\/Jednokierunkowy<br \/>\n17. Sytuacja awaryjna: otwiera\u0107 si\u0119 automatycznie po odci\u0119ciu energii elektrycznej. Bateria zapasowa we w\u0142asnym zakresie<br \/>\n18. Wilgotno\u015b\u0107: \u226490\uff05.<br \/>\n19. Temperatura pracy: -20\u2103\uff5e60\u2103<br \/>\n20. Odleg\u0142o\u015b\u0107 komunikacji: \u22641200 m<br \/>\n21. Interfejs komunikacyjny: RS485<br \/>\n22. Cechy: Czytnik IC\/ID, czytnik kod\u00f3w kreskowych, rozpoznawanie twarzy, odcisk palca, inne urz\u0105dzenia kontroli dost\u0119pu, UPS itp.<br \/>\n23. Czas potrzebny do otwarcia: 0,2 s<br \/>\n24. \u015arodowisko pracy: wewn\u0105trz lub na zewn\u0105trz (na zewn\u0105trz jest opcjonalne)<br \/>\n25. Zakres zastosowania: Wsp\u00f3lnota, Fabryka, Plac budowy, Szko\u0142a, Miejsce o\u015brodka wypoczynkowego, itp.<\/p>\n<p>Mo\u017cemy zapewni\u0107 ca\u0142e rozwi\u0105zanie kontroli dost\u0119pu bezpiecze\u0144stwa. Je\u015bli posiadasz w\u0142asny system kontroli dost\u0119pu, mo\u017cesz bezpo\u015brednio skorzysta\u0107 z naszej bramki obrotowej. Je\u015bli go nie posiadasz, zapewniamy r\u00f3wnie\u017c kompletne rozwi\u0105zanie w zakresie kontroli dost\u0119pu. Aby uzyska\u0107 szczeg\u00f3\u0142owe informacje, zapoznaj si\u0119 z poni\u017cszym filmem.<\/p>\n<p><iframe title=\"Bramka obrotowa dla os\u00f3b niepe\u0142nosprawnych, Sprzedam bramk\u0119 obrotow\u0105, Sprzedam bramk\u0119 obrotow\u0105 - MairsTurnstile\" src=\"https:\/\/www.youtube.com\/embed\/zk0nMM7Qcd8\" width=\"1150\" height=\"650\" frameborder=\"0\" allowfullscreen=\"allowfullscreen\"><\/iframe><\/p>\n","protected":false},"excerpt":{"rendered":"<p>Wsparcie OEM i ODM. Obs\u0142uga urz\u0105dze\u0144 biometrycznych innych firm, takich jak skaner linii papilarnych, kamera do rozpoznawania twarzy. Czytnik kart RFID, skaner kod\u00f3w QR. <span style=\"color: #0000ff;\"><strong><a style=\"color: #0000ff;\" title=\"Bramka obrotowa z certyfikatem CE Mairs\" href=\"http:\/\/mairsturnstile.com\/wp-content\/uploads\/2022\/09\/Mairs-CE-Certificate-Speed-Gate-Turnstile.pdf\" target=\"_blank\" rel=\"noopener noreferrer\">CE Certificated,<\/a> <a style=\"color: #0000ff;\" title=\"Mairs Certyfikat ISO9001\" href=\"http:\/\/mairsturnstile.com\/wp-content\/uploads\/2022\/09\/Mairs-Registration-Certificate-ISO9001.pdf\" target=\"_blank\" rel=\"noopener noreferrer\">ISO9001 Certificated.<\/a><\/strong><\/span><\/p>\n<p><a title=\"Broszura dotycz\u0105ca bramki obrotowej Security Gate\" href=\"http:\/\/mairsturnstile.com\/wp-content\/uploads\/2023\/12\/MT368-brochure.pdf\" target=\"_blank\" rel=\"noopener noreferrer\"><img decoding=\"async\" class=\"alignnone size-full wp-image-11034\" src=\"http:\/\/mairsturnstile.com\/wp-content\/uploads\/2022\/09\/pdf-MairsTurnstile.png\" alt=\"\" width=\"32\" height=\"32\"><strong><span style=\"color: #0000ff;\">Broszura dotycz\u0105ca bramki obrotowej MT368<\/span><\/strong><\/a><\/p>\n","protected":false},"featured_media":50709,"comment_status":"closed","ping_status":"closed","template":"","meta":[],"product_cat":[124],"product_tag":[],"class_list":["post-8171","product","type-product","status-publish","has-post-thumbnail","hentry","product_cat-brama-szybkosciowa"],"_links":{"self":[{"href":"https:\/\/www.mairsturnstile-online.com\/pl\/wp-json\/wp\/v2\/product\/8171","targetHints":{"allow":["GET"]}}],"collection":[{"href":"https:\/\/www.mairsturnstile-online.com\/pl\/wp-json\/wp\/v2\/product"}],"about":[{"href":"https:\/\/www.mairsturnstile-online.com\/pl\/wp-json\/wp\/v2\/types\/product"}],"replies":[{"embeddable":true,"href":"https:\/\/www.mairsturnstile-online.com\/pl\/wp-json\/wp\/v2\/comments?post=8171"}],"wp:featuredmedia":[{"embeddable":true,"href":"https:\/\/www.mairsturnstile-online.com\/pl\/wp-json\/wp\/v2\/media\/50709"}],"wp:attachment":[{"href":"https:\/\/www.mairsturnstile-online.com\/pl\/wp-json\/wp\/v2\/media?parent=8171"}],"wp:term":[{"taxonomy":"product_cat","embeddable":true,"href":"https:\/\/www.mairsturnstile-online.com\/pl\/wp-json\/wp\/v2\/product_cat?post=8171"},{"taxonomy":"product_tag","embeddable":true,"href":"https:\/\/www.mairsturnstile-online.com\/pl\/wp-json\/wp\/v2\/product_tag?post=8171"}],"curies":[{"name":"wp","href":"https:\/\/api.w.org\/{rel}","templated":true}]}}