{"id":8137,"date":"2021-09-09T01:37:27","date_gmt":"2021-09-08T17:37:27","guid":{"rendered":"https:\/\/www.mairsturnstile-online.com\/product\/pionowy-trojnog-biometryczny-kolowrot-mt113-2\/"},"modified":"2024-03-11T16:16:55","modified_gmt":"2024-03-11T08:16:55","slug":"statyw-kolowrotek-bramki","status":"publish","type":"product","link":"https:\/\/www.mairsturnstile-online.com\/pl\/produkt\/statyw-kolowrotek-bramki\/","title":{"rendered":"BRAMY TR\u00d3JNOGOWE MT113-2"},"content":{"rendered":"<h4>Bramy obrotowe na statywie obj\u0119te s\u0105 2-letni\u0105 gwarancj\u0105 oraz trwa\u0142ym wsparciem w zakresie konserwacji i napraw. Mo\u017cemy \u015bwiadczy\u0107 us\u0142ugi OEM i ODM.<\/h4>\n<p><strong>Ko\u0142owr\u00f3t biometryczny to rodzaj bramki obrotowej dla pieszych, kt\u00f3ra integruje si\u0119 z r\u00f3\u017cnymi urz\u0105dzeniami <a href=\"https:\/\/en.wikipedia.org\/wiki\/Biometric_device\" target=\"_blank\" rel=\"noopener\">biometryczny<\/a>mi i systemami biometrycznymi, takimi jak skaner linii papilarnych, urz\u0105dzenie do rozpoznawania twarzy, czytnik kart RFID, aby u\u015bwiadomi\u0107 sobie r\u00f3\u017cnorodno\u015b\u0107 funkcji zarz\u0105dzania bramk\u0105 obrotow\u0105 dla pieszych i lepiej zarz\u0105dza\u0107 personelem kontrola dost\u0119pu. <\/strong><\/p>\n<p>Oczywi\u015bcie zapewniamy nie tylko biometryczn\u0105 bramk\u0119 obrotow\u0105, ale tak\u017ce urz\u0105dzenia biometryczne, takie jak skaner linii papilarnych, kamera do rozpoznawania twarzy. Czytnik kart RFID, skaner kod\u00f3w QR. Wszystkie nasze bramki obrotowe mo\u017cna przekszta\u0142ci\u0107 w bramki obrotowe biometryczne. Wszystkie nasze bramki obrotowe mog\u0105 integrowa\u0107 urz\u0105dzenia biometryczne innych firm lub mo\u017cemy dostarczy\u0107 te urz\u0105dzenia biometryczne. Je\u015bli potrzebujesz zintegrowa\u0107 te urz\u0105dzenia na bramce obrotowej lub masz jakie\u015b pytania, <a href=\"https:\/\/www.mairsturnstile-online.com\/contact-us\/\">popro\u015b o wycen\u0119.<\/a><\/p>\n<p><strong>Parametr techniczny:<\/strong><\/p>\n<p>1. Rozmiar: 480*280*980 mm (mo\u017ce by\u0107 dostosowany)<br \/>\n2. Szeroko\u015b\u0107 pasa: 550 mm (mo\u017ce by\u0107 dostosowana)<br \/>\n3. Pr\u0119dko\u015b\u0107 przeje\u017cd\u017cania: 35 os\u00f3b\/min<br \/>\n4. Zasilanie: 110V\/220V 50\/60hz<br \/>\n5. Waga: 40 kg<br \/>\n6. Sygna\u0142 otwarcia bramy: Styk bezpr\u0105dowy\/przeka\u017anik<br \/>\n7. Materia\u0142 obudowy: Stal nierdzewna 304<br \/>\n8. Niezawodno\u015b\u0107 mechanizmu: 3 mln, no-fault<br \/>\n9. Spos\u00f3b dzia\u0142ania: p\u00f3\u0142automatyczny<br \/>\n10. Zaw\u00f3r elektromagnetyczny: DC24V \u00b15\uff05<br \/>\n11. D\u0142ugo\u015b\u0107 ramienia: 510 mm<br \/>\n12. Kierunek obrotu: dwukierunkowy\/jednokierunkowy<br \/>\n13. Metoda opuszczania ramienia: opuszczanie automatyczne po odci\u0119ciu pr\u0105du.<br \/>\n14. Napi\u0119cie robocze: 24V DC \u00b15%<br \/>\n15. Napi\u0119cie lampki kontrolnej: DC12V \u00b15\uff05(standard)<br \/>\n16. Temperatura pracy: -30\u2103\uff5e60\u2103<br \/>\n17. Wilgotno\u015b\u0107: 5%\uff5e90%.<br \/>\n18. Wodoodporno\u015b\u0107: IP56<br \/>\n19. Cechy: Czytnik IC\/ID, Czytnik kod\u00f3w kreskowych, Rozpoznawanie twarzy, Odcisk palca, inne urz\u0105dzenia kontroli dost\u0119pu, UPS itp.<br \/>\n20. Czas potrzebny do otwarcia: 0,2 s<br \/>\n21. \u015arodowisko pracy: Wewn\u0105trz lub na zewn\u0105trz<br \/>\n22. Zakres zastosowania: Wsp\u00f3lnota, Fabryka, Plac budowy, Szko\u0142a, Miejsce o\u015brodka wypoczynkowego, itp.<\/p>\n<p>Mo\u017cemy zapewni\u0107 ca\u0142e rozwi\u0105zanie kontroli dost\u0119pu bezpiecze\u0144stwa. Je\u015bli posiadasz w\u0142asny system kontroli dost\u0119pu, mo\u017cesz bezpo\u015brednio skorzysta\u0107 z naszej bramki obrotowej. Je\u015bli go nie posiadasz, zapewniamy r\u00f3wnie\u017c kompletne rozwi\u0105zanie w zakresie kontroli dost\u0119pu. Aby uzyska\u0107 szczeg\u00f3\u0142owe informacje, zapoznaj si\u0119 z poni\u017cszym filmem.<\/p>\n<p><iframe title=\"Ko\u0142owr\u00f3t statywowy serii M, ko\u0142owrotek serii M, bramka obrotowa statywu MT100 - MairsTurnstile.com\" src=\"https:\/\/www.youtube.com\/embed\/algOvzU7RdA\" width=\"1150\" height=\"650\" frameborder=\"0\" allowfullscreen=\"allowfullscreen\"><\/iframe><\/p>\n","protected":false},"excerpt":{"rendered":"<p>Wsparcie OEM i ODM. Obs\u0142uga urz\u0105dze\u0144 biometrycznych innych firm, takich jak skaner linii papilarnych, kamera do rozpoznawania twarzy. Czytnik kart RFID, skaner kod\u00f3w QR. <strong><a title=\"Bramka obrotowa na tr\u00f3jnogu z certyfikatem CE firmy Mairs\" href=\"http:\/\/mairsturnstile.com\/wp-content\/uploads\/2022\/09\/Mairs-CE-Certificate-Tripod-Turnstile.pdf\" target=\"_blank\" rel=\"noopener\">CE Certificated<\/a>, <a title=\"Mairs Certyfikat ISO9001\" href=\"http:\/\/mairsturnstile.com\/wp-content\/uploads\/2022\/09\/Mairs-Registration-Certificate-ISO9001.pdf\" target=\"_blank\" rel=\"noopener noreferrer\">ISO9001 Certificated.<\/a><\/strong><\/p>\n","protected":false},"featured_media":61114,"comment_status":"closed","ping_status":"closed","template":"","meta":[],"product_cat":[126],"product_tag":[132],"class_list":["post-8137","product","type-product","status-publish","has-post-thumbnail","hentry","product_cat-bramka-obrotowa-na-trojnogu","product_tag-kolowrotek-biometryczny"],"_links":{"self":[{"href":"https:\/\/www.mairsturnstile-online.com\/pl\/wp-json\/wp\/v2\/product\/8137","targetHints":{"allow":["GET"]}}],"collection":[{"href":"https:\/\/www.mairsturnstile-online.com\/pl\/wp-json\/wp\/v2\/product"}],"about":[{"href":"https:\/\/www.mairsturnstile-online.com\/pl\/wp-json\/wp\/v2\/types\/product"}],"replies":[{"embeddable":true,"href":"https:\/\/www.mairsturnstile-online.com\/pl\/wp-json\/wp\/v2\/comments?post=8137"}],"wp:featuredmedia":[{"embeddable":true,"href":"https:\/\/www.mairsturnstile-online.com\/pl\/wp-json\/wp\/v2\/media\/61114"}],"wp:attachment":[{"href":"https:\/\/www.mairsturnstile-online.com\/pl\/wp-json\/wp\/v2\/media?parent=8137"}],"wp:term":[{"taxonomy":"product_cat","embeddable":true,"href":"https:\/\/www.mairsturnstile-online.com\/pl\/wp-json\/wp\/v2\/product_cat?post=8137"},{"taxonomy":"product_tag","embeddable":true,"href":"https:\/\/www.mairsturnstile-online.com\/pl\/wp-json\/wp\/v2\/product_tag?post=8137"}],"curies":[{"name":"wp","href":"https:\/\/api.w.org\/{rel}","templated":true}]}}