{"id":8135,"date":"2021-09-10T01:18:15","date_gmt":"2021-09-09T17:18:15","guid":{"rendered":"https:\/\/www.mairsturnstile-online.com\/product\/7-kamera-do-rozpoznawania-twarzy-terminal-do-rozpoznawania-twarzy\/"},"modified":"2024-03-11T15:55:18","modified_gmt":"2024-03-11T07:55:18","slug":"kamera-rozpoznajaca-twarz","status":"publish","type":"product","link":"https:\/\/www.mairsturnstile-online.com\/pl\/produkt\/kamera-rozpoznajaca-twarz\/","title":{"rendered":"Kamera rozpoznaj\u0105ca twarz z czytnikiem kart do ko\u0142owrot\u00f3w"},"content":{"rendered":"\r\n        <div class=\"modelViewerBlock\" data-attributes='{&quot;align&quot;:&quot;start&quot;,&quot;uniqueId&quot;:&quot;model24957&quot;,&quot;currentViewer&quot;:&quot;modelViewer&quot;,&quot;multiple&quot;:false,&quot;model&quot;:{&quot;modelUrl&quot;:&quot;https:\\\/\\\/www.mairsturnstile-online.com\\\/wp-content\\\/uploads\\\/2021\\\/09\\\/f36.glb&quot;,&quot;poster&quot;:&quot;&quot;},&quot;O3DVSettings&quot;:{&quot;isFullscreen&quot;:true,&quot;isPagination&quot;:false,&quot;isNavigation&quot;:true,&quot;camera&quot;:null,&quot;mouseControl&quot;:true},&quot;models&quot;:[],&quot;lazyLoad&quot;:false,&quot;loading&quot;:&quot;auto&quot;,&quot;autoplay&quot;:false,&quot;shadow&quot;:true,&quot;autoRotate&quot;:true,&quot;zoom&quot;:true,&quot;isPagination&quot;:false,&quot;isNavigation&quot;:true,&quot;preload&quot;:&quot;auto&quot;,&quot;rotationPerSecond&quot;:&quot;30&quot;,&quot;mouseControl&quot;:true,&quot;fullscreen&quot;:true,&quot;variant&quot;:false,&quot;loadingPercentage&quot;:false,&quot;progressBar&quot;:true,&quot;rotate&quot;:false,&quot;rotateAlongX&quot;:&quot;0&quot;,&quot;rotateAlongY&quot;:&quot;75&quot;,&quot;exposure&quot;:1,&quot;styles&quot;:{&quot;width&quot;:&quot;1150px&quot;,&quot;height&quot;:&quot;700px&quot;,&quot;bgColor&quot;:&quot;#f9f9f9&quot;,&quot;progressBarColor&quot;:&quot;&quot;},&quot;stylesheet&quot;:null,&quot;additional&quot;:{&quot;ID&quot;:&quot;&quot;,&quot;Class&quot;:&quot;&quot;,&quot;CSS&quot;:&quot;&quot;},&quot;animation&quot;:false,&quot;woo&quot;:false,&quot;selectedAnimation&quot;:&quot;&quot;}'><\/div>\r\n\r\n        \n<h3>Kamera do rozpoznawania twarzy z czytnikiem kart do ko\u0142owrot\u00f3w F36<\/h3>\n<p>Ten biometryczny terminal kontroli dost\u0119pu z kamer\u0105 do rozpoznawania twarzy MT-F36 to wysokowydajny terminal do dynamicznego rozpoznawania twarzy, kt\u00f3ry jest podzielony na instalacj\u0119 przy bramie i instalacj\u0119 na \u015bcianie. Terminal integruje funkcje rozpoznawania twarzy off-line, weryfikacji to\u017csamo\u015bci, zbierania twarzy na miejscu, wczesnego ostrzegania o czarnej li\u015bcie, zdj\u0119cia po przej\u015bciu, aktywnego wykrywania obiekt\u00f3w. Przyjmuje WDR HD aparat rozpoznawania twarzy, kt\u00f3ry jest w pe\u0142ni dostosowany do trudnych warunkach, takich jak silne \u015bwiat\u0142o, pod\u015bwietlenie i s\u0142abe \u015bwiat\u0142o, z cechami szybkiej pr\u0119dko\u015bci rozpoznawania, wysokiej dok\u0142adno\u015bci i du\u017cej pojemno\u015bci pami\u0119ci listy.<\/p>\n<p>Mo\u017ce by\u0107 u\u017cywany z systemami zarz\u0105dzania aplikacjami, takimi jak oparty na twarzy system zarz\u0105dzania prawdziwymi nazwami miejsc, oparty na twarzy system zarz\u0105dzania frekwencj\u0105 kontroli dost\u0119pu i system zarz\u0105dzania odwiedzaj\u0105cymi, kt\u00f3ry jest idealny dla z\u0142o\u017conych scenariuszy aplikacji, kt\u00f3re wymagaj\u0105 monitorowania temperatury, rozpoznawania to\u017csamo\u015bci i kontroli dost\u0119pu, takich jak spo\u0142eczno\u015bci, kampusy, szpitale, miejsca widokowe, hotele, centra handlowe, budynki biurowe, miejsca publiczne i place budowy. Mairs oferuje najlepszej jako\u015bci bramki obrotowe bezpiecze\u0144stwa z biometrycznym terminalem kontroli dost\u0119pu z kamer\u0105 rozpoznaj\u0105c\u0105 twarz.<\/p>\n<p>Ta kamera do rozpoznawania twarzy MT-F507 mo\u017ce by\u0107 dobrze zintegrowana z naszymi bramkami bezpiecze\u0144stwa, co stanowi doskona\u0142e po\u0142\u0105czenie. Je\u015bli masz specjalne wymagania dotycz\u0105ce tych kamer, mo\u017cemy r\u00f3wnie\u017c dostosowa\u0107 specjalne funkcje do Twoich specjalnych potrzeb. Oczywi\u015bcie, je\u015bli potrzebujesz bardziej szczeg\u00f3\u0142owych informacji lub naszej instrukcji produktu, lub chcesz dostosowa\u0107 kamer\u0119 rozpoznawania twarzy do swoich potrzeb, skontaktuj si\u0119 z nami bezpo\u015brednio.<\/p>\n<p><strong>Parametr techniczny:<\/strong><\/p>\n<p>Stopie\u0144 ochrony: IP55<br \/>\nMateria\u0142: Stop aluminium<br \/>\nSystem: Wbudowany system Linux<br \/>\nCPU: Wydajny ARM framework 32-bitowy 2 rdzeniowy<br \/>\nCzas rozpoznania: Mniej ni\u017c 300 ms<br \/>\nPami\u0119\u0107 masowa: Pami\u0119\u0107 wewn\u0119trzna 512 M, pami\u0119\u0107 na dane 8 GB<br \/>\nOstro\u015b\u0107 obiektywu: 6 mm<br \/>\nAparat: Kamera binokularna, 200 W pikseli z WDR<\/p>\n<p><strong>Charakterystyka produktu:<\/strong><\/p>\n<p>Przyj\u0119cie technologii rozpoznawania twarzy off-line w celu rozpoznania wielu ras, takich jak azjatycka, kaukaska i czarna.<br \/>\nFunkcje wsparcia, takie jak rozpoznawanie twarzy whitelist dost\u0119p, blacklist wczesne ocieplenie, a zdj\u0119cie zosta\u0142o wykonane po przej\u015bciu.<br \/>\nObs\u0142uga zewn\u0119trznego czytnika ID, kt\u00f3ry umo\u017cliwia funkcj\u0119 por\u00f3wnania twarz-ID.<br \/>\nTerminal biometrycznej kontroli dost\u0119pu z kamer\u0105 do rozpoznawania twarzy.<br \/>\nObs\u0142uga zewn\u0119trznego czytnika IC\/ID, kt\u00f3ry umo\u017cliwia funkcj\u0119 por\u00f3wnywania kart czo\u0142owych.<br \/>\nObs\u0142uga aktywnego wykrywania obiekt\u00f3w w celu zapobiegania atakom fotograficznym.<br \/>\nSamoobs\u0142ugowe zbieranie twarzy i wsadowy import listy pozwalaj\u0105 na zarz\u0105dzanie list\u0105 w spos\u00f3b bardziej bezwysi\u0142kowy i oszcz\u0119dzaj\u0105cy czas.<br \/>\nWspieraj reklamy wizerunkowe.<br \/>\nDo l00000 danych (zapisanych w p\u0119tli).<br \/>\nObs\u0142uga zdalnej aktualizacji Aktualizacja USB po stronie zarz\u0105dzania.<br \/>\nOtwarty interfejs, wsparcie rozwoju wt\u00f3rnego i dokowanie.<\/p>\n","protected":false},"excerpt":{"rendered":"<p>Wsparcie OEM i ODM. Obs\u0142uga urz\u0105dze\u0144 biometrycznych innych firm, takich jak skaner linii papilarnych, kamera do rozpoznawania twarzy. Czytnik kart RFID, skaner kod\u00f3w QR.<\/p>\n","protected":false},"featured_media":24903,"comment_status":"closed","ping_status":"closed","template":"","meta":[],"product_cat":[131],"product_tag":[],"class_list":["post-8135","product","type-product","status-publish","has-post-thumbnail","hentry","product_cat-kontrola-dostepu"],"_links":{"self":[{"href":"https:\/\/www.mairsturnstile-online.com\/pl\/wp-json\/wp\/v2\/product\/8135","targetHints":{"allow":["GET"]}}],"collection":[{"href":"https:\/\/www.mairsturnstile-online.com\/pl\/wp-json\/wp\/v2\/product"}],"about":[{"href":"https:\/\/www.mairsturnstile-online.com\/pl\/wp-json\/wp\/v2\/types\/product"}],"replies":[{"embeddable":true,"href":"https:\/\/www.mairsturnstile-online.com\/pl\/wp-json\/wp\/v2\/comments?post=8135"}],"wp:featuredmedia":[{"embeddable":true,"href":"https:\/\/www.mairsturnstile-online.com\/pl\/wp-json\/wp\/v2\/media\/24903"}],"wp:attachment":[{"href":"https:\/\/www.mairsturnstile-online.com\/pl\/wp-json\/wp\/v2\/media?parent=8135"}],"wp:term":[{"taxonomy":"product_cat","embeddable":true,"href":"https:\/\/www.mairsturnstile-online.com\/pl\/wp-json\/wp\/v2\/product_cat?post=8135"},{"taxonomy":"product_tag","embeddable":true,"href":"https:\/\/www.mairsturnstile-online.com\/pl\/wp-json\/wp\/v2\/product_tag?post=8135"}],"curies":[{"name":"wp","href":"https:\/\/api.w.org\/{rel}","templated":true}]}}