{"id":8134,"date":"2021-09-10T01:21:28","date_gmt":"2021-09-09T17:21:28","guid":{"rendered":"https:\/\/www.mairsturnstile-online.com\/product\/8-binokularna-kamera-do-rozpoznawania-twarzy\/"},"modified":"2021-09-10T01:21:28","modified_gmt":"2021-09-09T17:21:28","slug":"8-kamera-binokularna-do-rozpoznawania-twarzy","status":"publish","type":"product","link":"https:\/\/www.mairsturnstile-online.com\/pl\/produkt\/8-kamera-binokularna-do-rozpoznawania-twarzy\/","title":{"rendered":"8&#8243; Binokularna kamera do rozpoznawania twarzy"},"content":{"rendered":"<p><iframe title=\"Odtwarzacz wideo YouTube\" src=\"https:\/\/www.youtube.com\/embed\/6ApY1rsjWhw\" width=\"560\" height=\"316\" frameborder=\"0\" allowfullscreen=\"allowfullscreen\"><\/iframe><\/p>\n<h2>Dwuokularowa kamera do rozpoznawania twarzy<\/h2>\n<p>Ten 8-calowy binokularny terminal kamerowy kontroli dost\u0119pu z rozpoznawaniem twarzy MT-F608 to wysokiej klasy wbudowany binokularny terminal rozpoznawania twarzy. Terminal kontroli dost\u0119pu z rozpoznawaniem twarzy integruje funkcje rozpoznawania twarzy off-line, weryfikacji to\u017csamo\u015bci, zbierania twarzy na miejscu, wczesnego ostrzegania o czarnej li\u015bcie, zdj\u0119cia wykonanego po przej\u015bciu, aktywnego wykrywania obiekt\u00f3w. Przyjmuje WDR HD aparat rozpoznawania twarzy, kt\u00f3ry jest w pe\u0142ni dostosowany do trudnych warunkach, takich jak silne \u015bwiat\u0142o, pod\u015bwietlenie i s\u0142abe \u015bwiat\u0142o, z cechami szybkiej pr\u0119dko\u015bci rozpoznawania, wysokiej dok\u0142adno\u015bci i du\u017cej pojemno\u015bci pami\u0119ci listy.<\/p>\n<p>Mo\u017cna go u\u017cywa\u0107 z systemami zarz\u0105dzania aplikacjami, takimi jak oparty na twarzy system zarz\u0105dzania prawdziwymi nazwami miejsc, oparty na twarzy system zarz\u0105dzania frekwencj\u0105 kontroli dost\u0119pu oraz system zarz\u0105dzania odwiedzaj\u0105cymi, co doskonale sprawdza si\u0119 w z\u0142o\u017conych scenariuszach zastosowa\u0144, kt\u00f3re wymagaj\u0105 monitorowania temperatury, rozpoznawania to\u017csamo\u015bci i kontroli dost\u0119pu, takich jak spo\u0142eczno\u015bci, kampusy, szpitale, miejsca widokowe, hotele, centra handlowe, budynki biurowe, miejsca publiczne i place budowy. Firma Mairs oferuje najlepszej jako\u015bci bramki obrotowe bezpiecze\u0144stwa z kamer\u0105 kontroli dost\u0119pu z rozpoznawaniem twarzy.<\/p>\n<p>Ta kamera kontroli dost\u0119pu z rozpoznawaniem twarzy MT-F608 mo\u017ce by\u0107 dobrze zintegrowana z naszymi bramkami bezpiecze\u0144stwa, co stanowi doskona\u0142e po\u0142\u0105czenie. Je\u015bli masz specjalne wymagania dotycz\u0105ce tych kamer, mo\u017cemy r\u00f3wnie\u017c dostosowa\u0107 specjalne funkcje do Twoich specjalnych potrzeb. Oczywi\u015bcie, je\u015bli potrzebujesz bardziej szczeg\u00f3\u0142owych informacji lub naszej instrukcji produktu, lub chcesz dostosowa\u0107 kamer\u0119 rozpoznawania twarzy do swoich potrzeb, skontaktuj si\u0119 z nami bezpo\u015brednio.<\/p>\n<p><strong>Parametr techniczny:<\/strong><\/p>\n<p>Stopie\u0144 ochrony: IP55<br \/>\nMateria\u0142: Stop aluminium<br \/>\nSystem: Wbudowany system Linux<br \/>\nCPU: Wydajny ARM framework 32-bitowy 2 rdzeniowy<br \/>\nCzas rozpoznania: Mniej ni\u017c 300 ms<br \/>\nPami\u0119\u0107 masowa: Pami\u0119\u0107 wewn\u0119trzna 512 M, pami\u0119\u0107 na dane 8 GB<br \/>\nOstro\u015b\u0107 obiektywu: 6 mm<br \/>\nAparat: Kamera binokularna, 200 W pikseli z WDR<\/p>\n<p><strong>Charakterystyka produktu:<\/strong><\/p>\n<p>Przyj\u0119cie technologii rozpoznawania twarzy off-line w celu rozpoznania wielu ras, takich jak azjatycka, kaukaska i czarna.<br \/>\nFunkcje wsparcia, takie jak rozpoznawanie twarzy, dost\u0119p do bia\u0142ej listy, czarna lista wczesnego ostrzegania, a zdj\u0119cie zosta\u0142o wykonane po przej\u015bciu<br \/>\nObs\u0142uga zewn\u0119trznego czytnika ID, kt\u00f3ry umo\u017cliwia funkcj\u0119 por\u00f3wnywania twarzy z identyfikatorem<br \/>\nObs\u0142uga zewn\u0119trznego czytnika IC\/ID, kt\u00f3ry umo\u017cliwia funkcj\u0119 por\u00f3wnywania twarzy z kart\u0105<br \/>\nObs\u0142uga aktywnego wykrywania obiekt\u00f3w w trybie binokularnym w celu zapobiegania atakom fotograficznym<br \/>\nSamoobs\u0142ugowe zbieranie twarzy i wsadowe importowanie listy pozwalaj\u0105 na zarz\u0105dzanie list\u0105 bardziej bez wysi\u0142ku i oszcz\u0119dzaj\u0105c czas<br \/>\nNiestandardowy g\u0142os umo\u017cliwia spersonalizowan\u0105 emisj\u0119 g\u0142osu<br \/>\nObs\u0142uga reklam graficznych i wideo<br \/>\nDo 100.000 danych (zapisanych w p\u0119tli)<br \/>\nObs\u0142uga zdalnej aktualizacji USB po stronie zarz\u0105dzania<br \/>\nOtwarty interfejs, wsparcie dla rozwoju wt\u00f3rnego i dokowania<br \/>\nWysokiej klasy materia\u0142 ze stopu aluminium z technologi\u0105 oksydacji na powierzchni<\/p>\n<p><img fetchpriority=\"high\" decoding=\"async\" class=\"alignnone size-full wp-image-1397\" src=\"https:\/\/www.mairsturnstile-online.com\/wp-content\/uploads\/2022\/05\/face-recognition-turnstile.jpg\" alt=\"\" width=\"1024\" height=\"1100\"><img decoding=\"async\" class=\"alignnone size-full wp-image-1405\" src=\"https:\/\/www.mairsturnstile-online.com\/wp-content\/uploads\/2022\/05\/turnstile-gate-access-control-system.png\" alt=\"\" width=\"1024\" height=\"900\"><img decoding=\"async\" class=\"alignnone size-full wp-image-1401\" src=\"https:\/\/www.mairsturnstile-online.com\/wp-content\/uploads\/2022\/05\/packing-of-turnstile-gate.jpg\" alt=\"\" width=\"1024\" height=\"900\"><\/p>\n","protected":false},"excerpt":{"rendered":"<p>Wsparcie OEM i ODM. Obs\u0142uga urz\u0105dze\u0144 biometrycznych innych firm, takich jak skaner linii papilarnych, kamera do rozpoznawania twarzy. Czytnik kart RFID, skaner kod\u00f3w QR.<\/p>\n","protected":false},"featured_media":3041,"comment_status":"closed","ping_status":"closed","template":"","meta":[],"product_cat":[],"product_tag":[],"class_list":["post-8134","product","type-product","status-publish","has-post-thumbnail","hentry"],"_links":{"self":[{"href":"https:\/\/www.mairsturnstile-online.com\/pl\/wp-json\/wp\/v2\/product\/8134","targetHints":{"allow":["GET"]}}],"collection":[{"href":"https:\/\/www.mairsturnstile-online.com\/pl\/wp-json\/wp\/v2\/product"}],"about":[{"href":"https:\/\/www.mairsturnstile-online.com\/pl\/wp-json\/wp\/v2\/types\/product"}],"replies":[{"embeddable":true,"href":"https:\/\/www.mairsturnstile-online.com\/pl\/wp-json\/wp\/v2\/comments?post=8134"}],"wp:featuredmedia":[{"embeddable":true,"href":"https:\/\/www.mairsturnstile-online.com\/pl\/wp-json\/wp\/v2\/media\/3041"}],"wp:attachment":[{"href":"https:\/\/www.mairsturnstile-online.com\/pl\/wp-json\/wp\/v2\/media?parent=8134"}],"wp:term":[{"taxonomy":"product_cat","embeddable":true,"href":"https:\/\/www.mairsturnstile-online.com\/pl\/wp-json\/wp\/v2\/product_cat?post=8134"},{"taxonomy":"product_tag","embeddable":true,"href":"https:\/\/www.mairsturnstile-online.com\/pl\/wp-json\/wp\/v2\/product_tag?post=8134"}],"curies":[{"name":"wp","href":"https:\/\/api.w.org\/{rel}","templated":true}]}}