{"id":8133,"date":"2021-09-10T01:23:35","date_gmt":"2021-09-09T17:23:35","guid":{"rendered":"https:\/\/www.mairsturnstile-online.com\/product\/8-rozpoznawanie-twarzy-pomiar-temperatury\/"},"modified":"2021-09-10T01:23:35","modified_gmt":"2021-09-09T17:23:35","slug":"8-rozpoznawanie-twarzy-pomiar-temperatury","status":"publish","type":"product","link":"https:\/\/www.mairsturnstile-online.com\/pl\/produkt\/8-rozpoznawanie-twarzy-pomiar-temperatury\/","title":{"rendered":"8&#8243; Rozpoznawanie twarzy Pomiar temperatury"},"content":{"rendered":"<p><iframe title=\"Odtwarzacz wideo YouTube\" src=\"https:\/\/www.youtube.com\/embed\/6ApY1rsjWhw\" width=\"560\" height=\"316\" frameborder=\"0\" allowfullscreen=\"allowfullscreen\"><\/iframe><\/p>\n<h2>8&#8243; Rozpoznawanie twarzy Pomiar temperatury<\/h2>\n<p>Ten 8&#8243; Face Recognition Temperature Measurement Terminal MT-F808 jest wysokiej klasy wbudowanym terminalem binokularnym do pomiaru temperatury z rozpoznawaniem twarzy. Terminal integruje funkcje rozpoznawania twarzy off-line, wykrywania temperatury, rozpoznawania maski, weryfikacji to\u017csamo\u015bci, zbierania twarzy na miejscu, wczesnego ostrzegania o czarnej li\u015bcie, zdj\u0119cia wykonanego po przej\u015bciu, wykrywania aktywnych obiekt\u00f3w.<\/p>\n<p>Przyjmuje WDR HD aparat rozpoznawania twarzy, kt\u00f3ry jest w pe\u0142ni dostosowany do trudnych warunkach, takich jak silne \u015bwiat\u0142o, pod\u015bwietlenie i s\u0142abe \u015bwiat\u0142o, z cechami szybkiej pr\u0119dko\u015bci rozpoznawania, wysokiej dok\u0142adno\u015bci i du\u017cej pojemno\u015bci pami\u0119ci listy. Firma Mairs oferuje najlepszy terminal pomiaru temperatury z rozpoznawaniem twarzy do bramek obrotowych.<\/p>\n<p>Te kamery do rozpoznawania twarzy mog\u0105 by\u0107 dobrze zintegrowane z naszymi bramkami bezpiecze\u0144stwa, co stanowi doskona\u0142e po\u0142\u0105czenie. Je\u015bli masz specjalne wymagania dotycz\u0105ce tych kamer, mo\u017cemy r\u00f3wnie\u017c dostosowa\u0107 specjalne funkcje do Twoich specjalnych potrzeb. Oczywi\u015bcie, je\u015bli potrzebujesz bardziej szczeg\u00f3\u0142owych informacji lub naszej instrukcji produktu, lub chcesz dostosowa\u0107 kamer\u0119 rozpoznawania twarzy do swoich potrzeb, skontaktuj si\u0119 z nami bezpo\u015brednio.<\/p>\n<p><strong>Parametr techniczny:<\/strong><\/p>\n<p>Wy\u015bwietlacz: 8-calowy ekran IPS<br \/>\nTemp Sensor: Termowizyjny czujnik temperatury na podczerwie\u0144<br \/>\nTemperatura: Zakres: 35~42\u2103<br \/>\nOdleg\u0142o\u015b\u0107 wykrywania: 0,4 m~0,7 m<br \/>\nObiektyw: ogniskowa 1,8 mm\uff0c Pole widzenia\uff1a118\u00b0.<br \/>\nZakres dynamiczny: \u2265100 dB<br \/>\nS\/N Ratio: \u226543 dB\uff08AGC OFF\uff09<br \/>\nBalans bieli: Auto, wewn\u0119trzny, zewn\u0119trzny, tryb lampy sodowej, r\u0119czny<br \/>\nCyfrowa redukcja szum\u00f3w: Obs\u0142uga DNR,3DNR<br \/>\nTryb dzienny i nocny: FIxed Color<br \/>\nLiczba podstawek: 20 000 arkuszy<br \/>\nSzybko\u015b\u0107 rozpoznawania: \u2264300 ms<br \/>\nWykrywanie na \u017cywo: obs\u0142uga<br \/>\nWykrywanie masek: obs\u0142uga<br \/>\nTemperatura cia\u0142a: wsparcie<br \/>\nSystem operacyjny: Android 7.1 RK3288<\/p>\n<p><strong>Postacie produkt\u00f3w:<\/strong><\/p>\n<p>Wbudowany bezdotykowy modu\u0142 termowizyjny o wysokiej precyzji + detekcja na \u017cywo w jednym<br \/>\nZakres wykrywania temperatury 35\u2103~42\u2103\uff0cPrecyzja\u00b10.3\u2103<br \/>\nWsparcie temperatury cia\u0142a cz\u0142owieka overlay\u3001picture overlay<br \/>\nObs\u0142uga wykrywania temperatury cia\u0142a<br \/>\nObs\u0142uga wykrywania masek<br \/>\nWbudowany algorytm rozpoznawania twarzy oparty na g\u0142\u0119bokim uczeniu si\u0119 FACE ++\uff0cStabilny i niezawodny<br \/>\nObs\u0142uga bazy danych 50,000 twarzy<br \/>\n300 ms szybka identyfikacja<br \/>\n8-calowy wy\u015bwietlacz LCD HD<br \/>\nLokalne wyj\u015bcie alarmowe po wyst\u0105pieniu nieprawid\u0142owej temperatury<br \/>\nRozpoznawanie twarzy, wykrywanie temperatury i rozpoznawanie masek, Swobodna konfiguracja wielu tryb\u00f3w u\u017cytkowania<br \/>\nUltra cienka metalowa skorupa. pomiar temperatury rozpoznawania twarzy.<br \/>\nMo\u017ce nagrywa\u0107 informacje identyfikacyjne i informacje o temperaturze, zapisa\u0107 traceability<br \/>\nDoskona\u0142a adaptacja do \u015brodowiska, dostosowanie do s\u0142abego o\u015bwietlenia i silnego pod\u015bwietlenia, obs\u0142uga automatycznej ekspozycji twarzy<br \/>\nWsparcie protoko\u0142u Wigan, mo\u017ce bezpo\u015brednio nap\u0119dza\u0107 kontrol\u0119 dost\u0119pu i kontrolowa\u0107 r\u00f3\u017cne bramy<br \/>\nBogaty interfejs sprz\u0119towy, zintegrowany interfejs 100M Ethernet, interfejs audio, interfejs Wiegand, interfejs przeka\u017anikowy, karta TF, USB i inne interfejsy<br \/>\nObs\u0142uga cyfrowej redukcji szum\u00f3w 2D, 3D<br \/>\nNiskie zu\u017cycie energii, zu\u017cycie energii przez p\u0142yt\u0119 g\u0142\u00f3wn\u0105 wynosi zaledwie 5 wat\u00f3w<br \/>\nWspieranie wt\u00f3rnego rozwoju oprogramowania aplikacyjnego po stronie urz\u0105dzenia<br \/>\nObs\u0142uga r\u00f3\u017cnego rodzaju oprogramowania i sprz\u0119tu dostosowanego do potrzeb klienta<\/p>\n<p><img fetchpriority=\"high\" decoding=\"async\" class=\"alignnone size-full wp-image-1397\" src=\"https:\/\/www.mairsturnstile-online.com\/wp-content\/uploads\/2022\/05\/face-recognition-turnstile.jpg\" alt=\"\" width=\"1024\" height=\"1100\"><img decoding=\"async\" class=\"alignnone size-full wp-image-1405\" src=\"https:\/\/www.mairsturnstile-online.com\/wp-content\/uploads\/2022\/05\/turnstile-gate-access-control-system.png\" alt=\"\" width=\"1024\" height=\"900\"><img decoding=\"async\" class=\"alignnone size-full wp-image-1401\" src=\"https:\/\/www.mairsturnstile-online.com\/wp-content\/uploads\/2022\/05\/packing-of-turnstile-gate.jpg\" alt=\"\" width=\"1024\" height=\"900\"><\/p>\n","protected":false},"excerpt":{"rendered":"<p>Wsparcie OEM i ODM. Obs\u0142uga urz\u0105dze\u0144 biometrycznych innych firm, takich jak skaner linii papilarnych, kamera do rozpoznawania twarzy. Czytnik kart RFID, skaner kod\u00f3w QR.<\/p>\n","protected":false},"featured_media":3081,"comment_status":"closed","ping_status":"closed","template":"","meta":[],"product_cat":[],"product_tag":[],"class_list":["post-8133","product","type-product","status-publish","has-post-thumbnail","hentry"],"_links":{"self":[{"href":"https:\/\/www.mairsturnstile-online.com\/pl\/wp-json\/wp\/v2\/product\/8133","targetHints":{"allow":["GET"]}}],"collection":[{"href":"https:\/\/www.mairsturnstile-online.com\/pl\/wp-json\/wp\/v2\/product"}],"about":[{"href":"https:\/\/www.mairsturnstile-online.com\/pl\/wp-json\/wp\/v2\/types\/product"}],"replies":[{"embeddable":true,"href":"https:\/\/www.mairsturnstile-online.com\/pl\/wp-json\/wp\/v2\/comments?post=8133"}],"wp:featuredmedia":[{"embeddable":true,"href":"https:\/\/www.mairsturnstile-online.com\/pl\/wp-json\/wp\/v2\/media\/3081"}],"wp:attachment":[{"href":"https:\/\/www.mairsturnstile-online.com\/pl\/wp-json\/wp\/v2\/media?parent=8133"}],"wp:term":[{"taxonomy":"product_cat","embeddable":true,"href":"https:\/\/www.mairsturnstile-online.com\/pl\/wp-json\/wp\/v2\/product_cat?post=8133"},{"taxonomy":"product_tag","embeddable":true,"href":"https:\/\/www.mairsturnstile-online.com\/pl\/wp-json\/wp\/v2\/product_tag?post=8133"}],"curies":[{"name":"wp","href":"https:\/\/api.w.org\/{rel}","templated":true}]}}