{"id":8124,"date":"2021-12-07T01:50:17","date_gmt":"2021-12-06T17:50:17","guid":{"rendered":"https:\/\/www.mairsturnstile-online.com\/product\/bramka-obrotowa-pelnej-wysokosci-mt406\/"},"modified":"2026-05-06T17:00:01","modified_gmt":"2026-05-06T09:00:01","slug":"kolowroty-szklane-o-pelnej-wysokosci","status":"publish","type":"product","link":"https:\/\/www.mairsturnstile-online.com\/pl\/produkt\/kolowroty-szklane-o-pelnej-wysokosci\/","title":{"rendered":"SZKLANE KO\u0141OwrotY O PE\u0141NEJ WYSOKO\u015aCI MT406"},"content":{"rendered":"\r\n        <div class=\"modelViewerBlock\" data-attributes='{&quot;align&quot;:&quot;start&quot;,&quot;uniqueId&quot;:&quot;model12921&quot;,&quot;currentViewer&quot;:&quot;modelViewer&quot;,&quot;multiple&quot;:false,&quot;model&quot;:{&quot;modelUrl&quot;:&quot;https:\\\/\\\/www.mairsturnstile-online.com\\\/wp-content\\\/uploads\\\/2024\\\/10\\\/turnstyle-door.glb&quot;,&quot;poster&quot;:&quot;&quot;},&quot;O3DVSettings&quot;:{&quot;isFullscreen&quot;:true,&quot;isPagination&quot;:false,&quot;isNavigation&quot;:true,&quot;camera&quot;:null,&quot;mouseControl&quot;:true},&quot;models&quot;:[],&quot;lazyLoad&quot;:false,&quot;loading&quot;:&quot;auto&quot;,&quot;autoplay&quot;:false,&quot;shadow&quot;:true,&quot;autoRotate&quot;:true,&quot;zoom&quot;:true,&quot;isPagination&quot;:false,&quot;isNavigation&quot;:true,&quot;preload&quot;:&quot;auto&quot;,&quot;rotationPerSecond&quot;:&quot;30&quot;,&quot;mouseControl&quot;:true,&quot;fullscreen&quot;:true,&quot;variant&quot;:false,&quot;loadingPercentage&quot;:false,&quot;progressBar&quot;:true,&quot;rotate&quot;:false,&quot;rotateAlongX&quot;:&quot;0&quot;,&quot;rotateAlongY&quot;:&quot;75&quot;,&quot;exposure&quot;:1,&quot;styles&quot;:{&quot;width&quot;:&quot;1150px&quot;,&quot;height&quot;:&quot;700px&quot;,&quot;bgColor&quot;:&quot;#f9f9f9&quot;,&quot;progressBarColor&quot;:&quot;&quot;},&quot;stylesheet&quot;:null,&quot;additional&quot;:{&quot;ID&quot;:&quot;&quot;,&quot;Class&quot;:&quot;&quot;,&quot;CSS&quot;:&quot;&quot;},&quot;animation&quot;:false,&quot;woo&quot;:false,&quot;selectedAnimation&quot;:&quot;&quot;}'><\/div>\r\n\r\n        \n<p>BRAMKI OBROTOWE SZKLANE PE\u0141NEJ WYSOKO\u015aCI MT406. Odkryj nasze bramki obrotowe szklane pe\u0142nej wysoko\u015bci o wyj\u0105tkowej estetyce. Wysokiej jako\u015bci zabezpieczenie antywspinaczkowe, wykonane ze szk\u0142a hartowanego i stali nierdzewnej. Idealne do ekskluzywnych ogrodze\u0144. Zwi\u0119ksz bezpiecze\u0144stwo dzi\u0119ki bramce obrotowej szklanej pe\u0142nej wysoko\u015bci. Unikalna, przezroczysta konstrukcja zapobiega wchodzeniu, zapewniaj\u0105c jednocze\u015bnie widoczno\u015b\u0107. Wytrzyma\u0142e i pi\u0119kne. Odkryj nasze bramki obrotowe szklane pe\u0142nej wysoko\u015bci do luksusowych hol\u00f3w i kampus\u00f3w korporacyjnych. Ochrona pe\u0142nej wysoko\u015bci z bezramow\u0105, eleganck\u0105, szklan\u0105 bramk\u0105. Wybierz najlepsze, pe\u0142nowymiarowe bramki obrotowe szklane bez rezygnowania z luksusowego designu. Wytrzyma\u0142e, pe\u0142nowymiarowe zabezpieczenie z eleganckimi panelami szklanymi. Luksusowy wygl\u0105d, uczciwa cena.          <\/p>\n<p>Mo\u017cemy \u015bwiadczy\u0107 us\u0142ugi OEM i ODM. Mamy do\u015bwiadczonych projektant\u00f3w, kt\u00f3rzy s\u0105 w stanie dokona\u0107 g\u0142\u0119bokiej personalizacji wed\u0142ug Twoich potrzeb. W najszybszym mo\u017cliwym terminie udost\u0119pnimy szereg materia\u0142\u00f3w takich jak wizualizacje 3D, rysunki wymiarowe itp.   Buy a tempered glass full height turnstile that combines impact resistance with sleek looks. Unique full height design, IP54 rated, ideal for outdoor plazas. Integrate our full height glass turnstiles with any access system. Full height security meets glass transparency \u2013 no compromise on safety or aesthetics. Create your custom full height glass turnstile with etched logos or tinted glass. Unique full height design that matches your architectural vision. Secure high-traffic venues with full height glass turnstiles. Anti-tailgate, high throughput, and stunning glass appearance. Heavy duty for public use.        <\/p>\n<p>All of our products carry a 2 years warranty and durable maintenance and repair support. Dostarczamy r\u00f3wnie\u017c urz\u0105dzenia biometryczne, takie jak skaner linii papilarnych i kamera rozpoznaj\u0105ca twarz. Czytnik kart RFID, skaner kod\u00f3w QR. Je\u015bli chcesz zintegrowa\u0107 te urz\u0105dzenia z bramk\u0105 obrotow\u0105 lub masz jakiekolwiek pytania, <a href=\"https:\/\/www.mairsturnstile-online.com\/contact-us\/\">popro\u015b o wycen\u0119<\/a>.<\/p>\n<p>Mo\u017cemy r\u00f3wnie\u017c w ci\u0105gu kilku minut stworzy\u0107 dla Ciebie rendering na podstawie Twojego rzeczywistego scenariusza. Dostarczamy r\u00f3wnie\u017c szczeg\u00f3\u0142owe plany i rysunki, a tak\u017ce rysunki instalacyjne. Nie martw si\u0119 o instalacj\u0119. Aby zapozna\u0107 si\u0119 z konkretnymi wymiarami i wymiarami monta\u017cowymi, nale\u017cy pobra\u0107 nasz odpowiedni plik PDF. <\/p>\n\n\t\t\t\n\t<style type=\"text\/css\">\n\t\t.slider-info-12845.bafg-slider-info .bafg-slider-title {\n\t\t\t\t\t\t\tfont-size:\n\t\t\t\t\t22px\t\t\t\t;\n\t\t\t\n\t\t\t\n\t\t\t\t\t}\n\n\t\t.slider-info-12845.bafg-slider-info .bafg-slider-description {\n\t\t\t\n\t\t\t\n\t\t\t\t\t}\n\t\t\n\t\t\n\t\t.slider-info-12845.bafg-slider-info .bafg_slider_readmore_button {\n\t\t\t\n\t\t\t\n\t\t\t\n\t\t\t\n\t\t\t\n\t\t\ttext-align: center;\n\n\t\t\t\n\t\t\t\n\t\t\t\n\t\t\t\n\t\t\t\t\t}\n\n\t\t.slider-info-12845.bafg-slider-info .bafg_slider_readmore_button:hover {\n\n\t\t\t\n\t\t\t\n\t\t\t\t\t}\n\t<\/style>\n\t\n\t\t\t<div class=\"bafg-twentytwenty-container slider-12845  \"\n\t\t\t\tbafg-orientation=\"horizontal\" bafg-default-offset=\"0.5\"\n\t\t\t\tbafg-before-label=\"Before\"\n\t\t\t\tbafg-after-label=\"After\" bafg-overlay=\"1\"\n\t\t\t\tbafg-move-slider-on-hover=\"1\"\n\t\t\t\tbafg-click-to-move=\"\">\n\n\t\t\t\t\t\t\t\t<img class=\"skip-lazy\" data-skip-lazy\t\t\t\t\tsrc=\"https:\/\/www.mairsturnstile-online.com\/wp-content\/uploads\/2021\/12\/full-height-glass-turnstiles-8.jpg\" alt=\"full height glass turnstiles\">\n\t\t\t\t<img class=\"skip-lazy\" data-skip-lazy\t\t\t\t\tsrc=\"https:\/\/www.mairsturnstile-online.com\/wp-content\/uploads\/2021\/12\/full-height-glass-turnstiles-9.jpg\" alt=\"full height glass turnstiles\">\n\n\t\t\t<\/div>\n\n\t\t\t\t<div class=\"bafg-slider-info-wraper\">\n\t\t<div style=\"\" class=\"slider-info-12845 bafg-slider-info\">\n\t\t\t\t\t<\/div>\n\t<\/div>\n\t\n\t\t\t<style type=\"text\/css\">\n\t\t\t\t\t\t\t\t\t\t\t<\/style>\n\t\t\t\n<p><strong>Technical Parameter:<br \/>\n<\/strong>1. Rozmiar: 1520 * 1520 * 2300 mm (mo\u017cna dostosowa\u0107)<br \/>\n2. Szeroko\u015b\u0107 pasa: oko\u0142o 650mm (mo\u017ce by\u0107 dostosowany)<br \/>\n3. Pr\u0119dko\u015b\u0107 przeje\u017cd\u017cania: 30 os\u00f3b\/min<br \/>\n4. Zasilanie: 110V\/220V 50\/60Hz<br \/>\n5. Cewka: DC24V<br \/>\n6. Sygna\u0142 otwarcia bramy: Styk bezpr\u0105dowy\/przeka\u017anik<br \/>\n7. Napi\u0119cie logiczne: DC24V<br \/>\n8. Materia\u0142 obudowy: 304stainless steel i PC board<br \/>\n9. Niezawodno\u015b\u0107 mechanizmu: 5 mln, no-fault<br \/>\n10. Mechanizm z amortyzatorem hydraulicznym do t\u0142umienia wstrz\u0105s\u00f3w<br \/>\n11. Nap\u0119d: P\u00f3\u0142automatyczny Obs\u0142ugiwany<br \/>\n12. D\u0142ugo\u015b\u0107 ramienia: 600 mm<br \/>\n13. Kierunek obrot\u00f3w: Dwukierunkowy<br \/>\n14. Sytuacja awaryjna: W przypadku sytuacji awaryjnej lub od\u0142\u0105czenia zasilania drzwi obrotowe mog\u0105 by\u0107 skonfigurowane jako Fail-Safe tj. obracaj\u0105 si\u0119 swobodnie lub Fail-Lock.<br \/>\n15. Wilgotno\u015b\u0107: \u226495\uff05.<\/p>\n<p>16. Temperatura pracy: -25\u00b0C\uff5e60\u00b0C<br \/>\n17. Opcjonalne funkcje: Czytnik IC\/ID, czytnik kod\u00f3w kreskowych, rozpoznawanie twarzy, odcisk palca, inne urz\u0105dzenia kontroli dost\u0119pu, UPS itp.<br \/>\n18. Odleg\u0142o\u015b\u0107 komunikacji: \u22641200 m<br \/>\n19. Interfejs komunikacyjny: RS485<br \/>\n20. Rozmiar mo\u017cna dostosowa\u0107<br \/>\n21. Czas potrzebny do otwarcia: 0,2 s<br \/>\n22. \u015arodowisko pracy: Wewn\u0105trz lub na zewn\u0105trz<br \/>\n23. Anti tailgating: bramka obrotowa pozostanie zablokowana po otwarciu oko\u0142o 60 stopni (3 ramiona) lub 45 stopni (4 ramiona), wi\u0119c bramka nie mo\u017ce dzia\u0142a\u0107 w odwrotnym kierunku, aby zapobiec tailgating.<br \/>\n24. Zakres zastosowa\u0144: Spo\u0142eczno\u015b\u0107, fabryka, plac budowy, szko\u0142a, o\u015brodek wypoczynkowy itp.<\/p>\n<p>Oferujemy kompleksowe rozwi\u0105zanie w zakresie kontroli dost\u0119pu. Je\u015bli posiadasz w\u0142asny system kontroli dost\u0119pu, mo\u017cesz bezpo\u015brednio korzysta\u0107 z naszej bramki obrotowej.  Je\u015bli go nie posiadasz, oferujemy r\u00f3wnie\u017c kompleksowe rozwi\u0105zanie kontroli dost\u0119pu. Szczeg\u00f3\u0142y znajdziesz w poni\u017cszym filmie. <\/p>\n<p><iframe title=\"Odtwarzacz wideo YouTube\" src=\"https:\/\/www.youtube.com\/embed\/VFdSWlNwQa0?si=Y38nZmXewVqBShit\" width=\"1150\" height=\"650\" frameborder=\"0\" allowfullscreen=\"allowfullscreen\"><span data-mce-type=\"bookmark\" style=\"display: inline-block; width: 0px; overflow: hidden; line-height: 0;\" class=\"mce_SELRES_start\"><\/span><\/iframe><\/p>\n","protected":false},"excerpt":{"rendered":"<p>Expert advice, Free design, OEM Logo, Color &amp; Size Available, Global Export, Fast sample shipping, Low MOQ. Get factory direct wholesale pricing from a trusted manufacturer, Long-term cooperation support for global agents &amp; wholesalers.<strong><a title=\"Bramka obrotowa o pe\u0142nej wysoko\u015bci z certyfikatem CE firmy Mairs\" href=\"http:\/\/mairsturnstile.com\/wp-content\/uploads\/2022\/09\/Mairs-CE-Certificate-Full-Height-Turnstile.pdf\" target=\"_blank\" rel=\"noopener noreferrer\">CE Certificated,<\/a><a title=\"Mairs ISO9001 Certificate\" href=\"http:\/\/mairsturnstile.com\/wp-content\/uploads\/2022\/09\/Mairs-Registration-Certificate-ISO9001.pdf\" target=\"_blank\" rel=\"noopener noreferrer\">ISO9001 Certificated.<\/a><\/strong> Please check the new design: <strong><a href=\"https:\/\/www.mairsturnstile-online.com\/full-height-turnstile-series\/\" target=\"_blank\" rel=\"noopener\"><span style=\"color: #fcaf3b;\">New Full Height Turnstile Series<\/span><\/a><\/strong> <\/p>\n<p><a title=\"Broszura bramek obrotowych o pe\u0142nej wysoko\u015bci\" href=\"https:\/\/mairsturnstile-online.com\/flipbook\/mt406-full-height-turnstile-brochure\" target=\"_blank\" rel=\"noopener noreferrer\"><img decoding=\"async\" class=\"alignnone size-full wp-image-11034\" src=\"http:\/\/mairsturnstile.com\/wp-content\/uploads\/2022\/09\/pdf-MairsTurnstile.png\" alt=\"\" width=\"32\" height=\"32\"> <span style=\"color: #fcaf3b;\"><strong>MT406 Bramka obrotowa o pe\u0142nej wysoko\u015bci Broszura<\/strong><\/span><\/a><\/p>\n<p><a title=\"Instrukcja monta\u017cu ko\u0142owrotu o pe\u0142nej wysoko\u015bci\" href=\"http:\/\/mairsturnstile.com\/wp-content\/uploads\/2023\/09\/Full-height-turnstile-installation-manual.pdf\" target=\"_blank\" rel=\"noopener noreferrer\"><img decoding=\"async\" class=\"alignnone size-full wp-image-11034\" src=\"http:\/\/mairsturnstile.com\/wp-content\/uploads\/2022\/09\/pdf-MairsTurnstile.png\" alt=\"\" width=\"32\" height=\"32\"><strong><span style=\"color: #fcaf3b;\"> Instrukcja obs\u0142ugi i instalacji ko\u0142owrotu o pe\u0142nej wysoko\u015bci<\/span><\/strong><\/a><\/p>\n","protected":false},"featured_media":48889,"comment_status":"closed","ping_status":"closed","template":"","meta":[],"product_cat":[127],"product_tag":[],"class_list":["post-8124","product","type-product","status-publish","has-post-thumbnail","hentry","product_cat-bramki-obrotowe-o-pelnej-wysokosci"],"_links":{"self":[{"href":"https:\/\/www.mairsturnstile-online.com\/pl\/wp-json\/wp\/v2\/product\/8124","targetHints":{"allow":["GET"]}}],"collection":[{"href":"https:\/\/www.mairsturnstile-online.com\/pl\/wp-json\/wp\/v2\/product"}],"about":[{"href":"https:\/\/www.mairsturnstile-online.com\/pl\/wp-json\/wp\/v2\/types\/product"}],"replies":[{"embeddable":true,"href":"https:\/\/www.mairsturnstile-online.com\/pl\/wp-json\/wp\/v2\/comments?post=8124"}],"wp:featuredmedia":[{"embeddable":true,"href":"https:\/\/www.mairsturnstile-online.com\/pl\/wp-json\/wp\/v2\/media\/48889"}],"wp:attachment":[{"href":"https:\/\/www.mairsturnstile-online.com\/pl\/wp-json\/wp\/v2\/media?parent=8124"}],"wp:term":[{"taxonomy":"product_cat","embeddable":true,"href":"https:\/\/www.mairsturnstile-online.com\/pl\/wp-json\/wp\/v2\/product_cat?post=8124"},{"taxonomy":"product_tag","embeddable":true,"href":"https:\/\/www.mairsturnstile-online.com\/pl\/wp-json\/wp\/v2\/product_tag?post=8124"}],"curies":[{"name":"wp","href":"https:\/\/api.w.org\/{rel}","templated":true}]}}