{"id":8122,"date":"2021-12-07T02:06:55","date_gmt":"2021-12-06T18:06:55","guid":{"rendered":"https:\/\/www.mairsturnstile-online.com\/product\/bramka-obrotowa-o-wysokosci-do-pasa-mt125\/"},"modified":"2024-03-11T16:42:39","modified_gmt":"2024-03-11T08:42:39","slug":"kolowroty-siegajace-do-pasa","status":"publish","type":"product","link":"https:\/\/www.mairsturnstile-online.com\/pl\/produkt\/kolowroty-siegajace-do-pasa\/","title":{"rendered":"Bramka obrotowa o wysoko\u015bci do pasa MT125"},"content":{"rendered":"<p>\r\n        <div class=\"modelViewerBlock\" data-attributes='{&quot;align&quot;:&quot;start&quot;,&quot;uniqueId&quot;:&quot;model15148&quot;,&quot;currentViewer&quot;:&quot;modelViewer&quot;,&quot;multiple&quot;:false,&quot;model&quot;:{&quot;modelUrl&quot;:&quot;https:\\\/\\\/www.mairsturnstile-online.com\\\/wp-content\\\/uploads\\\/2023\\\/07\\\/MT125.glb&quot;,&quot;poster&quot;:&quot;&quot;},&quot;O3DVSettings&quot;:{&quot;isFullscreen&quot;:true,&quot;isPagination&quot;:false,&quot;isNavigation&quot;:true,&quot;camera&quot;:null,&quot;mouseControl&quot;:true},&quot;models&quot;:[],&quot;lazyLoad&quot;:false,&quot;loading&quot;:&quot;auto&quot;,&quot;autoplay&quot;:false,&quot;shadow&quot;:true,&quot;autoRotate&quot;:true,&quot;zoom&quot;:true,&quot;isPagination&quot;:false,&quot;isNavigation&quot;:true,&quot;preload&quot;:&quot;auto&quot;,&quot;rotationPerSecond&quot;:&quot;30&quot;,&quot;mouseControl&quot;:true,&quot;fullscreen&quot;:true,&quot;variant&quot;:false,&quot;loadingPercentage&quot;:false,&quot;progressBar&quot;:true,&quot;rotate&quot;:false,&quot;rotateAlongX&quot;:&quot;0&quot;,&quot;rotateAlongY&quot;:&quot;75&quot;,&quot;exposure&quot;:1,&quot;styles&quot;:{&quot;width&quot;:&quot;1150px&quot;,&quot;height&quot;:&quot;700px&quot;,&quot;bgColor&quot;:&quot;#f9f9f9&quot;,&quot;progressBarColor&quot;:&quot;&quot;},&quot;stylesheet&quot;:null,&quot;additional&quot;:{&quot;ID&quot;:&quot;&quot;,&quot;Class&quot;:&quot;&quot;,&quot;CSS&quot;:&quot;&quot;},&quot;animation&quot;:false,&quot;woo&quot;:false,&quot;selectedAnimation&quot;:&quot;&quot;}'><\/div>\r\n\r\n        <br \/>\nMo\u017cemy \u015bwiadczy\u0107 us\u0142ugi OEM i ODM. Mamy do\u015bwiadczonych projektant\u00f3w, kt\u00f3rzy s\u0105 w stanie dokona\u0107 g\u0142\u0119bokiej personalizacji wed\u0142ug Twoich potrzeb. W najszybszym mo\u017cliwym terminie udost\u0119pnimy szereg materia\u0142\u00f3w takich jak wizualizacje 3D, rysunki wymiarowe itp.<\/p>\n<p>Wszystkie nasze produkty obj\u0119te s\u0105 2-letni\u0105 gwarancj\u0105 oraz trwa\u0142ym wsparciem w zakresie konserwacji i napraw. Dostarczamy r\u00f3wnie\u017c urz\u0105dzenia biometryczne, takie jak skanery linii papilarnych i kamery rozpoznaj\u0105ce twarz. Czytnik kart RFID, skaner kod\u00f3w QR. Je\u015bli chcesz zintegrowa\u0107 te urz\u0105dzenia z ko\u0142owrotami si\u0119gaj\u0105cymi do pasa lub masz jakiekolwiek pytania, <a href=\"https:\/\/www.mairsturnstile-online.com\/contact-us\/\">popro\u015b o wycen\u0119.<\/a><\/p>\n<p>Mo\u017cemy r\u00f3wnie\u017c w ci\u0105gu kilku minut stworzy\u0107 dla Ciebie rendering na podstawie Twojego rzeczywistego scenariusza. Dostarczamy r\u00f3wnie\u017c szczeg\u00f3\u0142owe plany i rysunki, a tak\u017ce rysunki instalacyjne. Nie martw si\u0119 o instalacj\u0119. Aby zapozna\u0107 si\u0119 z konkretnymi wymiarami i wymiarami monta\u017cowymi, nale\u017cy pobra\u0107 nasz odpowiedni plik PDF.<\/p>\n\n\t\t\t\n\t<style type=\"text\/css\">\n\t\t.slider-info-15152.bafg-slider-info .bafg-slider-title {\n\t\t\t\t\t\t\tfont-size:\n\t\t\t\t\t22px\t\t\t\t;\n\t\t\t\n\t\t\t\n\t\t\t\t\t}\n\n\t\t.slider-info-15152.bafg-slider-info .bafg-slider-description {\n\t\t\t\n\t\t\t\n\t\t\t\t\t}\n\t\t\n\t\t\n\t\t.slider-info-15152.bafg-slider-info .bafg_slider_readmore_button {\n\t\t\t\n\t\t\t\n\t\t\t\n\t\t\t\n\t\t\t\n\t\t\ttext-align: center;\n\n\t\t\t\n\t\t\t\n\t\t\t\n\t\t\t\n\t\t\t\t\t}\n\n\t\t.slider-info-15152.bafg-slider-info .bafg_slider_readmore_button:hover {\n\n\t\t\t\n\t\t\t\n\t\t\t\t\t}\n\t<\/style>\n\t\n\t\t\t<div class=\"bafg-twentytwenty-container slider-15152  \"\n\t\t\t\tbafg-orientation=\"horizontal\" bafg-default-offset=\"0.5\"\n\t\t\t\tbafg-before-label=\"Before\"\n\t\t\t\tbafg-after-label=\"After\" bafg-overlay=\"1\"\n\t\t\t\tbafg-move-slider-on-hover=\"1\"\n\t\t\t\tbafg-click-to-move=\"\">\n\n\t\t\t\t\t\t\t\t<img class=\"skip-lazy\" data-skip-lazy\t\t\t\t\tsrc=\"https:\/\/www.mairsturnstile-online.com\/wp-content\/uploads\/2023\/07\/waist-high-turnstiles_4.jpg\" alt=\"\">\n\t\t\t\t<img class=\"skip-lazy\" data-skip-lazy\t\t\t\t\tsrc=\"https:\/\/www.mairsturnstile-online.com\/wp-content\/uploads\/2023\/07\/waist-high-turnstiles_5.jpg\" alt=\"\">\n\n\t\t\t<\/div>\n\n\t\t\t\t<div class=\"bafg-slider-info-wraper\">\n\t\t<div style=\"\" class=\"slider-info-15152 bafg-slider-info\">\n\t\t\t\t\t<\/div>\n\t<\/div>\n\t\n\t\t\t<style type=\"text\/css\">\n\t\t\t\t\t\t\t\t\t\t\t<\/style>\n\t\t\t\n<p><strong>Parametr techniczny:<\/strong><br \/>\n1. Rozmiar: 1400*280*980 mm (mo\u017ce by\u0107 dostosowany)<br \/>\n2. Szeroko\u015b\u0107 pasa: 550 mm (mo\u017ce by\u0107 dostosowana)<br \/>\n3. Pr\u0119dko\u015b\u0107 przeje\u017cd\u017cania: 35 os\u00f3b\/min<br \/>\n4. Zasilanie: 110V\/220V 50\/60Hz<br \/>\n5. Ko\u0142owroty wysokie do pasa Waga: 45 kg<br \/>\n6. Wej\u015bcie: Przeka\u017anik z suchym stykiem<br \/>\n7. Cewka 24V<br \/>\n8. Materia\u0142 obudowy: Stal nierdzewna 304 i akrylowa g\u00f3rna pokrywa<br \/>\n9. Niezawodno\u015b\u0107 mechanizmu: 3 mln, no-fault<br \/>\n10. Spos\u00f3b dzia\u0142ania: p\u00f3\u0142automatyczny<br \/>\n11. Zaw\u00f3r elektromagnetyczny: DC24V \u00b15\uff05<br \/>\n12. D\u0142ugo\u015b\u0107 ramienia: 510 mm<br \/>\n13. Kierunek obrot\u00f3w: Dwukierunkowy\/Jednokierunkowy<br \/>\n14. Awaryjne: Rami\u0119 opada automatycznie po odci\u0119ciu pr\u0105du.<br \/>\n15. Napi\u0119cie robocze: 24V DC \u00b15%<br \/>\n16. Napi\u0119cie lampki kontrolnej: DC12V \u00b15\uff05(standard)<br \/>\n17. Temperatura pracy: -30\u2103\uff5e60\u2103<br \/>\n18. Ko\u0142owroty z wysokim stanem Wilgotno\u015b\u0107: 5% ~ 90%<br \/>\n19. Wodoodporno\u015b\u0107: IP56<br \/>\n20. Cechy: Czytnik IC\/ID, czytnik kod\u00f3w kreskowych, rozpoznawanie twarzy, odcisk palca, inne urz\u0105dzenia kontroli dost\u0119pu, UPS itp.<br \/>\n21. Czas potrzebny do otwarcia: 0,2 s<br \/>\n22. \u015arodowisko pracy: Wewn\u0105trz lub na zewn\u0105trz<br \/>\n23. Zakres zastosowania: Wsp\u00f3lnota, Fabryka, Plac budowy, Szko\u0142a, Miejsce o\u015brodka wypoczynkowego, itp.<\/p>\n<p>Mo\u017cemy zapewni\u0107 ca\u0142e rozwi\u0105zanie kontroli dost\u0119pu bezpiecze\u0144stwa. Je\u015bli posiadasz w\u0142asny system kontroli dost\u0119pu, mo\u017cesz bezpo\u015brednio skorzysta\u0107 z naszej bramki obrotowej. Je\u015bli go nie posiadasz, zapewniamy r\u00f3wnie\u017c kompletne rozwi\u0105zanie w zakresie kontroli dost\u0119pu. Aby uzyska\u0107 szczeg\u00f3\u0142owe informacje, zapoznaj si\u0119 z poni\u017cszym filmem.<\/p>\n<p><iframe title=\"Automatyczny ko\u0142owr\u00f3t, Automatyczny ko\u0142owr\u00f3t na statywie, w pe\u0142ni automatyczna bramka ko\u0142owrotu - MairsTurnstile\" src=\"https:\/\/www.youtube.com\/embed\/bGvTqKlYJV4\" width=\"1150\" height=\"650\" frameborder=\"0\" allowfullscreen=\"allowfullscreen\"><\/iframe><\/p>\n","protected":false},"excerpt":{"rendered":"<p>Wsparcie OEM i ODM. Obs\u0142uga urz\u0105dze\u0144 biometrycznych innych firm, takich jak skaner linii papilarnych, kamera do rozpoznawania twarzy. Czytnik kart RFID, skaner kod\u00f3w QR. <strong><a title=\"Bramka obrotowa na tr\u00f3jnogu z certyfikatem CE firmy Mairs\" href=\"http:\/\/mairsturnstile.com\/wp-content\/uploads\/2022\/09\/Mairs-CE-Certificate-Tripod-Turnstile.pdf\" target=\"_blank\" rel=\"noopener\">CE Certificated<\/a>, <a title=\"Mairs Certyfikat ISO9001\" href=\"http:\/\/mairsturnstile.com\/wp-content\/uploads\/2022\/09\/Mairs-Registration-Certificate-ISO9001.pdf\" target=\"_blank\" rel=\"noopener noreferrer\">ISO9001 Certificated.<\/a><\/strong><\/p>\n<p><a title=\"Broszura dotycz\u0105ca ko\u0142owrot\u00f3w z wysokim stanem\" href=\"http:\/\/mairsturnstile.com\/wp-content\/uploads\/2023\/12\/MT125-brochure.pdf\" target=\"_blank\" rel=\"noopener noreferrer\"><img decoding=\"async\" class=\"alignnone size-full wp-image-11034\" src=\"http:\/\/mairsturnstile.com\/wp-content\/uploads\/2022\/09\/pdf-MairsTurnstile.png\" alt=\"\" width=\"32\" height=\"32\"><span style=\"color: #0000ff;\"><strong>Broszura o wysokich ko\u0142owrotach MT125<\/strong><\/span><\/a><\/p>\n","protected":false},"featured_media":14965,"comment_status":"closed","ping_status":"closed","template":"","meta":[],"product_cat":[126],"product_tag":[],"class_list":["post-8122","product","type-product","status-publish","has-post-thumbnail","hentry","product_cat-bramka-obrotowa-na-trojnogu"],"_links":{"self":[{"href":"https:\/\/www.mairsturnstile-online.com\/pl\/wp-json\/wp\/v2\/product\/8122","targetHints":{"allow":["GET"]}}],"collection":[{"href":"https:\/\/www.mairsturnstile-online.com\/pl\/wp-json\/wp\/v2\/product"}],"about":[{"href":"https:\/\/www.mairsturnstile-online.com\/pl\/wp-json\/wp\/v2\/types\/product"}],"replies":[{"embeddable":true,"href":"https:\/\/www.mairsturnstile-online.com\/pl\/wp-json\/wp\/v2\/comments?post=8122"}],"wp:featuredmedia":[{"embeddable":true,"href":"https:\/\/www.mairsturnstile-online.com\/pl\/wp-json\/wp\/v2\/media\/14965"}],"wp:attachment":[{"href":"https:\/\/www.mairsturnstile-online.com\/pl\/wp-json\/wp\/v2\/media?parent=8122"}],"wp:term":[{"taxonomy":"product_cat","embeddable":true,"href":"https:\/\/www.mairsturnstile-online.com\/pl\/wp-json\/wp\/v2\/product_cat?post=8122"},{"taxonomy":"product_tag","embeddable":true,"href":"https:\/\/www.mairsturnstile-online.com\/pl\/wp-json\/wp\/v2\/product_tag?post=8122"}],"curies":[{"name":"wp","href":"https:\/\/api.w.org\/{rel}","templated":true}]}}