{"id":8121,"date":"2022-01-20T01:43:18","date_gmt":"2022-01-19T17:43:18","guid":{"rendered":"https:\/\/www.mairsturnstile-online.com\/product\/kolowrot-pionowy-na-trojnogu-mt112\/"},"modified":"2023-11-02T15:23:47","modified_gmt":"2023-11-02T07:23:47","slug":"statywy-kolowroty","status":"publish","type":"product","link":"https:\/\/www.mairsturnstile-online.com\/pl\/produkt\/statywy-kolowroty\/","title":{"rendered":"KO\u0141OwrotKI STATYWNE W TALII WYSOKI KO\u0141OwrotEK MT112"},"content":{"rendered":"<p>KO\u0141OwrotKI STATYWNE W TALII WYSOKI KO\u0141OwrotEK MT112<\/p>\n<p>Mo\u017cemy \u015bwiadczy\u0107 us\u0142ugi OEM i ODM. Mamy do\u015bwiadczonych projektant\u00f3w, kt\u00f3rzy s\u0105 w stanie dokona\u0107 g\u0142\u0119bokiej personalizacji wed\u0142ug Twoich potrzeb. W najszybszym mo\u017cliwym terminie udost\u0119pnimy szereg materia\u0142\u00f3w takich jak wizualizacje 3D, rysunki wymiarowe itp.<\/p>\n<p>Wszystkie nasze produkty posiadaj\u0105 2 lata gwarancji oraz trwa\u0142e wsparcie w zakresie konserwacji i napraw. Zapewniamy r\u00f3wnie\u017c urz\u0105dzenia biometryczne, takie jak skaner linii papilarnych, kamera do rozpoznawania twarzy. Czytnik kart RFID, skaner kod\u00f3w QR. Je\u015bli chcesz zintegrowa\u0107 te urz\u0105dzenia z ko\u0142owrotami statywowymi lub masz jakie\u015b pytania, <a href=\"https:\/\/www.mairsturnstile-online.com\/contact-us\/\">popro\u015b o wycen\u0119.<\/a><\/p>\n<p>Mo\u017cemy r\u00f3wnie\u017c w ci\u0105gu kilku minut stworzy\u0107 dla Ciebie rendering na podstawie Twojego rzeczywistego scenariusza. Zapewniamy r\u00f3wnie\u017c szczeg\u00f3\u0142owy uk\u0142ad i rysunki, a tak\u017ce rysunki instalacyjne. Nie martw si\u0119 o instalacj\u0119. Aby zapozna\u0107 si\u0119 z konkretnymi wymiarami i wymiarami monta\u017cowymi, nale\u017cy pobra\u0107 nasz odpowiedni plik PDF.<\/p>\n<p><strong>Parametr techniczny:<\/strong><\/p>\n<p>1. Rozmiar: 480*280*980 mm (mo\u017ce by\u0107 dostosowany)<br \/>\n2. Szeroko\u015b\u0107 pasa: 550 mm (mo\u017ce by\u0107 dostosowana)<br \/>\n3. Pr\u0119dko\u015b\u0107 przeje\u017cd\u017cania: 35 os\u00f3b\/min<br \/>\n4. Zasilanie: 110V\/220V 50\/60Hz<br \/>\n5. Waga: 40 kg<br \/>\n6. Sygna\u0142 otwarcia bramy: Styk bezpr\u0105dowy\/przeka\u017anik<br \/>\n7. Materia\u0142 obudowy: Stal nierdzewna 304<br \/>\n8. Niezawodno\u015b\u0107 mechanizmu: 3 mln, no-fault<br \/>\n9. Materia\u0142 ramienia: Stal nierdzewna 304<br \/>\n10. Zaw\u00f3r elektromagnetyczny: DC24V \u00b15\uff05<br \/>\n11. D\u0142ugo\u015b\u0107 ramienia: 510 mm<br \/>\n12. Kierunek obrot\u00f3w: Dwukierunkowy<br \/>\n13. Wyj\u015bcie awaryjne: opada automatycznie po odci\u0119ciu pr\u0105du.<br \/>\n14. Napi\u0119cie robocze: 24V DC \u00b15%<br \/>\n15. Napi\u0119cie lampki kontrolnej: DC12V \u00b15\uff05(standard)<br \/>\n16. Temperatura pracy: -30\u2103\uff5e60\u2103<br \/>\n17. Ko\u0142owroty statywowe Wilgotno\u015b\u0107: 5% ~ 90%<br \/>\n18. Wodoodporno\u015b\u0107: IP56<br \/>\n19. Cechy: Czytnik IC\/ID, Czytnik kod\u00f3w kreskowych, Rozpoznawanie twarzy, Odcisk palca, inne urz\u0105dzenia kontroli dost\u0119pu, UPS itp.<br \/>\n20. Czas potrzebny do otwarcia: 0,2 s<br \/>\n21. \u015arodowisko pracy: Wewn\u0105trz lub na zewn\u0105trz<br \/>\n22. Zakres zastosowania: Gmina, Fabryka, Plac budowy, Szko\u0142a, Miejsce o\u015brodka wypoczynkowego,itp.<\/p>\n<p>Mo\u017cemy zapewni\u0107 ca\u0142e rozwi\u0105zanie kontroli dost\u0119pu bezpiecze\u0144stwa. Je\u015bli posiadasz w\u0142asny system kontroli dost\u0119pu, mo\u017cesz bezpo\u015brednio skorzysta\u0107 z naszej bramki obrotowej. Je\u015bli go nie posiadasz, zapewniamy r\u00f3wnie\u017c kompletne rozwi\u0105zanie w zakresie kontroli dost\u0119pu. Aby uzyska\u0107 szczeg\u00f3\u0142owe informacje, zapoznaj si\u0119 z poni\u017cszym filmem.<\/p>\n<p><iframe title=\"Bramki zabezpieczaj\u0105ce na statywie, bramka obrotowa na statywie, ko\u0142owroty na statywie - MairsTurnstile\" src=\"https:\/\/www.youtube.com\/embed\/XZxBoOfEqvE\" width=\"1110\" height=\"650\" frameborder=\"0\" allowfullscreen=\"allowfullscreen\"><\/iframe><\/p>\n","protected":false},"excerpt":{"rendered":"<p>Wsparcie OEM i ODM. Obs\u0142uga urz\u0105dze\u0144 biometrycznych innych firm, takich jak skaner linii papilarnych, kamera do rozpoznawania twarzy. Czytnik kart RFID, skaner kod\u00f3w QR. <strong><a title=\"Bramka obrotowa na tr\u00f3jnogu z certyfikatem CE firmy Mairs\" href=\"http:\/\/mairsturnstile.com\/wp-content\/uploads\/2022\/09\/Mairs-CE-Certificate-Tripod-Turnstile.pdf\" target=\"_blank\" rel=\"noopener\">CE Certificated<\/a>, <a title=\"Mairs Certyfikat ISO9001\" href=\"http:\/\/mairsturnstile.com\/wp-content\/uploads\/2022\/09\/Mairs-Registration-Certificate-ISO9001.pdf\" target=\"_blank\" rel=\"noopener noreferrer\">ISO9001 Certificated.<\/a><\/strong><\/p>\n","protected":false},"featured_media":9397,"comment_status":"closed","ping_status":"closed","template":"","meta":[],"product_cat":[126],"product_tag":[],"class_list":["post-8121","product","type-product","status-publish","has-post-thumbnail","hentry","product_cat-bramka-obrotowa-na-trojnogu"],"_links":{"self":[{"href":"https:\/\/www.mairsturnstile-online.com\/pl\/wp-json\/wp\/v2\/product\/8121","targetHints":{"allow":["GET"]}}],"collection":[{"href":"https:\/\/www.mairsturnstile-online.com\/pl\/wp-json\/wp\/v2\/product"}],"about":[{"href":"https:\/\/www.mairsturnstile-online.com\/pl\/wp-json\/wp\/v2\/types\/product"}],"replies":[{"embeddable":true,"href":"https:\/\/www.mairsturnstile-online.com\/pl\/wp-json\/wp\/v2\/comments?post=8121"}],"wp:featuredmedia":[{"embeddable":true,"href":"https:\/\/www.mairsturnstile-online.com\/pl\/wp-json\/wp\/v2\/media\/9397"}],"wp:attachment":[{"href":"https:\/\/www.mairsturnstile-online.com\/pl\/wp-json\/wp\/v2\/media?parent=8121"}],"wp:term":[{"taxonomy":"product_cat","embeddable":true,"href":"https:\/\/www.mairsturnstile-online.com\/pl\/wp-json\/wp\/v2\/product_cat?post=8121"},{"taxonomy":"product_tag","embeddable":true,"href":"https:\/\/www.mairsturnstile-online.com\/pl\/wp-json\/wp\/v2\/product_tag?post=8121"}],"curies":[{"name":"wp","href":"https:\/\/api.w.org\/{rel}","templated":true}]}}