{"id":8118,"date":"2022-02-18T00:56:34","date_gmt":"2022-02-17T16:56:34","guid":{"rendered":"https:\/\/www.mairsturnstile-online.com\/product\/dworzec-kolejowy-lotnisko-zawieszka-obrotowa-mt371-l\/"},"modified":"2023-11-04T12:45:23","modified_gmt":"2023-11-04T04:45:23","slug":"kolowrot-szklana-bariera","status":"publish","type":"product","link":"https:\/\/www.mairsturnstile-online.com\/pl\/produkt\/kolowrot-szklana-bariera\/","title":{"rendered":"Bramka szklana barierowa ko\u0142owrotu MT371-L"},"content":{"rendered":"<p>Bramka szklana barierowa ko\u0142owrotu MT371-L<\/p>\n<p>Mo\u017cemy \u015bwiadczy\u0107 us\u0142ugi OEM i ODM. Mamy do\u015bwiadczonych projektant\u00f3w, kt\u00f3rzy s\u0105 w stanie dokona\u0107 g\u0142\u0119bokiej personalizacji wed\u0142ug Twoich potrzeb. W najszybszym mo\u017cliwym terminie udost\u0119pnimy szereg materia\u0142\u00f3w takich jak wizualizacje 3D, rysunki wymiarowe itp.<\/p>\n<p>Wszystkie nasze produkty posiadaj\u0105 2 lata gwarancji oraz trwa\u0142e wsparcie w zakresie konserwacji i napraw. Zapewniamy r\u00f3wnie\u017c urz\u0105dzenia biometryczne, takie jak skaner linii papilarnych, kamera do rozpoznawania twarzy. Czytnik kart RFID, skaner kod\u00f3w QR. Je\u015bli potrzebujesz zintegrowa\u0107 te urz\u0105dzenia na bramce obrotowej lub masz jakie\u015b pytania, <a href=\"https:\/\/www.mairsturnstile-online.com\/contact-us\/\">popro\u015b o wycen\u0119.<\/a><\/p>\n<p>Mo\u017cemy r\u00f3wnie\u017c w ci\u0105gu kilku minut stworzy\u0107 dla Ciebie rendering na podstawie Twojego rzeczywistego scenariusza. Zapewniamy r\u00f3wnie\u017c szczeg\u00f3\u0142owy uk\u0142ad i rysunki, a tak\u017ce rysunki instalacyjne. Nie martw si\u0119 o instalacj\u0119. Aby zapozna\u0107 si\u0119 z konkretnymi wymiarami i wymiarami monta\u017cowymi, nale\u017cy pobra\u0107 nasz odpowiedni plik PDF.<\/p>\n<p><strong>Parametr techniczny:<\/strong><\/p>\n<p>1. Rozmiar: 2200*200*1440 mm (mo\u017ce by\u0107 dostosowany)<br \/>\n2. Szeroko\u015b\u0107 pasa ruchu: 600 mm (standard)<br \/>\n3. Materia\u0142 ramienia: Akryl<br \/>\n4. Pr\u0119dko\u015b\u0107 przeje\u017cd\u017cania: 40 os\u00f3b\/min<br \/>\n5. Zasilanie: 110V\/220V 50\/60hz<br \/>\n6. Silnik bezszczotkowy<br \/>\n7. Sygna\u0142 otwarcia bramy: Styk bezpr\u0105dowy\/przeka\u017anik<br \/>\n8. Silnik nap\u0119dowy: 24V<br \/>\n9. Waga: 90 kg\/szt.<br \/>\n10. Rozmiar i grubo\u015b\u0107 materia\u0142u mo\u017ce by\u0107 dostosowany<br \/>\n11. Materia\u0142 obudowy: Stal nierdzewna 304<br \/>\n12. Niezawodno\u015b\u0107 mechanizmu: 3 mln-5 mln, no-fault<br \/>\n13. O\u015bwietlenie LED na ramionach jest opcjonalne<br \/>\n14. Dioda LED na kredensie jest opcjonalna<br \/>\n15. Grubo\u015b\u0107 ramienia wahad\u0142a: 10 mm<\/p>\n<p>16. Working Direction: Dwukierunkowy\/Jednokierunkowy<br \/>\n17. Sytuacja awaryjna: otwiera\u0107 si\u0119 automatycznie po odci\u0119ciu pr\u0105du za pomoc\u0105 kondensatora<br \/>\n18. Wilgotno\u015b\u0107: \u226490\uff05.<br \/>\n19. Temperatura pracy: -20\u2103\uff5e60\u2103<br \/>\n20. Odleg\u0142o\u015b\u0107 komunikacji: \u22641200 m<br \/>\n21. Interfejs komunikacyjny: RS485<br \/>\n22. Cechy: Czytnik IC\/ID, czytnik kod\u00f3w kreskowych, rozpoznawanie twarzy, odcisk palca, inne urz\u0105dzenia kontroli dost\u0119pu, UPS itp.<br \/>\n23. Czas potrzebny do otwarcia: 0,2 s<br \/>\n24. \u015arodowisko pracy: Indoors<br \/>\n25. Zakres zastosowania: Wsp\u00f3lnota, Fabryka, Plac budowy, Szko\u0142a, Miejsce o\u015brodka wypoczynkowego, itp.<\/p>\n<p>Mo\u017cemy zapewni\u0107 ca\u0142e rozwi\u0105zanie kontroli dost\u0119pu bezpiecze\u0144stwa. Je\u015bli posiadasz w\u0142asny system kontroli dost\u0119pu, mo\u017cesz bezpo\u015brednio skorzysta\u0107 z naszej bramki obrotowej. Je\u015bli go nie posiadasz, zapewniamy r\u00f3wnie\u017c kompletne rozwi\u0105zanie w zakresie kontroli dost\u0119pu. Aby uzyska\u0107 szczeg\u00f3\u0142owe informacje, zapoznaj si\u0119 z poni\u017cszym filmem.<\/p>\n<p><iframe title=\"Ko\u0142owr\u00f3t na lotnisku, bramka szybkiego ruchu na lotnisko, stacja metra - MairsTurnstile.com\" src=\"https:\/\/www.youtube.com\/embed\/rR_US2dIKU8\" width=\"1150\" height=\"650\" frameborder=\"0\" allowfullscreen=\"allowfullscreen\"><\/iframe><\/p>\n","protected":false},"excerpt":{"rendered":"<p>Wsparcie OEM i ODM. Obs\u0142uga urz\u0105dze\u0144 biometrycznych innych firm, takich jak skaner linii papilarnych, kamera do rozpoznawania twarzy. Czytnik kart RFID, skaner kod\u00f3w QR. <strong><a title=\"Brama obrotowa z certyfikatem CE Mairs\" href=\"http:\/\/mairsturnstile.com\/wp-content\/uploads\/2022\/09\/Mairs-CE-Certificate-Swing-Turnstile-Gate.pdf\" target=\"_blank\" rel=\"noopener\">CE Certificated<\/a>, <a title=\"Mairs Certyfikat ISO9001\" href=\"http:\/\/mairsturnstile.com\/wp-content\/uploads\/2022\/09\/Mairs-Registration-Certificate-ISO9001.pdf\" target=\"_blank\" rel=\"noopener noreferrer\">ISO9001 Certificated.<\/a><\/strong><\/p>\n","protected":false},"featured_media":61532,"comment_status":"closed","ping_status":"closed","template":"","meta":[],"product_cat":[123],"product_tag":[],"class_list":["post-8118","product","type-product","status-publish","has-post-thumbnail","hentry","product_cat-zawieszenie-obrotowe"],"_links":{"self":[{"href":"https:\/\/www.mairsturnstile-online.com\/pl\/wp-json\/wp\/v2\/product\/8118","targetHints":{"allow":["GET"]}}],"collection":[{"href":"https:\/\/www.mairsturnstile-online.com\/pl\/wp-json\/wp\/v2\/product"}],"about":[{"href":"https:\/\/www.mairsturnstile-online.com\/pl\/wp-json\/wp\/v2\/types\/product"}],"replies":[{"embeddable":true,"href":"https:\/\/www.mairsturnstile-online.com\/pl\/wp-json\/wp\/v2\/comments?post=8118"}],"wp:featuredmedia":[{"embeddable":true,"href":"https:\/\/www.mairsturnstile-online.com\/pl\/wp-json\/wp\/v2\/media\/61532"}],"wp:attachment":[{"href":"https:\/\/www.mairsturnstile-online.com\/pl\/wp-json\/wp\/v2\/media?parent=8118"}],"wp:term":[{"taxonomy":"product_cat","embeddable":true,"href":"https:\/\/www.mairsturnstile-online.com\/pl\/wp-json\/wp\/v2\/product_cat?post=8118"},{"taxonomy":"product_tag","embeddable":true,"href":"https:\/\/www.mairsturnstile-online.com\/pl\/wp-json\/wp\/v2\/product_tag?post=8118"}],"curies":[{"name":"wp","href":"https:\/\/api.w.org\/{rel}","templated":true}]}}