{"id":8108,"date":"2022-07-30T21:33:57","date_gmt":"2022-07-30T13:33:57","guid":{"rendered":"https:\/\/www.mairsturnstile-online.com\/product\/bramy-obrotowe-pelnej-wysokosci-mt402-2-g\/"},"modified":"2024-11-07T12:46:48","modified_gmt":"2024-11-07T04:46:48","slug":"pelnowymiarowy-kolowrotek","status":"publish","type":"product","link":"https:\/\/www.mairsturnstile-online.com\/pl\/produkt\/pelnowymiarowy-kolowrotek\/","title":{"rendered":"KO\u0141OwrotEK O PE\u0141NEJ WYSOKO\u015aCI KO\u0141Owr\u00f3t PE\u0141NEGO ROZMIARU MT402-2-G"},"content":{"rendered":"\r\n        <div class=\"modelViewerBlock\" data-attributes='{&quot;align&quot;:&quot;start&quot;,&quot;uniqueId&quot;:&quot;model11525&quot;,&quot;currentViewer&quot;:&quot;modelViewer&quot;,&quot;multiple&quot;:false,&quot;model&quot;:{&quot;modelUrl&quot;:&quot;https:\\\/\\\/www.mairsturnstile-online.com\\\/wp-content\\\/uploads\\\/2023\\\/07\\\/MT402-2-B.glb&quot;,&quot;poster&quot;:&quot;&quot;},&quot;O3DVSettings&quot;:{&quot;isFullscreen&quot;:true,&quot;isPagination&quot;:false,&quot;isNavigation&quot;:true,&quot;camera&quot;:null,&quot;mouseControl&quot;:true},&quot;models&quot;:[],&quot;lazyLoad&quot;:false,&quot;loading&quot;:&quot;auto&quot;,&quot;autoplay&quot;:false,&quot;shadow&quot;:true,&quot;autoRotate&quot;:true,&quot;zoom&quot;:true,&quot;isPagination&quot;:false,&quot;isNavigation&quot;:true,&quot;preload&quot;:&quot;auto&quot;,&quot;rotationPerSecond&quot;:&quot;30&quot;,&quot;mouseControl&quot;:true,&quot;fullscreen&quot;:true,&quot;variant&quot;:false,&quot;loadingPercentage&quot;:false,&quot;progressBar&quot;:true,&quot;rotate&quot;:false,&quot;rotateAlongX&quot;:&quot;0&quot;,&quot;rotateAlongY&quot;:&quot;75&quot;,&quot;exposure&quot;:1,&quot;styles&quot;:{&quot;width&quot;:&quot;1150px&quot;,&quot;height&quot;:&quot;700px&quot;,&quot;bgColor&quot;:&quot;#f2f2f2&quot;,&quot;progressBarColor&quot;:&quot;&quot;},&quot;stylesheet&quot;:null,&quot;additional&quot;:{&quot;ID&quot;:&quot;&quot;,&quot;Class&quot;:&quot;&quot;,&quot;CSS&quot;:&quot;&quot;},&quot;animation&quot;:false,&quot;woo&quot;:false,&quot;selectedAnimation&quot;:&quot;&quot;}'><\/div>\r\n\r\n        \n<p>KO\u0141OwrotEK O PE\u0141NEJ WYSOKO\u015aCI KO\u0141Owr\u00f3t PE\u0141NEGO ROZMIARU MT402-2-G<\/p>\n<p>Mamy do\u015bwiadczonych projektant\u00f3w, kt\u00f3rzy s\u0105 w stanie dokona\u0107 g\u0142\u0119bokiej personalizacji wed\u0142ug Twoich potrzeb. W najszybszym mo\u017cliwym terminie udost\u0119pnimy szereg materia\u0142\u00f3w takich jak wizualizacje 3D, rysunki wymiarowe itp.<\/p>\n<p>Mo\u017cemy \u015bwiadczy\u0107 us\u0142ugi OEM i ODM. w tym dostosowanie koloru, stylu, materia\u0142u, rozmiaru itp. na przyk\u0142ad, na specjalny kolor, klient musi tylko dostarczy\u0107 nam numer <a href=\"https:\/\/en.wikipedia.org\/wiki\/Pantone\" target=\"_blank\" rel=\"noopener\">Pantone<\/a>, a my dostosujemy kolor zgodnie z numerem Pantone i proszek do tego samego koloru.<\/p>\n<p>Je\u015bli klient ma potrzeby ODM, mo\u017cemy r\u00f3wnie\u017c zaprojektowa\u0107 styl dla tego klienta zgodnie z preferencjami dotycz\u0105cymi wygl\u0105du i rozmiaru klienta, bez sprzeda\u017cy zewn\u0119trznej. Ta wyj\u0105tkowa bramka obrotowa b\u0119dzie jedynym, niepowtarzalnym stylem Twojej firmy na rynku.<\/p>\n<p>Mairs obiecuje u\u017cywa\u0107 tylko wysokiej jako\u015bci akcesori\u00f3w i materia\u0142\u00f3w, a ka\u017cde z naszych akcesori\u00f3w jest \u015bci\u015ble przesiewane i kontrolowane pod wzgl\u0119dem jako\u015bci. Tylko w ten spos\u00f3b mo\u017cemy stworzy\u0107 bramk\u0119 obrotow\u0105, kt\u00f3ra naprawd\u0119 zadowoli klient\u00f3w. Ka\u017cdy z naszych pe\u0142nowymiarowych ko\u0142owrot\u00f3w wykorzystuje stal nierdzewn\u0105 304 o pe\u0142nej grubo\u015bci 1,2.<\/p>\n<p>Oczywi\u015bcie, je\u015bli mo\u017cna r\u00f3wnie\u017c dostosowa\u0107 stal nierdzewn\u0105 316 lub stal nierdzewn\u0105 o grubo\u015bci 1,2, mechanizm naszego pe\u0142nowymiarowego ko\u0142owrotu zosta\u0142 przez nas przetestowany i zweryfikowany niezliczon\u0105 ilo\u015b\u0107 razy, co jest dla nas r\u00f3wnie\u017c najbardziej podstawowym wymogiem zapewniaj\u0105cym jako\u015b\u0107. Ka\u017cda cz\u0119\u015b\u0107 naszych pe\u0142nowymiarowych ko\u0142owrot\u00f3w spe\u0142nia najwy\u017csze standardy w bran\u017cy, a ka\u017cda cz\u0119\u015b\u0107 i materia\u0142 naszych produkt\u00f3w mo\u017ce by\u0107 oddzielnie prezentowana i testowana dla klient\u00f3w. Jest to dla nas r\u00f3wnie\u017c przes\u0142anka do zapewnienia jako\u015bci i obs\u0142ugi.<\/p>\n<p>Wszystkie nasze produkty posiadaj\u0105 2 lata gwarancji oraz trwa\u0142e wsparcie w zakresie konserwacji i napraw. Dostarczamy r\u00f3wnie\u017c urz\u0105dzenia biometryczne, takie jak skanery linii papilarnych i kamery rozpoznaj\u0105ce twarz. Czytnik kart RFID, skaner kod\u00f3w QR. Je\u015bli chcesz zintegrowa\u0107 te urz\u0105dzenia z pe\u0142nowymiarow\u0105 bramk\u0105 obrotow\u0105 lub masz jakie\u015b pytania, <a href=\"https:\/\/www.mairsturnstile-online.com\/contact-us\/\">popro\u015b o wycen\u0119.<\/a><\/p>\n<p>Mo\u017cemy r\u00f3wnie\u017c w ci\u0105gu kilku minut stworzy\u0107 dla Ciebie rendering na podstawie Twojego rzeczywistego scenariusza. Dostarczamy r\u00f3wnie\u017c szczeg\u00f3\u0142owe plany i rysunki, a tak\u017ce rysunki instalacyjne. Nie martw si\u0119 o instalacj\u0119. Aby zapozna\u0107 si\u0119 z konkretnymi wymiarami i wymiarami monta\u017cowymi, nale\u017cy pobra\u0107 nasz odpowiedni plik PDF.<\/p>\n\n\t\t\t\n\t<style type=\"text\/css\">\n\t\t.slider-info-11518.bafg-slider-info .bafg-slider-title {\n\t\t\t\t\t\t\tfont-size:\n\t\t\t\t\t22px\t\t\t\t;\n\t\t\t\n\t\t\t\n\t\t\t\t\t}\n\n\t\t.slider-info-11518.bafg-slider-info .bafg-slider-description {\n\t\t\t\n\t\t\t\n\t\t\t\t\t}\n\t\t\n\t\t\n\t\t.slider-info-11518.bafg-slider-info .bafg_slider_readmore_button {\n\t\t\t\n\t\t\t\n\t\t\t\n\t\t\t\n\t\t\t\n\t\t\ttext-align: center;\n\n\t\t\t\n\t\t\t\n\t\t\t\n\t\t\t\n\t\t\t\t\t}\n\n\t\t.slider-info-11518.bafg-slider-info .bafg_slider_readmore_button:hover {\n\n\t\t\t\n\t\t\t\n\t\t\t\t\t}\n\t<\/style>\n\t\n\t\t\t<div class=\"bafg-twentytwenty-container slider-11518  \"\n\t\t\t\tbafg-orientation=\"horizontal\" bafg-default-offset=\"0.5\"\n\t\t\t\tbafg-before-label=\"Before\"\n\t\t\t\tbafg-after-label=\"After\" bafg-overlay=\"1\"\n\t\t\t\tbafg-move-slider-on-hover=\"1\"\n\t\t\t\tbafg-click-to-move=\"\">\n\n\t\t\t\t\t\t\t\t<img class=\"skip-lazy\" data-skip-lazy\t\t\t\t\tsrc=\"https:\/\/www.mairsturnstile-online.com\/wp-content\/uploads\/2024\/10\/double-full-height-turnstile-1.jpg\" alt=\"\">\n\t\t\t\t<img class=\"skip-lazy\" data-skip-lazy\t\t\t\t\tsrc=\"https:\/\/www.mairsturnstile-online.com\/wp-content\/uploads\/2024\/10\/double-full-height-turnstile.jpg\" alt=\"\">\n\n\t\t\t<\/div>\n\n\t\t\t\t<div class=\"bafg-slider-info-wraper\">\n\t\t<div style=\"\" class=\"slider-info-11518 bafg-slider-info\">\n\t\t\t\t\t<\/div>\n\t<\/div>\n\t\n\t\t\t<style type=\"text\/css\">\n\t\t\t\t\t\t\t\t\t\t\t<\/style>\n\t\t\t\n<p><strong>Parametr techniczny:<\/strong><\/p>\n<p>1. Rozmiar: 2400 * 1500 * 2310 mm (mo\u017cna dostosowa\u0107)<br \/>\n2. Szeroko\u015b\u0107 pasa: 650 mm (mo\u017cna dostosowa\u0107)<br \/>\n3. Pr\u0119dko\u015b\u0107 przejazdu: 30 os\u00f3b\/min<br \/>\n4. Zasilanie: 110V\/220V 50\/60Hz<br \/>\n5. Pe\u0142nowymiarowy ko\u0142owr\u00f3t elektromagnetyczny: DC24V<br \/>\n6. Sygna\u0142 otwarcia bramki: Styk bezpotencja\u0142owy\/przeka\u017anik<br \/>\n7. Napi\u0119cie logiczne: DC24V<br \/>\n8. Materia\u0142: \u017belazo z czarn\u0105 pow\u0142ok\u0105 proszkow\u0105<br \/>\n9. Niezawodno\u015b\u0107 mechanizmu: 5 milion\u00f3w, bezawaryjny<br \/>\n10. Mechanizm z amortyzatorem hydraulicznym do poch\u0142aniania wstrz\u0105s\u00f3w<br \/>\n11. Nap\u0119d: P\u00f3\u0142automatyczny12. Szeroko\u015b\u0107 ramienia: 610 mm<br \/>\n13. Kierunek obrot\u00f3w: Dwukierunkowy\/Jednokierunkowy<br \/>\n14. Sytuacja awaryjna: W przypadku sytuacji awaryjnej lub od\u0142\u0105czenia zasilania drzwi obrotowe mog\u0105 by\u0107 skonfigurowane jako Fail-Safe tj. obracaj\u0105 si\u0119 swobodnie lub Fail-Lock.<br \/>\n15. Wilgotno\u015b\u0107: \u226495\uff05.<br \/>\n16. Temperatura pracy:-25\u2103\uff5e60\u2103<br \/>\n17. Funkcje opcjonalne: czytnik IC\/ID, czytnik kod\u00f3w kreskowych, rozpoznawanie twarzy, odcisk palca, inny sprz\u0119t kontroli dost\u0119pu, UPS itp.<br \/>\n18. Odleg\u0142o\u015b\u0107 komunikacji: \u22641200 m<br \/>\n19. Interfejs komunikacyjny: RS485<br \/>\n20. Rozmiar mo\u017ce by\u0107 dostosowany<br \/>\n21. Czas potrzebny do otwarcia: 0,2 s<br \/>\n22. \u015arodowisko pracy: wewn\u0105trz lub na zewn\u0105trz (na zewn\u0105trz jest opcjonalne)<br \/>\n23. Zakres zastosowania: Wsp\u00f3lnota, Fabryka, Plac budowy, Szko\u0142a, Miejsce o\u015brodka wypoczynkowego, itp.<br \/>\n24. ANTI-PASS BACK (ANTI-PASS BACK) ko\u0142owrotek pozostanie w zamku, gdy jest otwarty pod k\u0105tem oko\u0142o 60 stopni (3 ramiona) lub 45 stopni (4 ramiona), wi\u0119c brama nie mo\u017ce dzia\u0142a\u0107 w odwrotnym kierunku, aby zapobiec otwieraniu si\u0119 ty\u0142u<\/p>\n<p>Mo\u017cemy zapewni\u0107 ca\u0142e rozwi\u0105zanie kontroli dost\u0119pu bezpiecze\u0144stwa. Je\u015bli posiadasz w\u0142asny system kontroli dost\u0119pu, mo\u017cesz bezpo\u015brednio skorzysta\u0107 z naszej bramki obrotowej. Je\u015bli go nie posiadasz, zapewniamy r\u00f3wnie\u017c kompletne rozwi\u0105zanie w zakresie kontroli dost\u0119pu. Aby uzyska\u0107 szczeg\u00f3\u0142owe informacje, zapoznaj si\u0119 z poni\u017cszym filmem.<\/p>\n<p><iframe title=\"Dwutorowy ko\u0142owr\u00f3t o pe\u0142nej wysoko\u015bci z czytnikiem kart, kodem QR i rozwi\u0105zaniem do zdalnego sterowania - MairsTurnstile\" src=\"https:\/\/www.youtube.com\/embed\/XyxFKnS3Br0\" width=\"1150\" height=\"650\" frameborder=\"0\" allowfullscreen=\"allowfullscreen\"><\/iframe><\/p>\n","protected":false},"excerpt":{"rendered":"<p>Wsparcie OEM i ODM. Obs\u0142uga urz\u0105dze\u0144 biometrycznych innych firm, takich jak skaner linii papilarnych, kamera do rozpoznawania twarzy. RFID card reader, QR code scanner. <strong><a title=\"Bramka obrotowa o pe\u0142nej wysoko\u015bci z certyfikatem CE firmy Mairs\" href=\"http:\/\/mairsturnstile.com\/wp-content\/uploads\/2022\/09\/Mairs-CE-Certificate-Full-Height-Turnstile.pdf\" target=\"_blank\" rel=\"noopener noreferrer\">CE Certificated,<\/a> <a title=\"Mairs Certyfikat ISO9001\" href=\"http:\/\/mairsturnstile.com\/wp-content\/uploads\/2022\/09\/Mairs-Registration-Certificate-ISO9001.pdf\" target=\"_blank\" rel=\"noopener noreferrer\">ISO9001 Certificated.<\/a> Please check: <a href=\"https:\/\/www.mairsturnstile-online.com\/full-height-turnstile-series\/\" target=\"_blank\" rel=\"noopener\"><span style=\"color: #0000ff;\">New Full Height Turnstile Series<\/span><\/a><\/strong><\/p>\n<p><a title=\"Instrukcja monta\u017cu ko\u0142owrotu o pe\u0142nej wysoko\u015bci\" href=\"http:\/\/mairsturnstile.com\/wp-content\/uploads\/2023\/09\/Full-height-turnstile-installation-manual.pdf\" target=\"_blank\" rel=\"noopener noreferrer\"><img decoding=\"async\" class=\"alignnone size-full wp-image-11034\" src=\"http:\/\/mairsturnstile.com\/wp-content\/uploads\/2022\/09\/pdf-MairsTurnstile.png\" alt=\"\" width=\"32\" height=\"32\"><strong><span style=\"color: #0000ff;\"> Instrukcja obs\u0142ugi i instalacji ko\u0142owrotu o pe\u0142nej wysoko\u015bci<\/span><\/strong><\/a><\/p>\n","protected":false},"featured_media":50486,"comment_status":"closed","ping_status":"closed","template":"","meta":[],"product_cat":[127],"product_tag":[],"class_list":["post-8108","product","type-product","status-publish","has-post-thumbnail","hentry","product_cat-bramki-obrotowe-o-pelnej-wysokosci"],"_links":{"self":[{"href":"https:\/\/www.mairsturnstile-online.com\/pl\/wp-json\/wp\/v2\/product\/8108","targetHints":{"allow":["GET"]}}],"collection":[{"href":"https:\/\/www.mairsturnstile-online.com\/pl\/wp-json\/wp\/v2\/product"}],"about":[{"href":"https:\/\/www.mairsturnstile-online.com\/pl\/wp-json\/wp\/v2\/types\/product"}],"replies":[{"embeddable":true,"href":"https:\/\/www.mairsturnstile-online.com\/pl\/wp-json\/wp\/v2\/comments?post=8108"}],"wp:featuredmedia":[{"embeddable":true,"href":"https:\/\/www.mairsturnstile-online.com\/pl\/wp-json\/wp\/v2\/media\/50486"}],"wp:attachment":[{"href":"https:\/\/www.mairsturnstile-online.com\/pl\/wp-json\/wp\/v2\/media?parent=8108"}],"wp:term":[{"taxonomy":"product_cat","embeddable":true,"href":"https:\/\/www.mairsturnstile-online.com\/pl\/wp-json\/wp\/v2\/product_cat?post=8108"},{"taxonomy":"product_tag","embeddable":true,"href":"https:\/\/www.mairsturnstile-online.com\/pl\/wp-json\/wp\/v2\/product_tag?post=8108"}],"curies":[{"name":"wp","href":"https:\/\/api.w.org\/{rel}","templated":true}]}}