{"id":25848,"date":"2022-12-01T18:01:32","date_gmt":"2022-12-01T10:01:32","guid":{"rendered":"https:\/\/www.mairsturnstile-online.com\/product\/hydrauliczna-blokada-drogowa-do-duzych-obciazen-mt832\/"},"modified":"2022-12-01T18:01:32","modified_gmt":"2022-12-01T10:01:32","slug":"hydrauliczna-blokada-drog","status":"publish","type":"product","link":"https:\/\/www.mairsturnstile-online.com\/pl\/produkt\/hydrauliczna-blokada-drog\/","title":{"rendered":"Hydrauliczna blokada drogowa do du\u017cych obci\u0105\u017ce\u0144 MT832"},"content":{"rendered":"<p><iframe title=\"Odtwarzacz wideo YouTube\" src=\"https:\/\/www.youtube.com\/embed\/DngJ2eGQJD8\" width=\"920\" height=\"517\" frameborder=\"0\" allowfullscreen=\"allowfullscreen\"><span data-mce-type=\"bookmark\" style=\"display: inline-block; width: 0px; overflow: hidden; line-height: 0;\" class=\"mce_SELRES_start\"><\/span><\/iframe><br \/>\nMo\u017cemy \u015bwiadczy\u0107 us\u0142ugi OEM i ODM. Wszystkie nasze produkty posiadaj\u0105 2 lata gwarancji oraz trwa\u0142e wsparcie w zakresie konserwacji i napraw. Zapewniamy r\u00f3wnie\u017c urz\u0105dzenia biometryczne, takie jak skaner linii papilarnych, kamera do rozpoznawania twarzy. Czytnik kart RFID, skaner kod\u00f3w QR. Je\u015bli potrzebujesz zintegrowa\u0107 te urz\u0105dzenia na bramce obrotowej lub masz jakie\u015b pytania, <a href=\"https:\/\/www.mairsturnstile-online.com\/contact-us\/\">popro\u015b o wycen\u0119.<\/a><\/p>\n<p><strong>Parametr techniczny:<\/strong><\/p>\n<p>System: Hydrauliczny nap\u0119d ci\u015bnieniowy<br \/>\nCi\u015bnienie przelotowe: 120 ton ci\u0119\u017car\u00f3wek kontenerowych<br \/>\nNapi\u0119cie: 3 A 380 (napi\u0119cie sterowania 24 V)<br \/>\nMoc dynamiczna systemu (w): 3,75KW\/5,5KW<br \/>\nCzas narastania: \u22641-3S (regulowany)<br \/>\nCzas opuszczania: \u22641-3S (regulowany)<br \/>\nTemperatura pracy: -35\u00b0C~75\u00b0C (odpowiednia)<br \/>\nGrubo\u015b\u0107 materia\u0142u: 16 mm (standard)<br \/>\nMateria\u0142: Stal A3 pokryta farb\u0105 antykorozyjn\u0105<br \/>\nKolor: opcjonalny<br \/>\nWaga: 1,5 T<br \/>\nStopie\u0144 ochrony IP: IP68<br \/>\nMechanizm blokady jest wyposa\u017cony w funkcj\u0119 bufora<br \/>\nCzas buforowania: 0,2-0,5 s<br \/>\nO\u015bwietlenie LED z r\u00f3\u017cnymi opcjami kolor\u00f3w<br \/>\nKompatybilny ze \u015bwiat\u0142em Traffig, interfejsem bariery wysi\u0119gnika<br \/>\nW przypadku awarii zasilania blokady drogowe mog\u0105 by\u0107 r\u0119cznie podnoszone i opuszczane<br \/>\nNiezawodna konstrukcja, du\u017ce obci\u0105\u017cenie, p\u0142ynne dzia\u0142anie, niski poziom ha\u0142asu.<br \/>\nOdleg\u0142o\u015b\u0107 zdalnego sterowania: 50-100m\uff08W zale\u017cno\u015bci od otoczenia\uff09<br \/>\nW trybie narastaj\u0105cym i opadaj\u0105cym dost\u0119pne jest dzia\u0142anie odwracalne.<br \/>\nHa\u0142as pracy urz\u0105dzenia \u226460 decybeli<br \/>\nSi\u0142ownik hydrauliczny jest podw\u00f3jnie uszczelniony, aby zapewni\u0107 wodoszczelno\u015b\u0107<br \/>\nNap\u0119d hydrauliczny jest wyposa\u017cony w blokad\u0119 hydrauliczn\u0105<br \/>\nSpawanie stalowych cylindr\u00f3w<br \/>\nSystem sterowania poleceniami programowania PLC<br \/>\nElektrozaw\u00f3r steruj\u0105cy 24 V<br \/>\nZaw\u00f3r elektromagnetyczny podnoszenia 24 V<br \/>\nPole kontrolne wy\u015bwietla regulowany tekst (g\u00f3ra\uff0cd\u00f3\u0142\uff0cdzia\u0142anie\uff0cregulowana kontrola czasu)<br \/>\nDwuj\u0119zyczne wy\u015bwietlanie tekstu w j\u0119zyku chi\u0144skim i angielskim<br \/>\nWbudowany system szyfrowania PLC<br \/>\nTekstowy wy\u015bwietlacz LCD, precyzyjne ustawienie czasu rozpocz\u0119cia<br \/>\nSi\u0142owniki hydrauliczne do du\u017cych obci\u0105\u017ce\u0144: HOB63-200CA+I Stroke200<br \/>\nPoziom przemys\u0142owy do du\u017cych obci\u0105\u017ce\u0144<br \/>\nPodw\u00f3jna dynamiczna pompa olejowa 2,3ML\/czas<br \/>\nPojemnik na olej: 60 litr\u00f3w<br \/>\nW\u0105\u017c do oleju hydraulicznego: Mi\u0119dzynarodowy interfejs PT, 1\/2 Dwu\u017cy\u0142owy w\u0105\u017c wysokoci\u015bnieniowy<br \/>\nRozmiar blokady drogowej: Standard<\/p>\n<p>L2000(mm)*W1000(mm)*H760(cm), wysoko\u015b\u0107 podnoszenia: 500 cm (niestandardowe)<br \/>\nL2500(mm)*W1000(mm)*H760(cm), wysoko\u015b\u0107 podnoszenia: 500cm (niestandardowe)<br \/>\nL3000(mm)*W1000(mm)*H760(cm), wysoko\u015b\u0107 podnoszenia: 500cm (niestandardowe)<br \/>\nL3500(mm)*W1000(mm)*H760(cm), wysoko\u015b\u0107 podnoszenia: 500cm (dostosowana)<br \/>\nL4000(mm)*W1000(mm)*H760(cm), wysoko\u015b\u0107 podnoszenia: 500cm (dostosowana)<br \/>\nL4500(mm)*W1000(mm)*H760(cm), wysoko\u015b\u0107 podnoszenia: 500cm (dostosowana)<br \/>\nL5000(mm)*W1000(mm)*H760(cm), wysoko\u015b\u0107 podnoszenia: 500cm (dostosowana)<br \/>\nL5500(mm)*W1000(mm)*H760(cm), wysoko\u015b\u0107 podnoszenia: 500cm (dostosowana)<br \/>\nL6000(mm)*W1000(mm)*H760(cm), wysoko\u015b\u0107 podnoszenia: 500cm (dostosowana)<br \/>\n<a href=\"https:\/\/www.mairsturnstile-online.com\/wp-content\/uploads\/2022\/12\/MT831_7.jpg\"><img fetchpriority=\"high\" decoding=\"async\" class=\"alignnone size-full wp-image-7239\" src=\"https:\/\/www.mairsturnstile-online.com\/wp-content\/uploads\/2022\/12\/MT831_7.jpg\" alt=\"\" width=\"1024\" height=\"500\" srcset=\"https:\/\/www.mairsturnstile-online.com\/wp-content\/uploads\/2022\/12\/MT831_7.jpg 1024w, https:\/\/www.mairsturnstile-online.com\/wp-content\/uploads\/2022\/12\/MT831_7-300x146.jpg 300w, https:\/\/www.mairsturnstile-online.com\/wp-content\/uploads\/2022\/12\/MT831_7-768x375.jpg 768w, https:\/\/www.mairsturnstile-online.com\/wp-content\/uploads\/2022\/12\/MT831_7-920x449.jpg 920w, https:\/\/www.mairsturnstile-online.com\/wp-content\/uploads\/2022\/12\/MT831_7-380x186.jpg 380w, https:\/\/www.mairsturnstile-online.com\/wp-content\/uploads\/2022\/12\/MT831_7-420x205.jpg 420w, https:\/\/www.mairsturnstile-online.com\/wp-content\/uploads\/2022\/12\/MT831_7-800x391.jpg 800w\" sizes=\"(max-width: 1024px) 100vw, 1024px\" \/><\/a><a href=\"https:\/\/www.mairsturnstile-online.com\/wp-content\/uploads\/2022\/12\/MT831_8.jpg\"><img decoding=\"async\" class=\"alignnone size-full wp-image-7246\" src=\"https:\/\/www.mairsturnstile-online.com\/wp-content\/uploads\/2022\/12\/MT831_8.jpg\" alt=\"\" width=\"1024\" height=\"1100\" srcset=\"https:\/\/www.mairsturnstile-online.com\/wp-content\/uploads\/2022\/12\/MT831_8.jpg 1024w, https:\/\/www.mairsturnstile-online.com\/wp-content\/uploads\/2022\/12\/MT831_8-279x300.jpg 279w, https:\/\/www.mairsturnstile-online.com\/wp-content\/uploads\/2022\/12\/MT831_8-953x1024.jpg 953w, https:\/\/www.mairsturnstile-online.com\/wp-content\/uploads\/2022\/12\/MT831_8-768x825.jpg 768w, https:\/\/www.mairsturnstile-online.com\/wp-content\/uploads\/2022\/12\/MT831_8-920x988.jpg 920w, https:\/\/www.mairsturnstile-online.com\/wp-content\/uploads\/2022\/12\/MT831_8-380x408.jpg 380w, https:\/\/www.mairsturnstile-online.com\/wp-content\/uploads\/2022\/12\/MT831_8-420x451.jpg 420w, https:\/\/www.mairsturnstile-online.com\/wp-content\/uploads\/2022\/12\/MT831_8-800x859.jpg 800w\" sizes=\"(max-width: 1024px) 100vw, 1024px\" \/><\/a><\/p>\n<p>&nbsp;<\/p>\n","protected":false},"excerpt":{"rendered":"<p>Wsparcie OEM i ODM. Obs\u0142uga urz\u0105dze\u0144 biometrycznych innych firm, takich jak skaner linii papilarnych, kamera do rozpoznawania twarzy. Czytnik kart RFID, skaner kod\u00f3w QR. <strong> <a title=\"Mairs Certyfikat ISO9001\" href=\"http:\/\/mairsturnstile.com\/wp-content\/uploads\/2022\/09\/Mairs-Registration-Certificate-ISO9001.pdf\" target=\"_blank\" rel=\"noopener noreferrer\">Certyfikat ISO9001.<\/a><\/strong><\/p>\n","protected":false},"featured_media":7994,"comment_status":"closed","ping_status":"closed","template":"","meta":[],"product_cat":[138],"product_tag":[],"class_list":["post-25848","product","type-product","status-publish","has-post-thumbnail","hentry","product_cat-hydrauliczna-blokada-drogi"],"_links":{"self":[{"href":"https:\/\/www.mairsturnstile-online.com\/pl\/wp-json\/wp\/v2\/product\/25848","targetHints":{"allow":["GET"]}}],"collection":[{"href":"https:\/\/www.mairsturnstile-online.com\/pl\/wp-json\/wp\/v2\/product"}],"about":[{"href":"https:\/\/www.mairsturnstile-online.com\/pl\/wp-json\/wp\/v2\/types\/product"}],"replies":[{"embeddable":true,"href":"https:\/\/www.mairsturnstile-online.com\/pl\/wp-json\/wp\/v2\/comments?post=25848"}],"wp:featuredmedia":[{"embeddable":true,"href":"https:\/\/www.mairsturnstile-online.com\/pl\/wp-json\/wp\/v2\/media\/7994"}],"wp:attachment":[{"href":"https:\/\/www.mairsturnstile-online.com\/pl\/wp-json\/wp\/v2\/media?parent=25848"}],"wp:term":[{"taxonomy":"product_cat","embeddable":true,"href":"https:\/\/www.mairsturnstile-online.com\/pl\/wp-json\/wp\/v2\/product_cat?post=25848"},{"taxonomy":"product_tag","embeddable":true,"href":"https:\/\/www.mairsturnstile-online.com\/pl\/wp-json\/wp\/v2\/product_tag?post=25848"}],"curies":[{"name":"wp","href":"https:\/\/api.w.org\/{rel}","templated":true}]}}