{"id":25838,"date":"2022-12-01T18:45:02","date_gmt":"2022-12-01T10:45:02","guid":{"rendered":"https:\/\/www.mairsturnstile-online.com\/product\/automatyczne-slupki-podnoszone-automatyczne-slupki-wysuwane-mt219s\/"},"modified":"2022-12-01T18:45:02","modified_gmt":"2022-12-01T10:45:02","slug":"slupki-podnoszace-sie-automatycznie","status":"publish","type":"product","link":"https:\/\/www.mairsturnstile-online.com\/pl\/produkt\/slupki-podnoszace-sie-automatycznie\/","title":{"rendered":"Automatyczne s\u0142upki podnoszone Automatyczne s\u0142upki wysuwane MT219S"},"content":{"rendered":"<p><iframe title=\"S\u0142upki hydrauliczne, s\u0142upki podnoszone automatycznie, s\u0142upki podnoszone elektrycznie - S\u0142upki zabezpieczaj\u0105ce Mairs\" src=\"https:\/\/www.youtube.com\/embed\/C7e4UhbtMNI\" width=\"920\" height=\"517\" frameborder=\"0\" allowfullscreen=\"allowfullscreen\"><\/iframe><br \/>\nMo\u017cemy \u015bwiadczy\u0107 us\u0142ugi OEM i ODM. Wszystkie nasze produkty posiadaj\u0105 2 lata gwarancji oraz trwa\u0142e wsparcie w zakresie konserwacji i napraw. Zapewniamy r\u00f3wnie\u017c urz\u0105dzenia biometryczne, takie jak skaner linii papilarnych, kamera do rozpoznawania twarzy. Czytnik kart RFID, skaner kod\u00f3w QR. Je\u015bli potrzebujesz zintegrowa\u0107 te urz\u0105dzenia na bramce obrotowej lub masz jakie\u015b pytania, <a href=\"https:\/\/www.mairsturnstile-online.com\/contact-us\/\">popro\u015b o wycen\u0119.<\/a><\/p>\n<p><strong>Parametr techniczny:<\/strong><\/p>\n<p>System: uk\u0142ad elektryczno-hydrauliczny<br \/>\nMaksymalne ci\u015bnienie przelotowe: 80 ton ci\u0119\u017car\u00f3wki<br \/>\nNapi\u0119cie: AC220V 50Hz Zintegrowany<br \/>\nMoc(w): 300W Zintegrowany<br \/>\nCzas sprawno\u015bci: 4.5S<br \/>\nPrzest\u00f3j: 3S<br \/>\nTemperatura pracy: -65\u00b0C~75\u00b0C<br \/>\nMateria\u0142: Stal nierdzewna 304<br \/>\n\u015arodowisko przechowywania: -10 \u2103 ~ 65 \u2103, wodoodporny, odporny na wilgo\u0107, py\u0142oszczelny.<br \/>\nWysoko\u015b\u0107 podnoszenia: 600 mm (standard) Maks. mo\u017ce wynosi\u0107 800 mm<br \/>\nStandardowa grubo\u015b\u0107: 6 (standard) 8,10,25,30 mm (opcjonalnie).<br \/>\n\u015arednica cylindra: 219<br \/>\nRozmiar obudowy: 450 * 450 * 900 mm<br \/>\nStruktura: Z no\u015bn\u0105 stalow\u0105 belk\u0105-s\u0142upem, antykolizyjn\u0105 stalow\u0105 belk\u0105-s\u0142upem, 4 dr\u0105\u017ckami nawigacyjnymi<br \/>\nZintegrowany mechanizm elektryczny: skok 600 mm, \u015brednica zewn\u0119trzna cylindra 60 mm,<br \/>\n\u015arednica t\u0142oczyska: 16 mm<br \/>\nCylinder z lustrzan\u0105 powierzchni\u0105 6K<br \/>\nZ diod\u0105 LED (akrylowe k\u00f3\u0142ko \u015bwietlne)<br \/>\nNaklejka odblaskowa: 2 paski<br \/>\nW przypadku awarii zasilania s\u0142upki mo\u017cna opu\u015bci\u0107 r\u0119cznie, pod\u0142\u0105czaj\u0105c je do akumulatora zapasowego.<br \/>\nStopie\u0144 ochrony IP: Certyfikat IP68<br \/>\nWaga: 150\u00b1KG<br \/>\nPrzy podnoszeniu i opuszczaniu dost\u0119pna jest funkcja odwracalna<br \/>\nUrz\u0105dzenie pracuj\u0105ce z ha\u0142asem \u226460 decybeli<br \/>\nMechanizm hydrauliczny jest w pe\u0142ni uszczelniony aluminiow\u0105 obudow\u0105, aby zapewni\u0107 wodoodporno\u015b\u0107<br \/>\nNap\u0119d hydrauliczny jest wyposa\u017cony w blokad\u0119 hydrauliczn\u0105<br \/>\nSkrzynka kontrolna PLC: 500*400*200mm<br \/>\nSystem sterowania poleceniami programowania PLC<br \/>\nNapi\u0119cie zaworu elektromagnetycznego 24 V<br \/>\nOdleg\u0142o\u015b\u0107 zdalnego sterowania 50M-100M \uff08W zale\u017cno\u015bci od \u015brodowiska\uff09<br \/>\nW polu sterowania wy\u015bwietlany jest tekst, kt\u00f3ry mo\u017cna regulowa\u0107 \uff08Up\uff0c Down\uff0c Action\uff0c Regulacja czasu\uff09.<br \/>\nDwuj\u0119zyczne wy\u015bwietlanie tekstu w j\u0119zyku chi\u0144skim i angielskim<br \/>\nWbudowany system szyfrowania PLC<br \/>\nZdalne sterowanie za pomoc\u0105 aplikacji i komputera (opcjonalnie)<\/p>\n<p><a href=\"https:\/\/www.mairsturnstile-online.com\/wp-content\/uploads\/2022\/12\/MT701-273S_6.jpg\"><img fetchpriority=\"high\" decoding=\"async\" class=\"alignnone size-full wp-image-7176\" src=\"https:\/\/www.mairsturnstile-online.com\/wp-content\/uploads\/2022\/12\/MT701-273S_6.jpg\" alt=\"\" width=\"1024\" height=\"820\" srcset=\"https:\/\/www.mairsturnstile-online.com\/wp-content\/uploads\/2022\/12\/MT701-273S_6.jpg 1024w, https:\/\/www.mairsturnstile-online.com\/wp-content\/uploads\/2022\/12\/MT701-273S_6-300x240.jpg 300w, https:\/\/www.mairsturnstile-online.com\/wp-content\/uploads\/2022\/12\/MT701-273S_6-768x615.jpg 768w, https:\/\/www.mairsturnstile-online.com\/wp-content\/uploads\/2022\/12\/MT701-273S_6-920x737.jpg 920w, https:\/\/www.mairsturnstile-online.com\/wp-content\/uploads\/2022\/12\/MT701-273S_6-380x304.jpg 380w, https:\/\/www.mairsturnstile-online.com\/wp-content\/uploads\/2022\/12\/MT701-273S_6-420x336.jpg 420w, https:\/\/www.mairsturnstile-online.com\/wp-content\/uploads\/2022\/12\/MT701-273S_6-800x641.jpg 800w\" sizes=\"(max-width: 1024px) 100vw, 1024px\" \/><\/a><a href=\"https:\/\/www.mairsturnstile-online.com\/wp-content\/uploads\/2022\/12\/MT701-219S_8.jpg\"><img decoding=\"async\" class=\"alignnone size-full wp-image-7113\" src=\"https:\/\/www.mairsturnstile-online.com\/wp-content\/uploads\/2022\/12\/MT701-219S_8.jpg\" alt=\"\" width=\"1024\" height=\"1100\" srcset=\"https:\/\/www.mairsturnstile-online.com\/wp-content\/uploads\/2022\/12\/MT701-219S_8.jpg 1024w, https:\/\/www.mairsturnstile-online.com\/wp-content\/uploads\/2022\/12\/MT701-219S_8-279x300.jpg 279w, https:\/\/www.mairsturnstile-online.com\/wp-content\/uploads\/2022\/12\/MT701-219S_8-953x1024.jpg 953w, https:\/\/www.mairsturnstile-online.com\/wp-content\/uploads\/2022\/12\/MT701-219S_8-768x825.jpg 768w, https:\/\/www.mairsturnstile-online.com\/wp-content\/uploads\/2022\/12\/MT701-219S_8-920x988.jpg 920w, https:\/\/www.mairsturnstile-online.com\/wp-content\/uploads\/2022\/12\/MT701-219S_8-380x408.jpg 380w, https:\/\/www.mairsturnstile-online.com\/wp-content\/uploads\/2022\/12\/MT701-219S_8-420x451.jpg 420w, https:\/\/www.mairsturnstile-online.com\/wp-content\/uploads\/2022\/12\/MT701-219S_8-800x859.jpg 800w\" sizes=\"(max-width: 1024px) 100vw, 1024px\" \/><\/a><\/p>\n<p>&nbsp;<\/p>\n","protected":false},"excerpt":{"rendered":"<p>Wsparcie OEM i ODM. Obs\u0142uga urz\u0105dze\u0144 biometrycznych innych firm, takich jak skaner linii papilarnych, kamera do rozpoznawania twarzy. Czytnik kart RFID, skaner kod\u00f3w QR. <strong> <a title=\"Mairs Certyfikat ISO9001\" href=\"http:\/\/mairsturnstile.com\/wp-content\/uploads\/2022\/09\/Mairs-Registration-Certificate-ISO9001.pdf\" target=\"_blank\" rel=\"noopener noreferrer\">Certyfikat ISO9001.<\/a><\/strong><\/p>\n","protected":false},"featured_media":7932,"comment_status":"closed","ping_status":"closed","template":"","meta":[],"product_cat":[137],"product_tag":[],"class_list":["post-25838","product","type-product","status-publish","has-post-thumbnail","hentry","product_cat-automatyczne-slupki"],"_links":{"self":[{"href":"https:\/\/www.mairsturnstile-online.com\/pl\/wp-json\/wp\/v2\/product\/25838","targetHints":{"allow":["GET"]}}],"collection":[{"href":"https:\/\/www.mairsturnstile-online.com\/pl\/wp-json\/wp\/v2\/product"}],"about":[{"href":"https:\/\/www.mairsturnstile-online.com\/pl\/wp-json\/wp\/v2\/types\/product"}],"replies":[{"embeddable":true,"href":"https:\/\/www.mairsturnstile-online.com\/pl\/wp-json\/wp\/v2\/comments?post=25838"}],"wp:featuredmedia":[{"embeddable":true,"href":"https:\/\/www.mairsturnstile-online.com\/pl\/wp-json\/wp\/v2\/media\/7932"}],"wp:attachment":[{"href":"https:\/\/www.mairsturnstile-online.com\/pl\/wp-json\/wp\/v2\/media?parent=25838"}],"wp:term":[{"taxonomy":"product_cat","embeddable":true,"href":"https:\/\/www.mairsturnstile-online.com\/pl\/wp-json\/wp\/v2\/product_cat?post=25838"},{"taxonomy":"product_tag","embeddable":true,"href":"https:\/\/www.mairsturnstile-online.com\/pl\/wp-json\/wp\/v2\/product_tag?post=25838"}],"curies":[{"name":"wp","href":"https:\/\/api.w.org\/{rel}","templated":true}]}}