{"id":25837,"date":"2022-12-02T14:42:26","date_gmt":"2022-12-02T06:42:26","guid":{"rendered":"https:\/\/www.mairsturnstile-online.com\/product\/podtynkowy-w-pelni-automatyczny-zabojca-opon-mt632-f\/"},"modified":"2022-12-02T14:42:26","modified_gmt":"2022-12-02T06:42:26","slug":"automatyczny-zabojca-opon","status":"publish","type":"product","link":"https:\/\/www.mairsturnstile-online.com\/pl\/produkt\/automatyczny-zabojca-opon\/","title":{"rendered":"Podtynkowy, w pe\u0142ni automatyczny zab\u00f3jca opon MT632-F"},"content":{"rendered":"<p>Mo\u017cemy \u015bwiadczy\u0107 us\u0142ugi OEM i ODM. Wszystkie nasze produkty posiadaj\u0105 2 lata gwarancji oraz trwa\u0142e wsparcie w zakresie konserwacji i napraw. Zapewniamy r\u00f3wnie\u017c urz\u0105dzenia biometryczne, takie jak skaner linii papilarnych, kamera do rozpoznawania twarzy. Czytnik kart RFID, skaner kod\u00f3w QR. Je\u015bli potrzebujesz zintegrowa\u0107 te urz\u0105dzenia na bramce obrotowej lub masz jakie\u015b pytania, <a href=\"https:\/\/www.mairsturnstile-online.com\/contact-us\/\">popro\u015b o wycen\u0119.<\/a><\/p>\n<p><strong>Parametr techniczny:<\/strong><\/p>\n<p>Zakres zastosowa\u0144: Bezpieczna ochrona skrzy\u017cowa\u0144 w obszarze g\u0142\u00f3wnym<br \/>\nWysoko\u015b\u0107 kolca: 150 mm<br \/>\nGrubo\u015b\u0107 materia\u0142u p\u0142yty g\u00f3rnej: 16 mm<br \/>\nTryb jazdy: Elektromechaniczny<br \/>\n\u015arodowisko pracy: -40\u2103\uff5e+70\u2103<br \/>\nTryb sterowania: Bezprzewodowy pilot zdalnego sterowania kr\u00f3tkiego zasi\u0119gu\/drive-by-wire<br \/>\nOdleg\u0142o\u015b\u0107 sterowania: \u2264100 M<br \/>\nOdleg\u0142o\u015b\u0107 zdalnego sterowania: do 50 m<br \/>\nInterfejs sygnalizacji \u015bwietlnej<br \/>\nKontrola po\u0142\u0105czenia ze szlabanem parkingowym i sygnalizacj\u0105 \u015bwietln\u0105<br \/>\nGrubo\u015b\u0107 materia\u0142u dna: 12 mm<br \/>\nGi\u0119cie formuj\u0105ce ca\u0142\u0105 p\u0142yt\u0119, bez spawania<br \/>\nPrzyst\u0119pna cena zab\u00f3jcy opon w Pakistanie<br \/>\nSystem: nap\u0119d elektryczny 220 V<br \/>\nCi\u015bnienie przelotowe: Maksymalnie 80T ci\u0119\u017car\u00f3wka kontenerowa<br \/>\nMoc dynamiczna systemu (w): 180W<br \/>\nCzas narastania: \u22641-2S<br \/>\nCzas obni\u017cania: \u22641-2S<br \/>\nTemperatura pracy: -35\u00b0C~75\u00b0C<br \/>\n\u015arodowisko przechowywania: -10 \u2103 ~ 65 \u2103<br \/>\nMateria\u0142: Stal A3, pokryta farb\u0105 antykorozyjn\u0105<br \/>\nKolor: R\u00f3\u017cne opcje<br \/>\nWaga: 400 kg<br \/>\nRozmiar obudowy: Standardowa obudowa (mo\u017cna dostosowa\u0107)<\/p>\n<p>L3000(cm)*W500(cm)*H136(cm), d\u0142ugo\u015b\u0107 podnoszenia\uff1a150(cm)<\/p>\n<p>L3500(cm)*W500(cm)*H136(cm), rosn\u0105ca d\u0142ugo\u015b\u0107\uff1a150(cm)<\/p>\n<p>L4000(cm)*W500(cm)*H136(cm), rosn\u0105ca d\u0142ugo\u015b\u0107\uff1a150(cm)<\/p>\n<p>L4500(cm)*W500(cm)*H136(cm), d\u0142ugo\u015b\u0107 podnoszenia\uff1a150(cm)<\/p>\n<p>L5000(cm)*W520(cm)*H136(cm), d\u0142ugo\u015b\u0107 podnoszenia\uff1a150(cm)<\/p>\n<p>L5500(cm)*W500(cm)*H136(cm), d\u0142ugo\u015b\u0107 podnoszenia\uff1a150(cm)<\/p>\n<p>L6000(cm)*W500(cm)*H136(cm), d\u0142ugo\u015b\u0107 podnoszenia\uff1a150(cm)<\/p>\n<p><a href=\"https:\/\/www.mairsturnstile-online.com\/wp-content\/uploads\/2022\/12\/MT632-F_7.jpg\"><img fetchpriority=\"high\" decoding=\"async\" class=\"alignnone size-full wp-image-6966\" src=\"https:\/\/www.mairsturnstile-online.com\/wp-content\/uploads\/2022\/12\/MT632-F_7.jpg\" alt=\"\" width=\"1024\" height=\"450\" srcset=\"https:\/\/www.mairsturnstile-online.com\/wp-content\/uploads\/2022\/12\/MT632-F_7.jpg 1024w, https:\/\/www.mairsturnstile-online.com\/wp-content\/uploads\/2022\/12\/MT632-F_7-300x132.jpg 300w, https:\/\/www.mairsturnstile-online.com\/wp-content\/uploads\/2022\/12\/MT632-F_7-768x338.jpg 768w, https:\/\/www.mairsturnstile-online.com\/wp-content\/uploads\/2022\/12\/MT632-F_7-920x404.jpg 920w, https:\/\/www.mairsturnstile-online.com\/wp-content\/uploads\/2022\/12\/MT632-F_7-380x167.jpg 380w, https:\/\/www.mairsturnstile-online.com\/wp-content\/uploads\/2022\/12\/MT632-F_7-420x185.jpg 420w, https:\/\/www.mairsturnstile-online.com\/wp-content\/uploads\/2022\/12\/MT632-F_7-800x352.jpg 800w\" sizes=\"(max-width: 1024px) 100vw, 1024px\" \/><\/a><a href=\"https:\/\/www.mairsturnstile-online.com\/wp-content\/uploads\/2022\/12\/MT632-F_8.jpg\"><img decoding=\"async\" class=\"alignnone size-full wp-image-6973\" src=\"https:\/\/www.mairsturnstile-online.com\/wp-content\/uploads\/2022\/12\/MT632-F_8.jpg\" alt=\"\" width=\"1024\" height=\"1100\" srcset=\"https:\/\/www.mairsturnstile-online.com\/wp-content\/uploads\/2022\/12\/MT632-F_8.jpg 1024w, https:\/\/www.mairsturnstile-online.com\/wp-content\/uploads\/2022\/12\/MT632-F_8-279x300.jpg 279w, https:\/\/www.mairsturnstile-online.com\/wp-content\/uploads\/2022\/12\/MT632-F_8-953x1024.jpg 953w, https:\/\/www.mairsturnstile-online.com\/wp-content\/uploads\/2022\/12\/MT632-F_8-768x825.jpg 768w, https:\/\/www.mairsturnstile-online.com\/wp-content\/uploads\/2022\/12\/MT632-F_8-920x988.jpg 920w, https:\/\/www.mairsturnstile-online.com\/wp-content\/uploads\/2022\/12\/MT632-F_8-380x408.jpg 380w, https:\/\/www.mairsturnstile-online.com\/wp-content\/uploads\/2022\/12\/MT632-F_8-420x451.jpg 420w, https:\/\/www.mairsturnstile-online.com\/wp-content\/uploads\/2022\/12\/MT632-F_8-800x859.jpg 800w\" sizes=\"(max-width: 1024px) 100vw, 1024px\" \/><\/a><\/p>\n<p>&nbsp;<\/p>\n","protected":false},"excerpt":{"rendered":"<p>Wsparcie OEM i ODM. Obs\u0142uga urz\u0105dze\u0144 biometrycznych innych firm, takich jak skaner linii papilarnych, kamera do rozpoznawania twarzy. Czytnik kart RFID, skaner kod\u00f3w QR. <strong> <a title=\"Mairs Certyfikat ISO9001\" href=\"http:\/\/mairsturnstile.com\/wp-content\/uploads\/2022\/09\/Mairs-Registration-Certificate-ISO9001.pdf\" target=\"_blank\" rel=\"noopener noreferrer\">Certyfikat ISO9001.<\/a><\/strong><\/p>\n","protected":false},"featured_media":7894,"comment_status":"closed","ping_status":"closed","template":"","meta":[],"product_cat":[140],"product_tag":[],"class_list":["post-25837","product","type-product","status-publish","has-post-thumbnail","hentry","product_cat-zabojca-opon"],"_links":{"self":[{"href":"https:\/\/www.mairsturnstile-online.com\/pl\/wp-json\/wp\/v2\/product\/25837","targetHints":{"allow":["GET"]}}],"collection":[{"href":"https:\/\/www.mairsturnstile-online.com\/pl\/wp-json\/wp\/v2\/product"}],"about":[{"href":"https:\/\/www.mairsturnstile-online.com\/pl\/wp-json\/wp\/v2\/types\/product"}],"replies":[{"embeddable":true,"href":"https:\/\/www.mairsturnstile-online.com\/pl\/wp-json\/wp\/v2\/comments?post=25837"}],"wp:featuredmedia":[{"embeddable":true,"href":"https:\/\/www.mairsturnstile-online.com\/pl\/wp-json\/wp\/v2\/media\/7894"}],"wp:attachment":[{"href":"https:\/\/www.mairsturnstile-online.com\/pl\/wp-json\/wp\/v2\/media?parent=25837"}],"wp:term":[{"taxonomy":"product_cat","embeddable":true,"href":"https:\/\/www.mairsturnstile-online.com\/pl\/wp-json\/wp\/v2\/product_cat?post=25837"},{"taxonomy":"product_tag","embeddable":true,"href":"https:\/\/www.mairsturnstile-online.com\/pl\/wp-json\/wp\/v2\/product_tag?post=25837"}],"curies":[{"name":"wp","href":"https:\/\/api.w.org\/{rel}","templated":true}]}}