{"id":8101,"date":"2021-09-08T00:04:26","date_gmt":"2021-09-07T16:04:26","guid":{"rendered":"https:\/\/www.mairsturnstile-online.com\/polityka-zwrotow\/"},"modified":"2023-02-09T18:42:06","modified_gmt":"2023-02-09T10:42:06","slug":"polityka-zwrotow","status":"publish","type":"page","link":"https:\/\/www.mairsturnstile-online.com\/pl\/polityka-zwrotow\/","title":{"rendered":"Polityka zwrot\u00f3w"},"content":{"rendered":"\n<p>Adres zwrotny: No.164, Pingxing North Road, Pinghu Street, Longgang District, Shenzhen<\/p>\n\n<p>Je\u015bli chcesz zwr\u00f3ci\u0107 lub wymieni\u0107 swoje zam\u00f3wienie z jakiegokolwiek powodu, jeste\u015bmy tutaj, aby pom\u00f3c! Oferujemy bezp\u0142atne zwroty lub wymian\u0119 w ci\u0105gu 30 dni od otrzymania zam\u00f3wienia.<\/p>\n\n<p>Aby kwalifikowa\u0107 si\u0119 do zwrotu, przedmiot musi by\u0107 nieu\u017cywany i w takim samym stanie, w jakim go otrzyma\u0142e\u015b. Musi by\u0107 r\u00f3wnie\u017c w oryginalnym opakowaniu. Koszty wysy\u0142ki nie s\u0105 pokrywane i s\u0105 zwracane na koszt kupuj\u0105cego. O ile Producent nie poinformuje inaczej, zostanie zastosowana minimalna op\u0142ata za przywr\u00f3cenie do stanu pierwotnego w wysoko\u015bci 5%.<\/p>\n\n<p>Elementy, kt\u00f3re zosta\u0142y otwarte i\/lub zainstalowane, kwalifikuj\u0105 si\u0119 jedynie do naprawy gwarancyjnej lub wymiany. Prosimy o kontakt z naszym personelem Elen\u0105 pod numerem <a href=\"tel:+8615323431686\" data-type=\"tel\" data-id=\"tel:+8615323431686\">+8615323431686<\/a> w celu uzyskania pomocy technicznej lub e-mail: <a href=\"mailto:sales@mairsturnstile.com\">sales@mairsturnstile.com<\/a><br\/><br\/>Wszystkie produkty i urz\u0105dzenia bezpiecze\u0144stwa s\u0105 tworzone na zam\u00f3wienie i nie mog\u0105 by\u0107 anulowane po wprowadzeniu do produkcji, ani zwr\u00f3cone.<\/p>\n\n<p>Obowi\u0105zuj\u0105 gwarancje producenta.<br\/><br\/>Wysy\u0142ka<br\/><br\/>Mo\u017cemy wys\u0142a\u0107 praktycznie pod ka\u017cdy adres na \u015bwiecie. Nale\u017cy pami\u0119ta\u0107, \u017ce istniej\u0105 ograniczenia dotycz\u0105ce niekt\u00f3rych produkt\u00f3w, a niekt\u00f3re produkty nie mog\u0105 by\u0107 wysy\u0142ane do niekt\u00f3rych mi\u0119dzynarodowych miejsc przeznaczenia. MairsTurnstile-Online.com nie b\u0119dzie odpowiedzialny za lokalne op\u0142aty celne lub op\u0142aty, chyba \u017ce wyra\u017anie zawarte w formie pisemnej przed dokonaniem zakupu.<br\/><\/p>\n\n<p>Dzi\u0119ki,<\/p>\n\n<p>www.MairsTurnstile-Online.com<\/p>\n","protected":false},"excerpt":{"rendered":"<p>Adres zwrotny: No.164, Pingxing North Road, Pinghu Street, Longgang District, Shenzhen Je\u015bli [&hellip;]<\/p>\n","protected":false},"author":1,"featured_media":0,"parent":0,"menu_order":0,"comment_status":"closed","ping_status":"closed","template":"","meta":{"footnotes":""},"class_list":["post-8101","page","type-page","status-publish","hentry"],"_links":{"self":[{"href":"https:\/\/www.mairsturnstile-online.com\/pl\/wp-json\/wp\/v2\/pages\/8101","targetHints":{"allow":["GET"]}}],"collection":[{"href":"https:\/\/www.mairsturnstile-online.com\/pl\/wp-json\/wp\/v2\/pages"}],"about":[{"href":"https:\/\/www.mairsturnstile-online.com\/pl\/wp-json\/wp\/v2\/types\/page"}],"author":[{"embeddable":true,"href":"https:\/\/www.mairsturnstile-online.com\/pl\/wp-json\/wp\/v2\/users\/1"}],"replies":[{"embeddable":true,"href":"https:\/\/www.mairsturnstile-online.com\/pl\/wp-json\/wp\/v2\/comments?post=8101"}],"version-history":[{"count":0,"href":"https:\/\/www.mairsturnstile-online.com\/pl\/wp-json\/wp\/v2\/pages\/8101\/revisions"}],"wp:attachment":[{"href":"https:\/\/www.mairsturnstile-online.com\/pl\/wp-json\/wp\/v2\/media?parent=8101"}],"curies":[{"name":"wp","href":"https:\/\/api.w.org\/{rel}","templated":true}]}}