{"id":8099,"date":"2021-09-08T00:07:25","date_gmt":"2021-09-07T16:07:25","guid":{"rendered":"https:\/\/www.mairsturnstile-online.com\/polityka-prywatnosci\/"},"modified":"2023-02-09T18:39:21","modified_gmt":"2023-02-09T10:39:21","slug":"polityka-prywatnosci","status":"publish","type":"page","link":"https:\/\/www.mairsturnstile-online.com\/pl\/polityka-prywatnosci\/","title":{"rendered":"Polityka prywatno\u015bci"},"content":{"rendered":"\n<p>Zgodnie z polityk\u0105 prywatno\u015bci, mo\u017cemy ujawni\u0107 osobom trzecim pewne informacje zawarte we wnioskach rejestracyjnych naszych U\u017cytkownik\u00f3w, ale nie ujawnimy imienia i nazwiska, adresu, adresu e-mail ani numeru telefonu, chyba \u017ce poinformowali\u015bmy Ci\u0119 o tym, zostali\u015bmy przez Ciebie upowa\u017cnieni lub wymaga tego prawo, z zastrze\u017ceniem ustawy o ochronie danych osobowych z 1998 roku.<\/p>\n\n<h5 class=\"wp-block-heading\"><strong>Gromadzone dane osobowe<\/strong><\/h5>\n\n<p>MairsTurnstile-Online.com nie sprzedaje, udost\u0119pnia ani nie handluje danymi osobowymi klient\u00f3w zebranymi online od os\u00f3b trzecich. Dane osobowe zebrane online b\u0119d\u0105 ujawnione tylko w ramach naszej grupy korporacyjnej do u\u017cytku i cel\u00f3w wewn\u0119trznych.<\/p>\n\n<p>Nie b\u0119dziemy udost\u0119pnia\u0107 Twoich danych \u017cadnym innym organizacjom poza firmami powi\u0105zanymi i tymi stronami trzecimi, kt\u00f3re s\u0105 bezpo\u015brednio zwi\u0105zane z dostaw\u0105 produkt\u00f3w zakupionych przez Ciebie na naszej stronie internetowej MairsTurnstile i wykorzystywane w spos\u00f3b opisany powy\u017cej lub uzgodniony z Tob\u0105, lub gdy jest to wymagane przez prawo. <\/p>\n\n<p>Twoje dane osobowe zebrane za po\u015brednictwem tej strony internetowej b\u0119dziemy przechowywa\u0107 TYLKO przez okres niezb\u0119dny do realizacji dozwolonych cel\u00f3w.<\/p>\n\n<h5 class=\"wp-block-heading\"><strong>Jak chronimy Twoje informacje?<\/strong><\/h5>\n\n<p>U\u017cytkownik jest odpowiedzialny za w\u0142asn\u0105 nazw\u0119 u\u017cytkownika i has\u0142o oraz bezpiecze\u0144stwo na stronie MairsTurnstile. Zalecamy wybranie silnego has\u0142a i jego cz\u0119st\u0105 zmian\u0119. Prosimy nie u\u017cywa\u0107 tych samych danych do logowania (e-mail i has\u0142o) na wielu stronach internetowych.<\/p>\n\n<p>Mimo to stosujemy r\u00f3\u017cne \u015brodki bezpiecze\u0144stwa, w tym oferujemy korzystanie z bezpiecznego serwera. Wszystkie dostarczone informacje wra\u017cliwe\/kredytowe s\u0105 przesy\u0142ane za pomoc\u0105 technologii Secure Socket Layer (SSL), a nast\u0119pnie zaszyfrowane w bazie danych naszych dostawc\u00f3w bramek p\u0142atniczych, do kt\u00f3rych dost\u0119p maj\u0105 tylko osoby upowa\u017cnione ze specjalnymi prawami dost\u0119pu do takich system\u00f3w i zobowi\u0105zane do zachowania poufno\u015bci informacji. Po dokonaniu transakcji, Twoje prywatne informacje (karty kredytowe, numery ubezpieczenia spo\u0142ecznego, dane finansowe itp.) nie b\u0119d\u0105 przechowywane na naszych serwerach.<\/p>\n\n<h5 class=\"wp-block-heading\"><strong>Czy ujawniamy jakiekolwiek informacje podmiotom zewn\u0119trznym?<\/strong><\/h5>\n\n<p>Nie sprzedajemy, nie handlujemy ani w \u017caden inny spos\u00f3b nie przekazujemy stronom zewn\u0119trznym Twoich danych osobowych. Nie dotyczy to zaufanych stron trzecich, kt\u00f3re pomagaj\u0105 nam w obs\u0142udze naszej strony internetowej, prowadzeniu naszej dzia\u0142alno\u015bci, realizacji p\u0142atno\u015bci, dostarczaniu zakupionych produkt\u00f3w lub us\u0142ug, wysy\u0142aniu informacji lub aktualizacji lub w inny spos\u00f3b obs\u0142uguj\u0105 u\u017cytkownika, o ile strony te zgodz\u0105 si\u0119 zachowa\u0107 poufno\u015b\u0107 tych informacji. Mo\u017cemy r\u00f3wnie\u017c ujawni\u0107 informacje o u\u017cytkowniku, gdy uznamy to za stosowne w celu przestrzegania prawa, egzekwowania zasad obowi\u0105zuj\u0105cych na naszej stronie lub ochrony praw, w\u0142asno\u015bci lub bezpiecze\u0144stwa naszego lub innych os\u00f3b.<\/p>\n\n<p><strong>Twoja zgoda<\/strong><\/p>\n\n<p>Nie b\u0119dziemy wypo\u017cycza\u0107 ani sprzedawa\u0107 imienia i nazwiska, adresu, adresu e-mail, informacji o karcie kredytowej ani danych osobowych osobom trzecim bez Twojej zgody. Je\u015bli dokona\u0142e\u015b zakupu w naszym sklepie, zapisa\u0142e\u015b si\u0119 do jednego z naszych newsletter\u00f3w i wzi\u0105\u0142e\u015b udzia\u0142 w kt\u00f3rym\u015b z naszych konkurs\u00f3w lub poda\u0142e\u015b nam sw\u00f3j adres e-mail, poczt\u0119 i telefon, mo\u017cemy od czasu do czasu informowa\u0107 Ci\u0119 o nowo\u015bciach i specjalnych okazjach za po\u015brednictwem poczty elektronicznej, poczty i telefonu.<\/p>\n\n<p>Dane osobowe lub zdj\u0119cia u\u017cytkownik\u00f3w nie b\u0119d\u0105 wykorzystywane do cel\u00f3w reklamowych bez ich zgody. Nie zbieraj danych osobowych u\u017cytkownik\u00f3w jako g\u0142\u00f3wnego celu.<\/p>\n\n<p><strong>Komunikacja i marketing<\/strong><\/p>\n\n<p>Staj\u0105c si\u0119 naszym cz\u0142onkiem i podaj\u0105c na naszej stronie sw\u00f3j e-mail, adres pocztowy, numer telefonu wyra\u017casz zgod\u0119 na otrzymywanie od nas informacji o naszych najnowszych produktach i ofertach specjalnych. kt\u00f3re naszym zdaniem mog\u0105 by\u0107 dla Pa\u0144stwa interesuj\u0105ce, informacje te mog\u0105 by\u0107 r\u00f3wnie\u017c wykorzystywane do powiadamiania Pa\u0144stwa o produktach i us\u0142ugach os\u00f3b trzecich, kt\u00f3re mog\u0105 by\u0107 dla Pa\u0144stwa interesuj\u0105ce.<\/p>\n\n<p><strong>Sprawdzanie danych<\/strong><\/p>\n\n<p>Je\u015bli chcesz zweryfikowa\u0107 dane, kt\u00f3re poda\u0142e\u015b na naszej stronie, mo\u017cesz to zrobi\u0107 kontaktuj\u0105c si\u0119 z nami za po\u015brednictwem adresu e-mail, numeru telefonu lub adresu podanego poni\u017cej. Nasze procedury bezpiecze\u0144stwa oznaczaj\u0105, \u017ce przed ujawnieniem informacji mo\u017cemy poprosi\u0107 o dow\u00f3d to\u017csamo\u015bci. Ten dow\u00f3d to\u017csamo\u015bci b\u0119dzie mia\u0142 form\u0119 adresu e-mail i has\u0142a podanego przy rejestracji. Zalecamy, aby nie korzysta\u0107 z funkcji zapami\u0119tywania has\u0142a w przegl\u0105darce, poniewa\u017c umo\u017cliwi\u0142oby to innym osobom korzystaj\u0105cym z Pa\u0144stwa terminala dost\u0119p do Pa\u0144stwa danych osobowych &#8211; nale\u017cy je zapisa\u0107 i przechowywa\u0107 w bezpiecznym miejscu.<\/p>\n\n<p>Je\u015bli masz jakiekolwiek pytania dotycz\u0105ce naszych bramek obrotowych lub sposobu prowadzenia przez nas dzia\u0142alno\u015bci, nasz profesjonalny personel sprzeda\u017cy Elena jest dost\u0119pny do pomocy pod numerem <a href=\"tel:+8615323431686\" data-type=\"tel\" data-id=\"tel:+8615323431686\">+8615323431686<\/a> lub za po\u015brednictwem poczty elektronicznej pod adresem <a href=\"mailto:sales@mairsturnstile.com\">sales@mairsturnstile.com.<\/a> <\/p>\n\n<p>ADD: No.164, Pingxing North Road, Pinghu Street, Longgang District, Shenzhen<\/p>\n","protected":false},"excerpt":{"rendered":"<p>Zgodnie z polityk\u0105 prywatno\u015bci, mo\u017cemy ujawni\u0107 osobom trzecim pewne informacje zawarte we [&hellip;]<\/p>\n","protected":false},"author":1,"featured_media":0,"parent":0,"menu_order":0,"comment_status":"closed","ping_status":"closed","template":"","meta":{"footnotes":""},"class_list":["post-8099","page","type-page","status-publish","hentry"],"_links":{"self":[{"href":"https:\/\/www.mairsturnstile-online.com\/pl\/wp-json\/wp\/v2\/pages\/8099","targetHints":{"allow":["GET"]}}],"collection":[{"href":"https:\/\/www.mairsturnstile-online.com\/pl\/wp-json\/wp\/v2\/pages"}],"about":[{"href":"https:\/\/www.mairsturnstile-online.com\/pl\/wp-json\/wp\/v2\/types\/page"}],"author":[{"embeddable":true,"href":"https:\/\/www.mairsturnstile-online.com\/pl\/wp-json\/wp\/v2\/users\/1"}],"replies":[{"embeddable":true,"href":"https:\/\/www.mairsturnstile-online.com\/pl\/wp-json\/wp\/v2\/comments?post=8099"}],"version-history":[{"count":0,"href":"https:\/\/www.mairsturnstile-online.com\/pl\/wp-json\/wp\/v2\/pages\/8099\/revisions"}],"wp:attachment":[{"href":"https:\/\/www.mairsturnstile-online.com\/pl\/wp-json\/wp\/v2\/media?parent=8099"}],"curies":[{"name":"wp","href":"https:\/\/api.w.org\/{rel}","templated":true}]}}