{"id":8096,"date":"2021-09-08T00:12:56","date_gmt":"2021-09-07T16:12:56","guid":{"rendered":"https:\/\/www.mairsturnstile-online.com\/wysylka\/"},"modified":"2024-03-26T16:11:38","modified_gmt":"2024-03-26T08:11:38","slug":"wysylka","status":"publish","type":"page","link":"https:\/\/www.mairsturnstile-online.com\/pl\/wysylka\/","title":{"rendered":"Wysy\u0142ka"},"content":{"rendered":"\t\t<div data-elementor-type=\"wp-page\" data-elementor-id=\"8096\" class=\"elementor elementor-8096 elementor-501\" data-elementor-post-type=\"page\">\n\t\t\t\t<div class=\"elementor-element elementor-element-2f0388c e-flex e-con-boxed e-con e-parent\" data-id=\"2f0388c\" data-element_type=\"container\" data-settings=\"{&quot;background_background&quot;:&quot;classic&quot;,&quot;shape_divider_bottom&quot;:&quot;opacity-tilt&quot;}\">\n\t\t\t\t\t<div class=\"e-con-inner\">\n\t\t\t\t<div class=\"elementor-shape elementor-shape-bottom\" data-negative=\"false\">\n\t\t\t<svg xmlns=\"http:\/\/www.w3.org\/2000\/svg\" viewBox=\"0 0 2600 131.1\" preserveAspectRatio=\"none\">\n\t<path class=\"elementor-shape-fill\" d=\"M0 0L2600 0 2600 69.1 0 0z\"\/>\n\t<path class=\"elementor-shape-fill\" style=\"opacity:0.5\" d=\"M0 0L2600 0 2600 69.1 0 69.1z\"\/>\n\t<path class=\"elementor-shape-fill\" style=\"opacity:0.25\" d=\"M2600 0L0 0 0 130.1 2600 69.1z\"\/>\n<\/svg>\t\t<\/div>\n\t\t\t\t<div class=\"elementor-element elementor-element-928039b animated-slow elementor-invisible elementor-widget elementor-widget-heading\" data-id=\"928039b\" data-element_type=\"widget\" data-settings=\"{&quot;_animation&quot;:&quot;slideInUp&quot;}\" data-widget_type=\"heading.default\">\n\t\t\t\t<div class=\"elementor-widget-container\">\n\t\t\t<h2 class=\"elementor-heading-title elementor-size-default\">Dostosuj ko\u0142owroty, kt\u00f3re nale\u017c\u0105 tylko do Ciebie, w oparciu o potrzeby rynku i projektu\n<\/h2>\t\t<\/div>\n\t\t\t\t<\/div>\n\t\t\t\t<div class=\"elementor-element elementor-element-735ac79 animated-slow elementor-invisible elementor-widget elementor-widget-heading\" data-id=\"735ac79\" data-element_type=\"widget\" data-settings=\"{&quot;_animation&quot;:&quot;slideInUp&quot;}\" data-widget_type=\"heading.default\">\n\t\t\t\t<div class=\"elementor-widget-container\">\n\t\t\t<h2 class=\"elementor-heading-title elementor-size-default\">W oparciu o wymagania Twojego projektu i wymagania rynku, specjalnie zaprojektujemy i dostosujemy ko\u0142owr\u00f3t bezpiecze\u0144stwa, kt\u00f3ry nale\u017cy tylko do Ciebie i \u0142atwo zintegruje si\u0119 z Twoim systemem kontroli dost\u0119pu.<\/h2>\t\t<\/div>\n\t\t\t\t<\/div>\n\t\t\t\t\t<\/div>\n\t\t\t\t<\/div>\n\t\t<div class=\"elementor-element elementor-element-843a213 e-flex e-con-boxed e-con e-parent\" data-id=\"843a213\" data-element_type=\"container\">\n\t\t\t\t\t<div class=\"e-con-inner\">\n\t\t\t\t<div class=\"elementor-element elementor-element-f568323 elementor-widget elementor-widget-text-editor\" data-id=\"f568323\" data-element_type=\"widget\" data-widget_type=\"text-editor.default\">\n\t\t\t\t<div class=\"elementor-widget-container\">\n\t\t\t\t\t\t\t<p><\/p>\n<p>Oferujemy bezp\u0142atn\u0105 wysy\u0142k\u0119 do wielu kraj\u00f3w na ca\u0142ym \u015bwiecie.<\/p>\n<p><\/p>\n<p>O czasie dostawy:<\/p>\n<p><\/p>\n<p>Drog\u0105 lotnicz\u0105 &#8211; FedEx, DHL, TNT (zazwyczaj trwa 3-7 dni roboczych)<\/p>\n<p><\/p>\n<p>Je\u015bli masz specjalne wymagania dotycz\u0105ce wysy\u0142ki, skontaktuj si\u0119 z nami, aby sprawdzi\u0107, czy Twoja pro\u015bba mo\u017ce by\u0107 dostosowana.<\/p>\n<p><\/p>\n<p>Nasz profesjonalny personel sprzeda\u017cy Elena jest dost\u0119pny do pomocy pod numerem <a href=\"tel:+8615323431686\" data-type=\"tel\" data-id=\"tel:+8615323431686\">+8615323431686<\/a> lub poprzez e-mail na <a href=\"mailto:sales@mairsturnstile.com\">sales@mairsturnstile.com<\/a> <\/p>\n<p><\/p>\n<p>ADD: No.164, Pingxing North Road, Pinghu Street, Longgang District, Shenzhen<\/p>\n<p><\/p>\n<figure class=\"wp-block-image alignleft size-full\"><\/figure>\t\t\t\t\t\t<\/div>\n\t\t\t\t<\/div>\n\t\t\t\t\t<\/div>\n\t\t\t\t<\/div>\n\t\t<div class=\"elementor-element elementor-element-667d9c3 e-flex e-con-boxed e-con e-parent\" data-id=\"667d9c3\" data-element_type=\"container\" data-settings=\"{&quot;background_background&quot;:&quot;classic&quot;,&quot;shape_divider_top&quot;:&quot;opacity-tilt&quot;}\">\n\t\t\t\t\t<div class=\"e-con-inner\">\n\t\t\t\t<div class=\"elementor-shape elementor-shape-top\" data-negative=\"false\">\n\t\t\t<svg xmlns=\"http:\/\/www.w3.org\/2000\/svg\" viewBox=\"0 0 2600 131.1\" preserveAspectRatio=\"none\">\n\t<path class=\"elementor-shape-fill\" d=\"M0 0L2600 0 2600 69.1 0 0z\"\/>\n\t<path class=\"elementor-shape-fill\" style=\"opacity:0.5\" d=\"M0 0L2600 0 2600 69.1 0 69.1z\"\/>\n\t<path class=\"elementor-shape-fill\" style=\"opacity:0.25\" d=\"M2600 0L0 0 0 130.1 2600 69.1z\"\/>\n<\/svg>\t\t<\/div>\n\t\t\t\t<div class=\"elementor-element elementor-element-b3c06cb animated-slow elementor-invisible elementor-widget elementor-widget-heading\" data-id=\"b3c06cb\" data-element_type=\"widget\" data-settings=\"{&quot;_animation&quot;:&quot;slideInUp&quot;}\" data-widget_type=\"heading.default\">\n\t\t\t\t<div class=\"elementor-widget-container\">\n\t\t\t<h2 class=\"elementor-heading-title elementor-size-default\">Unikalny i modny ko\u0142owrotek\n<\/h2>\t\t<\/div>\n\t\t\t\t<\/div>\n\t\t\t\t<div class=\"elementor-element elementor-element-51599f0 animated-slow elementor-invisible elementor-widget elementor-widget-heading\" data-id=\"51599f0\" data-element_type=\"widget\" data-settings=\"{&quot;_animation&quot;:&quot;slideInUp&quot;}\" data-widget_type=\"heading.default\">\n\t\t\t\t<div class=\"elementor-widget-container\">\n\t\t\t<h2 class=\"elementor-heading-title elementor-size-default\">Globalna i szybka dostawa<br>\nUs\u0142uga OEM i ODM<br>\nSprzeda\u017c bezpo\u015brednia w fabryce<br>\n<\/h2>\t\t<\/div>\n\t\t\t\t<\/div>\n\t\t\t\t<div class=\"elementor-element elementor-element-b4884ca animated-slow elementor-invisible elementor-widget elementor-widget-heading\" data-id=\"b4884ca\" data-element_type=\"widget\" data-settings=\"{&quot;_animation&quot;:&quot;slideInUp&quot;}\" data-widget_type=\"heading.default\">\n\t\t\t\t<div class=\"elementor-widget-container\">\n\t\t\t<h2 class=\"elementor-heading-title elementor-size-default\">Ko\u0142owr\u00f3t Mairs\n<\/h2>\t\t<\/div>\n\t\t\t\t<\/div>\n\t\t\t\t\t<\/div>\n\t\t\t\t<\/div>\n\t\t\t\t<\/div>\n\t\t","protected":false},"excerpt":{"rendered":"<p>Dostosuj ko\u0142owroty, kt\u00f3re nale\u017c\u0105 tylko do Ciebie, w oparciu o potrzeby rynku [&hellip;]<\/p>\n","protected":false},"author":1,"featured_media":0,"parent":0,"menu_order":0,"comment_status":"closed","ping_status":"closed","template":"elementor_header_footer","meta":{"footnotes":""},"class_list":["post-8096","page","type-page","status-publish","hentry"],"_links":{"self":[{"href":"https:\/\/www.mairsturnstile-online.com\/pl\/wp-json\/wp\/v2\/pages\/8096","targetHints":{"allow":["GET"]}}],"collection":[{"href":"https:\/\/www.mairsturnstile-online.com\/pl\/wp-json\/wp\/v2\/pages"}],"about":[{"href":"https:\/\/www.mairsturnstile-online.com\/pl\/wp-json\/wp\/v2\/types\/page"}],"author":[{"embeddable":true,"href":"https:\/\/www.mairsturnstile-online.com\/pl\/wp-json\/wp\/v2\/users\/1"}],"replies":[{"embeddable":true,"href":"https:\/\/www.mairsturnstile-online.com\/pl\/wp-json\/wp\/v2\/comments?post=8096"}],"version-history":[{"count":0,"href":"https:\/\/www.mairsturnstile-online.com\/pl\/wp-json\/wp\/v2\/pages\/8096\/revisions"}],"wp:attachment":[{"href":"https:\/\/www.mairsturnstile-online.com\/pl\/wp-json\/wp\/v2\/media?parent=8096"}],"curies":[{"name":"wp","href":"https:\/\/api.w.org\/{rel}","templated":true}]}}