{"id":8090,"date":"2021-09-08T00:06:02","date_gmt":"2021-09-07T16:06:02","guid":{"rendered":"https:\/\/www.mairsturnstile-online.com\/metody-platnosci\/"},"modified":"2023-02-09T18:24:37","modified_gmt":"2023-02-09T10:24:37","slug":"metody-platnosci","status":"publish","type":"page","link":"https:\/\/www.mairsturnstile-online.com\/pl\/metody-platnosci\/","title":{"rendered":"Metody p\u0142atno\u015bci"},"content":{"rendered":"\n<p><strong>Paypal i karta kredytowa<\/strong><\/p>\n\n<p>Mo\u017cesz zap\u0142aci\u0107 za pomoc\u0105 Paypal, Visa, MasterCard, American Express, JCB i tak dalej. Jest to bardzo wygodne, coraz wi\u0119cej klient\u00f3w chcia\u0142oby preferowa\u0107 t\u0119 metod\u0119. Tymczasem jest to r\u00f3wnie\u017c metoda bezpieczna.<\/p>\n\n<p><strong>Czy po dokonaniu p\u0142atno\u015bci otrzymam e-mail z potwierdzeniem?<\/strong><\/p>\n\n<p>Oczywi\u015bcie po zako\u0144czeniu p\u0142atno\u015bci otrzymasz e-mail potwierdzaj\u0105cy zar\u00f3wno od firmy obs\u0142uguj\u0105cej metod\u0119 p\u0142atno\u015bci, jak i od naszej firmy.<\/p>\n\n<p><strong>Jak mog\u0119 wybra\u0107 metod\u0119 p\u0142atno\u015bci?<\/strong><\/p>\n\n<p>Prosz\u0119 z\u0142o\u017cy\u0107 zam\u00f3wienie bezpo\u015brednio, a nast\u0119pnie przej\u015b\u0107 dalej. Kiedy b\u0119dziesz na jednej stronie, zobaczysz, \u017ce metody p\u0142atno\u015bci s\u0105 pokazane na tej stronie, wtedy mo\u017cesz wybra\u0107 ka\u017cd\u0105, kt\u00f3ra Ci si\u0119 podoba.<\/p>\n\n<p>Je\u015bli masz jakiekolwiek pytania dotycz\u0105ce naszych bramek obrotowych lub sposobu prowadzenia przez nas dzia\u0142alno\u015bci, nasz profesjonalny personel sprzeda\u017cy Elena jest dost\u0119pny do pomocy pod numerem <a href=\"tel:+8615323431686\" data-type=\"tel\" data-id=\"tel:+8615323431686\">+8615323431686<\/a> lub za po\u015brednictwem poczty elektronicznej pod adresem <a href=\"mailto:sales@mairsturnstile.com\">sales@mairsturnstile.com.<\/a> <\/p>\n\n<p>ADD: No.164, Pingxing North Road, Pinghu Street, Longgang District, Shenzhen<\/p>\n","protected":false},"excerpt":{"rendered":"<p>Paypal i karta kredytowa Mo\u017cesz zap\u0142aci\u0107 za pomoc\u0105 Paypal, Visa, MasterCard, American [&hellip;]<\/p>\n","protected":false},"author":1,"featured_media":0,"parent":0,"menu_order":0,"comment_status":"closed","ping_status":"closed","template":"","meta":{"footnotes":""},"class_list":["post-8090","page","type-page","status-publish","hentry"],"_links":{"self":[{"href":"https:\/\/www.mairsturnstile-online.com\/pl\/wp-json\/wp\/v2\/pages\/8090","targetHints":{"allow":["GET"]}}],"collection":[{"href":"https:\/\/www.mairsturnstile-online.com\/pl\/wp-json\/wp\/v2\/pages"}],"about":[{"href":"https:\/\/www.mairsturnstile-online.com\/pl\/wp-json\/wp\/v2\/types\/page"}],"author":[{"embeddable":true,"href":"https:\/\/www.mairsturnstile-online.com\/pl\/wp-json\/wp\/v2\/users\/1"}],"replies":[{"embeddable":true,"href":"https:\/\/www.mairsturnstile-online.com\/pl\/wp-json\/wp\/v2\/comments?post=8090"}],"version-history":[{"count":0,"href":"https:\/\/www.mairsturnstile-online.com\/pl\/wp-json\/wp\/v2\/pages\/8090\/revisions"}],"wp:attachment":[{"href":"https:\/\/www.mairsturnstile-online.com\/pl\/wp-json\/wp\/v2\/media?parent=8090"}],"curies":[{"name":"wp","href":"https:\/\/api.w.org\/{rel}","templated":true}]}}