{"id":5156,"date":"2021-09-08T19:30:49","date_gmt":"2021-09-08T11:30:49","guid":{"rendered":"https:\/\/www.mairsturnstile-online.com\/product\/cancello-pedonale-a-tutta-altezza-mt401\/"},"modified":"2026-05-05T18:41:08","modified_gmt":"2026-05-05T10:41:08","slug":"tornelli-di-sicurezza-a-tutta-altezza","status":"publish","type":"product","link":"https:\/\/www.mairsturnstile-online.com\/it\/prodotto\/tornelli-di-sicurezza-a-tutta-altezza\/","title":{"rendered":"TORNELLI DI SICUREZZA A TUTTA ALTEZZA MT401"},"content":{"rendered":"\r\n        <div class=\"modelViewerBlock\" data-attributes='{&quot;align&quot;:&quot;start&quot;,&quot;uniqueId&quot;:&quot;model12926&quot;,&quot;currentViewer&quot;:&quot;modelViewer&quot;,&quot;multiple&quot;:false,&quot;model&quot;:{&quot;modelUrl&quot;:&quot;https:\\\/\\\/www.mairsturnstile-online.com\\\/wp-content\\\/uploads\\\/2023\\\/07\\\/MT401.glb&quot;,&quot;poster&quot;:&quot;&quot;},&quot;O3DVSettings&quot;:{&quot;isFullscreen&quot;:true,&quot;isPagination&quot;:false,&quot;isNavigation&quot;:true,&quot;camera&quot;:null,&quot;mouseControl&quot;:true},&quot;models&quot;:[],&quot;lazyLoad&quot;:false,&quot;loading&quot;:&quot;auto&quot;,&quot;autoplay&quot;:false,&quot;shadow&quot;:true,&quot;autoRotate&quot;:true,&quot;zoom&quot;:true,&quot;isPagination&quot;:false,&quot;isNavigation&quot;:true,&quot;preload&quot;:&quot;auto&quot;,&quot;rotationPerSecond&quot;:&quot;30&quot;,&quot;mouseControl&quot;:true,&quot;fullscreen&quot;:true,&quot;variant&quot;:false,&quot;loadingPercentage&quot;:false,&quot;progressBar&quot;:true,&quot;rotate&quot;:false,&quot;rotateAlongX&quot;:&quot;0&quot;,&quot;rotateAlongY&quot;:&quot;75&quot;,&quot;exposure&quot;:1,&quot;styles&quot;:{&quot;width&quot;:&quot;1150px&quot;,&quot;height&quot;:&quot;700px&quot;,&quot;bgColor&quot;:&quot;#f9f9f9&quot;,&quot;progressBarColor&quot;:&quot;&quot;},&quot;stylesheet&quot;:null,&quot;additional&quot;:{&quot;ID&quot;:&quot;&quot;,&quot;Class&quot;:&quot;&quot;,&quot;CSS&quot;:&quot;&quot;},&quot;animation&quot;:false,&quot;woo&quot;:false,&quot;selectedAnimation&quot;:&quot;&quot;}'><\/div>\r\n\r\n        \n<p>Tornelli di Sicurezza a Tutta Altezza MT401: Tornelli Eleganti e Sicuri. Il Design Architettonico incontra la Protezione Anti-Tailgating. Scoprite i nostri tornelli a tutta altezza dal design esclusivo e dalle finiture di pregio. Rafforzate la sicurezza della vostra struttura senza comprometterne l&#8217;estetica. Certificazione IP54, acciaio inossidabile 304. Anti-scavalcamento e Anti-Passback: tornelli di sicurezza a tutta altezza dal look elegante. Prevenite efficacemente gli accessi non autorizzati. I nostri tornelli a tutta altezza sono dotati di un meccanismo di rotazione fluido e di un caratteristico involucro dal profilo aerodinamico. Richiedete il catalogo.     <\/p>\n<p>Siamo in grado di fornire servizi OEM e ODM, inclusa la personalizzazione di colore, stile, materiale, dimensioni, ecc. Ad esempio, per un colore speciale, il cliente deve solo fornirci un numero Pantone e regoleremo il colore in base al <a href=\"https:\/\/en.wikipedia.org\/wiki\/Pantone\" target=\"_blank\" rel=\"noopener\">Pantone<\/a> numero e spruzzare la polvere nello stesso colore. Abbiamo designer esperti in grado di completare una profonda personalizzazione in base alle vostre esigenze. Forniremo una serie di materiali come rendering 3D, disegni dimensionali, ecc. nel pi\u00f9 breve tempo possibile.<\/p>\n<p>Se il cliente ha esigenze ODM, possiamo anche progettare uno stile per questo cliente in base all&#8217;aspetto e alle preferenze di dimensione del cliente, senza vendite esterne. Questo speciale cancello tornello sar\u00e0 l&#8217;unico stile unico della tua azienda sul mercato. Tornelli di sicurezza a tutta altezza verniciati a polvere, di estrema robustezza (IP66 opzionale). I nostri tornelli di sicurezza a tutta altezza resistono alla corrosione, alla polvere e all&#8217;umidit\u00e0. L&#8217;esclusivo design modulare ne consente una facile installazione. Ideali per centrali elettriche, stadi e porti. Tornelli a tutta altezza resistenti al freddo fino a -40\u00b0C | Opzione con riscaldamento per uso esterno. I nostri tornelli di sicurezza a tutta altezza sono progettati per resistere a condizioni climatiche estreme. L&#8217;esclusivo sistema di riscaldamento previene il blocco dovuto alla formazione di ghiaccio. Design elegante, prestazioni robuste. Richiedi una dimostrazione.      <\/p>\n<p>Mairs promette di utilizzare solo accessori e materiali di alta qualit\u00e0 e ciascuno dei nostri accessori \u00e8 rigorosamente selezionato e controllato di qualit\u00e0. Solo cos\u00ec possiamo realizzare un cancello girevole che soddisfi veramente i clienti. Ciascuno dei nostri tornelli a tutta altezza adotta acciaio inossidabile 304 con uno spessore totale di 1,2. Tornelli di sicurezza a tripode vs. a tutta altezza: perch\u00e9 il nostro design esclusivo \u00e8 vincente. Hai bisogno di un livello di sicurezza superiore a quello dei tornelli a tripode? I nostri tornelli di sicurezza a tutta altezza impediscono qualsiasi tentativo di scavalcare. Estetica elegante con rivestimento anti-impronta. Scarica la scheda comparativa.   <\/p>\n<p>Naturalmente, se puoi personalizzare anche l&#8217;acciaio inossidabile 316 o l&#8217;acciaio inossidabile di spessore 1,2, il meccanismo del nostro tornello a tutta altezza \u00e8 stato testato e verificato da noi innumerevoli volte, che \u00e8 anche il requisito pi\u00f9 fondamentale per garantire la qualit\u00e0. Ogni parte dei nostri tornelli a tutta altezza adotta gli standard pi\u00f9 elevati del settore e ogni parte e materiale dei nostri prodotti pu\u00f2 essere visualizzato e testato separatamente per i clienti. Questa \u00e8 anche una premessa per noi per garantire qualit\u00e0 e servizio.<\/p>\n<p>Tutti i nostri prodotti sono coperti da una garanzia di due anni e da un supporto duraturo per la manutenzione e le riparazioni. Forniamo inoltre dispositivi biometrici, come scanner per impronte digitali e telecamere per il riconoscimento facciale. Lettore di schede RFID, scanner di codici QR. Se avete bisogno di integrare questi dispositivi nel tornello o avete domande, vi invitiamo a <a href=\"https:\/\/www.mairsturnstile-online.com\/contact-us\/\">richiedere un preventivo<\/a>.<\/p>\n<p>Possiamo anche creare per te un rendering in pochi minuti in base al tuo scenario reale. Forniamo anche layout e disegni dettagliati, nonch\u00e9 disegni di installazione. Non preoccuparti dell&#8217;installazione. Si prega di scaricare il nostro file PDF corrispondente per dimensioni specifiche e dimensioni di installazione.<br \/>\n\n\t\t\t\n\t<style type=\"text\/css\">\n\t\t.slider-info-12937.bafg-slider-info .bafg-slider-title {\n\t\t\t\t\t\t\tfont-size:\n\t\t\t\t\t22px\t\t\t\t;\n\t\t\t\n\t\t\t\n\t\t\t\t\t}\n\n\t\t.slider-info-12937.bafg-slider-info .bafg-slider-description {\n\t\t\t\n\t\t\t\n\t\t\t\t\t}\n\t\t\n\t\t\n\t\t.slider-info-12937.bafg-slider-info .bafg_slider_readmore_button {\n\t\t\t\n\t\t\t\n\t\t\t\n\t\t\t\n\t\t\t\n\t\t\ttext-align: center;\n\n\t\t\t\n\t\t\t\n\t\t\t\n\t\t\t\n\t\t\t\t\t}\n\n\t\t.slider-info-12937.bafg-slider-info .bafg_slider_readmore_button:hover {\n\n\t\t\t\n\t\t\t\n\t\t\t\t\t}\n\t<\/style>\n\t\n\t\t\t<div class=\"bafg-twentytwenty-container slider-12937  \"\n\t\t\t\tbafg-orientation=\"horizontal\" bafg-default-offset=\"0.5\"\n\t\t\t\tbafg-before-label=\"Before\"\n\t\t\t\tbafg-after-label=\"After\" bafg-overlay=\"1\"\n\t\t\t\tbafg-move-slider-on-hover=\"1\"\n\t\t\t\tbafg-click-to-move=\"\">\n\n\t\t\t\t\t\t\t\t<img class=\"skip-lazy\" data-skip-lazy\t\t\t\t\tsrc=\"https:\/\/www.mairsturnstile-online.com\/wp-content\/uploads\/2023\/07\/full-height-security-turnstiles_7.jpg\" alt=\"\">\n\t\t\t\t<img class=\"skip-lazy\" data-skip-lazy\t\t\t\t\tsrc=\"https:\/\/www.mairsturnstile-online.com\/wp-content\/uploads\/2023\/07\/full-height-security-turnstiles_8.jpg\" alt=\"\">\n\n\t\t\t<\/div>\n\n\t\t\t\t<div class=\"bafg-slider-info-wraper\">\n\t\t<div style=\"\" class=\"slider-info-12937 bafg-slider-info\">\n\t\t\t\t\t<\/div>\n\t<\/div>\n\t\n\t\t\t<style type=\"text\/css\">\n\t\t\t\t\t\t\t\t\t\t\t<\/style>\n\t\t\t<br \/>\n<strong>Technical Parameter:<\/strong><\/p>\n<p>1. Dimensioni: 1400*1200*2230 mm (pu\u00f2 essere personalizzato)<br \/>\n2. Larghezza corsia: 650 mm (personalizzabile)<br \/>\n3. Velocit\u00e0 di passaggio: 30 persone\/min<br \/>\n4. Alimentazione: 110V\/220V 50\/60Hz<br \/>\n5. Solenoide: DC24V<br \/>\n6. Ingresso cancello aperto: contatto pulito\/rel\u00e8<br \/>\n7. Tensione logica: DC24V<br \/>\n8. Materiale dell&#8217;involucro: acciaio inossidabile 304<br \/>\n9. Affidabilit\u00e0 del meccanismo: 5 milioni, senza colpa<br \/>\n10. Il meccanismo \u00e8 dotato di ammortizzatore idraulico per l&#8217;assorbimento degli urti<br \/>\n11. Azionamento: semiautomatico<br \/>\n12. Lunghezza del braccio: 640 mm<br \/>\n13. Senso di rotazione: bidirezionale\/unidirezionale<br \/>\n14. Situazione di emergenza: In caso di emergenza o di isolamento dell&#8217;alimentazione la Porta Rotante pu\u00f2 essere configurata su Fail-Safe ovvero ruota liberamente o Fail-Lock<br \/>\n15. Umidit\u00e0: \u226495%<br \/>\n16. Temperatura di lavoro: -25\u2103~60\u2103<br \/>\n17. Funzionalit\u00e0 opzionale: lettore IC\/ID, lettore di codici a barre, altre apparecchiature R\/W, UPS, rilevatore a infrarossi<br \/>\n18. Distanza di comunicazione: \u22641200 m<br \/>\n19. Interfaccia di comunicazione: RS485<br \/>\n20. Le dimensioni possono essere personalizzate<br \/>\n21. Tempo necessario per l&#8217;apertura: 0,2s regolabile<br \/>\n22. Ambiente di lavoro: interno o esterno (l&#8217;esterno \u00e8 opzionale)<br \/>\n23. Campo di applicazione: comunit\u00e0, fabbrica, cantiere, scuola, luogo del resort, ecc<\/p>\n<p>Possiamo fornire l&#8217;intera soluzione di controllo degli accessi e della sicurezza. Se disponete gi\u00e0 di un vostro sistema di controllo degli accessi, potete utilizzare direttamente il nostro tornello.  Se non ne disponete, forniamo anche una soluzione completa per il controllo degli accessi di sicurezza. Per i dettagli, si prega di fare riferimento al video qui sotto.<\/p>\n<p><iframe title=\"Riproduttore video di YouTube\" src=\"https:\/\/www.youtube.com\/embed\/v7QQMtt97e0?si=BNRilLDK3xC6Q5x-\" width=\"1150\" height=\"650\" frameborder=\"0\" allowfullscreen=\"allowfullscreen\"><span data-mce-type=\"bookmark\" style=\"display: inline-block; width: 0px; overflow: hidden; line-height: 0;\" class=\"mce_SELRES_start\"><\/span><\/iframe><\/p>\n","protected":false},"excerpt":{"rendered":"<p>Expert advice, Free design, OEM Logo, Color &amp; Size Available, Global Export, Fast sample shipping, Low MOQ. Get factory direct wholesale pricing from a trusted manufacturer, Long-term cooperation support for global agents &amp; wholesalers.<strong><a title=\"Tornello a tutta altezza certificato Mairs CE\" href=\"http:\/\/mairsturnstile.com\/wp-content\/uploads\/2022\/09\/Mairs-CE-Certificate-Full-Height-Turnstile.pdf\" target=\"_blank\" rel=\"noopener noreferrer\">CE Certificated,<\/a><a title=\"Mairs ISO9001 Certificate\" href=\"http:\/\/mairsturnstile.com\/wp-content\/uploads\/2022\/09\/Mairs-Registration-Certificate-ISO9001.pdf\" target=\"_blank\" rel=\"noopener noreferrer\">ISO9001 Certificated.<\/a><\/strong> Please check the new design: <strong><a href=\"https:\/\/www.mairsturnstile-online.com\/full-height-turnstile-series\/\" target=\"_blank\" rel=\"noopener\"><span style=\"color: #fcaf3b;\">New Full Height Turnstile Series<\/span><\/a><\/strong> <\/p>\n<p><a title=\"Brochure sui tornelli a tutta altezza\" href=\"https:\/\/mairsturnstile-online.com\/flipbook\/mt401-full-height-turnstile-brochure\" target=\"_blank\" rel=\"noopener noreferrer\"><strong><img decoding=\"async\" class=\"alignnone size-full wp-image-11034\" src=\"http:\/\/mairsturnstile.com\/wp-content\/uploads\/2022\/09\/pdf-MairsTurnstile.png\" alt=\"\" width=\"32\" height=\"32\"> <span style=\"color: #fcaf3b;\">Brochure sui tornelli a tutta altezza MT401<\/span><\/strong><\/a><\/p>\n<p><a title=\"Manuale di installazione del tornello a tutta altezza\" href=\"http:\/\/mairsturnstile.com\/wp-content\/uploads\/2023\/09\/Full-height-turnstile-installation-manual.pdf\" target=\"_blank\" rel=\"noopener noreferrer\"><img decoding=\"async\" class=\"alignnone size-full wp-image-11034\" src=\"http:\/\/mairsturnstile.com\/wp-content\/uploads\/2022\/09\/pdf-MairsTurnstile.png\" alt=\"\" width=\"32\" height=\"32\"><strong><span style=\"color: #fcaf3b;\"> Manuale d&#8217;uso e installazione del tornello a tutta altezza<\/span><\/strong><\/a><\/p>\n","protected":false},"featured_media":13523,"comment_status":"closed","ping_status":"closed","template":"","meta":[],"product_cat":[74],"product_tag":[],"class_list":["post-5156","product","type-product","status-publish","has-post-thumbnail","hentry","product_cat-tornelli-a-tutta-altezza"],"_links":{"self":[{"href":"https:\/\/www.mairsturnstile-online.com\/it\/wp-json\/wp\/v2\/product\/5156","targetHints":{"allow":["GET"]}}],"collection":[{"href":"https:\/\/www.mairsturnstile-online.com\/it\/wp-json\/wp\/v2\/product"}],"about":[{"href":"https:\/\/www.mairsturnstile-online.com\/it\/wp-json\/wp\/v2\/types\/product"}],"replies":[{"embeddable":true,"href":"https:\/\/www.mairsturnstile-online.com\/it\/wp-json\/wp\/v2\/comments?post=5156"}],"wp:featuredmedia":[{"embeddable":true,"href":"https:\/\/www.mairsturnstile-online.com\/it\/wp-json\/wp\/v2\/media\/13523"}],"wp:attachment":[{"href":"https:\/\/www.mairsturnstile-online.com\/it\/wp-json\/wp\/v2\/media?parent=5156"}],"wp:term":[{"taxonomy":"product_cat","embeddable":true,"href":"https:\/\/www.mairsturnstile-online.com\/it\/wp-json\/wp\/v2\/product_cat?post=5156"},{"taxonomy":"product_tag","embeddable":true,"href":"https:\/\/www.mairsturnstile-online.com\/it\/wp-json\/wp\/v2\/product_tag?post=5156"}],"curies":[{"name":"wp","href":"https:\/\/api.w.org\/{rel}","templated":true}]}}