{"id":5153,"date":"2021-09-08T22:10:47","date_gmt":"2021-09-08T14:10:47","guid":{"rendered":"https:\/\/www.mairsturnstile-online.com\/product\/cancello-tornello-a-corsia-singola-90-gradi-a-tutta-altezza-mt404\/"},"modified":"2026-05-05T18:37:23","modified_gmt":"2026-05-05T10:37:23","slug":"tornello-in-acciaio-inox","status":"publish","type":"product","link":"https:\/\/www.mairsturnstile-online.com\/it\/prodotto\/tornello-in-acciaio-inox\/","title":{"rendered":"TORNELLO A TUTTA ALTEZZA IN ACCIAIO INOX MT404"},"content":{"rendered":"\r\n        <div class=\"modelViewerBlock\" data-attributes='{&quot;align&quot;:&quot;start&quot;,&quot;uniqueId&quot;:&quot;model11530&quot;,&quot;currentViewer&quot;:&quot;modelViewer&quot;,&quot;multiple&quot;:false,&quot;model&quot;:{&quot;modelUrl&quot;:&quot;https:\\\/\\\/www.mairsturnstile-online.com\\\/wp-content\\\/uploads\\\/2023\\\/07\\\/MT404.glb&quot;,&quot;poster&quot;:&quot;&quot;},&quot;O3DVSettings&quot;:{&quot;isFullscreen&quot;:true,&quot;isPagination&quot;:false,&quot;isNavigation&quot;:true,&quot;camera&quot;:null,&quot;mouseControl&quot;:true},&quot;models&quot;:[],&quot;lazyLoad&quot;:false,&quot;loading&quot;:&quot;auto&quot;,&quot;autoplay&quot;:false,&quot;shadow&quot;:true,&quot;autoRotate&quot;:true,&quot;zoom&quot;:true,&quot;isPagination&quot;:false,&quot;isNavigation&quot;:true,&quot;preload&quot;:&quot;auto&quot;,&quot;rotationPerSecond&quot;:&quot;30&quot;,&quot;mouseControl&quot;:true,&quot;fullscreen&quot;:true,&quot;variant&quot;:false,&quot;loadingPercentage&quot;:false,&quot;progressBar&quot;:true,&quot;rotate&quot;:false,&quot;rotateAlongX&quot;:&quot;0&quot;,&quot;rotateAlongY&quot;:&quot;75&quot;,&quot;exposure&quot;:1,&quot;styles&quot;:{&quot;width&quot;:&quot;1150px&quot;,&quot;height&quot;:&quot;700px&quot;,&quot;bgColor&quot;:&quot;#f2f2f2&quot;,&quot;progressBarColor&quot;:&quot;&quot;},&quot;stylesheet&quot;:null,&quot;additional&quot;:{&quot;ID&quot;:&quot;&quot;,&quot;Class&quot;:&quot;&quot;,&quot;CSS&quot;:&quot;&quot;},&quot;animation&quot;:false,&quot;woo&quot;:false,&quot;selectedAnimation&quot;:&quot;&quot;}'><\/div>\r\n\r\n        \n<p>Tornello in acciaio inox a tutta altezza MT404, design unico a tutta altezza con finitura a specchio 304. Il nostro tornello presenta un corpo curvo brevettato e una griglia anti-scalata. Sicurezza a tutta altezza con finitura a specchio premium 304. Ideale per strutture di lusso. Tornello in acciaio inox per impieghi gravosi a tutta altezza, grado marino 316 per installazioni costiere. Tornello in acciaio inox resistente alla corrosione, costruito per ambienti con aria salmastra. Alloggiamento aerodinamico unico, azionamento a manutenzione zero. Grado di protezione IP66. Richiedi un preventivo. Tornello in acciaio inox con sistema anti-accesso non autorizzato, cancello a tutta altezza per alta sicurezza. Il nostro tornello in acciaio inox garantisce una barriera fisica al 100%. Griglia unica a forma di onda, finitura spazzolata e funzionamento silenzioso. Certificato CE. Richiedi il catalogo.          <\/p>\n<p>Possiamo fornire servizi OEM e ODM. Abbiamo designer esperti in grado di completare una profonda personalizzazione in base alle vostre esigenze. Forniremo una serie di materiali come rendering 3D, disegni dimensionali, ecc. nel pi\u00f9 breve tempo possibile. Tornello Architettonico in Acciaio Inox: un tornello a tutta altezza dal design esclusivo. Distinguiti con il nostro tornello in acciaio inox: non una semplice barriera, ma un vero e proprio elemento di design. Dotato di angoli arrotondati brevettati e rivestimento anti-impronta, \u00e8 la soluzione ideale per le hall aziendali. Tornello per Esterni in Acciaio Inox: protezione IP66 contro gli agenti atmosferici e opzione di riscaldamento integrato. Progettato per resistere a temperature estreme (da -40\u00b0C a +70\u00b0C), il nostro tornello in acciaio inox vanta un esclusivo rotore autopulente e l&#8217;utilizzo di acciaio inox 316 di grado marino. Scarica la scheda tecnica.     <\/p>\n<p>Tutti i nostri prodotti sono coperti da una garanzia di due anni e da un supporto duraturo per la manutenzione e le riparazioni. Forniamo inoltre dispositivi biometrici, come scanner per impronte digitali e telecamere per il riconoscimento facciale. Lettore di schede RFID, scanner di codici QR. Se hai bisogno di integrare questi dispositivi su tornelli in acciaio inox o hai qualsiasi domanda, richiedi <a href=\"https:\/\/www.mairsturnstile-online.com\/contact-us\/\">un preventivo.<\/a> Ecco perch\u00e9 il nostro tornello in acciaio inossidabile dura pi\u00f9 a lungo della concorrenza: grazie alla tecnologia di saldatura senza giunture, non presenta macchie di ruggine n\u00e9 punti deboli nelle giunzioni. Il nostro tornello in acciaio inossidabile impiega una tecnologia proprietaria di saldatura laser e un esclusivo trattamento anticorrosione. Richiedi oggi stesso una dimostrazione dal vivo.  <\/p>\n<p>Tornello biometrico predisposto, design con gestione cavi nascosta. Il nostro tornello a tutta altezza in acciaio inox integra perfettamente lettori di impronte digitali\/facciali. Il canale interno per cavi brevettato preserva l&#8217;aspetto pulito ed estetico. Prezzo di fabbrica. Tornello anti-scalata a tutta altezza in acciaio inox, altezza 2,1 m con griglia dal design unico, scoraggia efficacemente l&#8217;arrampicata. Il nostro tornello \u00e8 dotato di viti antimanomissione e di una griglia ondulata distintiva. Disponibile in acciaio inox 304 o 316. Tornello salvaspazio in acciaio inox, design compatto a tutta altezza. A differenza delle ingombranti unit\u00e0 industriali, il nostro tornello offre un corpo unico e aerodinamico. Verniciatura a polvere RAL personalizzata su acciaio inox disponibile. Sopralluogo gratuito.        <\/p>\n<p>Possiamo anche creare per te un rendering in pochi minuti in base al tuo scenario reale. Forniamo anche layout e disegni dettagliati, nonch\u00e9 disegni di installazione. Non preoccuparti dell&#8217;installazione. Si prega di scaricare il nostro file PDF corrispondente per dimensioni specifiche e dimensioni di installazione.<\/p>\n\n\t\t\t\n\t<style type=\"text\/css\">\n\t\t.slider-info-11522.bafg-slider-info .bafg-slider-title {\n\t\t\t\t\t\t\tfont-size:\n\t\t\t\t\t22px\t\t\t\t;\n\t\t\t\n\t\t\t\n\t\t\t\t\t}\n\n\t\t.slider-info-11522.bafg-slider-info .bafg-slider-description {\n\t\t\t\n\t\t\t\n\t\t\t\t\t}\n\t\t\n\t\t\n\t\t.slider-info-11522.bafg-slider-info .bafg_slider_readmore_button {\n\t\t\t\n\t\t\t\n\t\t\t\n\t\t\t\n\t\t\t\n\t\t\ttext-align: center;\n\n\t\t\t\n\t\t\t\n\t\t\t\n\t\t\t\n\t\t\t\t\t}\n\n\t\t.slider-info-11522.bafg-slider-info .bafg_slider_readmore_button:hover {\n\n\t\t\t\n\t\t\t\n\t\t\t\t\t}\n\t<\/style>\n\t\n\t\t\t<div class=\"bafg-twentytwenty-container slider-11522  \"\n\t\t\t\tbafg-orientation=\"horizontal\" bafg-default-offset=\"0.5\"\n\t\t\t\tbafg-before-label=\"Before\"\n\t\t\t\tbafg-after-label=\"After\" bafg-overlay=\"1\"\n\t\t\t\tbafg-move-slider-on-hover=\"1\"\n\t\t\t\tbafg-click-to-move=\"\">\n\n\t\t\t\t\t\t\t\t<img class=\"skip-lazy\" data-skip-lazy\t\t\t\t\tsrc=\"https:\/\/www.mairsturnstile-online.com\/wp-content\/uploads\/2021\/09\/stainless-steel-turnstile-5.jpg\" alt=\"stainless steel turnstile\">\n\t\t\t\t<img class=\"skip-lazy\" data-skip-lazy\t\t\t\t\tsrc=\"https:\/\/www.mairsturnstile-online.com\/wp-content\/uploads\/2021\/09\/stainless-steel-turnstile-6.jpg\" alt=\"stainless steel turnstile\">\n\n\t\t\t<\/div>\n\n\t\t\t\t<div class=\"bafg-slider-info-wraper\">\n\t\t<div style=\"\" class=\"slider-info-11522 bafg-slider-info\">\n\t\t\t\t\t<\/div>\n\t<\/div>\n\t\n\t\t\t<style type=\"text\/css\">\n\t\t\t\t\t\t\t\t\t\t\t<\/style>\n\t\t\t\n<p><strong>Technical Parameter:<\/strong><\/p>\n<p>1. Dimensioni: 1450*1450*2200 mm (pu\u00f2 essere personalizzato)<br \/>\n2. Larghezza corsia: 650 mm (personalizzabile)<br \/>\n3. Velocit\u00e0 di passaggio: 30 persone\/min<br \/>\n4. Alimentazione: 110V\/220V 50\/60Hz<br \/>\n5. Solenoide del tornello in acciaio inossidabile: DC24V<br \/>\n6. Segnale cancello aperto: contatto pulito\/rel\u00e8<br \/>\n7. Tensione logica: DC24V<br \/>\n8. Materiale della cassa: acciaio inossidabile 304<br \/>\n9. Affidabilit\u00e0 del meccanismo: 5 milioni, senza colpa<br \/>\n10. Meccanismo con ammortizzatore idraulico per l&#8217;assorbimento degli urti<br \/>\n11. Azionamento: semiautomatico<br \/>\n12. Lunghezza del braccio: 640 mm<br \/>\n13. Senso di rotazione: Bidirezionale\/Singolo direzionale<br \/>\n14. Situazione di emergenza: in caso di emergenza o di isolamento dell&#8217;alimentazione, la porta rotante pu\u00f2 essere configurata su Fail-Safe, ovvero ruota liberamente o Fail-Lock<br \/>\n15. Umidit\u00e0: \u226495%<br \/>\n16. Temperatura di lavoro: -25\u2103~60\u2103<br \/>\n17. Funzionalit\u00e0 opzionale: lettore IC\/ID, lettore di codici a barre, riconoscimento facciale, impronte digitali, altre apparecchiature di controllo accessi, UPS, ecc.<br \/>\n18. Distanza di comunicazione: \u22641200 m<br \/>\n19. Interfaccia di comunicazione: RS485<br \/>\n20. Le dimensioni possono essere personalizzate<br \/>\n21. Tempo necessario per l&#8217;apertura: 0,2 s<br \/>\n22. Ambiente di lavoro: interno o esterno (l&#8217;esterno \u00e8 opzionale)<br \/>\n23. Campo di applicazione: comunit\u00e0, fabbrica, cantiere, scuola, luogo del resort, ecc<\/p>\n<p>Possiamo fornire l&#8217;intera soluzione di controllo degli accessi e della sicurezza. Se disponete gi\u00e0 di un vostro sistema di controllo degli accessi, potete utilizzare direttamente il nostro tornello.  Se non ne disponete gi\u00e0 di uno, forniamo anche una soluzione completa per il controllo degli accessi di sicurezza. Per i dettagli, vi invitiamo a consultare il video qui sotto. <\/p>\n<p><iframe title=\"Riproduttore video di YouTube\" src=\"https:\/\/www.youtube.com\/embed\/v7QQMtt97e0?si=BNRilLDK3xC6Q5x-\" width=\"1150\" height=\"650\" frameborder=\"0\" allowfullscreen=\"allowfullscreen\"><span data-mce-type=\"bookmark\" style=\"display: inline-block; width: 0px; overflow: hidden; line-height: 0;\" class=\"mce_SELRES_start\"><\/span><span data-mce-type=\"bookmark\" style=\"display: inline-block; width: 0px; overflow: hidden; line-height: 0;\" class=\"mce_SELRES_start\"><\/span><\/iframe><\/p>\n","protected":false},"excerpt":{"rendered":"<p>Expert advice, Free design, OEM Logo, Color &amp; Size Available, Global Export, Fast sample shipping, Low MOQ. Get factory direct wholesale pricing from a trusted manufacturer, Long-term cooperation support for global agents &amp; wholesalers.<strong><a title=\"Tornello a tutta altezza certificato Mairs CE\" href=\"http:\/\/mairsturnstile.com\/wp-content\/uploads\/2022\/09\/Mairs-CE-Certificate-Full-Height-Turnstile.pdf\" target=\"_blank\" rel=\"noopener noreferrer\">CE Certificated,<\/a><a title=\"Mairs ISO9001 Certificate\" href=\"http:\/\/mairsturnstile.com\/wp-content\/uploads\/2022\/09\/Mairs-Registration-Certificate-ISO9001.pdf\" target=\"_blank\" rel=\"noopener noreferrer\">ISO9001 Certificated.<\/a><\/strong> Please check the new design: <strong><a href=\"https:\/\/www.mairsturnstile-online.com\/full-height-turnstile-series\/\" target=\"_blank\" rel=\"noopener\"><span style=\"color: #fcaf3b;\">New Full Height Turnstile Series<\/span><\/a><\/strong> <\/p>\n<p><a title=\"Brochure sui tornelli a tutta altezza\" href=\"https:\/\/mairsturnstile-online.com\/flipbook\/mt404-full-height-turnstile-brochure\" target=\"_blank\" rel=\"noopener noreferrer\"><img decoding=\"async\" class=\"alignnone size-full wp-image-11034\" src=\"http:\/\/mairsturnstile.com\/wp-content\/uploads\/2022\/09\/pdf-MairsTurnstile.png\" alt=\"\" width=\"32\" height=\"32\"> <span style=\"color: #fcaf3b;\"><strong>Brochure sui tornelli a tutta altezza MT404<\/strong><\/span><\/a><\/p>\n<p><a title=\"Manuale di installazione del tornello a tutta altezza\" href=\"http:\/\/mairsturnstile.com\/wp-content\/uploads\/2023\/09\/Full-height-turnstile-installation-manual.pdf\" target=\"_blank\" rel=\"noopener noreferrer\"><img decoding=\"async\" class=\"alignnone size-full wp-image-11034\" src=\"http:\/\/mairsturnstile.com\/wp-content\/uploads\/2022\/09\/pdf-MairsTurnstile.png\" alt=\"\" width=\"32\" height=\"32\"><strong><span style=\"color: #fcaf3b;\"> Manuale d&#8217;uso e installazione del tornello a tutta altezza<\/span><\/strong><\/a><\/p>\n","protected":false},"featured_media":48817,"comment_status":"closed","ping_status":"closed","template":"","meta":[],"product_cat":[74],"product_tag":[],"class_list":["post-5153","product","type-product","status-publish","has-post-thumbnail","hentry","product_cat-tornelli-a-tutta-altezza"],"_links":{"self":[{"href":"https:\/\/www.mairsturnstile-online.com\/it\/wp-json\/wp\/v2\/product\/5153","targetHints":{"allow":["GET"]}}],"collection":[{"href":"https:\/\/www.mairsturnstile-online.com\/it\/wp-json\/wp\/v2\/product"}],"about":[{"href":"https:\/\/www.mairsturnstile-online.com\/it\/wp-json\/wp\/v2\/types\/product"}],"replies":[{"embeddable":true,"href":"https:\/\/www.mairsturnstile-online.com\/it\/wp-json\/wp\/v2\/comments?post=5153"}],"wp:featuredmedia":[{"embeddable":true,"href":"https:\/\/www.mairsturnstile-online.com\/it\/wp-json\/wp\/v2\/media\/48817"}],"wp:attachment":[{"href":"https:\/\/www.mairsturnstile-online.com\/it\/wp-json\/wp\/v2\/media?parent=5153"}],"wp:term":[{"taxonomy":"product_cat","embeddable":true,"href":"https:\/\/www.mairsturnstile-online.com\/it\/wp-json\/wp\/v2\/product_cat?post=5153"},{"taxonomy":"product_tag","embeddable":true,"href":"https:\/\/www.mairsturnstile-online.com\/it\/wp-json\/wp\/v2\/product_tag?post=5153"}],"curies":[{"name":"wp","href":"https:\/\/api.w.org\/{rel}","templated":true}]}}