{"id":8281,"date":"2023-02-12T20:43:40","date_gmt":"2023-02-12T12:43:40","guid":{"rendered":"https:\/\/www.mairsturnstile-online.com\/allingrosso\/"},"modified":"2024-03-26T16:00:35","modified_gmt":"2024-03-26T08:00:35","slug":"allingrosso","status":"publish","type":"page","link":"https:\/\/www.mairsturnstile-online.com\/it\/allingrosso\/","title":{"rendered":"All&#8217;ingrosso"},"content":{"rendered":"\t\t<div data-elementor-type=\"wp-page\" data-elementor-id=\"8281\" class=\"elementor elementor-8281 elementor-8240\" data-elementor-post-type=\"page\">\n\t\t\t\t<div class=\"elementor-element elementor-element-0645561 e-flex e-con-boxed e-con e-parent\" data-id=\"0645561\" data-element_type=\"container\" data-settings=\"{&quot;background_background&quot;:&quot;classic&quot;,&quot;shape_divider_bottom&quot;:&quot;arrow&quot;,&quot;shape_divider_bottom_negative&quot;:&quot;yes&quot;}\">\n\t\t\t\t\t<div class=\"e-con-inner\">\n\t\t\t\t<div class=\"elementor-shape elementor-shape-bottom\" data-negative=\"true\">\n\t\t\t<svg xmlns=\"http:\/\/www.w3.org\/2000\/svg\" viewBox=\"0 0 700 10\" preserveAspectRatio=\"none\">\n\t<path class=\"elementor-shape-fill\" d=\"M360 0L350 9.9 340 0 0 0 0 10 700 10 700 0\"\/>\n<\/svg>\t\t<\/div>\n\t\t\t\t<div class=\"elementor-element elementor-element-c87e5fe animated-slow elementor-invisible elementor-widget elementor-widget-heading\" data-id=\"c87e5fe\" data-element_type=\"widget\" data-settings=\"{&quot;_animation&quot;:&quot;slideInUp&quot;}\" data-widget_type=\"heading.default\">\n\t\t\t\t<div class=\"elementor-widget-container\">\n\t\t\t<h2 class=\"elementor-heading-title elementor-size-default\">Porta il cancello girevole della migliore qualit\u00e0 ad un prezzo conveniente<\/h2>\t\t<\/div>\n\t\t\t\t<\/div>\n\t\t\t\t<div class=\"elementor-element elementor-element-e6c8ec5 animated-slow elementor-invisible elementor-widget elementor-widget-heading\" data-id=\"e6c8ec5\" data-element_type=\"widget\" data-settings=\"{&quot;_animation&quot;:&quot;slideInUp&quot;}\" data-widget_type=\"heading.default\">\n\t\t\t\t<div class=\"elementor-widget-container\">\n\t\t\t<h2 class=\"elementor-heading-title elementor-size-default\">Qualit\u00e0 garantita, garanzia 2 anni<br>\nOttima fattura e artigianato complesso<br>\nSupporto tecnico completo<\/h2>\t\t<\/div>\n\t\t\t\t<\/div>\n\t\t\t\t<div class=\"elementor-element elementor-element-8650415 animated-slow elementor-invisible elementor-widget elementor-widget-heading\" data-id=\"8650415\" data-element_type=\"widget\" data-settings=\"{&quot;_animation&quot;:&quot;slideInUp&quot;}\" data-widget_type=\"heading.default\">\n\t\t\t\t<div class=\"elementor-widget-container\">\n\t\t\t<h2 class=\"elementor-heading-title elementor-size-default\">Tornello Mairs<\/h2>\t\t<\/div>\n\t\t\t\t<\/div>\n\t\t\t\t\t<\/div>\n\t\t\t\t<\/div>\n\t\t<div class=\"elementor-element elementor-element-cabfd65 e-flex e-con-boxed e-con e-parent\" data-id=\"cabfd65\" data-element_type=\"container\">\n\t\t\t\t\t<div class=\"e-con-inner\">\n\t\t\t\t<div class=\"elementor-element elementor-element-0bf10dc elementor-widget elementor-widget-heading\" data-id=\"0bf10dc\" data-element_type=\"widget\" data-widget_type=\"heading.default\">\n\t\t\t\t<div class=\"elementor-widget-container\">\n\t\t\t<h2 class=\"elementor-heading-title elementor-size-default\">All'ingrosso<\/h2>\t\t<\/div>\n\t\t\t\t<\/div>\n\t\t\t\t<div class=\"elementor-element elementor-element-7bb64a3 elementor-widget elementor-widget-text-editor\" data-id=\"7bb64a3\" data-element_type=\"widget\" data-widget_type=\"text-editor.default\">\n\t\t\t\t<div class=\"elementor-widget-container\">\n\t\t\t\t\t\t\t<p>Volete acquistare o vendere prodotti per cancelli girevoli di alta qualit\u00e0 a prezzi competitivi? Se vuole, pu\u00f2 parlare con noi. In qualit\u00e0 di produttore professionale di cancelli girevoli, non solo forniamo la massima qualit\u00e0 del prodotto nel settore, ma forniamo anche prezzi competitivi. Diamo il benvenuto ad agenti e grossisti di tutto il mondo per la vendita all&#8217;ingrosso dei nostri prodotti di sicurezza.<\/p>\n<p>Vi diamo il benvenuto a diventare nostri distributori. Cerchiamo agenti da tutto il mondo per rappresentare i nostri prodotti. Se sei un fornitore di tornelli in Europa, Turchia, Stati Uniti o Australia, o hai il tuo negozio in Europa, America o Africa, o hai esperienza nella vendita e nella gestione di prodotti di sicurezza correlati e desideri agire come nostro agente per pi\u00f9 prodotti . Vi preghiamo di contattarci per ulteriori informazioni. Spero che possiamo lavorare insieme per creare un mondo pi\u00f9 sicuro e aiutare pi\u00f9 persone in tutto il mondo.<\/p>\t\t\t\t\t\t<\/div>\n\t\t\t\t<\/div>\n\t\t\t\t\t<\/div>\n\t\t\t\t<\/div>\n\t\t<div class=\"elementor-element elementor-element-cb84d05 e-flex e-con-boxed e-con e-parent\" data-id=\"cb84d05\" data-element_type=\"container\" data-settings=\"{&quot;background_background&quot;:&quot;classic&quot;,&quot;shape_divider_bottom&quot;:&quot;arrow&quot;,&quot;shape_divider_bottom_negative&quot;:&quot;yes&quot;}\">\n\t\t\t\t\t<div class=\"e-con-inner\">\n\t\t\t\t<div class=\"elementor-shape elementor-shape-bottom\" data-negative=\"true\">\n\t\t\t<svg xmlns=\"http:\/\/www.w3.org\/2000\/svg\" viewBox=\"0 0 700 10\" preserveAspectRatio=\"none\">\n\t<path class=\"elementor-shape-fill\" d=\"M360 0L350 9.9 340 0 0 0 0 10 700 10 700 0\"\/>\n<\/svg>\t\t<\/div>\n\t\t\t\t<div class=\"elementor-element elementor-element-85e9530 animated-slow elementor-invisible elementor-widget elementor-widget-heading\" data-id=\"85e9530\" data-element_type=\"widget\" data-settings=\"{&quot;_animation&quot;:&quot;slideInUp&quot;}\" data-widget_type=\"heading.default\">\n\t\t\t\t<div class=\"elementor-widget-container\">\n\t\t\t<h2 class=\"elementor-heading-title elementor-size-default\">Consegna globale e veloce<br>\nInstallazione facile\n<\/h2>\t\t<\/div>\n\t\t\t\t<\/div>\n\t\t\t\t<div class=\"elementor-element elementor-element-2688e6d animated-slow elementor-invisible elementor-widget elementor-widget-heading\" data-id=\"2688e6d\" data-element_type=\"widget\" data-settings=\"{&quot;_animation&quot;:&quot;slideInUp&quot;}\" data-widget_type=\"heading.default\">\n\t\t\t\t<div class=\"elementor-widget-container\">\n\t\t\t<h2 class=\"elementor-heading-title elementor-size-default\">Design integrato, nessuna necessit\u00e0 di smontare componenti, installazione semplice e risparmio sui costi. Il prodotto ricevuto dal cliente ha completato il cablaggio interno e l'assemblaggio complessivo degli accessori<\/h2>\t\t<\/div>\n\t\t\t\t<\/div>\n\t\t\t\t\t<\/div>\n\t\t\t\t<\/div>\n\t\t<div class=\"elementor-element elementor-element-ce50501 e-flex e-con-boxed e-con e-parent\" data-id=\"ce50501\" data-element_type=\"container\">\n\t\t\t\t\t<div class=\"e-con-inner\">\n\t\t\t\t<div class=\"elementor-element elementor-element-3482fa6 elementor-widget elementor-widget-text-editor\" data-id=\"3482fa6\" data-element_type=\"widget\" data-widget_type=\"text-editor.default\">\n\t\t\t\t<div class=\"elementor-widget-container\">\n\t\t\t\t\t\t\t<p>Possiamo progettare e produrre tornelli di sicurezza che soddisfano le vostre esigenze di mercato o di progetto. I tornelli di sicurezza che progettiamo e produciamo possono anche essere facilmente integrati con il vostro sistema per ottenere pi\u00f9 funzioni.<\/p>\n<p>Se volete vendere all&#8217;ingrosso i nostri prodotti o essere nostri agenti, chiamate il nostro responsabile vendite Elena al numero <a href=\"tel:+8615323431686\">+8615323431686<\/a> o via e-mail a <a href=\"mailto:sales@mairsturnstile.com\">sales@mairsturnstile.com<\/a>.<\/p>\n<p>Grazie.<br>Mairsturnstile-online.com<\/p>\t\t\t\t\t\t<\/div>\n\t\t\t\t<\/div>\n\t\t\t\t\t<\/div>\n\t\t\t\t<\/div>\n\t\t<div class=\"elementor-element elementor-element-67618bb e-flex e-con-boxed e-con e-parent\" data-id=\"67618bb\" data-element_type=\"container\" data-settings=\"{&quot;background_background&quot;:&quot;classic&quot;}\">\n\t\t\t\t\t<div class=\"e-con-inner\">\n\t\t\t\t<div class=\"elementor-element elementor-element-f016981 animated-slow elementor-invisible elementor-widget elementor-widget-heading\" data-id=\"f016981\" data-element_type=\"widget\" data-settings=\"{&quot;_animation&quot;:&quot;slideInUp&quot;}\" data-widget_type=\"heading.default\">\n\t\t\t\t<div class=\"elementor-widget-container\">\n\t\t\t<h2 class=\"elementor-heading-title elementor-size-default\">Tornello dal design unico e alla moda<br>\n\n<\/h2>\t\t<\/div>\n\t\t\t\t<\/div>\n\t\t\t\t<div class=\"elementor-element elementor-element-532cdf8 animated-slow elementor-invisible elementor-widget elementor-widget-heading\" data-id=\"532cdf8\" data-element_type=\"widget\" data-settings=\"{&quot;_animation&quot;:&quot;slideInUp&quot;}\" data-widget_type=\"heading.default\">\n\t\t\t\t<div class=\"elementor-widget-container\">\n\t\t\t<h2 class=\"elementor-heading-title elementor-size-default\">Vendita diretta in fabbrica<br>\nServizio OEM e ODM<br>\nConsegna globale e veloce<br>\n\n<\/h2>\t\t<\/div>\n\t\t\t\t<\/div>\n\t\t\t\t<div class=\"elementor-element elementor-element-4f3fffd animated-slow elementor-invisible elementor-widget elementor-widget-heading\" data-id=\"4f3fffd\" data-element_type=\"widget\" data-settings=\"{&quot;_animation&quot;:&quot;slideInUp&quot;}\" data-widget_type=\"heading.default\">\n\t\t\t\t<div class=\"elementor-widget-container\">\n\t\t\t<h2 class=\"elementor-heading-title elementor-size-default\">\nTornello Mairs\n<\/h2>\t\t<\/div>\n\t\t\t\t<\/div>\n\t\t\t\t\t<\/div>\n\t\t\t\t<\/div>\n\t\t\t\t<\/div>\n\t\t","protected":false},"excerpt":{"rendered":"<p>Porta il cancello girevole della migliore qualit\u00e0 ad un prezzo conveniente Qualit\u00e0 [&hellip;]<\/p>\n","protected":false},"author":1,"featured_media":0,"parent":0,"menu_order":0,"comment_status":"closed","ping_status":"closed","template":"elementor_header_footer","meta":{"footnotes":""},"class_list":["post-8281","page","type-page","status-publish","hentry"],"_links":{"self":[{"href":"https:\/\/www.mairsturnstile-online.com\/it\/wp-json\/wp\/v2\/pages\/8281","targetHints":{"allow":["GET"]}}],"collection":[{"href":"https:\/\/www.mairsturnstile-online.com\/it\/wp-json\/wp\/v2\/pages"}],"about":[{"href":"https:\/\/www.mairsturnstile-online.com\/it\/wp-json\/wp\/v2\/types\/page"}],"author":[{"embeddable":true,"href":"https:\/\/www.mairsturnstile-online.com\/it\/wp-json\/wp\/v2\/users\/1"}],"replies":[{"embeddable":true,"href":"https:\/\/www.mairsturnstile-online.com\/it\/wp-json\/wp\/v2\/comments?post=8281"}],"version-history":[{"count":0,"href":"https:\/\/www.mairsturnstile-online.com\/it\/wp-json\/wp\/v2\/pages\/8281\/revisions"}],"wp:attachment":[{"href":"https:\/\/www.mairsturnstile-online.com\/it\/wp-json\/wp\/v2\/media?parent=8281"}],"curies":[{"name":"wp","href":"https:\/\/api.w.org\/{rel}","templated":true}]}}