{"id":5114,"date":"2021-09-08T00:06:02","date_gmt":"2021-09-07T16:06:02","guid":{"rendered":"https:\/\/www.mairsturnstile-online.com\/modalita-di-pagamento\/"},"modified":"2022-08-06T04:12:14","modified_gmt":"2022-08-05T20:12:14","slug":"modalita-di-pagamento","status":"publish","type":"page","link":"https:\/\/www.mairsturnstile-online.com\/it\/modalita-di-pagamento\/","title":{"rendered":"Modalit\u00e0 di pagamento"},"content":{"rendered":"\n<p><strong>Paypal e Carta di Credito<\/strong><\/p>\n\n<p>Puoi pagare con Paypal, Visa, MasterCard, American Express, JCB e cos\u00ec via. \u00c8 molto conveniente, sempre pi\u00f9 clienti vorrebbero preferire questo metodo. Nel frattempo, \u00e8 anche un metodo sicuro.<\/p>\n\n<p><strong>Ricever\u00f2 un&#8217;e-mail di conferma dopo aver effettuato il pagamento?<\/strong><\/p>\n\n<p>Naturalmente, dopo aver completato il pagamento, riceverai un&#8217;e-mail di conferma sia dalla societ\u00e0 del metodo di pagamento che dalla nostra azienda.<\/p>\n\n<p><strong>Come posso scegliere il mio metodo di pagamento?<\/strong><\/p>\n\n<p>Si prega di effettuare l&#8217;ordine direttamente, quindi continuare. Quando sei su una pagina, vedrai il metodo di pagamento mostrato in questa pagina, quindi puoi scegliere chi vuoi.<\/p>\n\n<p>Se hai domande sui nostri tornelli o sul modo in cui operiamo, il nostro personale di vendita professionale Elena \u00e8 a disposizione per aiutarti al numero <a href=\"tel:+8615323431686\" data-type=\"tel\" data-id=\"tel:+8615323431686\">+8615323431686<\/a> o via e-mail a <a href=\"mailto:sales@mairsturnstile.com\">sales@mairsturnstile.com<\/a> <\/p>\n\n<p>ADD: No.164, Pingxing North Road, Pinghu Street, Longgang District, Shenzhen<\/p>\n","protected":false},"excerpt":{"rendered":"<p>Paypal e Carta di Credito Puoi pagare con Paypal, Visa, MasterCard, American [&hellip;]<\/p>\n","protected":false},"author":1,"featured_media":0,"parent":0,"menu_order":0,"comment_status":"closed","ping_status":"closed","template":"","meta":{"footnotes":""},"class_list":["post-5114","page","type-page","status-publish","hentry"],"_links":{"self":[{"href":"https:\/\/www.mairsturnstile-online.com\/it\/wp-json\/wp\/v2\/pages\/5114","targetHints":{"allow":["GET"]}}],"collection":[{"href":"https:\/\/www.mairsturnstile-online.com\/it\/wp-json\/wp\/v2\/pages"}],"about":[{"href":"https:\/\/www.mairsturnstile-online.com\/it\/wp-json\/wp\/v2\/types\/page"}],"author":[{"embeddable":true,"href":"https:\/\/www.mairsturnstile-online.com\/it\/wp-json\/wp\/v2\/users\/1"}],"replies":[{"embeddable":true,"href":"https:\/\/www.mairsturnstile-online.com\/it\/wp-json\/wp\/v2\/comments?post=5114"}],"version-history":[{"count":0,"href":"https:\/\/www.mairsturnstile-online.com\/it\/wp-json\/wp\/v2\/pages\/5114\/revisions"}],"wp:attachment":[{"href":"https:\/\/www.mairsturnstile-online.com\/it\/wp-json\/wp\/v2\/media?parent=5114"}],"curies":[{"name":"wp","href":"https:\/\/api.w.org\/{rel}","templated":true}]}}