{"id":5512,"date":"2021-09-10T01:18:15","date_gmt":"2021-09-09T17:18:15","guid":{"rendered":"https:\/\/www.mairsturnstile-online.com\/product\/terminal-de-reconnaissance-faciale-de-la-camera-de-reconnaissance-faciale-de-7-pouces\/"},"modified":"2024-03-10T20:55:21","modified_gmt":"2024-03-10T12:55:21","slug":"camera-de-reconnaissance-visage","status":"publish","type":"product","link":"https:\/\/www.mairsturnstile-online.com\/fr\/produit\/camera-de-reconnaissance-visage\/","title":{"rendered":"Cam\u00e9ra de reconnaissance faciale avec lecteur de carte pour tourniquets"},"content":{"rendered":"\r\n        <div class=\"modelViewerBlock\" data-attributes='{&quot;align&quot;:&quot;start&quot;,&quot;uniqueId&quot;:&quot;model24957&quot;,&quot;currentViewer&quot;:&quot;modelViewer&quot;,&quot;multiple&quot;:false,&quot;model&quot;:{&quot;modelUrl&quot;:&quot;https:\\\/\\\/www.mairsturnstile-online.com\\\/wp-content\\\/uploads\\\/2021\\\/09\\\/f36.glb&quot;,&quot;poster&quot;:&quot;&quot;},&quot;O3DVSettings&quot;:{&quot;isFullscreen&quot;:true,&quot;isPagination&quot;:false,&quot;isNavigation&quot;:true,&quot;camera&quot;:null,&quot;mouseControl&quot;:true},&quot;models&quot;:[],&quot;lazyLoad&quot;:false,&quot;loading&quot;:&quot;auto&quot;,&quot;autoplay&quot;:false,&quot;shadow&quot;:true,&quot;autoRotate&quot;:true,&quot;zoom&quot;:true,&quot;isPagination&quot;:false,&quot;isNavigation&quot;:true,&quot;preload&quot;:&quot;auto&quot;,&quot;rotationPerSecond&quot;:&quot;30&quot;,&quot;mouseControl&quot;:true,&quot;fullscreen&quot;:true,&quot;variant&quot;:false,&quot;loadingPercentage&quot;:false,&quot;progressBar&quot;:true,&quot;rotate&quot;:false,&quot;rotateAlongX&quot;:&quot;0&quot;,&quot;rotateAlongY&quot;:&quot;75&quot;,&quot;exposure&quot;:1,&quot;styles&quot;:{&quot;width&quot;:&quot;1150px&quot;,&quot;height&quot;:&quot;700px&quot;,&quot;bgColor&quot;:&quot;#f9f9f9&quot;,&quot;progressBarColor&quot;:&quot;&quot;},&quot;stylesheet&quot;:null,&quot;additional&quot;:{&quot;ID&quot;:&quot;&quot;,&quot;Class&quot;:&quot;&quot;,&quot;CSS&quot;:&quot;&quot;},&quot;animation&quot;:false,&quot;woo&quot;:false,&quot;selectedAnimation&quot;:&quot;&quot;}'><\/div>\r\n\r\n        \n<h3>Cam\u00e9ra de reconnaissance faciale avec lecteur de carte pour tourniquets F36<\/h3>\n<p>Ce terminal de contr\u00f4le d&#8217;acc\u00e8s biom\u00e9trique de cam\u00e9ra de reconnaissance faciale MT-F36 est un terminal de reconnaissance faciale dynamique haute performance, divis\u00e9 en installation de portail et installation murale. Le terminal int\u00e8gre les fonctions de reconnaissance faciale hors ligne, de v\u00e9rification d&#8217;identit\u00e9, de collecte de visage sur site, d&#8217;alerte pr\u00e9coce de liste noire, de photo prise apr\u00e8s le passage, de d\u00e9tection d&#8217;objet actif. Il adopte une cam\u00e9ra de reconnaissance faciale WDR HD, qui est enti\u00e8rement adapt\u00e9e aux environnements difficiles tels que la lumi\u00e8re forte, le r\u00e9tro\u00e9clairage et la lumi\u00e8re faible, avec des caract\u00e9ristiques de vitesse de reconnaissance rapide, de haute pr\u00e9cision et de grande capacit\u00e9 de stockage de liste.<\/p>\n<p>Il peut \u00eatre utilis\u00e9 avec des syst\u00e8mes de gestion d&#8217;applications tels qu&#8217;un syst\u00e8me de gestion de nom r\u00e9el de site bas\u00e9 sur le visage, un syst\u00e8me de gestion de pr\u00e9sence de contr\u00f4le d&#8217;acc\u00e8s bas\u00e9 sur le visage et un syst\u00e8me de gestion des visiteurs, ce qui est parfait pour les sc\u00e9narios d&#8217;application complexes qui n\u00e9cessitent une surveillance de la temp\u00e9rature, une reconnaissance d&#8217;identit\u00e9 et un acc\u00e8s. contr\u00f4le, tels que les communaut\u00e9s, les campus, les h\u00f4pitaux, les sites pittoresques, les h\u00f4tels, les centres commerciaux, les immeubles de bureaux, les lieux publics et les chantiers de construction. Mairs propose des tourniquets de s\u00e9curit\u00e9 de la meilleure qualit\u00e9 avec une borne de contr\u00f4le d&#8217;acc\u00e8s biom\u00e9trique par cam\u00e9ra \u00e0 reconnaissance faciale.<\/p>\n<p>Cette cam\u00e9ra de reconnaissance faciale MT-F507 peut \u00eatre bien int\u00e9gr\u00e9e dans nos tourniquets de s\u00e9curit\u00e9, ce qui est une combinaison parfaite. Si vous avez des exigences particuli\u00e8res pour ces cam\u00e9ras, nous pouvons \u00e9galement personnaliser des fonctions sp\u00e9ciales en fonction de vos besoins particuliers. Bien s\u00fbr, si vous avez besoin d&#8217;informations plus d\u00e9taill\u00e9es ou de notre manuel de produit, ou si vous souhaitez personnaliser une cam\u00e9ra de reconnaissance faciale pour r\u00e9pondre \u00e0 vos besoins, veuillez nous contacter directement.<\/p>\n<p><strong>Param\u00e8tre technique:<\/strong><\/p>\n<p>Niveau de protection : IP55<br \/>\nMat\u00e9riau : Alliage d&#8217;aluminium<br \/>\nSyst\u00e8me : syst\u00e8me Linux int\u00e9gr\u00e9<br \/>\nProcesseur : Framework ARM hautes performances 32 bits 2 c\u0153urs<br \/>\nTemps de reconnaissance : Moins de 300 ms<br \/>\nStockage : Stockage interne 512 M, stockage de donn\u00e9es 8 Go<br \/>\nMise au point de l&#8217;objectif : 6 mm<br \/>\nAppareil photo : appareil photo binoculaire, 200 W pixels avec WDR<\/p>\n<p><strong>Caract\u00e9ristiques du produit:<\/strong><\/p>\n<p>Adoptez la technologie de reconnaissance faciale hors ligne pour reconna\u00eetre plusieurs races telles que les Asiatiques, les Caucasiens et les Noirs.<br \/>\nLes fonctions de support telles que l&#8217;acc\u00e8s \u00e0 la liste blanche de reconnaissance faciale, le r\u00e9chauffement anticip\u00e9 de la liste noire et la photo ont \u00e9t\u00e9 prises apr\u00e8s le passage.<br \/>\nPrend en charge le lecteur d&#8217;identification externe, qui active la fonction de comparaison d&#8217;identit\u00e9 faciale.<br \/>\nTerminal de contr\u00f4le d&#8217;acc\u00e8s biom\u00e9trique par cam\u00e9ra \u00e0 reconnaissance faciale.<br \/>\nPrend en charge le lecteur IC\/ID externe, qui permet la fonction de comparaison de carte faciale.<br \/>\nPrend en charge la d\u00e9tection d&#8217;objets actifs pour emp\u00eacher les attaques photo.<br \/>\nLa collecte de visages en libre-service et la liste d&#8217;importation par lots permettent une gestion de la liste plus facile et plus rapide.<br \/>\nSoutenez la publicit\u00e9 d&#8217;image.<br \/>\nJusqu&#8217;\u00e0 l00000 donn\u00e9es (\u00e9criture en boucle).<br \/>\nPrend en charge la mise \u00e0 jour USB de mise \u00e0 niveau \u00e0 distance du c\u00f4t\u00e9 de la gestion.<br \/>\nInterface ouverte, prise en charge du d\u00e9veloppement secondaire et de l&#8217;amarrage.<\/p>\n","protected":false},"excerpt":{"rendered":"<p>Soutenez l&#8217;OEM et l&#8217;ODM. Prend en charge les appareils biom\u00e9triques tiers, tels que le scanner d&#8217;empreintes digitales, la cam\u00e9ra de reconnaissance faciale. Lecteur de carte RFID, scanner de code QR.<\/p>\n","protected":false},"featured_media":24899,"comment_status":"closed","ping_status":"closed","template":"","meta":[],"product_cat":[107],"product_tag":[],"class_list":["post-5512","product","type-product","status-publish","has-post-thumbnail","hentry","product_cat-controle-dacces"],"_links":{"self":[{"href":"https:\/\/www.mairsturnstile-online.com\/fr\/wp-json\/wp\/v2\/product\/5512","targetHints":{"allow":["GET"]}}],"collection":[{"href":"https:\/\/www.mairsturnstile-online.com\/fr\/wp-json\/wp\/v2\/product"}],"about":[{"href":"https:\/\/www.mairsturnstile-online.com\/fr\/wp-json\/wp\/v2\/types\/product"}],"replies":[{"embeddable":true,"href":"https:\/\/www.mairsturnstile-online.com\/fr\/wp-json\/wp\/v2\/comments?post=5512"}],"wp:featuredmedia":[{"embeddable":true,"href":"https:\/\/www.mairsturnstile-online.com\/fr\/wp-json\/wp\/v2\/media\/24899"}],"wp:attachment":[{"href":"https:\/\/www.mairsturnstile-online.com\/fr\/wp-json\/wp\/v2\/media?parent=5512"}],"wp:term":[{"taxonomy":"product_cat","embeddable":true,"href":"https:\/\/www.mairsturnstile-online.com\/fr\/wp-json\/wp\/v2\/product_cat?post=5512"},{"taxonomy":"product_tag","embeddable":true,"href":"https:\/\/www.mairsturnstile-online.com\/fr\/wp-json\/wp\/v2\/product_tag?post=5512"}],"curies":[{"name":"wp","href":"https:\/\/api.w.org\/{rel}","templated":true}]}}