{"id":5511,"date":"2021-09-10T01:21:28","date_gmt":"2021-09-09T17:21:28","guid":{"rendered":"https:\/\/www.mairsturnstile-online.com\/product\/camera-de-reconnaissance-faciale-binoculaire-de-8-pouces\/"},"modified":"2021-09-10T01:21:28","modified_gmt":"2021-09-09T17:21:28","slug":"camera-de-reconnaissance-faciale-a-8-binoculaires","status":"publish","type":"product","link":"https:\/\/www.mairsturnstile-online.com\/fr\/produit\/camera-de-reconnaissance-faciale-a-8-binoculaires\/","title":{"rendered":"Cam\u00e9ra de reconnaissance faciale binoculaire de 8 pouces"},"content":{"rendered":"<p><iframe title=\"Lecteur vid\u00e9o YouTube\" src=\"https:\/\/www.youtube.com\/embed\/6ApY1rsjWhw\" width=\"560\" height=\"316\" frameborder=\"0\" allowfullscreen=\"allowfullscreen\"><\/iframe><\/p>\n<h2>Cam\u00e9ra de reconnaissance faciale binoculaire<\/h2>\n<p>Ce terminal de cam\u00e9ra de contr\u00f4le d&#8217;acc\u00e8s \u00e0 reconnaissance faciale binoculaire de 8 pouces MT-F608 est un terminal de reconnaissance faciale binoculaire int\u00e9gr\u00e9 haute performance. Le terminal de contr\u00f4le d&#8217;acc\u00e8s \u00e0 reconnaissance faciale int\u00e8gre les fonctions de reconnaissance faciale hors ligne, de v\u00e9rification d&#8217;identit\u00e9, de collecte de visage sur site, d&#8217;alerte pr\u00e9coce de liste noire, de photo prise apr\u00e8s le passage, de d\u00e9tection d&#8217;objet actif. Il adopte une cam\u00e9ra de reconnaissance faciale WDR HD, qui est enti\u00e8rement adapt\u00e9e aux environnements difficiles tels que la lumi\u00e8re forte, le r\u00e9tro\u00e9clairage et la lumi\u00e8re faible, avec des caract\u00e9ristiques de vitesse de reconnaissance rapide, de haute pr\u00e9cision et de grande capacit\u00e9 de stockage de liste.<\/p>\n<p>Il peut \u00eatre utilis\u00e9 avec des syst\u00e8mes de gestion d&#8217;applications tels qu&#8217;un syst\u00e8me de gestion de nom r\u00e9el de site bas\u00e9 sur le visage, un syst\u00e8me de gestion de pr\u00e9sence de contr\u00f4le d&#8217;acc\u00e8s bas\u00e9 sur le visage et un syst\u00e8me de gestion des visiteurs, ce qui est parfait pour les sc\u00e9narios d&#8217;application complexes qui n\u00e9cessitent une surveillance de la temp\u00e9rature, une reconnaissance d&#8217;identit\u00e9 et un acc\u00e8s. contr\u00f4le, tels que les communaut\u00e9s, les campus, les h\u00f4pitaux, les sites pittoresques, les h\u00f4tels, les centres commerciaux, les immeubles de bureaux, les lieux publics et les chantiers de construction. Mairs offre la meilleure qualit\u00e9 de porte de tourniquets de s\u00e9curit\u00e9 avec une cam\u00e9ra de contr\u00f4le d&#8217;acc\u00e8s \u00e0 reconnaissance faciale.<\/p>\n<p>Cette cam\u00e9ra de contr\u00f4le d&#8217;acc\u00e8s \u00e0 reconnaissance faciale MT-F608 peut \u00eatre bien int\u00e9gr\u00e9e dans nos tourniquets de s\u00e9curit\u00e9, ce qui est une combinaison parfaite. Si vous avez des exigences particuli\u00e8res pour ces cam\u00e9ras, nous pouvons \u00e9galement personnaliser des fonctions sp\u00e9ciales en fonction de vos besoins particuliers. Bien s\u00fbr, si vous avez besoin d&#8217;informations plus d\u00e9taill\u00e9es ou de notre manuel de produit, ou si vous souhaitez personnaliser une cam\u00e9ra de reconnaissance faciale pour r\u00e9pondre \u00e0 vos besoins, veuillez nous contacter directement.<\/p>\n<p><strong>Param\u00e8tre technique:<\/strong><\/p>\n<p>Niveau de protection : IP55<br \/>\nMat\u00e9riau : Alliage d&#8217;aluminium<br \/>\nSyst\u00e8me : syst\u00e8me Linux int\u00e9gr\u00e9<br \/>\nProcesseur : Framework ARM hautes performances 32 bits 2 c\u0153urs<br \/>\nTemps de reconnaissance : Moins de 300 ms<br \/>\nStockage : Stockage interne 512 M, stockage de donn\u00e9es 8 Go<br \/>\nMise au point de l&#8217;objectif : 6 mm<br \/>\nAppareil photo : appareil photo binoculaire, 200 W pixels avec WDR<\/p>\n<p><strong>Caract\u00e9ristiques du produit:<\/strong><\/p>\n<p>Adoptez la technologie de reconnaissance faciale hors ligne pour reconna\u00eetre plusieurs races telles que les Asiatiques, les Caucasiens et les Noirs<br \/>\nLes fonctions de support telles que l&#8217;acc\u00e8s \u00e0 la liste blanche de reconnaissance faciale, l&#8217;alerte pr\u00e9coce de la liste noire et la photo ont \u00e9t\u00e9 prises apr\u00e8s le passage<br \/>\nPrend en charge le lecteur d&#8217;identification externe, qui permet la fonction de comparaison d&#8217;identit\u00e9 faciale<br \/>\nPrend en charge le lecteur IC\/ID externe, qui permet la fonction de comparaison de carte faciale<br \/>\nPrise en charge de la d\u00e9tection d&#8217;objet actif binoculaire pour pr\u00e9venir les attaques photo<br \/>\nLa collecte de visages en libre-service et la liste d&#8217;importation par lots permettent une gestion de la liste plus simple et rapide<br \/>\nLa voix personnalis\u00e9e permet une diffusion vocale personnalis\u00e9e<br \/>\nSoutenir la publicit\u00e9 image et vid\u00e9o<br \/>\nJusqu&#8217;\u00e0 100 000 donn\u00e9es (\u00e9criture en boucle)<br \/>\nPrise en charge de la mise \u00e0 jour USB de mise \u00e0 niveau \u00e0 distance du c\u00f4t\u00e9 de la gestion<br \/>\nInterface ouverte, prise en charge du d\u00e9veloppement secondaire et de l&#8217;amarrage<br \/>\nMat\u00e9riau en alliage d&#8217;aluminium haut de gamme avec technologie d&#8217;oxydation en surface<\/p>\n<p><img fetchpriority=\"high\" decoding=\"async\" class=\"alignnone size-full wp-image-1397\" src=\"https:\/\/www.mairsturnstile-online.com\/wp-content\/uploads\/2022\/05\/face-recognition-turnstile.jpg\" alt=\"\" width=\"1024\" height=\"1100\"><img decoding=\"async\" class=\"alignnone size-full wp-image-1405\" src=\"https:\/\/www.mairsturnstile-online.com\/wp-content\/uploads\/2022\/05\/turnstile-gate-access-control-system.png\" alt=\"\" width=\"1024\" height=\"900\"><img decoding=\"async\" class=\"alignnone size-full wp-image-1401\" src=\"https:\/\/www.mairsturnstile-online.com\/wp-content\/uploads\/2022\/05\/packing-of-turnstile-gate.jpg\" alt=\"\" width=\"1024\" height=\"900\"><\/p>\n","protected":false},"excerpt":{"rendered":"<p>Soutenez l&#8217;OEM et l&#8217;ODM. Prend en charge les appareils biom\u00e9triques tiers, tels que le scanner d&#8217;empreintes digitales, la cam\u00e9ra de reconnaissance faciale. Lecteur de carte RFID, scanner de code QR.<\/p>\n","protected":false},"featured_media":3037,"comment_status":"closed","ping_status":"closed","template":"","meta":[],"product_cat":[],"product_tag":[],"class_list":["post-5511","product","type-product","status-publish","has-post-thumbnail","hentry"],"_links":{"self":[{"href":"https:\/\/www.mairsturnstile-online.com\/fr\/wp-json\/wp\/v2\/product\/5511","targetHints":{"allow":["GET"]}}],"collection":[{"href":"https:\/\/www.mairsturnstile-online.com\/fr\/wp-json\/wp\/v2\/product"}],"about":[{"href":"https:\/\/www.mairsturnstile-online.com\/fr\/wp-json\/wp\/v2\/types\/product"}],"replies":[{"embeddable":true,"href":"https:\/\/www.mairsturnstile-online.com\/fr\/wp-json\/wp\/v2\/comments?post=5511"}],"wp:featuredmedia":[{"embeddable":true,"href":"https:\/\/www.mairsturnstile-online.com\/fr\/wp-json\/wp\/v2\/media\/3037"}],"wp:attachment":[{"href":"https:\/\/www.mairsturnstile-online.com\/fr\/wp-json\/wp\/v2\/media?parent=5511"}],"wp:term":[{"taxonomy":"product_cat","embeddable":true,"href":"https:\/\/www.mairsturnstile-online.com\/fr\/wp-json\/wp\/v2\/product_cat?post=5511"},{"taxonomy":"product_tag","embeddable":true,"href":"https:\/\/www.mairsturnstile-online.com\/fr\/wp-json\/wp\/v2\/product_tag?post=5511"}],"curies":[{"name":"wp","href":"https:\/\/api.w.org\/{rel}","templated":true}]}}