{"id":5509,"date":"2021-09-10T01:28:16","date_gmt":"2021-09-09T17:28:16","guid":{"rendered":"https:\/\/www.mairsturnstile-online.com\/product\/scanner-de-temperature-a-reconnaissance-faciale-de-8-pouces\/"},"modified":"2021-09-10T01:28:16","modified_gmt":"2021-09-09T17:28:16","slug":"scanner-de-temperature-a-reconnaissance-de-8-visages","status":"publish","type":"product","link":"https:\/\/www.mairsturnstile-online.com\/fr\/produit\/scanner-de-temperature-a-reconnaissance-de-8-visages\/","title":{"rendered":"Scanner de temp\u00e9rature \u00e0 reconnaissance faciale de 8 pouces"},"content":{"rendered":"<p><iframe title=\"Lecteur vid\u00e9o YouTube\" src=\"https:\/\/www.youtube.com\/embed\/6ApY1rsjWhw\" width=\"560\" height=\"316\" frameborder=\"0\" allowfullscreen=\"allowfullscreen\"><\/iframe><\/p>\n<h2>Scanner de temp\u00e9rature \u00e0 reconnaissance faciale de 8 pouces<\/h2>\n<p>Ce terminal de scanner de temp\u00e9rature \u00e0 reconnaissance faciale de 8 pouces MT-CH1 est un terminal de reconnaissance faciale de mesure de temp\u00e9rature binoculaire int\u00e9gr\u00e9 haute performance. Le terminal de scanner de temp\u00e9rature \u00e0 reconnaissance faciale int\u00e8gre les fonctions de reconnaissance faciale hors ligne, de d\u00e9tection de temp\u00e9rature, de reconnaissance de masque, de v\u00e9rification d&#8217;identit\u00e9, de collecte de visage sur site, d&#8217;alerte pr\u00e9coce de liste noire, de photo prise apr\u00e8s le passage, de d\u00e9tection d&#8217;objet actif. Il adopte une cam\u00e9ra de reconnaissance faciale WDR HD, qui est enti\u00e8rement adapt\u00e9e aux environnements difficiles tels que la lumi\u00e8re forte, le r\u00e9tro\u00e9clairage et la lumi\u00e8re faible, avec des caract\u00e9ristiques de vitesse de reconnaissance rapide, de haute pr\u00e9cision et de grande capacit\u00e9 de stockage de liste. Mairs propose les meilleurs tourniquets optiques avec un scanner de temp\u00e9rature \u00e0 reconnaissance faciale.<\/p>\n<p>Le scanner de temp\u00e9rature \u00e0 reconnaissance faciale peut \u00eatre utilis\u00e9 avec des syst\u00e8mes de gestion d&#8217;applications tels que le syst\u00e8me de gestion de nom r\u00e9el de site bas\u00e9 sur le visage, le syst\u00e8me de gestion de la pr\u00e9sence de contr\u00f4le d&#8217;acc\u00e8s bas\u00e9 sur le visage et le syst\u00e8me de gestion des visiteurs, ce qui est parfait pour les sc\u00e9narios d&#8217;application complexes qui n\u00e9cessitent une surveillance de la temp\u00e9rature, reconnaissance d&#8217;identit\u00e9 et le contr\u00f4le d&#8217;acc\u00e8s, tels que les communaut\u00e9s, les campus, les h\u00f4pitaux, les sites touristiques, les h\u00f4tels, les centres commerciaux, les immeubles de bureaux, les lieux publics et les chantiers de construction.<\/p>\n<p>En termes de pr\u00e9vention et de contr\u00f4le des \u00e9pid\u00e9mies, il r\u00e9duit efficacement les risques potentiels de contact sur une grande surface avec le corps humain lors de la mesure de la temp\u00e9rature, raccourcit le temps de mesure de la temp\u00e9rature et am\u00e9liore l&#8217;efficacit\u00e9 de la mesure de la temp\u00e9rature. Dans le m\u00eame temps, la gestion centralis\u00e9e fournit un support de donn\u00e9es en temps r\u00e9el pour le d\u00e9pistage et le suivi des patients suspects et de la population flottante, et offre une garantie de s\u00e9curit\u00e9 solide pour la gestion dans les sc\u00e9narios ci-dessus.<\/p>\n<p><strong>Param\u00e8tre technique:<\/strong><\/p>\n<p>Affichage : \u00e9cran IPS de 8 pouces<br \/>\nCapteur de temp\u00e9rature : capteur de temp\u00e9rature infrarouge \u00e0 imagerie thermique<br \/>\nTemp\u00e9rature : Gamme : 35~42\u2103<br \/>\nDistance de d\u00e9tection : 0,4 m \u00e0 0,7 m<br \/>\nObjectif : distance focale 1,8 mm, champ de vision : 118\u00b0<br \/>\nPlage dynamique : \u2265100dB<br \/>\nRapport signal\/bruit : \u226543 dB (AGC d\u00e9sactiv\u00e9)<br \/>\nBalance des blancs : Auto, int\u00e9rieur, ext\u00e9rieur, mode lampe au sodium, manuel<br \/>\nR\u00e9duction du bruit num\u00e9rique : prend en charge DNR, 3DNR<br \/>\nMode jour et nuit : couleur fixe<br \/>\nNombre de bases de faces : 20 000 feuilles<br \/>\nVitesse de reconnaissance : \u2264300ms<br \/>\nD\u00e9tection en direct : prise en charge<br \/>\nD\u00e9tection de masque : prise en charge<br \/>\nTemp\u00e9rature corporelle : support<br \/>\nSyst\u00e8me d&#8217;exploitation : Android 7.1 RK3288<\/p>\n<p><strong>Caract\u00e8res du produit :<\/strong><\/p>\n<p>1. Une fois la commande pass\u00e9e, notre personnel de service vous enverra un lien pour t\u00e9l\u00e9charger le logiciel, le manuel d&#8217;installation et le manuel d&#8217;utilisation. Si vous avez besoin d&#8217;aide, veuillez envoyer un e-mail \u00e0 nos vendeurs pour organiser les techniciens pour vous aider.<br \/>\n2. Adoptez la technologie de reconnaissance faciale hors ligne pour reconna\u00eetre plusieurs races telles que les Asiatiques, les Caucasiens et les Noirs<br \/>\n3. Les fonctions de support telles que l&#8217;acc\u00e8s \u00e0 la liste blanche de reconnaissance faciale, l&#8217;alerte pr\u00e9coce de la liste noire et la photo ont \u00e9t\u00e9 prises apr\u00e8s le passage<br \/>\n4. Soutenir la reconnaissance des porteurs de masque<br \/>\n5. Prend en charge le module de d\u00e9tection de temp\u00e9rature infrarouge externe de haute pr\u00e9cision, qui permet une mesure de temp\u00e9rature en libre-service sans contact pour r\u00e9duire le risque d&#8217;infection crois\u00e9e<br \/>\n6. Prend en charge l&#8217;alarme vocale de temp\u00e9rature anormale et arr\u00eate leur acc\u00e8s<br \/>\n7. Prend en charge le syst\u00e8me PC back-end pour g\u00e9rer de mani\u00e8re centralis\u00e9e les enregistrements d&#8217;acc\u00e8s tels que la temp\u00e9rature, les visiteurs, la liste blanche et la tra\u00e7abilit\u00e9 des donn\u00e9es en temps r\u00e9el<br \/>\n8. Prend en charge le lecteur d&#8217;identification externe, qui permet la fonction de comparaison d&#8217;identification de visage<br \/>\n9. Prise en charge du lecteur IC\/ID externe, qui permet la fonction de comparaison de carte faciale<br \/>\n10. Prend en charge la d\u00e9tection d&#8217;objet actif binoculaire pour emp\u00eacher les attaques photo<br \/>\n11. La collecte de visages en libre-service et la liste d&#8217;importation par lots permettent une gestion de la liste plus facile et plus rapide<br \/>\nLa voix personnalis\u00e9e permet une diffusion vocale personnalis\u00e9e<br \/>\n12. Le scanner de temp\u00e9rature de reconnaissance faciale prend en charge la publicit\u00e9 image et vid\u00e9o<br \/>\n13.Jusqu&#8217;\u00e0 100 000 donn\u00e9es (\u00e9criture en boucle)<br \/>\n14. Prend en charge la mise \u00e0 jour USB de mise \u00e0 niveau \u00e0 distance du c\u00f4t\u00e9 de la gestion<br \/>\n15. Interface ouverte, prise en charge du d\u00e9veloppement secondaire et de l&#8217;amarrage<br \/>\n16. Mat\u00e9riau en alliage d&#8217;aluminium haut de gamme avec technologie d&#8217;oxydation en surface<\/p>\n<p><img fetchpriority=\"high\" decoding=\"async\" class=\"alignnone size-full wp-image-1397\" src=\"https:\/\/www.mairsturnstile-online.com\/wp-content\/uploads\/2022\/05\/face-recognition-turnstile.jpg\" alt=\"\" width=\"1024\" height=\"1100\"><img decoding=\"async\" class=\"alignnone size-full wp-image-1405\" src=\"https:\/\/www.mairsturnstile-online.com\/wp-content\/uploads\/2022\/05\/turnstile-gate-access-control-system.png\" alt=\"\" width=\"1024\" height=\"900\"><img decoding=\"async\" class=\"alignnone size-full wp-image-1401\" src=\"https:\/\/www.mairsturnstile-online.com\/wp-content\/uploads\/2022\/05\/packing-of-turnstile-gate.jpg\" alt=\"\" width=\"1024\" height=\"900\"><\/p>\n","protected":false},"excerpt":{"rendered":"<p>Soutenez l&#8217;OEM et l&#8217;ODM. Prend en charge les appareils biom\u00e9triques tiers, tels que le scanner d&#8217;empreintes digitales, la cam\u00e9ra de reconnaissance faciale. Lecteur de carte RFID, scanner de code QR.<\/p>\n","protected":false},"featured_media":3093,"comment_status":"closed","ping_status":"closed","template":"","meta":[],"product_cat":[],"product_tag":[],"class_list":["post-5509","product","type-product","status-publish","has-post-thumbnail","hentry"],"_links":{"self":[{"href":"https:\/\/www.mairsturnstile-online.com\/fr\/wp-json\/wp\/v2\/product\/5509","targetHints":{"allow":["GET"]}}],"collection":[{"href":"https:\/\/www.mairsturnstile-online.com\/fr\/wp-json\/wp\/v2\/product"}],"about":[{"href":"https:\/\/www.mairsturnstile-online.com\/fr\/wp-json\/wp\/v2\/types\/product"}],"replies":[{"embeddable":true,"href":"https:\/\/www.mairsturnstile-online.com\/fr\/wp-json\/wp\/v2\/comments?post=5509"}],"wp:featuredmedia":[{"embeddable":true,"href":"https:\/\/www.mairsturnstile-online.com\/fr\/wp-json\/wp\/v2\/media\/3093"}],"wp:attachment":[{"href":"https:\/\/www.mairsturnstile-online.com\/fr\/wp-json\/wp\/v2\/media?parent=5509"}],"wp:term":[{"taxonomy":"product_cat","embeddable":true,"href":"https:\/\/www.mairsturnstile-online.com\/fr\/wp-json\/wp\/v2\/product_cat?post=5509"},{"taxonomy":"product_tag","embeddable":true,"href":"https:\/\/www.mairsturnstile-online.com\/fr\/wp-json\/wp\/v2\/product_tag?post=5509"}],"curies":[{"name":"wp","href":"https:\/\/api.w.org\/{rel}","templated":true}]}}