{"id":5300,"date":"2021-09-09T01:37:27","date_gmt":"2021-09-08T17:37:27","guid":{"rendered":"https:\/\/www.mairsturnstile-online.com\/product\/tourniquet-biometrique-trepied-vertical-mt113-2\/"},"modified":"2024-03-10T20:57:08","modified_gmt":"2024-03-10T12:57:08","slug":"portails-tourniquets-trepieds","status":"publish","type":"product","link":"https:\/\/www.mairsturnstile-online.com\/fr\/produit\/portails-tourniquets-trepieds\/","title":{"rendered":"PORTES TOURNIQUET TR\u00c9PIED MT113-2"},"content":{"rendered":"<h4>Les portes tourniquets tripodes b\u00e9n\u00e9ficient d&#8217;une garantie de 2 ans et d&#8217;un support de maintenance et de r\u00e9paration durable. Nous pouvons fournir des services OEM et ODM.<\/h4>\n<p><strong>Le tourniquet biom\u00e9trique est une sorte de porte de tourniquet pour pi\u00e9tons qui s&#8217;int\u00e8gre \u00e0 une vari\u00e9t\u00e9 de <a href=\"https:\/\/en.wikipedia.org\/wiki\/Biometric_device\" target=\"_blank\" rel=\"noopener\">dispositifs biom\u00e9triques<\/a> et de syst\u00e8mes biom\u00e9triques, comme un dispositif de scanner d&#8217;empreintes digitales, un dispositif de reconnaissance faciale, un lecteur de carte RFID, afin de r\u00e9aliser la diversit\u00e9 des fonctions de gestion de porte de tourniquet pour pi\u00e9tons et de mieux g\u00e9rer le personnel contr\u00f4le d&#8217;acc\u00e8s. <\/strong><\/p>\n<p>Bien s\u00fbr, nous fournissons non seulement une porte de tourniquet biom\u00e9trique, mais \u00e9galement des dispositifs biom\u00e9triques, tels qu&#8217;un lecteur d&#8217;empreintes digitales, une cam\u00e9ra de reconnaissance faciale. Lecteur de carte RFID, scanner de code QR. Toutes nos portes de tourniquet peuvent \u00eatre transform\u00e9es en portes de tourniquet biom\u00e9triques. Toutes nos portes tourniquets peuvent int\u00e9grer des dispositifs biom\u00e9triques tiers, ou nous pouvons fournir ces dispositifs biom\u00e9triques. Si vous avez besoin d&#8217;int\u00e9grer ces dispositifs sur la porte du tourniquet ou si vous avez des questions, veuillez <a href=\"https:\/\/www.mairsturnstile-online.com\/contact-us\/\">demander un devis<\/a> .<\/p>\n<p><strong>Param\u00e8tre technique:<\/strong><\/p>\n<p>1. Taille : 480*280*980 mm (peut \u00eatre personnalis\u00e9)<br \/>\n2. Largeur de voie : 550 mm (peut \u00eatre personnalis\u00e9)<br \/>\n3. Vitesse de passage : 35 personne\/min<br \/>\n4. Alimentation : 110V\/220V 50\/60hz<br \/>\n5. Poids : 40 kg<br \/>\n6. Signal de porte ouverte : contact sec\/relais<br \/>\n7. Mat\u00e9riau du bo\u00eetier : acier inoxydable 304<br \/>\n8. Fiabilit\u00e9 du m\u00e9canisme : 3 millions, sans faute<br \/>\n9. Mani\u00e8re d&#8217;op\u00e9ration : semi-automatique<br \/>\n10. \u00c9lectrovanne : DC24V \u00b15%<br \/>\n11. Longueur du bras : 510 mm<br \/>\n12. Sens de rotation : bidirectionnel\/simple directionnel<br \/>\n13. M\u00e9thode de chute du bras : tomber automatiquement lorsque l&#8217;\u00e9lectricit\u00e9 est coup\u00e9e.<br \/>\n14. Tension op\u00e9rationnelle : CC 24 V \u00b1 5 %<br \/>\n15. Tension du voyant lumineux : DC12V \u00b15 % (standard)<br \/>\n16. Temp\u00e9rature de fonctionnement : -30\u2103~60\u2103<br \/>\n17. Humidit\u00e9 : 5 %\uff5e90%<br \/>\n18. \u00c9tanche : IP56<br \/>\n19. Caract\u00e9ristique : lecteur IC\/ID, lecteur de codes-barres, reconnaissance faciale, empreintes digitales, autres \u00e9quipements de contr\u00f4le d&#8217;acc\u00e8s, UPS, etc.<br \/>\n20. Temps n\u00e9cessaire \u00e0 l&#8217;ouverture : 0,2 s<br \/>\n21. Environnement de travail : int\u00e9rieur ou ext\u00e9rieur<br \/>\n22. Domaine d&#8217;application : communaut\u00e9, usine, chantier de construction, \u00e9cole, lieu de vill\u00e9giature, etc.<\/p>\n<p>Nous pouvons fournir la solution compl\u00e8te de contr\u00f4le d\u2019acc\u00e8s de s\u00e9curit\u00e9. Si vous disposez de votre propre syst\u00e8me de contr\u00f4le d&#8217;acc\u00e8s, vous pouvez utiliser directement notre tourniquet. Si vous n\u2019en avez pas, nous proposons \u00e9galement une solution compl\u00e8te de contr\u00f4le d\u2019acc\u00e8s de s\u00e9curit\u00e9. Veuillez vous r\u00e9f\u00e9rer \u00e0 la vid\u00e9o ci-dessous pour plus de d\u00e9tails.<\/p>\n<p><iframe title=\"Tourniquet tripode s\u00e9rie M, tourniquet s\u00e9rie M, tourniquet tripode MT100 - MairsTurnstile.com\" src=\"https:\/\/www.youtube.com\/embed\/algOvzU7RdA\" width=\"1150\" height=\"650\" frameborder=\"0\" allowfullscreen=\"allowfullscreen\"><\/iframe><\/p>\n","protected":false},"excerpt":{"rendered":"<p>Soutenez l&#8217;OEM et l&#8217;ODM. Prend en charge les appareils biom\u00e9triques tiers, tels que le scanner d&#8217;empreintes digitales, la cam\u00e9ra de reconnaissance faciale. Lecteur de carte RFID, scanner de code QR. <strong><a title=\"Tourniquet tr\u00e9pied certifi\u00e9 CE Mairs\" href=\"http:\/\/mairsturnstile.com\/wp-content\/uploads\/2022\/09\/Mairs-CE-Certificate-Tripod-Turnstile.pdf\" target=\"_blank\" rel=\"noopener\">Certifi\u00e9 CE<\/a>, <a title=\"Certificat ISO9001\" href=\"http:\/\/mairsturnstile.com\/wp-content\/uploads\/2022\/09\/Mairs-Registration-Certificate-ISO9001.pdf\" target=\"_blank\" rel=\"noopener noreferrer\">certifi\u00e9 ISO9001<\/a>.<\/strong><\/p>\n","protected":false},"featured_media":61110,"comment_status":"closed","ping_status":"closed","template":"","meta":[],"product_cat":[84],"product_tag":[85],"class_list":["post-5300","product","type-product","status-publish","has-post-thumbnail","hentry","product_cat-tourniquet-tripode","product_tag-tourniquet-biometrique"],"_links":{"self":[{"href":"https:\/\/www.mairsturnstile-online.com\/fr\/wp-json\/wp\/v2\/product\/5300","targetHints":{"allow":["GET"]}}],"collection":[{"href":"https:\/\/www.mairsturnstile-online.com\/fr\/wp-json\/wp\/v2\/product"}],"about":[{"href":"https:\/\/www.mairsturnstile-online.com\/fr\/wp-json\/wp\/v2\/types\/product"}],"replies":[{"embeddable":true,"href":"https:\/\/www.mairsturnstile-online.com\/fr\/wp-json\/wp\/v2\/comments?post=5300"}],"wp:featuredmedia":[{"embeddable":true,"href":"https:\/\/www.mairsturnstile-online.com\/fr\/wp-json\/wp\/v2\/media\/61110"}],"wp:attachment":[{"href":"https:\/\/www.mairsturnstile-online.com\/fr\/wp-json\/wp\/v2\/media?parent=5300"}],"wp:term":[{"taxonomy":"product_cat","embeddable":true,"href":"https:\/\/www.mairsturnstile-online.com\/fr\/wp-json\/wp\/v2\/product_cat?post=5300"},{"taxonomy":"product_tag","embeddable":true,"href":"https:\/\/www.mairsturnstile-online.com\/fr\/wp-json\/wp\/v2\/product_tag?post=5300"}],"curies":[{"name":"wp","href":"https:\/\/api.w.org\/{rel}","templated":true}]}}