{"id":5285,"date":"2021-09-08T23:08:50","date_gmt":"2021-09-08T15:08:50","guid":{"rendered":"https:\/\/www.mairsturnstile-online.com\/product\/tourniquet-pivotant-servomoteur-mt310\/"},"modified":"2024-11-01T17:31:10","modified_gmt":"2024-11-01T09:31:10","slug":"tourniquet-portail-battant","status":"publish","type":"product","link":"https:\/\/www.mairsturnstile-online.com\/fr\/produit\/tourniquet-portail-battant\/","title":{"rendered":"SERVO MOTEUR TOURNIQUET PORTAIL BATTANT MT310"},"content":{"rendered":"\r\n        <div class=\"modelViewerBlock\" data-attributes='{&quot;align&quot;:&quot;start&quot;,&quot;uniqueId&quot;:&quot;model17076&quot;,&quot;currentViewer&quot;:&quot;modelViewer&quot;,&quot;multiple&quot;:false,&quot;model&quot;:{&quot;modelUrl&quot;:&quot;https:\\\/\\\/www.mairsturnstile-online.com\\\/wp-content\\\/uploads\\\/2024\\\/10\\\/MT310-B.glb&quot;,&quot;poster&quot;:&quot;&quot;},&quot;O3DVSettings&quot;:{&quot;isFullscreen&quot;:true,&quot;isPagination&quot;:false,&quot;isNavigation&quot;:true,&quot;camera&quot;:null,&quot;mouseControl&quot;:true},&quot;models&quot;:[],&quot;lazyLoad&quot;:false,&quot;loading&quot;:&quot;auto&quot;,&quot;autoplay&quot;:false,&quot;shadow&quot;:true,&quot;autoRotate&quot;:true,&quot;zoom&quot;:true,&quot;isPagination&quot;:false,&quot;isNavigation&quot;:true,&quot;preload&quot;:&quot;auto&quot;,&quot;rotationPerSecond&quot;:&quot;30&quot;,&quot;mouseControl&quot;:true,&quot;fullscreen&quot;:true,&quot;variant&quot;:false,&quot;loadingPercentage&quot;:false,&quot;progressBar&quot;:true,&quot;rotate&quot;:false,&quot;rotateAlongX&quot;:&quot;0&quot;,&quot;rotateAlongY&quot;:&quot;75&quot;,&quot;exposure&quot;:1,&quot;styles&quot;:{&quot;width&quot;:&quot;1150px&quot;,&quot;height&quot;:&quot;700px&quot;,&quot;bgColor&quot;:&quot;#f9f9f9&quot;,&quot;progressBarColor&quot;:&quot;&quot;},&quot;stylesheet&quot;:null,&quot;additional&quot;:{&quot;ID&quot;:&quot;&quot;,&quot;Class&quot;:&quot;&quot;,&quot;CSS&quot;:&quot;&quot;},&quot;animation&quot;:false,&quot;woo&quot;:false,&quot;selectedAnimation&quot;:&quot;&quot;}'><\/div>\r\n\r\n        \n<p>SERVO MOTEUR TOURNIQUET PORTAIL BATTANT MT310<\/p>\n<p>Nous pouvons fournir des services OEM et ODM. Nous avons des designers exp\u00e9riment\u00e9s qui peuvent r\u00e9aliser une personnalisation approfondie en fonction de tous vos besoins. Nous fournirons une s\u00e9rie de mat\u00e9riaux tels que des rendus 3D, des dessins dimensionnels, etc. dans les plus brefs d\u00e9lais.<\/p>\n<p>Tous nos produits b\u00e9n\u00e9ficient d&#8217;une garantie de 2 ans et d&#8217;un support de maintenance et de r\u00e9paration durable. Nous fournissons \u00e9galement des dispositifs biom\u00e9triques, tels que des scanners d&#8217;empreintes digitales et des cam\u00e9ras de reconnaissance faciale. Lecteur de carte RFID, scanner de code QR. Si vous avez besoin d&#8217;int\u00e9grer ces dispositifs sur le portail battant tourniquet ou si vous avez des questions, n&#8217;h\u00e9sitez <a href=\"https:\/\/www.mairsturnstile-online.com\/contact-us\/\">pas \u00e0 demander un devis.<\/a><\/p>\n<p>.Nous pouvons \u00e9galement cr\u00e9er pour vous un rendu en quelques minutes en fonction de votre sc\u00e9nario r\u00e9el. Nous fournissons \u00e9galement une disposition et des dessins d\u00e9taill\u00e9s, ainsi que des dessins d&#8217;installation. Ne vous inqui\u00e9tez pas de l&#8217;installation. Veuillez t\u00e9l\u00e9charger notre fichier PDF correspondant pour les dimensions sp\u00e9cifiques et les dimensions d&#8217;installation.<\/p>\n\n\t\t\t\n\t<style type=\"text\/css\">\n\t\t.slider-info-17093.bafg-slider-info .bafg-slider-title {\n\t\t\t\t\t\t\tfont-size:\n\t\t\t\t\t22px\t\t\t\t;\n\t\t\t\n\t\t\t\n\t\t\t\t\t}\n\n\t\t.slider-info-17093.bafg-slider-info .bafg-slider-description {\n\t\t\t\n\t\t\t\n\t\t\t\t\t}\n\t\t\n\t\t\n\t\t.slider-info-17093.bafg-slider-info .bafg_slider_readmore_button {\n\t\t\t\n\t\t\t\n\t\t\t\n\t\t\t\n\t\t\t\n\t\t\ttext-align: center;\n\n\t\t\t\n\t\t\t\n\t\t\t\n\t\t\t\n\t\t\t\t\t}\n\n\t\t.slider-info-17093.bafg-slider-info .bafg_slider_readmore_button:hover {\n\n\t\t\t\n\t\t\t\n\t\t\t\t\t}\n\t<\/style>\n\t\n\t\t\t<div class=\"bafg-twentytwenty-container slider-17093  \"\n\t\t\t\tbafg-orientation=\"horizontal\" bafg-default-offset=\"0.5\"\n\t\t\t\tbafg-before-label=\"Before\"\n\t\t\t\tbafg-after-label=\"After\" bafg-overlay=\"1\"\n\t\t\t\tbafg-move-slider-on-hover=\"1\"\n\t\t\t\tbafg-click-to-move=\"\">\n\n\t\t\t\t\t\t\t\t<img class=\"skip-lazy\" data-skip-lazy\t\t\t\t\tsrc=\"https:\/\/www.mairsturnstile-online.com\/wp-content\/uploads\/2023\/07\/turnstile-swing-gate_4.jpg\" alt=\"\">\n\t\t\t\t<img class=\"skip-lazy\" data-skip-lazy\t\t\t\t\tsrc=\"https:\/\/www.mairsturnstile-online.com\/wp-content\/uploads\/2023\/07\/turnstile-swing-gate_5.jpg\" alt=\"\">\n\n\t\t\t<\/div>\n\n\t\t\t\t<div class=\"bafg-slider-info-wraper\">\n\t\t<div style=\"\" class=\"slider-info-17093 bafg-slider-info\">\n\t\t\t\t\t<\/div>\n\t<\/div>\n\t\n\t\t\t<style type=\"text\/css\">\n\t\t\t\t\t\t\t\t\t\t\t<\/style>\n\t\t\t\n<p><strong>Param\u00e8tre technique:<\/strong><\/p>\n<p>1. Size: 168*1050 mm (can be customized)<br \/>\n2. Standard lane width: 600 mm<br \/>\n3. Servo motor<br \/>\n4. Power supply: 110V\/220V 50\/60Hz<br \/>\n5. Arm material: Acrylic or tempered glass<br \/>\n6. Max pass width: Acrylic-900 mm or tempered glass-800 mm<br \/>\n7. Driving Motor: 24V<br \/>\n8. Weight: 30kg\/pcs<br \/>\n9. Gate Open Signal: Dry Contact\/ Relay<br \/>\n10. Casing Material: 304 stainless steel<br \/>\n11. Reliability of the mechanism: 5 million, no-fault<br \/>\n12. LED lights on arms is available when the acrylic arm is used<br \/>\n13. Working Direction: Bidirectional\/Single directional<br \/>\n14. Emergency situation: open automatically when the electricity is cut off. Backup battery self-provided<br \/>\n15. Turnstile swing gate humidity: \u226490\uff05<br \/>\n16. Working temperature:-20\u2103\uff5e60\u2103<br \/>\n17. Communication distance: \u22641200 m<br \/>\n18. Communication interface: RS485<br \/>\n19. Anti-hit mechanism, automatically reset when encounter force impact<br \/>\n20. Feature: IC\/ID reader, Barcode Reader, Face recognition, Fingerprint, other access control equipment, UPS, etc<br \/>\n21. Time needed for opening: 0.2 s<br \/>\n22. Working environment: Indoors<br \/>\n23. Application range: Community, Factory, Office Building, School, Place of the resort, etc<\/p>\n<p>Nous pouvons fournir la solution compl\u00e8te de contr\u00f4le d\u2019acc\u00e8s de s\u00e9curit\u00e9. Si vous disposez de votre propre syst\u00e8me de contr\u00f4le d&#8217;acc\u00e8s, vous pouvez utiliser directement notre tourniquet. Si vous n\u2019en avez pas, nous proposons \u00e9galement une solution compl\u00e8te de contr\u00f4le d\u2019acc\u00e8s de s\u00e9curit\u00e9. Veuillez vous r\u00e9f\u00e9rer \u00e0 la vid\u00e9o ci-dessous pour plus de d\u00e9tails.<\/p>\n<p><iframe title=\"Portail battant pi\u00e9ton, portail battant motoris\u00e9, tourniquet pivotant cylindrique - MairsTurnstile.com\" src=\"https:\/\/www.youtube.com\/embed\/Z69v4_4BlEA\" width=\"1150\" height=\"650\" frameborder=\"0\" allowfullscreen=\"allowfullscreen\"><\/iframe><\/p>\n","protected":false},"excerpt":{"rendered":"<p>Soutenez l&#8217;OEM et l&#8217;ODM. Prend en charge les appareils biom\u00e9triques tiers, tels que le scanner d&#8217;empreintes digitales, la cam\u00e9ra de reconnaissance faciale. Lecteur de carte RFID, scanner de code QR. <strong><a title=\"Porte battante pi\u00e9tonne certifi\u00e9e CE Mairs\" href=\"http:\/\/mairsturnstile.com\/wp-content\/uploads\/2022\/09\/Mairs-CE-Certificate-MT310.pdf\" target=\"_blank\" rel=\"noopener\">Certifi\u00e9 CE<\/a>, <a title=\"Certificat ISO9001\" href=\"http:\/\/mairsturnstile.com\/wp-content\/uploads\/2022\/09\/Mairs-Registration-Certificate-ISO9001.pdf\" target=\"_blank\" rel=\"noopener\">certifi\u00e9 ISO9001<\/a>.<\/strong><\/p>\n<p><a title=\"Portail battant pi\u00e9ton \u00e0 servomoteur\" href=\"http:\/\/mairsturnstile.com\/wp-content\/uploads\/2023\/12\/MT310-brochure.pdf\" target=\"_blank\" rel=\"noopener noreferrer\" data-wp-editing=\"1\"><img decoding=\"async\" class=\"alignnone size-full wp-image-11034\" src=\"http:\/\/mairsturnstile.com\/wp-content\/uploads\/2022\/09\/pdf-MairsTurnstile.png\" alt=\"\" width=\"32\" height=\"32\"><strong><span style=\"color: #0000ff;\">Brochure de portail battant pour pi\u00e9tons avec servomoteur MT310<\/span><\/strong><\/a><\/p>\n","protected":false},"featured_media":49115,"comment_status":"closed","ping_status":"closed","template":"","meta":[],"product_cat":[83],"product_tag":[],"class_list":["post-5285","product","type-product","status-publish","has-post-thumbnail","hentry","product_cat-tourniquet-pivotant"],"_links":{"self":[{"href":"https:\/\/www.mairsturnstile-online.com\/fr\/wp-json\/wp\/v2\/product\/5285","targetHints":{"allow":["GET"]}}],"collection":[{"href":"https:\/\/www.mairsturnstile-online.com\/fr\/wp-json\/wp\/v2\/product"}],"about":[{"href":"https:\/\/www.mairsturnstile-online.com\/fr\/wp-json\/wp\/v2\/types\/product"}],"replies":[{"embeddable":true,"href":"https:\/\/www.mairsturnstile-online.com\/fr\/wp-json\/wp\/v2\/comments?post=5285"}],"wp:featuredmedia":[{"embeddable":true,"href":"https:\/\/www.mairsturnstile-online.com\/fr\/wp-json\/wp\/v2\/media\/49115"}],"wp:attachment":[{"href":"https:\/\/www.mairsturnstile-online.com\/fr\/wp-json\/wp\/v2\/media?parent=5285"}],"wp:term":[{"taxonomy":"product_cat","embeddable":true,"href":"https:\/\/www.mairsturnstile-online.com\/fr\/wp-json\/wp\/v2\/product_cat?post=5285"},{"taxonomy":"product_tag","embeddable":true,"href":"https:\/\/www.mairsturnstile-online.com\/fr\/wp-json\/wp\/v2\/product_tag?post=5285"}],"curies":[{"name":"wp","href":"https:\/\/api.w.org\/{rel}","templated":true}]}}