{"id":5267,"date":"2021-07-18T08:41:13","date_gmt":"2021-07-18T00:41:13","guid":{"rendered":"https:\/\/www.mairsturnstile-online.com\/product\/servomoteur-speed-gate-mt-a305-de-haute-qualite\/"},"modified":"2023-11-05T22:45:53","modified_gmt":"2023-11-05T14:45:53","slug":"barrieres-rapides-de-securite","status":"publish","type":"product","link":"https:\/\/www.mairsturnstile-online.com\/fr\/produit\/barrieres-rapides-de-securite\/","title":{"rendered":"Barri\u00e8res rapides de s\u00e9curit\u00e9 pour servomoteur MT-A305"},"content":{"rendered":"\r\n        <div class=\"modelViewerBlock\" data-attributes='{&quot;align&quot;:&quot;start&quot;,&quot;uniqueId&quot;:&quot;model18161&quot;,&quot;currentViewer&quot;:&quot;modelViewer&quot;,&quot;multiple&quot;:false,&quot;model&quot;:{&quot;modelUrl&quot;:&quot;https:\\\/\\\/www.mairsturnstile-online.com\\\/wp-content\\\/uploads\\\/2023\\\/07\\\/MT-A305.glb&quot;,&quot;poster&quot;:&quot;&quot;},&quot;O3DVSettings&quot;:{&quot;isFullscreen&quot;:true,&quot;isPagination&quot;:false,&quot;isNavigation&quot;:true,&quot;camera&quot;:null,&quot;mouseControl&quot;:true},&quot;models&quot;:[],&quot;lazyLoad&quot;:false,&quot;loading&quot;:&quot;auto&quot;,&quot;autoplay&quot;:false,&quot;shadow&quot;:true,&quot;autoRotate&quot;:true,&quot;zoom&quot;:true,&quot;isPagination&quot;:false,&quot;isNavigation&quot;:true,&quot;preload&quot;:&quot;auto&quot;,&quot;rotationPerSecond&quot;:&quot;30&quot;,&quot;mouseControl&quot;:true,&quot;fullscreen&quot;:true,&quot;variant&quot;:false,&quot;loadingPercentage&quot;:false,&quot;progressBar&quot;:true,&quot;rotate&quot;:false,&quot;rotateAlongX&quot;:&quot;0&quot;,&quot;rotateAlongY&quot;:&quot;75&quot;,&quot;exposure&quot;:1,&quot;styles&quot;:{&quot;width&quot;:&quot;1150px&quot;,&quot;height&quot;:&quot;700px&quot;,&quot;bgColor&quot;:&quot;#f9f9f9&quot;,&quot;progressBarColor&quot;:&quot;&quot;},&quot;stylesheet&quot;:null,&quot;additional&quot;:{&quot;ID&quot;:&quot;&quot;,&quot;Class&quot;:&quot;&quot;,&quot;CSS&quot;:&quot;&quot;},&quot;animation&quot;:false,&quot;woo&quot;:false,&quot;selectedAnimation&quot;:&quot;&quot;}'><\/div>\r\n\r\n        \n<p>Barri\u00e8res rapides de s\u00e9curit\u00e9 pour servomoteur MT-A305<\/p>\n<p>Nous pouvons fournir des services OEM et ODM. Nous avons des designers exp\u00e9riment\u00e9s qui peuvent r\u00e9aliser une personnalisation approfondie en fonction de tous vos besoins. Nous fournirons une s\u00e9rie de mat\u00e9riaux tels que des rendus 3D, des dessins dimensionnels, etc. dans les plus brefs d\u00e9lais.<\/p>\n<p>Tous nos produits b\u00e9n\u00e9ficient d&#8217;une garantie de 2 ans et d&#8217;un support de maintenance et de r\u00e9paration durable. Nous fournissons \u00e9galement des dispositifs biom\u00e9triques, tels que des scanners d&#8217;empreintes digitales et des cam\u00e9ras de reconnaissance faciale. Lecteur de carte RFID, scanner de code QR. Si vous devez int\u00e9grer ces dispositifs sur des couloirs rapides de s\u00e9curit\u00e9 ou si vous avez des questions, n&#8217;h\u00e9sitez <a href=\"https:\/\/www.mairsturnstile-online.com\/contact-us\/\">pas \u00e0 demander un devis.<\/a><\/p>\n<p>.Nous pouvons \u00e9galement cr\u00e9er pour vous un rendu en quelques minutes en fonction de votre sc\u00e9nario r\u00e9el. Nous fournissons \u00e9galement une disposition et des dessins d\u00e9taill\u00e9s, ainsi que des dessins d&#8217;installation. Ne vous inqui\u00e9tez pas de l&#8217;installation. Veuillez t\u00e9l\u00e9charger notre fichier PDF correspondant pour les dimensions sp\u00e9cifiques et les dimensions d&#8217;installation.<\/p>\n\n\t\t\t\n\t<style type=\"text\/css\">\n\t\t.slider-info-18167.bafg-slider-info .bafg-slider-title {\n\t\t\t\t\t\t\tfont-size:\n\t\t\t\t\t22px\t\t\t\t;\n\t\t\t\n\t\t\t\n\t\t\t\t\t}\n\n\t\t.slider-info-18167.bafg-slider-info .bafg-slider-description {\n\t\t\t\n\t\t\t\n\t\t\t\t\t}\n\t\t\n\t\t\n\t\t.slider-info-18167.bafg-slider-info .bafg_slider_readmore_button {\n\t\t\t\n\t\t\t\n\t\t\t\n\t\t\t\n\t\t\t\n\t\t\ttext-align: center;\n\n\t\t\t\n\t\t\t\n\t\t\t\n\t\t\t\n\t\t\t\t\t}\n\n\t\t.slider-info-18167.bafg-slider-info .bafg_slider_readmore_button:hover {\n\n\t\t\t\n\t\t\t\n\t\t\t\t\t}\n\t<\/style>\n\t\n\t\t\t<div class=\"bafg-twentytwenty-container slider-18167  \"\n\t\t\t\tbafg-orientation=\"horizontal\" bafg-default-offset=\"0.5\"\n\t\t\t\tbafg-before-label=\"Before\"\n\t\t\t\tbafg-after-label=\"After\" bafg-overlay=\"1\"\n\t\t\t\tbafg-move-slider-on-hover=\"1\"\n\t\t\t\tbafg-click-to-move=\"\">\n\n\t\t\t\t\t\t\t\t<img class=\"skip-lazy\" data-skip-lazy\t\t\t\t\tsrc=\"https:\/\/www.mairsturnstile-online.com\/wp-content\/uploads\/2023\/07\/security-speed-gates_8.jpg\" alt=\"\">\n\t\t\t\t<img class=\"skip-lazy\" data-skip-lazy\t\t\t\t\tsrc=\"https:\/\/www.mairsturnstile-online.com\/wp-content\/uploads\/2023\/07\/security-speed-gates_7.jpg\" alt=\"\">\n\n\t\t\t<\/div>\n\n\t\t\t\t<div class=\"bafg-slider-info-wraper\">\n\t\t<div style=\"\" class=\"slider-info-18167 bafg-slider-info\">\n\t\t\t\t\t<\/div>\n\t<\/div>\n\t\n\t\t\t<style type=\"text\/css\">\n\t\t\t\t\t\t\t\t\t\t\t<\/style>\n\t\t\t\n<p><strong>Param\u00e8tre technique:<\/strong><\/p>\n<p>1. Taille : 1500*120*980 mm (peut \u00eatre personnalis\u00e9)<br \/>\n2. Mat\u00e9riel: 1,2 mm SUS 304 Hairline 400# + Top Cover 12 mm acrylique noir<br \/>\n3. Mat\u00e9riau du bras : 10 mm d&#8217;acrylique<br \/>\n4. Largeur de passage : standard 600 mm max 1300 mm (bras \u00e9vid\u00e9)<br \/>\n5. Direction de passage : Simple directionnel\/bidirectionnel<br \/>\n6. Taux de passage : 30-35 personnes\/minute<br \/>\n7. Temps de fonctionnement : 0,2 seconde<br \/>\n8. Entr\u00e9e d&#8217;alimentation : AC100-240V, 50\/60HZ<br \/>\n9. Portails rapides de s\u00e9curit\u00e9 Tension de fonctionnement : 24 V<br \/>\n10. Humidit\u00e9 de travail : 30 %~95%<br \/>\n11. Temp\u00e9rature de fonctionnement : -40\u2103~+70\u2103<br \/>\n12. Environnement de travail : Int\u00e9rieur<br \/>\n13. Interface d&#8217;entr\u00e9e : RS485, contact sec<br \/>\n14. M\u00e9canisme : moteur servo sans brosse<br \/>\n15. Capteur infrarouge : 6 paires<br \/>\n16. MCBF : 5 000 000 Cycles<br \/>\n17. Caract\u00e9ristique : La hauteur des bras peut \u00eatre personnalis\u00e9e<br \/>\n18. Application : Immeuble de bureaux, h\u00f4tels, halls gouvernementaux, etc.<\/p>\n<p>Nous pouvons fournir la solution compl\u00e8te de contr\u00f4le d\u2019acc\u00e8s de s\u00e9curit\u00e9. Si vous disposez de votre propre syst\u00e8me de contr\u00f4le d&#8217;acc\u00e8s, vous pouvez utiliser directement notre tourniquet. Si vous n\u2019en avez pas, nous proposons \u00e9galement une solution compl\u00e8te de contr\u00f4le d\u2019acc\u00e8s de s\u00e9curit\u00e9. Veuillez vous r\u00e9f\u00e9rer \u00e0 la vid\u00e9o ci-dessous pour plus de d\u00e9tails.<\/p>\n<p><iframe title=\"Tourniquets de cr\u00e9neaux rapides de s\u00e9curit\u00e9 pour le hall d'entr\u00e9e - MairsTurnstile\" src=\"https:\/\/www.youtube.com\/embed\/YtM3u6fUNIM\" width=\"1150\" height=\"650\" frameborder=\"0\" allowfullscreen=\"allowfullscreen\"><\/iframe><\/p>\n","protected":false},"excerpt":{"rendered":"<p>Soutenez l&#8217;OEM et l&#8217;ODM. Prend en charge les appareils biom\u00e9triques tiers, tels que le scanner d&#8217;empreintes digitales, la cam\u00e9ra de reconnaissance faciale. Lecteur de carte RFID, scanner de code QR. <span style=\"color: #0000ff;\"><strong><a style=\"color: #0000ff;\" title=\"Tourniquet de cr\u00e9neau de vitesse certifi\u00e9 CE Mairs\" href=\"http:\/\/mairsturnstile.com\/wp-content\/uploads\/2022\/09\/Mairs-CE-Certificate-Speed-Gate-Turnstile.pdf\" target=\"_blank\" rel=\"noopener noreferrer\">Certifi\u00e9 CE<\/a>, <a style=\"color: #0000ff;\" title=\"Certificat ISO9001\" href=\"http:\/\/mairsturnstile.com\/wp-content\/uploads\/2022\/09\/Mairs-Registration-Certificate-ISO9001.pdf\" target=\"_blank\" rel=\"noopener noreferrer\">certifi\u00e9 ISO9001<\/a>.<\/strong><\/span><\/p>\n","protected":false},"featured_media":17818,"comment_status":"closed","ping_status":"closed","template":"","meta":[],"product_cat":[82],"product_tag":[],"class_list":["post-5267","product","type-product","status-publish","has-post-thumbnail","hentry","product_cat-couloirs-rapides"],"_links":{"self":[{"href":"https:\/\/www.mairsturnstile-online.com\/fr\/wp-json\/wp\/v2\/product\/5267","targetHints":{"allow":["GET"]}}],"collection":[{"href":"https:\/\/www.mairsturnstile-online.com\/fr\/wp-json\/wp\/v2\/product"}],"about":[{"href":"https:\/\/www.mairsturnstile-online.com\/fr\/wp-json\/wp\/v2\/types\/product"}],"replies":[{"embeddable":true,"href":"https:\/\/www.mairsturnstile-online.com\/fr\/wp-json\/wp\/v2\/comments?post=5267"}],"wp:featuredmedia":[{"embeddable":true,"href":"https:\/\/www.mairsturnstile-online.com\/fr\/wp-json\/wp\/v2\/media\/17818"}],"wp:attachment":[{"href":"https:\/\/www.mairsturnstile-online.com\/fr\/wp-json\/wp\/v2\/media?parent=5267"}],"wp:term":[{"taxonomy":"product_cat","embeddable":true,"href":"https:\/\/www.mairsturnstile-online.com\/fr\/wp-json\/wp\/v2\/product_cat?post=5267"},{"taxonomy":"product_tag","embeddable":true,"href":"https:\/\/www.mairsturnstile-online.com\/fr\/wp-json\/wp\/v2\/product_tag?post=5267"}],"curies":[{"name":"wp","href":"https:\/\/api.w.org\/{rel}","templated":true}]}}