{"id":5260,"date":"2021-09-09T00:03:08","date_gmt":"2021-09-08T16:03:08","guid":{"rendered":"https:\/\/www.mairsturnstile-online.com\/product\/couloir-rapide-fastlane-mt354\/"},"modified":"2026-05-11T17:18:18","modified_gmt":"2026-05-11T09:18:18","slug":"portail-tourniquet-en-verre","status":"publish","type":"product","link":"https:\/\/www.mairsturnstile-online.com\/fr\/produit\/portail-tourniquet-en-verre\/","title":{"rendered":"PORTE TOURNIQUET EN VERRE DE SPEED GATE MT357-L"},"content":{"rendered":"\r\n        <div class=\"modelViewerBlock\" data-attributes='{&quot;align&quot;:&quot;start&quot;,&quot;uniqueId&quot;:&quot;model18150&quot;,&quot;currentViewer&quot;:&quot;modelViewer&quot;,&quot;multiple&quot;:false,&quot;model&quot;:{&quot;modelUrl&quot;:&quot;https:\\\/\\\/www.mairsturnstile-online.com\\\/wp-content\\\/uploads\\\/2023\\\/07\\\/MT357-L.glb&quot;,&quot;poster&quot;:&quot;&quot;},&quot;O3DVSettings&quot;:{&quot;isFullscreen&quot;:true,&quot;isPagination&quot;:false,&quot;isNavigation&quot;:true,&quot;camera&quot;:null,&quot;mouseControl&quot;:true},&quot;models&quot;:[],&quot;lazyLoad&quot;:false,&quot;loading&quot;:&quot;auto&quot;,&quot;autoplay&quot;:false,&quot;shadow&quot;:true,&quot;autoRotate&quot;:true,&quot;zoom&quot;:true,&quot;isPagination&quot;:false,&quot;isNavigation&quot;:true,&quot;preload&quot;:&quot;auto&quot;,&quot;rotationPerSecond&quot;:&quot;30&quot;,&quot;mouseControl&quot;:true,&quot;fullscreen&quot;:true,&quot;variant&quot;:false,&quot;loadingPercentage&quot;:false,&quot;progressBar&quot;:true,&quot;rotate&quot;:false,&quot;rotateAlongX&quot;:&quot;0&quot;,&quot;rotateAlongY&quot;:&quot;75&quot;,&quot;exposure&quot;:1,&quot;styles&quot;:{&quot;width&quot;:&quot;1150px&quot;,&quot;height&quot;:&quot;700px&quot;,&quot;bgColor&quot;:&quot;#f9f9f9&quot;,&quot;progressBarColor&quot;:&quot;&quot;},&quot;stylesheet&quot;:null,&quot;additional&quot;:{&quot;ID&quot;:&quot;&quot;,&quot;Class&quot;:&quot;&quot;,&quot;CSS&quot;:&quot;&quot;},&quot;animation&quot;:false,&quot;woo&quot;:false,&quot;selectedAnimation&quot;:&quot;&quot;}'><\/div>\r\n\r\n        \n<p>Portillon de contr\u00f4le d&#8217;acc\u00e8s vitr\u00e9 MT357-L | Ailes en verre et acier inoxydable sculpt\u00e9 \u2014 Sublimez votre entr\u00e9e. Notre portillon vitr\u00e9 allie acier inoxydable 304 bross\u00e9, guidage LED et mouvement pivotant d&#8217;un silence absolu. <\/p>\n<p>Nous pouvons fournir des services OEM et ODM. Nous avons des designers exp\u00e9riment\u00e9s qui peuvent r\u00e9aliser une personnalisation approfondie en fonction de tous vos besoins. Nous fournirons une s\u00e9rie de mat\u00e9riaux tels que des rendus 3D, des dessins dimensionnels, etc. dans les plus brefs d\u00e9lais.   Portillon tourniquet en verre : acc\u00e8s rapide (plus de 45 personnes\/minute), acc\u00e8s transparent et s\u00e9curis\u00e9. Ce portillon utilise plus de 20 capteurs optiques pour garantir le passage d&#8217;une seule personne par battant. Id\u00e9al pour les centres de donn\u00e9es et les banques. En savoir plus.   <\/p>\n<p>Tous nos produits b\u00e9n\u00e9ficient d&#8217;une garantie de deux ans ainsi que d&#8217;un support durable en mati\u00e8re de maintenance et de r\u00e9paration. Nous fournissons \u00e9galement des dispositifs biom\u00e9triques, tels que des lecteurs d&#8217;empreintes digitales et des cam\u00e9ras de reconnaissance faciale. Lecteur de carte RFID, scanner de code QR. Si vous avez besoin d&#8217;int\u00e9grer ces dispositifs au tourniquet ou si vous avez des questions, veuillez <a href=\"https:\/\/www.mairsturnstile-online.com\/contact-us\/\">demander un devis<\/a>.<\/p>\n<p>.Nous pouvons \u00e9galement cr\u00e9er pour vous un rendu en quelques minutes en fonction de votre sc\u00e9nario r\u00e9el. Nous fournissons \u00e9galement une disposition et des dessins d\u00e9taill\u00e9s, ainsi que des dessins d&#8217;installation. Ne vous inqui\u00e9tez pas de l&#8217;installation. Veuillez t\u00e9l\u00e9charger notre fichier PDF correspondant pour les dimensions sp\u00e9cifiques et les dimensions d&#8217;installation.  <\/p>\n\n\t\t\t\n\t<style type=\"text\/css\">\n\t\t.slider-info-18192.bafg-slider-info .bafg-slider-title {\n\t\t\t\t\t\t\tfont-size:\n\t\t\t\t\t22px\t\t\t\t;\n\t\t\t\n\t\t\t\n\t\t\t\t\t}\n\n\t\t.slider-info-18192.bafg-slider-info .bafg-slider-description {\n\t\t\t\n\t\t\t\n\t\t\t\t\t}\n\t\t\n\t\t\n\t\t.slider-info-18192.bafg-slider-info .bafg_slider_readmore_button {\n\t\t\t\n\t\t\t\n\t\t\t\n\t\t\t\n\t\t\t\n\t\t\ttext-align: center;\n\n\t\t\t\n\t\t\t\n\t\t\t\n\t\t\t\n\t\t\t\t\t}\n\n\t\t.slider-info-18192.bafg-slider-info .bafg_slider_readmore_button:hover {\n\n\t\t\t\n\t\t\t\n\t\t\t\t\t}\n\t<\/style>\n\t\n\t\t\t<div class=\"bafg-twentytwenty-container slider-18192  \"\n\t\t\t\tbafg-orientation=\"horizontal\" bafg-default-offset=\"0.5\"\n\t\t\t\tbafg-before-label=\"Before\"\n\t\t\t\tbafg-after-label=\"After\" bafg-overlay=\"1\"\n\t\t\t\tbafg-move-slider-on-hover=\"1\"\n\t\t\t\tbafg-click-to-move=\"\">\n\n\t\t\t\t\t\t\t\t<img class=\"skip-lazy\" data-skip-lazy\t\t\t\t\tsrc=\"https:\/\/www.mairsturnstile-online.com\/wp-content\/uploads\/2023\/07\/glass-turnstile-gate_4.jpg\" alt=\"\">\n\t\t\t\t<img class=\"skip-lazy\" data-skip-lazy\t\t\t\t\tsrc=\"https:\/\/www.mairsturnstile-online.com\/wp-content\/uploads\/2023\/07\/glass-turnstile-gate_5.jpg\" alt=\"\">\n\n\t\t\t<\/div>\n\n\t\t\t\t<div class=\"bafg-slider-info-wraper\">\n\t\t<div style=\"\" class=\"slider-info-18192 bafg-slider-info\">\n\t\t\t\t\t<\/div>\n\t<\/div>\n\t\n\t\t\t<style type=\"text\/css\">\n\t\t\t\t\t\t\t\t\t\t\t<\/style>\n\t\t\t\n<p><strong>Param\u00e8tres techniques :<\/strong><\/p>\n<p>1. Taille : 1400*120*980 mm (peut \u00eatre personnalis\u00e9)<br \/>\n2. Largeur de voie : 600 mm (standard) 900 mm (handicap\u00e9)<br \/>\n3. Mat\u00e9riau du bras : Acrylique<br \/>\n4. Passing speed: 40 person\/min<br \/>\n5. Power supply: 110V\/220V 50\/60Hz<br \/>\n6. Moteur sans balais : 40 W<br \/>\n7. Signal de porte ouverte : contact sec\/relais<br \/>\n8. Moteur d&#8217;entra\u00eenement : 24 V<br \/>\n9. Poids : 70 kg\/pi\u00e8ces<br \/>\n10. M\u00e9canisme Anti-coup, r\u00e9initialis\u00e9 automatiquement en cas d&#8217;impact de force<br \/>\n11. Casing Material: 304 stainless steel<br \/>\n12. Fiabilit\u00e9 du m\u00e9canisme : 5 millions, sans faute<br \/>\n13. Des lumi\u00e8res LED sur les bras sont disponibles<br \/>\n14. Mat\u00e9riau du bras : 10 mm<br \/>\n15. Bras de commutateur Hall localisant plus pr\u00e9cis<br \/>\n16. Direction de travail : bidirectionnel\/simple directionnel<br \/>\n17. Situation d&#8217;urgence : s&#8217;ouvre automatiquement lorsque l&#8217;\u00e9lectricit\u00e9 est coup\u00e9e avec un condensateur<br \/>\n18. Humidit\u00e9 : \u226490%<br \/>\n19. Temp\u00e9rature de travail : -20\u2103~60\u2103<br \/>\n20. Distance de communication : \u22641200 m<br \/>\n21. Interface de communication : RS485<br \/>\n22. Caract\u00e9ristique : lecteur IC\/ID, lecteur de codes-barres, reconnaissance faciale, empreintes digitales, autres \u00e9quipements de contr\u00f4le d&#8217;acc\u00e8s, UPS, etc.<br \/>\n23. Temps n\u00e9cessaire \u00e0 l&#8217;ouverture : 0,2 s<br \/>\n24. Environnement de travail : \u00e0 l&#8217;int\u00e9rieur ou \u00e0 l&#8217;ext\u00e9rieur (l&#8217;ext\u00e9rieur est facultatif)<br \/>\n25. Domaine d&#8217;application : communaut\u00e9, usine, chantier de construction, \u00e9cole, lieu de vill\u00e9giature, etc.<\/p>\n<p>Nous pouvons fournir la solution compl\u00e8te de contr\u00f4le d&#8217;acc\u00e8s s\u00e9curis\u00e9. If you have your own access control system, you can directly use our turnstile gate. Si vous n&#8217;en disposez pas, nous proposons \u00e9galement une solution compl\u00e8te de contr\u00f4le d&#8217;acc\u00e8s s\u00e9curis\u00e9. Veuillez consulter la vid\u00e9o ci-dessous pour plus de d\u00e9tails.  <\/p>\n<p><iframe title=\"Tourniquet de cr\u00e9neau rapide de nouvelle conception, tourniquets de hall, tourniquet de bureau - MairsTurnstile.com\" src=\"https:\/\/www.youtube.com\/embed\/izk8WuYn4no\" width=\"1150\" height=\"650\" frameborder=\"0\" allowfullscreen=\"allowfullscreen\"><\/iframe><\/p>\n","protected":false},"excerpt":{"rendered":"<p>Expert advice, Free design, OEM Logo, Color &amp; Size Available, Global Export, Fast sample shipping, Low MOQ. Get factory direct wholesale pricing from a trusted manufacturer, Long-term cooperation support for global agents &amp; wholesalers.<span style=\"color: #fcaf3b;\"><strong><a style=\"color: #fcaf3b;\" title=\"Tourniquet de barri\u00e8re d'aileron certifi\u00e9 CE de Mairs\" href=\"http:\/\/mairsturnstile.com\/wp-content\/uploads\/2022\/09\/Mairs-CE-Certificate-Flap-Barrier-Turnstile.pdf\" target=\"_blank\" rel=\"noopener noreferrer\">CE Certificated,<\/a> <a style=\"color: #fcaf3b;\" title=\"Mairs ISO9001 Certificate\" href=\"http:\/\/mairsturnstile.com\/wp-content\/uploads\/2022\/09\/Mairs-Registration-Certificate-ISO9001.pdf\" target=\"_blank\" rel=\"noopener noreferrer\">ISO9001 Certificated.<\/a><\/strong><\/span> <\/p>\n<p><a title=\"Brochure de porte de tourniquet en verre\" href=\"https:\/\/mairsturnstile-online.com\/flipbook\/mt357l-speed-gate-turnstile-brochure\" target=\"_blank\" rel=\"noopener noreferrer\"><img decoding=\"async\" class=\"alignnone size-full wp-image-11034\" src=\"http:\/\/mairsturnstile.com\/wp-content\/uploads\/2022\/09\/pdf-MairsTurnstile.png\" alt=\"\" width=\"32\" height=\"32\"> <strong><span style=\"color: #fcaf3b;\">Brochure de porte de tourniquet en verre MT357-L<\/span><\/strong><\/a><\/p>\n","protected":false},"featured_media":17386,"comment_status":"closed","ping_status":"closed","template":"","meta":[],"product_cat":[82],"product_tag":[],"class_list":["post-5260","product","type-product","status-publish","has-post-thumbnail","hentry","product_cat-couloirs-rapides"],"_links":{"self":[{"href":"https:\/\/www.mairsturnstile-online.com\/fr\/wp-json\/wp\/v2\/product\/5260","targetHints":{"allow":["GET"]}}],"collection":[{"href":"https:\/\/www.mairsturnstile-online.com\/fr\/wp-json\/wp\/v2\/product"}],"about":[{"href":"https:\/\/www.mairsturnstile-online.com\/fr\/wp-json\/wp\/v2\/types\/product"}],"replies":[{"embeddable":true,"href":"https:\/\/www.mairsturnstile-online.com\/fr\/wp-json\/wp\/v2\/comments?post=5260"}],"wp:featuredmedia":[{"embeddable":true,"href":"https:\/\/www.mairsturnstile-online.com\/fr\/wp-json\/wp\/v2\/media\/17386"}],"wp:attachment":[{"href":"https:\/\/www.mairsturnstile-online.com\/fr\/wp-json\/wp\/v2\/media?parent=5260"}],"wp:term":[{"taxonomy":"product_cat","embeddable":true,"href":"https:\/\/www.mairsturnstile-online.com\/fr\/wp-json\/wp\/v2\/product_cat?post=5260"},{"taxonomy":"product_tag","embeddable":true,"href":"https:\/\/www.mairsturnstile-online.com\/fr\/wp-json\/wp\/v2\/product_tag?post=5260"}],"curies":[{"name":"wp","href":"https:\/\/api.w.org\/{rel}","templated":true}]}}